{"id":2252,"date":"2023-03-30T09:09:04","date_gmt":"2023-03-30T07:09:04","guid":{"rendered":"https:\/\/agora.xtec.cat\/ceip-purisalas\/?page_id=2252"},"modified":"2023-03-30T10:30:04","modified_gmt":"2023-03-30T08:30:04","slug":"la-nostra-historia","status":"publish","type":"page","link":"https:\/\/agora.xtec.cat\/ceip-purisalas\/la-nostra-historia\/","title":{"rendered":"La nostra hist\u00f2ria"},"content":{"rendered":"<p>L&#8217;escola es va construir com a conseq\u00fc\u00e8ncia del creixement de poblaci\u00f3 a Sant Quirze cap a finals dels anys 70 substituint l&#8217;escola que hi havia anteriorment. Es va inaugurar el curs 1977-1978 i se li va posar el nom Purificaci\u00f3 Salas i Xandri en record d&#8217;una mestra que havia tingut Sant Quirze a principis de segle.<\/p>\n<p>L&#8217;escola Purificaci\u00f3 Salas va ser la primera escola del municipi, tot i que inicialment estava ubicada a l&#8217;edifici on actualment podem trobar l&#8217;escola El Turonet. En cr\u00e9ixer va haver de desdoblar-se en dues escoles i aix\u00f2 va fer que el Purificaci\u00f3 Salas pass\u00e9s a ocupar l&#8217;actual edifici.<\/p>\n<p>&nbsp;<\/p>\n<p><img loading=\"lazy\" decoding=\"async\" class=\"\" src=\"https:\/\/sites.google.com\/a\/xtec.cat\/llibre-digital-sant-quirze\/_\/rsrc\/1484147224775\/6-serveis\/serveis-educatius\/escola-purificacio-salas\/La%20mestra%20Purificaci%C3%B3%20Salas%20Xandri%20amb%20les%20alumnes%20de%20lany%201934.png?height=260&amp;width=400\" width=\"367\" height=\"239\" \/>La mestra Purificaci\u00f3 Salas Xandri amb les alumnes de l&#8217;any 1934 (Foto: Arxiu GIHSQ)<\/p>\n<p><a href=\"https:\/\/agora.xtec.cat\/ceip-purisalas\/wp-content\/uploads\/usu2458\/2023\/03\/20230330_094352-scaled.jpg\">\u00a0 \u00a0 \u00a0 \u00a0 \u00a0 \u00a0<img loading=\"lazy\" decoding=\"async\" class=\"alignnone wp-image-2262\" src=\"https:\/\/agora.xtec.cat\/ceip-purisalas\/wp-content\/uploads\/usu2458\/2023\/03\/20230330_094352-712x1024.jpg\" alt=\"\" width=\"242\" height=\"348\" srcset=\"https:\/\/agora.xtec.cat\/ceip-purisalas\/wp-content\/uploads\/usu2458\/2023\/03\/20230330_094352-712x1024.jpg 712w, https:\/\/agora.xtec.cat\/ceip-purisalas\/wp-content\/uploads\/usu2458\/2023\/03\/20230330_094352-209x300.jpg 209w, https:\/\/agora.xtec.cat\/ceip-purisalas\/wp-content\/uploads\/usu2458\/2023\/03\/20230330_094352-768x1104.jpg 768w, https:\/\/agora.xtec.cat\/ceip-purisalas\/wp-content\/uploads\/usu2458\/2023\/03\/20230330_094352-1069x1536.jpg 1069w, https:\/\/agora.xtec.cat\/ceip-purisalas\/wp-content\/uploads\/usu2458\/2023\/03\/20230330_094352-1425x2048.jpg 1425w, https:\/\/agora.xtec.cat\/ceip-purisalas\/wp-content\/uploads\/usu2458\/2023\/03\/20230330_094352-scaled.jpg 1781w\" sizes=\"auto, (max-width: 242px) 100vw, 242px\" \/>\u00a0\u00a0\u00a0\u00a0\u00a0\u00a0\u00a0\u00a0\u00a0\u00a0\u00a0\u00a0\u00a0\u00a0\u00a0\u00a0\u00a0\u00a0\u00a0\u00a0\u00a0\u00a0\u00a0\u00a0\u00a0\u00a0\u00a0\u00a0\u00a0\u00a0\u00a0\u00a0\u00a0\u00a0\u00a0\u00a0\u00a0\u00a0\u00a0 <\/a><a href=\"https:\/\/agora.xtec.cat\/ceip-purisalas\/wp-content\/uploads\/usu2458\/2023\/03\/Captura-de-pantalla-2023-03-30-101928.jpg\"><img loading=\"lazy\" decoding=\"async\" class=\"alignnone wp-image-2263\" src=\"https:\/\/agora.xtec.cat\/ceip-purisalas\/wp-content\/uploads\/usu2458\/2023\/03\/Captura-de-pantalla-2023-03-30-101928-1024x921.jpg\" alt=\"\" width=\"368\" height=\"331\" srcset=\"https:\/\/agora.xtec.cat\/ceip-purisalas\/wp-content\/uploads\/usu2458\/2023\/03\/Captura-de-pantalla-2023-03-30-101928-1024x921.jpg 1024w, https:\/\/agora.xtec.cat\/ceip-purisalas\/wp-content\/uploads\/usu2458\/2023\/03\/Captura-de-pantalla-2023-03-30-101928-300x270.jpg 300w, https:\/\/agora.xtec.cat\/ceip-purisalas\/wp-content\/uploads\/usu2458\/2023\/03\/Captura-de-pantalla-2023-03-30-101928-768x691.jpg 768w, https:\/\/agora.xtec.cat\/ceip-purisalas\/wp-content\/uploads\/usu2458\/2023\/03\/Captura-de-pantalla-2023-03-30-101928.jpg 1106w\" sizes=\"auto, (max-width: 368px) 100vw, 368px\" \/><\/a><\/p>\n<p>Foto de Purificaci\u00f3 Salas (donaci\u00f3 de la fam\u00edlia)\u00a0 \u00a0 \u00a0 \u00a0 \u00a0 \u00a0 \u00a0 \u00a0 \u00a0 \u00a0 \u00a0 \u00a0Placa conmemorativa de Purificaci\u00f3 Salas (donaci\u00f3 de la fam\u00edlia)<\/p>\n<p>Per poder consultar una breu biografia de Purificaci\u00f3 Salas podeu clicar al seguent enlla\u00e7:<\/p>\n<p><a href=\"https:\/\/agora.xtec.cat\/ceip-purisalas\/wp-content\/uploads\/usu2458\/2023\/03\/CCF13032023.pdf\"><img loading=\"lazy\" decoding=\"async\" class=\"\" src=\"https:\/\/de20-engine.flamingtext.com\/netfu\/tmp28007\/coollogo_com-5332234.png\" alt=\"Image by FlamingText.com\" width=\"191\" height=\"54\" \/><\/a><\/p>\n<p>&nbsp;<\/p>\n<p>&nbsp;<\/p>\n","protected":false},"excerpt":{"rendered":"<p>L&#8217;escola es va construir com a conseq\u00fc\u00e8ncia del creixement de poblaci\u00f3 a Sant Quirze cap a finals dels anys 70 substituint l&#8217;escola que hi havia anteriorment. Es va inaugurar el curs 1977-1978 i se li va posar el nom Purificaci\u00f3 Salas i Xandri en record&hellip;  <a href=\"https:\/\/agora.xtec.cat\/ceip-purisalas\/la-nostra-historia\/\" title=\"Read La nostra hist\u00f2ria\">Llegeix m\u00e9s\u00bb<\/a><\/p>\n","protected":false},"author":4,"featured_media":0,"parent":0,"menu_order":0,"comment_status":"closed","ping_status":"closed","template":"","meta":{"_bbp_topic_count":0,"_bbp_reply_count":0,"_bbp_total_topic_count":0,"_bbp_total_reply_count":0,"_bbp_voice_count":0,"_bbp_anonymous_reply_count":0,"_bbp_topic_count_hidden":0,"_bbp_reply_count_hidden":0,"_bbp_forum_subforum_count":0,"footnotes":""},"class_list":["post-2252","page","type-page","status-publish","hentry"],"post_mailing_queue_ids":[],"_links":{"self":[{"href":"https:\/\/agora.xtec.cat\/ceip-purisalas\/wp-json\/wp\/v2\/pages\/2252","targetHints":{"allow":["GET"]}}],"collection":[{"href":"https:\/\/agora.xtec.cat\/ceip-purisalas\/wp-json\/wp\/v2\/pages"}],"about":[{"href":"https:\/\/agora.xtec.cat\/ceip-purisalas\/wp-json\/wp\/v2\/types\/page"}],"author":[{"embeddable":true,"href":"https:\/\/agora.xtec.cat\/ceip-purisalas\/wp-json\/wp\/v2\/users\/4"}],"replies":[{"embeddable":true,"href":"https:\/\/agora.xtec.cat\/ceip-purisalas\/wp-json\/wp\/v2\/comments?post=2252"}],"version-history":[{"count":3,"href":"https:\/\/agora.xtec.cat\/ceip-purisalas\/wp-json\/wp\/v2\/pages\/2252\/revisions"}],"predecessor-version":[{"id":2266,"href":"https:\/\/agora.xtec.cat\/ceip-purisalas\/wp-json\/wp\/v2\/pages\/2252\/revisions\/2266"}],"wp:attachment":[{"href":"https:\/\/agora.xtec.cat\/ceip-purisalas\/wp-json\/wp\/v2\/media?parent=2252"}],"curies":[{"name":"wp","href":"https:\/\/api.w.org\/{rel}","templated":true}]}}