{"id":2116,"date":"2023-02-06T13:18:15","date_gmt":"2023-02-06T12:18:15","guid":{"rendered":"https:\/\/agora.xtec.cat\/ceip-purisalas\/?page_id=2116"},"modified":"2023-02-06T15:59:29","modified_gmt":"2023-02-06T14:59:29","slug":"consell-de-delegats-i-delegades","status":"publish","type":"page","link":"https:\/\/agora.xtec.cat\/ceip-purisalas\/consell-de-delegats-i-delegades\/","title":{"rendered":"Consell de delegats i delegades"},"content":{"rendered":"<p>El consell est\u00e0 format pels delegats i delegades de cada classe de prim\u00e0ria, la cap d\u2019estudis i la directora. Ens reunim a la sala de mestres i una vegada finalitzada la reuni\u00f3 es fa una acta amb els temes tractats que anirem penjant a la web.<\/p>\n<p>Les funcions del consell de delegats i delegades s\u00f3n les seg\u00fcents:<\/p>\n<p>-Col\u00b7laborar en l\u2019elaboraci\u00f3, difusi\u00f3 i aplicaci\u00f3 de les normes de conviv\u00e8ncia.<a href=\"https:\/\/agora.xtec.cat\/ceip-purisalas\/wp-content\/uploads\/usu2458\/2023\/02\/FUNCIONS-CONSELL-DELEGATS_DELEGADES.png\"><img loading=\"lazy\" decoding=\"async\" class=\"wp-image-2125 alignright\" src=\"https:\/\/agora.xtec.cat\/ceip-purisalas\/wp-content\/uploads\/usu2458\/2023\/02\/FUNCIONS-CONSELL-DELEGATS_DELEGADES-724x1024.png\" alt=\"\" width=\"519\" height=\"734\" srcset=\"https:\/\/agora.xtec.cat\/ceip-purisalas\/wp-content\/uploads\/usu2458\/2023\/02\/FUNCIONS-CONSELL-DELEGATS_DELEGADES-724x1024.png 724w, https:\/\/agora.xtec.cat\/ceip-purisalas\/wp-content\/uploads\/usu2458\/2023\/02\/FUNCIONS-CONSELL-DELEGATS_DELEGADES-212x300.png 212w, https:\/\/agora.xtec.cat\/ceip-purisalas\/wp-content\/uploads\/usu2458\/2023\/02\/FUNCIONS-CONSELL-DELEGATS_DELEGADES-768x1086.png 768w, https:\/\/agora.xtec.cat\/ceip-purisalas\/wp-content\/uploads\/usu2458\/2023\/02\/FUNCIONS-CONSELL-DELEGATS_DELEGADES-1086x1536.png 1086w, https:\/\/agora.xtec.cat\/ceip-purisalas\/wp-content\/uploads\/usu2458\/2023\/02\/FUNCIONS-CONSELL-DELEGATS_DELEGADES-1448x2048.png 1448w, https:\/\/agora.xtec.cat\/ceip-purisalas\/wp-content\/uploads\/usu2458\/2023\/02\/FUNCIONS-CONSELL-DELEGATS_DELEGADES.png 1587w\" sizes=\"auto, (max-width: 519px) 100vw, 519px\" \/><\/a><\/p>\n<p>-Compartir informaci\u00f3 entre alumnes, equip directiu i mestres.<\/p>\n<p>-Promoure i aportar idees sobre festes, activitats o questions organitzatives de l\u2019escola.<\/p>\n<p>-Representar la resta de companys i companyes.<\/p>\n<p>-Plantejar i debatre temes d\u2019import\u00e0ncia per part de l\u2019alumnat.<\/p>\n<p>L\u2019objectiu \u00e9s fomentar l\u2019emprenedoria i potenciar la participaci\u00f3 democr\u00e0tica de l\u2019alumnat dins el centre.<\/p>\n<p>Formarem un gran equip!!<a href=\"https:\/\/agora.xtec.cat\/ceip-purisalas\/wp-content\/uploads\/usu2458\/2023\/01\/IMG_20230120_154858-scaled.jpg\"><img loading=\"lazy\" decoding=\"async\" class=\"wp-image-2074 alignleft\" src=\"https:\/\/agora.xtec.cat\/ceip-purisalas\/wp-content\/uploads\/usu2458\/2023\/01\/IMG_20230120_154858-1024x473.jpg\" alt=\"\" width=\"801\" height=\"370\" srcset=\"https:\/\/agora.xtec.cat\/ceip-purisalas\/wp-content\/uploads\/usu2458\/2023\/01\/IMG_20230120_154858-1024x473.jpg 1024w, https:\/\/agora.xtec.cat\/ceip-purisalas\/wp-content\/uploads\/usu2458\/2023\/01\/IMG_20230120_154858-300x138.jpg 300w, https:\/\/agora.xtec.cat\/ceip-purisalas\/wp-content\/uploads\/usu2458\/2023\/01\/IMG_20230120_154858-768x354.jpg 768w, https:\/\/agora.xtec.cat\/ceip-purisalas\/wp-content\/uploads\/usu2458\/2023\/01\/IMG_20230120_154858-1536x709.jpg 1536w, https:\/\/agora.xtec.cat\/ceip-purisalas\/wp-content\/uploads\/usu2458\/2023\/01\/IMG_20230120_154858-2048x945.jpg 2048w\" sizes=\"auto, (max-width: 801px) 100vw, 801px\" \/><\/a><\/p>\n","protected":false},"excerpt":{"rendered":"<p>El consell est\u00e0 format pels delegats i delegades de cada classe de prim\u00e0ria, la cap d\u2019estudis i la directora. Ens reunim a la sala de mestres i una vegada finalitzada la reuni\u00f3 es fa una acta amb els temes tractats que anirem penjant a la&hellip;  <a href=\"https:\/\/agora.xtec.cat\/ceip-purisalas\/consell-de-delegats-i-delegades\/\" title=\"Read Consell de delegats i delegades\">Llegeix m\u00e9s\u00bb<\/a><\/p>\n","protected":false},"author":4,"featured_media":0,"parent":0,"menu_order":0,"comment_status":"closed","ping_status":"closed","template":"page-templates\/side-menu.php","meta":{"_bbp_topic_count":0,"_bbp_reply_count":0,"_bbp_total_topic_count":0,"_bbp_total_reply_count":0,"_bbp_voice_count":0,"_bbp_anonymous_reply_count":0,"_bbp_topic_count_hidden":0,"_bbp_reply_count_hidden":0,"_bbp_forum_subforum_count":0,"footnotes":""},"class_list":["post-2116","page","type-page","status-publish","hentry"],"post_mailing_queue_ids":[],"_links":{"self":[{"href":"https:\/\/agora.xtec.cat\/ceip-purisalas\/wp-json\/wp\/v2\/pages\/2116","targetHints":{"allow":["GET"]}}],"collection":[{"href":"https:\/\/agora.xtec.cat\/ceip-purisalas\/wp-json\/wp\/v2\/pages"}],"about":[{"href":"https:\/\/agora.xtec.cat\/ceip-purisalas\/wp-json\/wp\/v2\/types\/page"}],"author":[{"embeddable":true,"href":"https:\/\/agora.xtec.cat\/ceip-purisalas\/wp-json\/wp\/v2\/users\/4"}],"replies":[{"embeddable":true,"href":"https:\/\/agora.xtec.cat\/ceip-purisalas\/wp-json\/wp\/v2\/comments?post=2116"}],"version-history":[{"count":3,"href":"https:\/\/agora.xtec.cat\/ceip-purisalas\/wp-json\/wp\/v2\/pages\/2116\/revisions"}],"predecessor-version":[{"id":2126,"href":"https:\/\/agora.xtec.cat\/ceip-purisalas\/wp-json\/wp\/v2\/pages\/2116\/revisions\/2126"}],"wp:attachment":[{"href":"https:\/\/agora.xtec.cat\/ceip-purisalas\/wp-json\/wp\/v2\/media?parent=2116"}],"curies":[{"name":"wp","href":"https:\/\/api.w.org\/{rel}","templated":true}]}}