{"id":1809,"date":"2022-06-15T13:31:21","date_gmt":"2022-06-15T11:31:21","guid":{"rendered":"https:\/\/agora.xtec.cat\/ceip-purisalas\/?page_id=1809"},"modified":"2022-06-15T13:42:33","modified_gmt":"2022-06-15T11:42:33","slug":"estrategia-digital-de-centre","status":"publish","type":"page","link":"https:\/\/agora.xtec.cat\/ceip-purisalas\/documents\/estrategia-digital-de-centre\/","title":{"rendered":"Estrat\u00e8gia Digital de Centre"},"content":{"rendered":"<p>A continuaci\u00f3 us presentem el Sites on tenim l&#8217;estrat\u00e8gia digital de centre. Actualment, est\u00e0 en proc\u00e9s d&#8217;elaboraci\u00f3. Durant els pr\u00f2xims mesos s&#8217;anir\u00e0 actualitzant.<\/p>\n<p>Podeu clicar la imatge per veure el Sites.<\/p>\n<p style=\"text-align: center;\"><a href=\"https:\/\/sites.google.com\/purisalas.com\/estratgia-digital-de-centre\/p%C3%A0gina-principal\"><img loading=\"lazy\" decoding=\"async\" class=\"alignnone wp-image-1811\" src=\"https:\/\/agora.xtec.cat\/ceip-purisalas\/wp-content\/uploads\/usu2458\/2022\/06\/trabajo-en-progreso.png\" alt=\"\" width=\"156\" height=\"156\" srcset=\"https:\/\/agora.xtec.cat\/ceip-purisalas\/wp-content\/uploads\/usu2458\/2022\/06\/trabajo-en-progreso.png 512w, https:\/\/agora.xtec.cat\/ceip-purisalas\/wp-content\/uploads\/usu2458\/2022\/06\/trabajo-en-progreso-300x300.png 300w, https:\/\/agora.xtec.cat\/ceip-purisalas\/wp-content\/uploads\/usu2458\/2022\/06\/trabajo-en-progreso-150x150.png 150w\" sizes=\"auto, (max-width: 156px) 100vw, 156px\" \/><\/a><\/p>\n","protected":false},"excerpt":{"rendered":"<p>A continuaci\u00f3 us presentem el Sites on tenim l&#8217;estrat\u00e8gia digital de centre. Actualment, est\u00e0 en proc\u00e9s d&#8217;elaboraci\u00f3. Durant els pr\u00f2xims mesos s&#8217;anir\u00e0 actualitzant.<br \/>\nPodeu clicar la imatge per veure el Sites.<br \/>\n<a href=\"https:\/\/sites.google.com\/purisalas.com\/estratgia-digital-de-centre\/p%C3%A0gina-principal\"><\/a><\/p>\n","protected":false},"author":4,"featured_media":0,"parent":516,"menu_order":4,"comment_status":"closed","ping_status":"closed","template":"","meta":{"_bbp_topic_count":0,"_bbp_reply_count":0,"_bbp_total_topic_count":0,"_bbp_total_reply_count":0,"_bbp_voice_count":0,"_bbp_anonymous_reply_count":0,"_bbp_topic_count_hidden":0,"_bbp_reply_count_hidden":0,"_bbp_forum_subforum_count":0,"footnotes":""},"class_list":["post-1809","page","type-page","status-publish","hentry"],"post_mailing_queue_ids":[],"_links":{"self":[{"href":"https:\/\/agora.xtec.cat\/ceip-purisalas\/wp-json\/wp\/v2\/pages\/1809","targetHints":{"allow":["GET"]}}],"collection":[{"href":"https:\/\/agora.xtec.cat\/ceip-purisalas\/wp-json\/wp\/v2\/pages"}],"about":[{"href":"https:\/\/agora.xtec.cat\/ceip-purisalas\/wp-json\/wp\/v2\/types\/page"}],"author":[{"embeddable":true,"href":"https:\/\/agora.xtec.cat\/ceip-purisalas\/wp-json\/wp\/v2\/users\/4"}],"replies":[{"embeddable":true,"href":"https:\/\/agora.xtec.cat\/ceip-purisalas\/wp-json\/wp\/v2\/comments?post=1809"}],"version-history":[{"count":2,"href":"https:\/\/agora.xtec.cat\/ceip-purisalas\/wp-json\/wp\/v2\/pages\/1809\/revisions"}],"predecessor-version":[{"id":1812,"href":"https:\/\/agora.xtec.cat\/ceip-purisalas\/wp-json\/wp\/v2\/pages\/1809\/revisions\/1812"}],"up":[{"embeddable":true,"href":"https:\/\/agora.xtec.cat\/ceip-purisalas\/wp-json\/wp\/v2\/pages\/516"}],"wp:attachment":[{"href":"https:\/\/agora.xtec.cat\/ceip-purisalas\/wp-json\/wp\/v2\/media?parent=1809"}],"curies":[{"name":"wp","href":"https:\/\/api.w.org\/{rel}","templated":true}]}}