{"id":8212,"date":"2026-01-25T15:08:02","date_gmt":"2026-01-25T14:08:02","guid":{"rendered":"https:\/\/agora.xtec.cat\/ceip-puigventos\/?page_id=8212"},"modified":"2026-01-26T19:25:48","modified_gmt":"2026-01-26T18:25:48","slug":"proteccio-de-dades-personals-al-centre","status":"publish","type":"page","link":"https:\/\/agora.xtec.cat\/ceip-puigventos\/proteccio-de-dades-personals-al-centre\/","title":{"rendered":"Pol\u00edtica de privacitat i dades del centre"},"content":{"rendered":"<p><strong>\u00das de les dades:\u00a0<\/strong><\/p>\n<ul>\n<li style=\"list-style-type: none;\">\n<ul>\n<li>Les dades dels alumnes es gestionen nom\u00e9s per a les tasques docents i orientadores que correspon al centre.<\/li>\n<li>Qualsevol \u00fas de les dades dels alumnes que no sigui el contemplat aqu\u00ed requerir\u00e0 el consentiment previ, expl\u00edcit i espec\u00edfic dels alumnes o dels seus pares\/tutors.<\/li>\n<li>Seguint la normativa vigent, podem sol\u00b7licitar les dades necess\u00e0ries per complir les tasques esmentades, \u00e9s a dir, informaci\u00f3 sobre l\u2019origen familiar i social, caracter\u00edstiques personals, avan\u00e7 i resultats acad\u00e8mics, i altres circumst\u00e0ncies essencials per a l\u2019educaci\u00f3 i l\u2019orientaci\u00f3 dels alumnes.Dades personals dels alumnes<\/li>\n<\/ul>\n<\/li>\n<li>Dades personals dels familiars\n<ul>\n<li>Les dades dels familiars nom\u00e9s se solen tractar per a finalitats administratives relacionades amb les tasques docents i d\u2019orientaci\u00f3 del centre.<\/li>\n<\/ul>\n<\/li>\n<\/ul>\n<p><strong>Termini de cust\u00f2dia de les dades<\/strong><\/p>\n<p>El termini de cust\u00f2dia dels expedients i de qualsevol altra documentaci\u00f3 acad\u00e8mica s\u2019ajusta a la normativa auton\u00f2mica aplicable.<\/p>\n<ul>\n<li>D\u2019acord amb la normativa vigent, formen part de l\u2019expedient acad\u00e8mic de l\u2019alumne, quan sigui pertinent: els resultats de l\u2019avaluaci\u00f3; les propostes de promoci\u00f3 i titulaci\u00f3; les mesures d\u2019atenci\u00f3 a la diversitat adoptades; les adaptacions curricularly significatives; l\u2019emissi\u00f3 del certificat oficial de escolaritat i el nivell d\u2019adquisici\u00f3 de les compet\u00e8ncies b\u00e0siques; i un informe orientador sobre les opcions acad\u00e8miques i professionals.<\/li>\n<li>Qualsevol documentaci\u00f3 que, encara que pugui adjuntar-se a l\u2019expedient, no sigui una part essencial d\u2019aquest, ser\u00e0 destru\u00efda pel Centre en el moment en qu\u00e8 l\u2019alumne compleixi el seu cicle formatiu.<\/li>\n<\/ul>\n<p><strong>Conservaci\u00f3 de les dades<\/strong><\/p>\n<p>Les dades personals relatives a les informacions rebudes i a les investigacions internes s\u2019emmagatzemaran el just per\u00edode necessari per complir la normativa de protecci\u00f3 de dades, amb un m\u00e0xim de deu anys.<\/p>\n<p>Des de la seva recepci\u00f3, transcorreguts tres mesos, les comunicacions s\u2019eliminaran, excepte quan sigui necessari conservar-les per acreditar i deixar const\u00e0ncia de l\u2019exist\u00e8ncia i el funcionament del Sistema o per complir altres requisits normatius associats a la informaci\u00f3.<\/p>\n<p>En aquests casos, la identitat de la persona informant quedar\u00e0 anonimitzada en una \u00e0rea independent, protegida amb les mesures de seguretat adequades.<\/p>\n<p><strong>Dades recollides i finalitats<\/strong><\/p>\n<ul>\n<li>Imatges i veus d\u2019alumnes (individuals o en grup) per a la difusi\u00f3 d\u2019activitats escolars, tant a la web com a les xarxes socials, sempre que la publicaci\u00f3 sigui conforme a les condicions indicades.<\/li>\n<li>Altres dades personals necess\u00e0ries per a la gesti\u00f3 de l\u2019activitat educativa i la comunicaci\u00f3 amb les fam\u00edlies (p. ex., nom, curs, contacte).<\/li>\n<li>Les publicacions a la web s realitzaran amb acc\u00e9s protegit; a les xarxes socials no es poden mostrar cares de menors, segons la nostra pol\u00edtica ratificada en claustre.<\/li>\n<\/ul>\n<p><strong>Contacte<\/strong><\/p>\n<ul>\n<li>Per qualsevol dubte contacte a trav\u00e9s del seg\u00fcent correu: a8063734@xtec.cat<\/li>\n<\/ul>\n<p><strong>Base legal<\/strong><\/p>\n<p style=\"text-align: justify;\">La Disposici\u00f3 addicional vint-i-tresena de la Llei Org\u00e0nica 2\/2006, de 3 de maig, d\u2019Educaci\u00f3, estableix que \u201cEls pares o tutors i els propis alumnes hauran de col\u00b7laborar en l\u2019obtenci\u00f3 de la informaci\u00f3 a la qual fa refer\u00e8ncia aquest article. La incorporaci\u00f3 d\u2019un alumne a un centre docent suposar\u00e0 el consentiment per al tractament de les seves dades i, si escau, la cessi\u00f3 de dades procedents del centre en el qual hagu\u00e9s estat escolaritzat amb anterioritat, en els termes establerts en la legislaci\u00f3 sobre protecci\u00f3 de dades. En tot cas, la informaci\u00f3 a la qual es refereix aquest apartat ser\u00e0 l\u2019estrictament necess\u00e0ria per a la funci\u00f3 docent i orientadora, no podent tractar-se amb finalitats diferents de l\u2019educatiu sense consentiment expr\u00e9s.\u201d En els casos que fos necessari el consentiment per al tractament de les dades, aquest ser\u00e0 atorgat pel propi alumne en el cas que aquest sigui major de 14 anys. Si fos menor d\u2019aquesta edat, el consentiment ser\u00e0 atorgat pel titular p\u00e0tria potestat o la tutela del menor.<\/p>\n<p><a href=\"https:\/\/agora.xtec.cat\/ceip-puigventos\/wp-content\/uploads\/usu2368\/2026\/01\/25-26-AUTORITZACIO-IMATGE-.pdf\">25-26 AUTORITZACIO\u0301 DRETS IMATGE<\/a><\/p>\n<p><a href=\"https:\/\/agora.xtec.cat\/ceip-puigventos\/wp-content\/uploads\/usu2368\/2026\/01\/1.jpg\"><img loading=\"lazy\" decoding=\"async\" class=\"aligncenter size-large wp-image-8216\" src=\"https:\/\/agora.xtec.cat\/ceip-puigventos\/wp-content\/uploads\/usu2368\/2026\/01\/1-1024x724.jpg\" alt=\"\" width=\"1024\" height=\"724\" srcset=\"https:\/\/agora.xtec.cat\/ceip-puigventos\/wp-content\/uploads\/usu2368\/2026\/01\/1-1024x724.jpg 1024w, https:\/\/agora.xtec.cat\/ceip-puigventos\/wp-content\/uploads\/usu2368\/2026\/01\/1-300x212.jpg 300w, https:\/\/agora.xtec.cat\/ceip-puigventos\/wp-content\/uploads\/usu2368\/2026\/01\/1-768x543.jpg 768w, https:\/\/agora.xtec.cat\/ceip-puigventos\/wp-content\/uploads\/usu2368\/2026\/01\/1-1536x1086.jpg 1536w, https:\/\/agora.xtec.cat\/ceip-puigventos\/wp-content\/uploads\/usu2368\/2026\/01\/1.jpg 2000w\" sizes=\"auto, (max-width: 1024px) 100vw, 1024px\" \/><\/a><\/p>\n<p>&nbsp;<\/p>\n<p><a href=\"https:\/\/agora.xtec.cat\/ceip-puigventos\/wp-content\/uploads\/usu2368\/2026\/01\/2.jpg\"><img loading=\"lazy\" decoding=\"async\" class=\"aligncenter size-large wp-image-8217\" src=\"https:\/\/agora.xtec.cat\/ceip-puigventos\/wp-content\/uploads\/usu2368\/2026\/01\/2-1024x724.jpg\" alt=\"\" width=\"1024\" height=\"724\" srcset=\"https:\/\/agora.xtec.cat\/ceip-puigventos\/wp-content\/uploads\/usu2368\/2026\/01\/2-1024x724.jpg 1024w, https:\/\/agora.xtec.cat\/ceip-puigventos\/wp-content\/uploads\/usu2368\/2026\/01\/2-300x212.jpg 300w, https:\/\/agora.xtec.cat\/ceip-puigventos\/wp-content\/uploads\/usu2368\/2026\/01\/2-768x543.jpg 768w, https:\/\/agora.xtec.cat\/ceip-puigventos\/wp-content\/uploads\/usu2368\/2026\/01\/2-1536x1086.jpg 1536w, https:\/\/agora.xtec.cat\/ceip-puigventos\/wp-content\/uploads\/usu2368\/2026\/01\/2.jpg 2000w\" sizes=\"auto, (max-width: 1024px) 100vw, 1024px\" \/><\/a><\/p>\n","protected":false},"excerpt":{"rendered":"<p>\u00das de les dades:\u00a0<\/p>\n<ul>\n<li style=\"list-style-type: none;\">\n<ul>\n<li>Les dades dels alumnes es gestionen nom\u00e9s per a les tasques docents i orientadores que correspon al centre.<\/li>\n<li>Qualsevol \u00fas de les dades dels alumnes que no sigui el contemplat aqu\u00ed requerir\u00e0 el consentiment previ, expl\u00edcit i espec\u00edfic dels alumnes o&hellip;  <a href=\"https:\/\/agora.xtec.cat\/ceip-puigventos\/proteccio-de-dades-personals-al-centre\/\" title=\"Read Pol\u00edtica de privacitat i dades del centre\">Llegeix m\u00e9s\u00bb<\/a><br \/>\n","protected":false},"author":1,"featured_media":0,"parent":0,"menu_order":0,"comment_status":"closed","ping_status":"closed","template":"","meta":{"_bbp_topic_count":0,"_bbp_reply_count":0,"_bbp_total_topic_count":0,"_bbp_total_reply_count":0,"_bbp_voice_count":0,"_bbp_anonymous_reply_count":0,"_bbp_topic_count_hidden":0,"_bbp_reply_count_hidden":0,"_bbp_forum_subforum_count":0,"footnotes":""},"class_list":["post-8212","page","type-page","status-publish","hentry"],"post_mailing_queue_ids":[],"_links":{"self":[{"href":"https:\/\/agora.xtec.cat\/ceip-puigventos\/wp-json\/wp\/v2\/pages\/8212","targetHints":{"allow":["GET"]}}],"collection":[{"href":"https:\/\/agora.xtec.cat\/ceip-puigventos\/wp-json\/wp\/v2\/pages"}],"about":[{"href":"https:\/\/agora.xtec.cat\/ceip-puigventos\/wp-json\/wp\/v2\/types\/page"}],"author":[{"embeddable":true,"href":"https:\/\/agora.xtec.cat\/ceip-puigventos\/wp-json\/wp\/v2\/users\/1"}],"replies":[{"embeddable":true,"href":"https:\/\/agora.xtec.cat\/ceip-puigventos\/wp-json\/wp\/v2\/comments?post=8212"}],"version-history":[{"count":6,"href":"https:\/\/agora.xtec.cat\/ceip-puigventos\/wp-json\/wp\/v2\/pages\/8212\/revisions"}],"predecessor-version":[{"id":8229,"href":"https:\/\/agora.xtec.cat\/ceip-puigventos\/wp-json\/wp\/v2\/pages\/8212\/revisions\/8229"}],"wp:attachment":[{"href":"https:\/\/agora.xtec.cat\/ceip-puigventos\/wp-json\/wp\/v2\/media?parent=8212"}],"curies":[{"name":"wp","href":"https:\/\/api.w.org\/{rel}","templated":true}]}}