{"id":73,"date":"2014-09-18T14:01:51","date_gmt":"2014-09-18T13:01:51","guid":{"rendered":"http:\/\/agora.xtec.cat\/ceip-puigventos\/?page_id=73"},"modified":"2025-06-02T15:41:35","modified_gmt":"2025-06-02T13:41:35","slug":"menjador-escolar","status":"publish","type":"page","link":"https:\/\/agora.xtec.cat\/ceip-puigventos\/serveis\/menjador-escolar\/","title":{"rendered":"Espai Migdia"},"content":{"rendered":"<h4><strong>L&#8217;Espai Migdia<\/strong><\/h4>\n<p>La nostra tasca \u00e9s fer d\u2019enlla\u00e7 entre les fam\u00edlies i l\u2019escola, facilitant aix\u00ed una comunitat educativa basada en la confian\u00e7a, l\u2019entesa i la cooperaci\u00f3 per tal que els nostres infants puguin aprofitar i gaudir al m\u00e0xim de la seva etapa<br \/>\nescolar a l\u2019escola. TOTES i TOTS som l\u2019AFA de l\u2019escola. L\u2019AFA realitza durant tot el curs escolar accions i serveis com:<\/p>\n<p>Acollida matinal i de tarda Extraescolars<\/p>\n<p>Tardes de jocs i piscina<\/p>\n<p>Acompanyament de monitoratge a excursions de l\u2019escola<\/p>\n<p>Casal d\u2019estiu i col\u00f2nies<\/p>\n<p>Festes com Nadal, Castanyada, Carnestoltes o Fi de Curs.<\/p>\n<p>Festes amb fins ben\u00e8fics<\/p>\n<p>I, el nostre tret diferencial, el servei de menjador, m\u00e9s conegut com Espai Migdia. Tots aquests serveis van acompanyats seguin la mateixa filosofia de l\u2019escola on formem part.<\/p>\n<p><strong>ESPAI MIGDIA<\/strong><\/p>\n<p>L\u2019AFA crea l\u2019Espai Migdia amb la voluntat de millorar la qualitat nutricional i de lleure per als nostres infants, mirant d&#8217;aconseguir que les hores del migdia siguin harmonioses, agradables, l\u00fadiques i educatives. Creiem que l\u2019estona del migdia \u00e9s molt m\u00e9s que un simple menjador, ja que forma part del creixement dels nostres infants. Les fam\u00edlies que trieu aquesta escola pel seu projecte educatiu trobareu un espai al migdia on els valors de l\u2019escola quedaran totalment integrats.<\/p>\n<p>Vols con\u00e8ixer m\u00e9s sobre l\u2019AFA i tot el que fem? No dubtis en visitar la nostra<\/p>\n<p>web: <a href=\"http:\/\/www.afapuigventos.cat\">www.afapuigventos.cat<\/a><\/p>\n<p><a href=\"https:\/\/agora.xtec.cat\/ceip-puigventos\/wp-content\/uploads\/usu2368\/2025\/06\/Sin-titulo-1-1.png\"><img loading=\"lazy\" decoding=\"async\" class=\"aligncenter size-large wp-image-7892\" src=\"https:\/\/agora.xtec.cat\/ceip-puigventos\/wp-content\/uploads\/usu2368\/2025\/06\/Sin-titulo-1-1-1024x341.png\" alt=\"\" width=\"1024\" height=\"341\" srcset=\"https:\/\/agora.xtec.cat\/ceip-puigventos\/wp-content\/uploads\/usu2368\/2025\/06\/Sin-titulo-1-1-1024x341.png 1024w, https:\/\/agora.xtec.cat\/ceip-puigventos\/wp-content\/uploads\/usu2368\/2025\/06\/Sin-titulo-1-1-300x100.png 300w, https:\/\/agora.xtec.cat\/ceip-puigventos\/wp-content\/uploads\/usu2368\/2025\/06\/Sin-titulo-1-1-768x256.png 768w, https:\/\/agora.xtec.cat\/ceip-puigventos\/wp-content\/uploads\/usu2368\/2025\/06\/Sin-titulo-1-1-1536x512.png 1536w, https:\/\/agora.xtec.cat\/ceip-puigventos\/wp-content\/uploads\/usu2368\/2025\/06\/Sin-titulo-1-1-2048x683.png 2048w\" sizes=\"auto, (max-width: 1024px) 100vw, 1024px\" \/><\/a><\/p>\n<p>&nbsp;<\/p>\n","protected":false},"excerpt":{"rendered":"<p>L&#8217;Espai Migdia<br \/>\nLa nostra tasca \u00e9s fer d\u2019enlla\u00e7 entre les fam\u00edlies i l\u2019escola, facilitant aix\u00ed una comunitat educativa basada en la confian\u00e7a, l\u2019entesa i la cooperaci\u00f3 per tal que els nostres infants puguin aprofitar i gaudir al m\u00e0xim de la seva etapa<br \/>\nescolar a l\u2019escola. TOTES i&hellip;  <a href=\"https:\/\/agora.xtec.cat\/ceip-puigventos\/serveis\/menjador-escolar\/\" title=\"Read Espai Migdia\">Llegeix m\u00e9s\u00bb<\/a><\/p>\n","protected":false},"author":1,"featured_media":0,"parent":66,"menu_order":30,"comment_status":"closed","ping_status":"closed","template":"page-templates\/side-menu.php","meta":{"_bbp_topic_count":0,"_bbp_reply_count":0,"_bbp_total_topic_count":0,"_bbp_total_reply_count":0,"_bbp_voice_count":0,"_bbp_anonymous_reply_count":0,"_bbp_topic_count_hidden":0,"_bbp_reply_count_hidden":0,"_bbp_forum_subforum_count":0,"footnotes":""},"class_list":["post-73","page","type-page","status-publish","hentry"],"post_mailing_queue_ids":[],"_links":{"self":[{"href":"https:\/\/agora.xtec.cat\/ceip-puigventos\/wp-json\/wp\/v2\/pages\/73","targetHints":{"allow":["GET"]}}],"collection":[{"href":"https:\/\/agora.xtec.cat\/ceip-puigventos\/wp-json\/wp\/v2\/pages"}],"about":[{"href":"https:\/\/agora.xtec.cat\/ceip-puigventos\/wp-json\/wp\/v2\/types\/page"}],"author":[{"embeddable":true,"href":"https:\/\/agora.xtec.cat\/ceip-puigventos\/wp-json\/wp\/v2\/users\/1"}],"replies":[{"embeddable":true,"href":"https:\/\/agora.xtec.cat\/ceip-puigventos\/wp-json\/wp\/v2\/comments?post=73"}],"version-history":[{"count":6,"href":"https:\/\/agora.xtec.cat\/ceip-puigventos\/wp-json\/wp\/v2\/pages\/73\/revisions"}],"predecessor-version":[{"id":6624,"href":"https:\/\/agora.xtec.cat\/ceip-puigventos\/wp-json\/wp\/v2\/pages\/73\/revisions\/6624"}],"up":[{"embeddable":true,"href":"https:\/\/agora.xtec.cat\/ceip-puigventos\/wp-json\/wp\/v2\/pages\/66"}],"wp:attachment":[{"href":"https:\/\/agora.xtec.cat\/ceip-puigventos\/wp-json\/wp\/v2\/media?parent=73"}],"curies":[{"name":"wp","href":"https:\/\/api.w.org\/{rel}","templated":true}]}}