{"id":6905,"date":"2024-04-16T12:26:52","date_gmt":"2024-04-16T10:26:52","guid":{"rendered":"https:\/\/agora.xtec.cat\/ceip-puigventos\/?page_id=6905"},"modified":"2024-04-17T13:14:34","modified_gmt":"2024-04-17T11:14:34","slug":"sant-jordi","status":"publish","type":"page","link":"https:\/\/agora.xtec.cat\/ceip-puigventos\/curs-24-25-2\/festes-a-lescola\/sant-jordi\/","title":{"rendered":"Sant Jordi"},"content":{"rendered":"<h4>Per la diada de Sant Jordi es fan diferents activitats com per exemple:<\/h4>\n<h5><span style=\"text-decoration: underline;\"><b>Activitats per Infantil<\/b><\/span><\/h5>\n<p><b>EL PUNT DE LLIBRE DE L\u2019ESCOLA:\u00a0<\/b><span style=\"font-weight: 400;\"> Els punts de llibres participants s\u2019exposaran a la biblioteca i les fam\u00edlies podran entrar a l\u2019escola durant dos dies concrets a fer les votacions. El punt de llibre seleccionat s\u2019imprimir\u00e0 i s\u2019obsequiar\u00e0 als alumnes de l\u2019escola.<\/span><\/p>\n<p><b>LLEGENDA DE SANT JORDI CP:\u00a0<\/b><span style=\"font-weight: 400;\">Els alumnes de I5 preparan la llegenda de Sant Jordi per la resta de comunitat.<\/span><\/p>\n<h5><b>TALLERS SANT JORDI INTERNIVELL:<\/b><\/h5>\n<p><b>PARADETES DE SANT JORDI: <span style=\"font-weight: 400;\">Cada aula prepara una parada fora de la classe on els alumnes comparteixen llibres de casa.<\/span><\/b><\/p>\n<h5><span style=\"text-decoration: underline;\"><b>Activitats per Prim\u00e0ria<\/b><\/span><\/h5>\n<p><b>CREACI\u00d3 DEL CONTE DE L\u2019ESCOLA: <\/b>L&#8217;alumnat crear\u00e0 un compte que tingui a veure amb l&#8217;escola. La comissi\u00f3 de biblioteca far\u00e0 la lectura dels contes participants i en triar\u00e0 3 per comunitat. Aquestes obres es facilitaran als tutors que les compartiran amb els nens\/es i triaran el que m\u00e9s els-hi ha agradat.<\/p>\n<p><b>ACTIVITAT DE LECTURA \u201cPER UN FORAT\u201d:\u00a0<\/b><span style=\"font-weight: 400;\">Durant la primera setmana tornant de Setmana Santa, es col\u00b7locaran a l\u2019entrada principal <\/span><span style=\"font-weight: 400;\">dotze llibres embolicats<\/span><span style=\"font-weight: 400;\"> i amb un cartell indicant per quina classe s\u00f3n. Aquests llibres tindran un forat en alguna part de l\u2019embolcall. L\u2019objectiu d\u2019aquest forat \u00e9s despertar l\u2019inter\u00e8s i la imaginaci\u00f3, ja que en passar per l\u2019entrada els i les alumnes poden anar fent suposicions sobre quin t\u00edtol ser\u00e0, de qu\u00e8 pot anar el llibre, etc.\u00a0 Aquesta activitat culmina amb\u00a0 el dia de la celebraci\u00f3, el 23 d\u2019abril, quan a primera hora del mat\u00ed es far\u00e0\u00a0 la lectura d\u2019aquests llibres a les aules. Si el llibre \u00e9s molt llarg, es pot llegir un petit fragment.\u00a0<\/span><\/p>\n<p><b>JOCS FLORALS: <\/b>Reconeixement als alumnes que han participat al certamen de lectura amb veu alta.<\/p>\n<h5>Altres Activitats<\/h5>\n<p><b>&#8211; EXPOSICI\u00d3 DE PUNTS DE LLIBRE D&#8217;INFANTIL A LA BIBLIOTECA.<\/b><\/p>\n<p><b>&#8211; POESIA DIBUIXADA<\/b><span style=\"font-weight: 400;\">.<\/span><\/p>\n<p><b>&#8211; PINTURA LLIURE ESCOLTANT M\u00daSICA. <\/b><span style=\"font-weight: 400;\">\u00a0<\/span><\/p>\n<p><b>&#8211; LECTURA DELS CONTES FETS PER LES FAM\u00cdLIES<\/b><span style=\"font-weight: 400;\">.<\/span><\/p>\n<p><b>&#8211; DISSENYAR PORTADA D\u2019UN LLIBRE.<\/b><\/p>\n<p><b>&#8211; FER UN RAP DE SANT JORDI.<\/b><\/p>\n<p><b>&#8211; ORIGAMIS.<\/b><\/p>\n<p><b>&#8211; FER\u00a0 EL TEU ESCUT<\/b><\/p>\n","protected":false},"excerpt":{"rendered":"<p>Per la diada de Sant Jordi es fan diferents activitats com per exemple:<br \/>\nActivitats per Infantil<br \/>\nEL PUNT DE LLIBRE DE L\u2019ESCOLA:\u00a0 Els punts de llibres participants s\u2019exposaran a la biblioteca i les fam\u00edlies podran entrar a l\u2019escola durant dos dies concrets a fer les votacions. El&hellip;  <a href=\"https:\/\/agora.xtec.cat\/ceip-puigventos\/curs-24-25-2\/festes-a-lescola\/sant-jordi\/\" title=\"Read Sant Jordi\">Llegeix m\u00e9s\u00bb<\/a><\/p>\n","protected":false},"author":1,"featured_media":0,"parent":642,"menu_order":0,"comment_status":"closed","ping_status":"closed","template":"","meta":{"_bbp_topic_count":0,"_bbp_reply_count":0,"_bbp_total_topic_count":0,"_bbp_total_reply_count":0,"_bbp_voice_count":0,"_bbp_anonymous_reply_count":0,"_bbp_topic_count_hidden":0,"_bbp_reply_count_hidden":0,"_bbp_forum_subforum_count":0,"footnotes":""},"class_list":["post-6905","page","type-page","status-publish","hentry"],"post_mailing_queue_ids":[],"_links":{"self":[{"href":"https:\/\/agora.xtec.cat\/ceip-puigventos\/wp-json\/wp\/v2\/pages\/6905","targetHints":{"allow":["GET"]}}],"collection":[{"href":"https:\/\/agora.xtec.cat\/ceip-puigventos\/wp-json\/wp\/v2\/pages"}],"about":[{"href":"https:\/\/agora.xtec.cat\/ceip-puigventos\/wp-json\/wp\/v2\/types\/page"}],"author":[{"embeddable":true,"href":"https:\/\/agora.xtec.cat\/ceip-puigventos\/wp-json\/wp\/v2\/users\/1"}],"replies":[{"embeddable":true,"href":"https:\/\/agora.xtec.cat\/ceip-puigventos\/wp-json\/wp\/v2\/comments?post=6905"}],"version-history":[{"count":2,"href":"https:\/\/agora.xtec.cat\/ceip-puigventos\/wp-json\/wp\/v2\/pages\/6905\/revisions"}],"predecessor-version":[{"id":6907,"href":"https:\/\/agora.xtec.cat\/ceip-puigventos\/wp-json\/wp\/v2\/pages\/6905\/revisions\/6907"}],"up":[{"embeddable":true,"href":"https:\/\/agora.xtec.cat\/ceip-puigventos\/wp-json\/wp\/v2\/pages\/642"}],"wp:attachment":[{"href":"https:\/\/agora.xtec.cat\/ceip-puigventos\/wp-json\/wp\/v2\/media?parent=6905"}],"curies":[{"name":"wp","href":"https:\/\/api.w.org\/{rel}","templated":true}]}}