{"id":6902,"date":"2024-04-15T15:22:40","date_gmt":"2024-04-15T13:22:40","guid":{"rendered":"https:\/\/agora.xtec.cat\/ceip-puigventos\/?page_id=6902"},"modified":"2024-04-15T15:22:40","modified_gmt":"2024-04-15T13:22:40","slug":"ambient-info-reporters-a-cg","status":"publish","type":"page","link":"https:\/\/agora.xtec.cat\/ceip-puigventos\/ambient-info-reporters-a-cg\/","title":{"rendered":"Ambient Info Reporters a CG"},"content":{"rendered":"<p>A l&#8217;ambient Info Reporters es pret\u00e9n que l&#8217;alumnat:<\/p>\n<ul>\n<li>Aprengui a navegar per internet i a buscar recursos concrets a les xarxes.<\/li>\n<li>Escrigui not\u00edcies de forma entenedora.<\/li>\n<li>Expliqui not\u00edcies en veu alta i s&#8217;enregistrin.<\/li>\n<li>Entengui que \u00e9s una avaluaci\u00f3 i coavaluaci\u00f3.<\/li>\n<li>Fomenti la conversa entre iguals i el treball cooperatiu.<\/li>\n<\/ul>\n","protected":false},"excerpt":{"rendered":"<p>A l&#8217;ambient Info Reporters es pret\u00e9n que l&#8217;alumnat:<\/p>\n<ul>\n<li>Aprengui a navegar per internet i a buscar recursos concrets a les xarxes.<\/li>\n<li>Escrigui not\u00edcies de forma entenedora.<\/li>\n<li>Expliqui not\u00edcies en veu alta i s&#8217;enregistrin.<\/li>\n<li>Entengui que \u00e9s una avaluaci\u00f3 i coavaluaci\u00f3.<\/li>\n<li>Fomenti la conversa entre iguals i el treball cooperatiu.<\/li>\n<\/ul>\n","protected":false},"author":1,"featured_media":0,"parent":0,"menu_order":0,"comment_status":"closed","ping_status":"closed","template":"","meta":{"_bbp_topic_count":0,"_bbp_reply_count":0,"_bbp_total_topic_count":0,"_bbp_total_reply_count":0,"_bbp_voice_count":0,"_bbp_anonymous_reply_count":0,"_bbp_topic_count_hidden":0,"_bbp_reply_count_hidden":0,"_bbp_forum_subforum_count":0,"footnotes":""},"class_list":["post-6902","page","type-page","status-publish","hentry"],"post_mailing_queue_ids":[],"_links":{"self":[{"href":"https:\/\/agora.xtec.cat\/ceip-puigventos\/wp-json\/wp\/v2\/pages\/6902","targetHints":{"allow":["GET"]}}],"collection":[{"href":"https:\/\/agora.xtec.cat\/ceip-puigventos\/wp-json\/wp\/v2\/pages"}],"about":[{"href":"https:\/\/agora.xtec.cat\/ceip-puigventos\/wp-json\/wp\/v2\/types\/page"}],"author":[{"embeddable":true,"href":"https:\/\/agora.xtec.cat\/ceip-puigventos\/wp-json\/wp\/v2\/users\/1"}],"replies":[{"embeddable":true,"href":"https:\/\/agora.xtec.cat\/ceip-puigventos\/wp-json\/wp\/v2\/comments?post=6902"}],"version-history":[{"count":1,"href":"https:\/\/agora.xtec.cat\/ceip-puigventos\/wp-json\/wp\/v2\/pages\/6902\/revisions"}],"predecessor-version":[{"id":6903,"href":"https:\/\/agora.xtec.cat\/ceip-puigventos\/wp-json\/wp\/v2\/pages\/6902\/revisions\/6903"}],"wp:attachment":[{"href":"https:\/\/agora.xtec.cat\/ceip-puigventos\/wp-json\/wp\/v2\/media?parent=6902"}],"curies":[{"name":"wp","href":"https:\/\/api.w.org\/{rel}","templated":true}]}}