{"id":6899,"date":"2024-04-15T09:32:19","date_gmt":"2024-04-15T07:32:19","guid":{"rendered":"https:\/\/agora.xtec.cat\/ceip-puigventos\/?page_id=6899"},"modified":"2024-04-23T22:50:51","modified_gmt":"2024-04-23T20:50:51","slug":"ambient-petita-ciutat-a-cm","status":"publish","type":"page","link":"https:\/\/agora.xtec.cat\/ceip-puigventos\/ambient-petita-ciutat-a-cm\/","title":{"rendered":"Ambient Petita Ciutat a CM"},"content":{"rendered":"<p><span style=\"font-weight: 400;\">\u00c9s un <\/span><b>ambient de joc simb\u00f2lic<\/b><span style=\"font-weight: 400;\"> on els nens i nenes es distribueixen per diferents espais:<\/span><\/p>\n<ul>\n<li style=\"font-weight: 400;\" aria-level=\"1\"><b>\u201dLa botiga\u201c <\/b><span style=\"font-weight: 400;\">(amb diners, fruites, verdures, cistelles, caixes registradores&#8230;,<\/span><\/li>\n<li style=\"font-weight: 400;\" aria-level=\"1\"><b>\u201cLa caseta\u201d<\/b><span style=\"font-weight: 400;\"> (cuina amb estris i davantals, menjador, rentadora, estenedor, planxa) \u201c<\/span><b>Nurserie <\/b><span style=\"font-weight: 400;\">(nines, llitets, robeta, banyera&#8230;,), <strong>menjador<\/strong> (taula i cadires per fer \u00e0pats&#8230;)<\/span><\/li>\n<li style=\"font-weight: 400;\" aria-level=\"1\"><span style=\"font-weight: 400;\">\u201c<\/span><b>Consulta de metges<\/b><span style=\"font-weight: 400;\">\u201d (receptes, medicaments, radiografies&#8230;)<\/span><\/li>\n<li style=\"font-weight: 400;\" aria-level=\"1\"><span style=\"font-weight: 400;\">\u201c<\/span><b>Mec\u00e0nic<\/b><span style=\"font-weight: 400;\"> (eines i objectes)<\/span><\/li>\n<\/ul>\n<p><b>LA FINALITAT<\/b><span style=\"font-weight: 400;\"> d\u2019aquest ambient \u00e9s:<\/span><\/p>\n<ul>\n<li style=\"font-weight: 400;\" aria-level=\"1\"><span style=\"font-weight: 400;\">Potenciar la imaginaci\u00f3 a trav\u00e9s del Joc simb\u00f2lic.<\/span><\/li>\n<li style=\"font-weight: 400;\" aria-level=\"1\"><span style=\"font-weight: 400;\">Familiaritzar-se amb la compravenda de productes quotidians, monedes, c\u00e0lcul,..<\/span><\/li>\n<li style=\"font-weight: 400;\" aria-level=\"1\"><span style=\"font-weight: 400;\">Utilitzar vocabulari b\u00e0sic de cortesia (Bon dia, gr\u00e0cies, quant val?&#8230;)<\/span><\/li>\n<li style=\"font-weight: 400;\" aria-level=\"1\"><span style=\"font-weight: 400;\">Aprendre a compartir material.<\/span><\/li>\n<li style=\"font-weight: 400;\" aria-level=\"1\"><span style=\"font-weight: 400;\">Endre\u00e7ar els materials correctament.<\/span><\/li>\n<\/ul>\n","protected":false},"excerpt":{"rendered":"<p>\u00c9s un ambient de joc simb\u00f2lic on els nens i nenes es distribueixen per diferents espais:<\/p>\n<ul>\n<li style=\"font-weight: 400;\" aria-level=\"1\">\u201dLa botiga\u201c (amb diners, fruites, verdures, cistelles, caixes registradores&#8230;,<\/li>\n<li style=\"font-weight: 400;\" aria-level=\"1\">\u201cLa caseta\u201d (cuina amb estris i davantals, menjador, rentadora, estenedor, planxa) \u201cNurserie (nines, llitets, robeta, banyera&#8230;,),&hellip;  <a href=\"https:\/\/agora.xtec.cat\/ceip-puigventos\/ambient-petita-ciutat-a-cm\/\" title=\"Read Ambient Petita Ciutat a CM\">Llegeix m\u00e9s\u00bb<\/a><br \/>\n","protected":false},"author":1,"featured_media":0,"parent":0,"menu_order":0,"comment_status":"closed","ping_status":"closed","template":"","meta":{"_bbp_topic_count":0,"_bbp_reply_count":0,"_bbp_total_topic_count":0,"_bbp_total_reply_count":0,"_bbp_voice_count":0,"_bbp_anonymous_reply_count":0,"_bbp_topic_count_hidden":0,"_bbp_reply_count_hidden":0,"_bbp_forum_subforum_count":0,"footnotes":""},"class_list":["post-6899","page","type-page","status-publish","hentry"],"post_mailing_queue_ids":[],"_links":{"self":[{"href":"https:\/\/agora.xtec.cat\/ceip-puigventos\/wp-json\/wp\/v2\/pages\/6899","targetHints":{"allow":["GET"]}}],"collection":[{"href":"https:\/\/agora.xtec.cat\/ceip-puigventos\/wp-json\/wp\/v2\/pages"}],"about":[{"href":"https:\/\/agora.xtec.cat\/ceip-puigventos\/wp-json\/wp\/v2\/types\/page"}],"author":[{"embeddable":true,"href":"https:\/\/agora.xtec.cat\/ceip-puigventos\/wp-json\/wp\/v2\/users\/1"}],"replies":[{"embeddable":true,"href":"https:\/\/agora.xtec.cat\/ceip-puigventos\/wp-json\/wp\/v2\/comments?post=6899"}],"version-history":[{"count":2,"href":"https:\/\/agora.xtec.cat\/ceip-puigventos\/wp-json\/wp\/v2\/pages\/6899\/revisions"}],"predecessor-version":[{"id":6948,"href":"https:\/\/agora.xtec.cat\/ceip-puigventos\/wp-json\/wp\/v2\/pages\/6899\/revisions\/6948"}],"wp:attachment":[{"href":"https:\/\/agora.xtec.cat\/ceip-puigventos\/wp-json\/wp\/v2\/media?parent=6899"}],"curies":[{"name":"wp","href":"https:\/\/api.w.org\/{rel}","templated":true}]}}