{"id":6896,"date":"2024-04-15T09:12:48","date_gmt":"2024-04-15T07:12:48","guid":{"rendered":"https:\/\/agora.xtec.cat\/ceip-puigventos\/?page_id=6896"},"modified":"2024-04-15T09:12:48","modified_gmt":"2024-04-15T07:12:48","slug":"ambient-de-teatre-a-cm","status":"publish","type":"page","link":"https:\/\/agora.xtec.cat\/ceip-puigventos\/ambient-de-teatre-a-cm\/","title":{"rendered":"Ambient de Teatre a CM"},"content":{"rendered":"<p><span style=\"font-weight: 400;\">L\u2019<\/span><b>ambient de \u201cFem teatre\u201d<\/b><span style=\"font-weight: 400;\"> \u00e9s l\u2019espai ideal per a desenvolupar la imaginaci\u00f3 i creativitat dels nens\/es.<\/span><\/p>\n<p><span style=\"font-weight: 400;\">A m\u00e9s, es crea un clima idoni per afavorir l\u2019expressi\u00f3 oral i el llenguatge verbal, tot fomentant l\u2019expressi\u00f3 d\u2019emocions, sentiments i desitjos.<\/span><\/p>\n<p><span style=\"font-weight: 400;\">L\u2019ambient tamb\u00e9 permet\u00a0 fomentar l\u2019expressi\u00f3 corporal, utilitzant tot el cos per a transmetre (dansa, m\u00edmica,\u2026) aspectes molt importants per al ple desenvolupament de les capacitats dels infants.<\/span><\/p>\n<p><span style=\"font-weight: 400;\">Els alumnes tenen l\u2019oportunitat de representar diferents personatges disfressant-se (hi ha tot tipus de vestits, robes, barrets, \u2026) o mitjan\u00e7ant titelles (de pal, de dit, de m\u00e0\u2026), creant petites hist\u00f2ries o contes (algunes conegudes i d\u2019altres inventades). Fins i tot, utilitzant diferents entonacions per representar-los.<\/span><\/p>\n<p><span style=\"font-weight: 400;\">A vegades fan d\u2019actrius\/actors en l\u2019escenari o en els teatrets, i a vegades fan d\u2019espectadors escoltant all\u00f2 que expliquen els seus companys. Aquests moments tamb\u00e9 permeten fomentar la participaci\u00f3 en grup, ja que\u00a0 han d\u2019arribar a acords, organitzar-se, compartir els titelles, disfresses, complements\u2026.<\/span><\/p>\n<p><span style=\"font-weight: 400;\">Tamb\u00e9 disposen d\u2019un espai per maquillar-se tots sols o amb\u00a0 l\u2019ajuda d\u2019algun company. El fet de maquillar-se els ajuda molt a ficar-se en la pell de personatges reals o ficticis, aspecte ideal per a infants m\u00e9s t\u00edmids, que tenen certes dificultats per a expressar-se oralment davant dels altres. D\u2019aquesta manera poden treure pors i inseguretats mitjan\u00e7ant la representaci\u00f3.<\/span><\/p>\n<p><span style=\"font-weight: 400;\">En l\u2019espai de conversa a part de treballar el di\u00e0leg, esperar el torn de paraula, el respecte a les aportacions dels altres\u2026 Tamb\u00e9 aprenen aspectes del teatre i tot all\u00f2 que significa. Parlem de quins teatres coneixem, qu\u00e8 podem veure en els teatres (representaci\u00f3 amb actors, titelles, ombres xineses, musicals,\u2026) qu\u00e8 hem de fer per anar al teatre, quins espais hi ha a dins dels teatres (butaques, escenari, vestidors,\u2026), etc<\/span><\/p>\n","protected":false},"excerpt":{"rendered":"<p>L\u2019ambient de \u201cFem teatre\u201d \u00e9s l\u2019espai ideal per a desenvolupar la imaginaci\u00f3 i creativitat dels nens\/es.<br \/>\nA m\u00e9s, es crea un clima idoni per afavorir l\u2019expressi\u00f3 oral i el llenguatge verbal, tot fomentant l\u2019expressi\u00f3 d\u2019emocions, sentiments i desitjos.<br \/>\nL\u2019ambient tamb\u00e9 permet\u00a0 fomentar l\u2019expressi\u00f3 corporal, utilitzant tot el&hellip;  <a href=\"https:\/\/agora.xtec.cat\/ceip-puigventos\/ambient-de-teatre-a-cm\/\" title=\"Read Ambient de Teatre a CM\">Llegeix m\u00e9s\u00bb<\/a><\/p>\n","protected":false},"author":1,"featured_media":0,"parent":0,"menu_order":0,"comment_status":"closed","ping_status":"closed","template":"","meta":{"_bbp_topic_count":0,"_bbp_reply_count":0,"_bbp_total_topic_count":0,"_bbp_total_reply_count":0,"_bbp_voice_count":0,"_bbp_anonymous_reply_count":0,"_bbp_topic_count_hidden":0,"_bbp_reply_count_hidden":0,"_bbp_forum_subforum_count":0,"footnotes":""},"class_list":["post-6896","page","type-page","status-publish","hentry"],"post_mailing_queue_ids":[],"_links":{"self":[{"href":"https:\/\/agora.xtec.cat\/ceip-puigventos\/wp-json\/wp\/v2\/pages\/6896","targetHints":{"allow":["GET"]}}],"collection":[{"href":"https:\/\/agora.xtec.cat\/ceip-puigventos\/wp-json\/wp\/v2\/pages"}],"about":[{"href":"https:\/\/agora.xtec.cat\/ceip-puigventos\/wp-json\/wp\/v2\/types\/page"}],"author":[{"embeddable":true,"href":"https:\/\/agora.xtec.cat\/ceip-puigventos\/wp-json\/wp\/v2\/users\/1"}],"replies":[{"embeddable":true,"href":"https:\/\/agora.xtec.cat\/ceip-puigventos\/wp-json\/wp\/v2\/comments?post=6896"}],"version-history":[{"count":1,"href":"https:\/\/agora.xtec.cat\/ceip-puigventos\/wp-json\/wp\/v2\/pages\/6896\/revisions"}],"predecessor-version":[{"id":6897,"href":"https:\/\/agora.xtec.cat\/ceip-puigventos\/wp-json\/wp\/v2\/pages\/6896\/revisions\/6897"}],"wp:attachment":[{"href":"https:\/\/agora.xtec.cat\/ceip-puigventos\/wp-json\/wp\/v2\/media?parent=6896"}],"curies":[{"name":"wp","href":"https:\/\/api.w.org\/{rel}","templated":true}]}}