{"id":6890,"date":"2024-04-15T08:54:16","date_gmt":"2024-04-15T06:54:16","guid":{"rendered":"https:\/\/agora.xtec.cat\/ceip-puigventos\/?page_id=6890"},"modified":"2024-05-04T19:21:26","modified_gmt":"2024-05-04T17:21:26","slug":"ambient-arquitectes-a-cm","status":"publish","type":"page","link":"https:\/\/agora.xtec.cat\/ceip-puigventos\/ambient-arquitectes-a-cm\/","title":{"rendered":"Ambient Arquitectes a CM"},"content":{"rendered":"<p><span style=\"font-weight: 400;\">A<\/span><b> l\u2019ambient d\u2019arquitectes<\/b><span style=\"font-weight: 400;\">, els nens i les nenes disposen d\u2019una gran varietat de materials com per exemple: peces de fusta de m\u00faltiples mides i formes, peces d&#8217;escuma, tubs de cartr\u00f3 de moltes mides, llaunes\u2026<\/span><\/p>\n<p><span style=\"font-weight: 400;\">Aquest material es deixa a disposici\u00f3 dels alumnes i ells s\u00f3n els que decideixen qu\u00e8 volen fer i com ho volen fer. A partir d\u2019aqu\u00ed, els alumnes de forma individual o en petits grups van experimentant amb totes les possibilitats que aquests materials els hi ofereixen. Hi ha qui construeix una gran casa, d\u2019altres que fan un supermercat, d\u2019altres m\u00e9s imaginatius que fan tot un poble\u2026<\/span><\/p>\n<p><span style=\"font-weight: 400;\">Ells mateixos se n\u2019adonen, amb la pr\u00f2pia experi\u00e8ncia, de com ho han de fer perqu\u00e8 la seva construcci\u00f3\u00a0 s\u2019aguanti dreta, deixen volar la seva imaginaci\u00f3 afegint detalls i inventen hist\u00f2ries envers all\u00f2 que han creat.<\/span><\/p>\n<p><span style=\"font-weight: 400;\">A m\u00e9s, tamb\u00e9 s\u2019introdueix el concepte de pl\u00e0nol i molts d\u2019ells en dibuixen un abans o despr\u00e9s de fer la seva construcci\u00f3.<\/span><\/p>\n<p><span style=\"font-weight: 400;\">Abans d\u2019acabar la sessi\u00f3 els alumnes comparteixen el que han fet amb la resta de companys i expliquen com ho han fet, perqu\u00e8 serveix, els problemes que han tingut\u2026<\/span><\/p>\n<p><span style=\"font-weight: 400;\">I abans de marxar cal fer una feina molt important! Fer una foto de les construccions i recollir tot el material. Aquesta tasca \u00e9s for\u00e7a complexa i entren en joc molts conceptes: classificar per formes, tamanys, colors, tipus de material\u2026 Per\u00f2 recollint tamb\u00e9 ens ho passem molt b\u00e9!<\/span><\/p>\n<p><span style=\"font-weight: 400;\">La finalitat d\u2019aquest ambient \u00e9s:<\/span><\/p>\n<p><span style=\"font-weight: 400;\">Potenciar la imaginaci\u00f3.<\/span><\/p>\n<p><span style=\"font-weight: 400;\">Tenir un coneixement de qu\u00e8 \u00e9s bidimensional i tridimensional en l&#8217;\u00e0mbit manipulatiu.<\/span><\/p>\n<p><span style=\"font-weight: 400;\">Planificar la construcci\u00f3.<\/span><\/p>\n<p><span style=\"font-weight: 400;\">Construir el concepte d\u2019espai.<\/span><\/p>\n<p><span style=\"font-weight: 400;\">Aprendre a compartir la construcci\u00f3.<\/span><\/p>\n<p><span style=\"font-weight: 400;\">Endre\u00e7ar els materials correctament.<\/span><\/p>\n<p><a href=\"https:\/\/drive.google.com\/drive\/folders\/13xrk4sbXvQx0Rx_P_EtS45NahzTFjdM_?usp=drive_link\">Fotos curs 23-24<\/a><\/p>\n<p>&nbsp;<\/p>\n","protected":false},"excerpt":{"rendered":"<p>A l\u2019ambient d\u2019arquitectes, els nens i les nenes disposen d\u2019una gran varietat de materials com per exemple: peces de fusta de m\u00faltiples mides i formes, peces d&#8217;escuma, tubs de cartr\u00f3 de moltes mides, llaunes\u2026<br \/>\nAquest material es deixa a disposici\u00f3 dels alumnes i ells s\u00f3n els&hellip;  <a href=\"https:\/\/agora.xtec.cat\/ceip-puigventos\/ambient-arquitectes-a-cm\/\" title=\"Read Ambient Arquitectes a CM\">Llegeix m\u00e9s\u00bb<\/a><\/p>\n","protected":false},"author":1,"featured_media":0,"parent":0,"menu_order":0,"comment_status":"closed","ping_status":"closed","template":"","meta":{"_bbp_topic_count":0,"_bbp_reply_count":0,"_bbp_total_topic_count":0,"_bbp_total_reply_count":0,"_bbp_voice_count":0,"_bbp_anonymous_reply_count":0,"_bbp_topic_count_hidden":0,"_bbp_reply_count_hidden":0,"_bbp_forum_subforum_count":0,"footnotes":""},"class_list":["post-6890","page","type-page","status-publish","hentry"],"post_mailing_queue_ids":[],"_links":{"self":[{"href":"https:\/\/agora.xtec.cat\/ceip-puigventos\/wp-json\/wp\/v2\/pages\/6890","targetHints":{"allow":["GET"]}}],"collection":[{"href":"https:\/\/agora.xtec.cat\/ceip-puigventos\/wp-json\/wp\/v2\/pages"}],"about":[{"href":"https:\/\/agora.xtec.cat\/ceip-puigventos\/wp-json\/wp\/v2\/types\/page"}],"author":[{"embeddable":true,"href":"https:\/\/agora.xtec.cat\/ceip-puigventos\/wp-json\/wp\/v2\/users\/1"}],"replies":[{"embeddable":true,"href":"https:\/\/agora.xtec.cat\/ceip-puigventos\/wp-json\/wp\/v2\/comments?post=6890"}],"version-history":[{"count":5,"href":"https:\/\/agora.xtec.cat\/ceip-puigventos\/wp-json\/wp\/v2\/pages\/6890\/revisions"}],"predecessor-version":[{"id":6971,"href":"https:\/\/agora.xtec.cat\/ceip-puigventos\/wp-json\/wp\/v2\/pages\/6890\/revisions\/6971"}],"wp:attachment":[{"href":"https:\/\/agora.xtec.cat\/ceip-puigventos\/wp-json\/wp\/v2\/media?parent=6890"}],"curies":[{"name":"wp","href":"https:\/\/api.w.org\/{rel}","templated":true}]}}