{"id":6870,"date":"2024-04-12T12:58:04","date_gmt":"2024-04-12T10:58:04","guid":{"rendered":"https:\/\/agora.xtec.cat\/ceip-puigventos\/?page_id=6870"},"modified":"2024-04-12T12:58:04","modified_gmt":"2024-04-12T10:58:04","slug":"ambient-cientific-a-cm","status":"publish","type":"page","link":"https:\/\/agora.xtec.cat\/ceip-puigventos\/ambient-cientific-a-cm\/","title":{"rendered":"Ambient Cient\u00edfic a CM"},"content":{"rendered":"<p><span style=\"font-weight: 400;\">A<\/span><b> l\u2019ambient cient\u00edfic<\/b><span style=\"font-weight: 400;\">, els\/les alumnes disposen de diferents materials per fer l\u2019experiment de cada dia.<\/span><\/p>\n<p><span style=\"font-weight: 400;\">Aquests experiments es faran a vegades de forma individual, altres en parelles o en petits grups . Van descobrint una mica que \u00e9s la ci\u00e8ncia i el m\u00e8tode cient\u00edfic. Tot respectant les normes i mantenint la inclusi\u00f3 dels companys i el respecte envers tothom.\u00a0<\/span><\/p>\n<p><span style=\"font-weight: 400;\">Una vegada transcorregut el temps estipulat es recullen el material i l\u2019aula, tenint cura de que no falti cap pe\u00e7a i es guarda al lloc corresponent.<\/span><\/p>\n<p><span style=\"font-weight: 400;\">Abans d\u2019acabar la sessi\u00f3 es fa una rotllana on cada alumne explica\u00a0 si els ha agradat, si era dif\u00edcil, quins problemes s\u2019han trobat&#8230;Respectaran el torn de paraula de cada company\/a. Omplim una fitxa sobre l\u2019experiment del dia.<\/span><\/p>\n<p><span style=\"font-weight: 400;\">Els objectius d\u2019aquest ambient s\u00f3n: gaudir del m\u00e8tode cient\u00edfic i aplicar-ho als seus aprenentatges.<\/span><\/p>\n<p><span style=\"font-weight: 400;\">Farem 5 sessions de l\u2019ambient cient\u00edfic i canviarem de grup. Intentem que no siguin m\u00e9s de 16 alumnes ja que \u00e9s dif\u00edcil fer l\u2019experiment amb tants. Hem canviat l\u2019espai original que era l\u2019aula de cient\u00edfics, perqu\u00e8 era molt petita. S\u2019han anat traslladant els materials necessaris a l\u2019aula per cada sessi\u00f3 el dia abans. Per estar tot preparat.<\/span><\/p>\n","protected":false},"excerpt":{"rendered":"<p>A l\u2019ambient cient\u00edfic, els\/les alumnes disposen de diferents materials per fer l\u2019experiment de cada dia.<br \/>\nAquests experiments es faran a vegades de forma individual, altres en parelles o en petits grups . Van descobrint una mica que \u00e9s la ci\u00e8ncia i el m\u00e8tode cient\u00edfic. Tot respectant&hellip;  <a href=\"https:\/\/agora.xtec.cat\/ceip-puigventos\/ambient-cientific-a-cm\/\" title=\"Read Ambient Cient\u00edfic a CM\">Llegeix m\u00e9s\u00bb<\/a><\/p>\n","protected":false},"author":1,"featured_media":0,"parent":0,"menu_order":0,"comment_status":"closed","ping_status":"closed","template":"","meta":{"_bbp_topic_count":0,"_bbp_reply_count":0,"_bbp_total_topic_count":0,"_bbp_total_reply_count":0,"_bbp_voice_count":0,"_bbp_anonymous_reply_count":0,"_bbp_topic_count_hidden":0,"_bbp_reply_count_hidden":0,"_bbp_forum_subforum_count":0,"footnotes":""},"class_list":["post-6870","page","type-page","status-publish","hentry"],"post_mailing_queue_ids":[],"_links":{"self":[{"href":"https:\/\/agora.xtec.cat\/ceip-puigventos\/wp-json\/wp\/v2\/pages\/6870","targetHints":{"allow":["GET"]}}],"collection":[{"href":"https:\/\/agora.xtec.cat\/ceip-puigventos\/wp-json\/wp\/v2\/pages"}],"about":[{"href":"https:\/\/agora.xtec.cat\/ceip-puigventos\/wp-json\/wp\/v2\/types\/page"}],"author":[{"embeddable":true,"href":"https:\/\/agora.xtec.cat\/ceip-puigventos\/wp-json\/wp\/v2\/users\/1"}],"replies":[{"embeddable":true,"href":"https:\/\/agora.xtec.cat\/ceip-puigventos\/wp-json\/wp\/v2\/comments?post=6870"}],"version-history":[{"count":1,"href":"https:\/\/agora.xtec.cat\/ceip-puigventos\/wp-json\/wp\/v2\/pages\/6870\/revisions"}],"predecessor-version":[{"id":6871,"href":"https:\/\/agora.xtec.cat\/ceip-puigventos\/wp-json\/wp\/v2\/pages\/6870\/revisions\/6871"}],"wp:attachment":[{"href":"https:\/\/agora.xtec.cat\/ceip-puigventos\/wp-json\/wp\/v2\/media?parent=6870"}],"curies":[{"name":"wp","href":"https:\/\/api.w.org\/{rel}","templated":true}]}}