{"id":6522,"date":"2024-02-08T16:03:38","date_gmt":"2024-02-08T15:03:38","guid":{"rendered":"https:\/\/agora.xtec.cat\/ceip-puigventos\/?page_id=6522"},"modified":"2024-04-09T09:49:02","modified_gmt":"2024-04-09T07:49:02","slug":"carnestoltes","status":"publish","type":"page","link":"https:\/\/agora.xtec.cat\/ceip-puigventos\/curs-24-25-2\/festes-a-lescola\/carnestoltes\/","title":{"rendered":"Carnestoltes"},"content":{"rendered":"<p>El Carnestoltes el comencem la primera setmana de febrer amb l&#8217;arribada de sa majestat que ens llegeix el preg\u00f3 amb les consignes per la seg\u00fcent setmana en qu\u00e8 farem molta gresca i xerinola!<\/p>\n<p>Tots els alumnes han de seguir durant tota la setmana les consignes del rei carnestoltes, si no els cagamandurries faran de les seves i els-hi pintaran la cara! A m\u00e9s, el dijous gras algunes comunitats sortiran a esmorzar fora.<\/p>\n<p>El divendres d&#8217;aquella setmana totes les comunitats es preparen per fer una xocolatada solid\u00e0ria al mat\u00ed, a la tarda, es realitzar\u00e0 una festa on tota la comunitat educativa est\u00e0 convidada. El portaveu-rei Carnestoltes dinamitzar\u00e0 i presentar\u00e0 els<br \/>\ngrups, que sortiran fent una desfilada amb m\u00fasica per ensenyar les seves disfresses a tothom.<\/p>\n<p><iframe loading=\"lazy\" title=\"Carnestoltes 2024\" width=\"500\" height=\"281\" src=\"https:\/\/www.youtube.com\/embed\/knfiWd82fxw?feature=oembed\" frameborder=\"0\" allow=\"accelerometer; autoplay; clipboard-write; encrypted-media; gyroscope; picture-in-picture; web-share\" referrerpolicy=\"strict-origin-when-cross-origin\" allowfullscreen><\/iframe><\/p>\n","protected":false},"excerpt":{"rendered":"<p>El Carnestoltes el comencem la primera setmana de febrer amb l&#8217;arribada de sa majestat que ens llegeix el preg\u00f3 amb les consignes per la seg\u00fcent setmana en qu\u00e8 farem molta gresca i xerinola!<br \/>\nTots els alumnes han de seguir durant tota la setmana les consignes del&hellip;  <a href=\"https:\/\/agora.xtec.cat\/ceip-puigventos\/curs-24-25-2\/festes-a-lescola\/carnestoltes\/\" title=\"Read Carnestoltes\">Llegeix m\u00e9s\u00bb<\/a><\/p>\n","protected":false},"author":1,"featured_media":0,"parent":642,"menu_order":0,"comment_status":"closed","ping_status":"closed","template":"page-templates\/side-menu.php","meta":{"_bbp_topic_count":0,"_bbp_reply_count":0,"_bbp_total_topic_count":0,"_bbp_total_reply_count":0,"_bbp_voice_count":0,"_bbp_anonymous_reply_count":0,"_bbp_topic_count_hidden":0,"_bbp_reply_count_hidden":0,"_bbp_forum_subforum_count":0,"footnotes":""},"class_list":["post-6522","page","type-page","status-publish","hentry"],"post_mailing_queue_ids":[],"_links":{"self":[{"href":"https:\/\/agora.xtec.cat\/ceip-puigventos\/wp-json\/wp\/v2\/pages\/6522","targetHints":{"allow":["GET"]}}],"collection":[{"href":"https:\/\/agora.xtec.cat\/ceip-puigventos\/wp-json\/wp\/v2\/pages"}],"about":[{"href":"https:\/\/agora.xtec.cat\/ceip-puigventos\/wp-json\/wp\/v2\/types\/page"}],"author":[{"embeddable":true,"href":"https:\/\/agora.xtec.cat\/ceip-puigventos\/wp-json\/wp\/v2\/users\/1"}],"replies":[{"embeddable":true,"href":"https:\/\/agora.xtec.cat\/ceip-puigventos\/wp-json\/wp\/v2\/comments?post=6522"}],"version-history":[{"count":4,"href":"https:\/\/agora.xtec.cat\/ceip-puigventos\/wp-json\/wp\/v2\/pages\/6522\/revisions"}],"predecessor-version":[{"id":6861,"href":"https:\/\/agora.xtec.cat\/ceip-puigventos\/wp-json\/wp\/v2\/pages\/6522\/revisions\/6861"}],"up":[{"embeddable":true,"href":"https:\/\/agora.xtec.cat\/ceip-puigventos\/wp-json\/wp\/v2\/pages\/642"}],"wp:attachment":[{"href":"https:\/\/agora.xtec.cat\/ceip-puigventos\/wp-json\/wp\/v2\/media?parent=6522"}],"curies":[{"name":"wp","href":"https:\/\/api.w.org\/{rel}","templated":true}]}}