{"id":6520,"date":"2024-02-08T15:46:40","date_gmt":"2024-02-08T14:46:40","guid":{"rendered":"https:\/\/agora.xtec.cat\/ceip-puigventos\/?page_id=6520"},"modified":"2024-02-08T16:10:52","modified_gmt":"2024-02-08T15:10:52","slug":"nadal","status":"publish","type":"page","link":"https:\/\/agora.xtec.cat\/ceip-puigventos\/curs-24-25-2\/festes-a-lescola\/nadal\/","title":{"rendered":"Nadal"},"content":{"rendered":"<p>El nadal el comencem a celebrar quan els infants de la comunitat de petits van a buscar el ti\u00f3 per poder portar-lo a l&#8217;escola. Uns dies m\u00e9s tard ens deixa pa amb xocolata per esmorzar a l&#8217;escola.<\/p>\n<p>Durant les setmanes pr\u00e8vies al nadal tots els infants de l&#8217;escola es assajen per la cantata, cada grup canta les can\u00e7ons i es prepara pel concert. A m\u00e9s, cada classe elabora una carta per donar-li al patge que visitar\u00e0 l&#8217;escola els dies previs a acabar el trimestre.<\/p>\n<p>Les comunitats de mitjans, grans i m\u00e9s grans fan l&#8217;amic invisible on cada infant fa un detall per un company\/a i el pica-pica.<\/p>\n<p>L&#8217;\u00faltim dia abans de marxar de les vacances de nadal celebrem el concert on tota la comunitat educativa \u00e9s benvinguda!<\/p>\n<p>&nbsp;<\/p>\n<p><img loading=\"lazy\" decoding=\"async\" class=\"aligncenter  wp-image-6529\" src=\"https:\/\/agora.xtec.cat\/ceip-puigventos\/wp-content\/uploads\/usu2368\/2024\/02\/Historia-Instagram-Castanyada-Fotografic-Senzill-Marro-Publicacio-dInstagram-1.png\" alt=\"\" width=\"440\" height=\"440\" srcset=\"https:\/\/agora.xtec.cat\/ceip-puigventos\/wp-content\/uploads\/usu2368\/2024\/02\/Historia-Instagram-Castanyada-Fotografic-Senzill-Marro-Publicacio-dInstagram-1.png 675w, https:\/\/agora.xtec.cat\/ceip-puigventos\/wp-content\/uploads\/usu2368\/2024\/02\/Historia-Instagram-Castanyada-Fotografic-Senzill-Marro-Publicacio-dInstagram-1-300x300.png 300w, https:\/\/agora.xtec.cat\/ceip-puigventos\/wp-content\/uploads\/usu2368\/2024\/02\/Historia-Instagram-Castanyada-Fotografic-Senzill-Marro-Publicacio-dInstagram-1-150x150.png 150w\" sizes=\"auto, (max-width: 440px) 100vw, 440px\" \/><\/p>\n","protected":false},"excerpt":{"rendered":"<p>El nadal el comencem a celebrar quan els infants de la comunitat de petits van a buscar el ti\u00f3 per poder portar-lo a l&#8217;escola. Uns dies m\u00e9s tard ens deixa pa amb xocolata per esmorzar a l&#8217;escola.<br \/>\nDurant les setmanes pr\u00e8vies al nadal tots els infants&hellip;  <a href=\"https:\/\/agora.xtec.cat\/ceip-puigventos\/curs-24-25-2\/festes-a-lescola\/nadal\/\" title=\"Read Nadal\">Llegeix m\u00e9s\u00bb<\/a><\/p>\n","protected":false},"author":1,"featured_media":0,"parent":642,"menu_order":0,"comment_status":"closed","ping_status":"closed","template":"page-templates\/side-menu.php","meta":{"_bbp_topic_count":0,"_bbp_reply_count":0,"_bbp_total_topic_count":0,"_bbp_total_reply_count":0,"_bbp_voice_count":0,"_bbp_anonymous_reply_count":0,"_bbp_topic_count_hidden":0,"_bbp_reply_count_hidden":0,"_bbp_forum_subforum_count":0,"footnotes":""},"class_list":["post-6520","page","type-page","status-publish","hentry"],"post_mailing_queue_ids":[],"_links":{"self":[{"href":"https:\/\/agora.xtec.cat\/ceip-puigventos\/wp-json\/wp\/v2\/pages\/6520","targetHints":{"allow":["GET"]}}],"collection":[{"href":"https:\/\/agora.xtec.cat\/ceip-puigventos\/wp-json\/wp\/v2\/pages"}],"about":[{"href":"https:\/\/agora.xtec.cat\/ceip-puigventos\/wp-json\/wp\/v2\/types\/page"}],"author":[{"embeddable":true,"href":"https:\/\/agora.xtec.cat\/ceip-puigventos\/wp-json\/wp\/v2\/users\/1"}],"replies":[{"embeddable":true,"href":"https:\/\/agora.xtec.cat\/ceip-puigventos\/wp-json\/wp\/v2\/comments?post=6520"}],"version-history":[{"count":2,"href":"https:\/\/agora.xtec.cat\/ceip-puigventos\/wp-json\/wp\/v2\/pages\/6520\/revisions"}],"predecessor-version":[{"id":6530,"href":"https:\/\/agora.xtec.cat\/ceip-puigventos\/wp-json\/wp\/v2\/pages\/6520\/revisions\/6530"}],"up":[{"embeddable":true,"href":"https:\/\/agora.xtec.cat\/ceip-puigventos\/wp-json\/wp\/v2\/pages\/642"}],"wp:attachment":[{"href":"https:\/\/agora.xtec.cat\/ceip-puigventos\/wp-json\/wp\/v2\/media?parent=6520"}],"curies":[{"name":"wp","href":"https:\/\/api.w.org\/{rel}","templated":true}]}}