{"id":652,"date":"2023-02-07T20:31:46","date_gmt":"2023-02-07T19:31:46","guid":{"rendered":"https:\/\/agora.xtec.cat\/ceip-puigventos\/?page_id=652"},"modified":"2024-02-08T12:50:19","modified_gmt":"2024-02-08T11:50:19","slug":"estrategia-digital-de-centre-edc","status":"publish","type":"page","link":"https:\/\/agora.xtec.cat\/ceip-puigventos\/projecte-educatiu\/estrategia-digital-de-centre-edc\/","title":{"rendered":"Estrat\u00e8gia Digital de Centre (EDC)"},"content":{"rendered":"<p dir=\"ltr\">Ens definim com una escola inclusiva amb el prop\u00f2sit ben definit de donar-hi cabuda a tothom.<\/p>\n<p dir=\"ltr\">El nostre projecte pedag\u00f2gic \u00e9s un projecte centrat en la PERSONA, en els nois\/es de l\u2019escola i el seu desenvolupament GLOBAL. Es fonamenta en la diversitat i en la sensibilitat a la difer\u00e8ncia, donant resposta als principis d\u2019inclusi\u00f3 i equitat, i garantint que A L\u2019ESCOLA, TOTHOM APR\u00c8N!!<\/p>\n<p dir=\"ltr\">La Cultura Digital s&#8217;ha convertit en un pilar de l&#8217;educaci\u00f3, i \u00e9s per aix\u00f2 que l&#8217;escola l&#8217;ha de fer accessible per a tots els membres de la comunitat educativa, fent-los part\u00edcips de les noves tecnologies com a eina de treball, mitj\u00e0 de comunicaci\u00f3, espai d&#8217;aprenentatge, recurs motivador i inclusiu&#8230;<\/p>\n<p dir=\"ltr\">L&#8217;Estrat\u00e8gia Digital del nostre centre t\u00e9 en compte, d&#8217;una manera transversal, els coneixements digitals de totes les persones que hi convivim.<\/p>\n<h6 dir=\"ltr\"><a href=\"https:\/\/agora.xtec.cat\/ceip-puigventos\/projecte-educatiu\/estrategia-digital-de-centre-edc\/diagnosi\/\">Diagnosi<\/a><\/h6>\n<h6><a href=\"https:\/\/agora.xtec.cat\/ceip-puigventos\/projecte-educatiu\/estrategia-digital-de-centre-edc\/objectius\/\">Objectius<\/a><\/h6>\n<h6><a href=\"https:\/\/agora.xtec.cat\/ceip-puigventos\/projecte-educatiu\/estrategia-digital-de-centre-edc\/actuacions\/\">Actuacions<\/a><\/h6>\n","protected":false},"excerpt":{"rendered":"<p>Ens definim com una escola inclusiva amb el prop\u00f2sit ben definit de donar-hi cabuda a tothom.<br \/>\nEl nostre projecte pedag\u00f2gic \u00e9s un projecte centrat en la PERSONA, en els nois\/es de l\u2019escola i el seu desenvolupament GLOBAL. Es fonamenta en la diversitat i en la sensibilitat&hellip;  <a href=\"https:\/\/agora.xtec.cat\/ceip-puigventos\/projecte-educatiu\/estrategia-digital-de-centre-edc\/\" title=\"Read Estrat\u00e8gia Digital de Centre (EDC)\">Llegeix m\u00e9s\u00bb<\/a><\/p>\n","protected":false},"author":1,"featured_media":0,"parent":64,"menu_order":0,"comment_status":"closed","ping_status":"closed","template":"page-templates\/side-menu.php","meta":{"_bbp_topic_count":0,"_bbp_reply_count":0,"_bbp_total_topic_count":0,"_bbp_total_reply_count":0,"_bbp_voice_count":0,"_bbp_anonymous_reply_count":0,"_bbp_topic_count_hidden":0,"_bbp_reply_count_hidden":0,"_bbp_forum_subforum_count":0,"footnotes":""},"class_list":["post-652","page","type-page","status-publish","hentry"],"post_mailing_queue_ids":[],"_links":{"self":[{"href":"https:\/\/agora.xtec.cat\/ceip-puigventos\/wp-json\/wp\/v2\/pages\/652","targetHints":{"allow":["GET"]}}],"collection":[{"href":"https:\/\/agora.xtec.cat\/ceip-puigventos\/wp-json\/wp\/v2\/pages"}],"about":[{"href":"https:\/\/agora.xtec.cat\/ceip-puigventos\/wp-json\/wp\/v2\/types\/page"}],"author":[{"embeddable":true,"href":"https:\/\/agora.xtec.cat\/ceip-puigventos\/wp-json\/wp\/v2\/users\/1"}],"replies":[{"embeddable":true,"href":"https:\/\/agora.xtec.cat\/ceip-puigventos\/wp-json\/wp\/v2\/comments?post=652"}],"version-history":[{"count":3,"href":"https:\/\/agora.xtec.cat\/ceip-puigventos\/wp-json\/wp\/v2\/pages\/652\/revisions"}],"predecessor-version":[{"id":6503,"href":"https:\/\/agora.xtec.cat\/ceip-puigventos\/wp-json\/wp\/v2\/pages\/652\/revisions\/6503"}],"up":[{"embeddable":true,"href":"https:\/\/agora.xtec.cat\/ceip-puigventos\/wp-json\/wp\/v2\/pages\/64"}],"wp:attachment":[{"href":"https:\/\/agora.xtec.cat\/ceip-puigventos\/wp-json\/wp\/v2\/media?parent=652"}],"curies":[{"name":"wp","href":"https:\/\/api.w.org\/{rel}","templated":true}]}}