{"id":646,"date":"2023-02-07T20:28:12","date_gmt":"2023-02-07T19:28:12","guid":{"rendered":"https:\/\/agora.xtec.cat\/ceip-puigventos\/?page_id=646"},"modified":"2025-12-15T15:42:00","modified_gmt":"2025-12-15T14:42:00","slug":"ambients","status":"publish","type":"page","link":"https:\/\/agora.xtec.cat\/ceip-puigventos\/projecte-educatiu\/ambients\/","title":{"rendered":"Ambients"},"content":{"rendered":"<div class=\"oKdM2c ZZyype Kzv0Me\">\n<div id=\"h.78d4acafa4d48b56_62\" class=\"hJDwNd-AhqUyc-OwsYgb Ft7HRd-AhqUyc-OwsYgb jXK9ad D2fZ2 zu5uec OjCsFc dmUFtb JYTMs\">\n<div class=\"jXK9ad-SmKAyb\">\n<div class=\"tyJCtd mGzaTb Depvyb baZpAe\">\n<h5 class=\"CjVfdc\">ELS AMBIENTS<\/h5>\n<\/div>\n<\/div>\n<\/div>\n<\/div>\n<div class=\"oKdM2c ZZyype\">\n<div id=\"h.78d4acafa4d48b56_64\" class=\"hJDwNd-AhqUyc-OwsYgb Ft7HRd-AhqUyc-OwsYgb jXK9ad D2fZ2 zu5uec wHaque g5GTcb JYTMs\">\n<div class=\"jXK9ad-SmKAyb\">\n<div class=\"tyJCtd mGzaTb Depvyb baZpAe\">\n<p class=\"CDt4Ke zfr3Q\" dir=\"ltr\"><span class=\" jgG6ef\">Els ambients representen una metodologia on l&#8217;infant es converteix en el constructor del seu propi aprenentatge, a partir del joc i les relacions amb els altres. Aquesta l\u00ednia metodol\u00f2gica considera tots els espais de l&#8217;escola com a educatius, i permeten la interacci\u00f3 d&#8217;alumnes de diferents edats.<\/span><\/p>\n<p>&nbsp;<\/p>\n<table style=\"border-collapse: collapse; width: 100%; height: 257px;\">\n<tbody>\n<tr style=\"height: 33px;\">\n<td style=\"width: 33.3333%; text-align: center; height: 33px;\">\n<h6><strong>Ambients a CP<\/strong><\/h6>\n<\/td>\n<td style=\"width: 33.3333%; text-align: center; height: 33px;\">\n<h6><strong>Ambients a CM<\/strong><\/h6>\n<\/td>\n<td style=\"width: 33.3333%; text-align: center; height: 33px;\">\n<h6><strong>Ambients a CG<\/strong><\/h6>\n<\/td>\n<\/tr>\n<tr style=\"height: 32px;\">\n<td style=\"width: 33.3333%; height: 32px;\"><a href=\"https:\/\/agora.xtec.cat\/ceip-puigventos\/projecte-educatiu\/ambients\/musica-i-moviment\/\">M\u00fasica i dansa<\/a><\/td>\n<td style=\"width: 33.3333%; height: 32px;\"><a href=\"https:\/\/agora.xtec.cat\/ceip-puigventos\/ambient-artistic-a-cm\/\">Art\u00edstic<\/a><\/td>\n<td style=\"width: 33.3333%; height: 32px;\"><a href=\"https:\/\/agora.xtec.cat\/ceip-puigventos\/ambient-emocional-a-cg\/\">Emocional<\/a><\/td>\n<\/tr>\n<tr style=\"height: 32px;\">\n<td style=\"width: 33.3333%; height: 32px;\"><a href=\"https:\/\/agora.xtec.cat\/ceip-puigventos\/projecte-educatiu\/ambients\/science\/\">Cient\u00edfics<\/a><\/td>\n<td style=\"width: 33.3333%; height: 32px;\"><a href=\"https:\/\/agora.xtec.cat\/ceip-puigventos\/ambient-de-teatre-a-cm\/\">Teatre<\/a><\/td>\n<td style=\"width: 33.3333%; height: 32px;\"><a href=\"https:\/\/agora.xtec.cat\/ceip-puigventos\/ambient-info-reporters-a-cg\/\">Info-Reporters<\/a><\/td>\n<\/tr>\n<tr style=\"height: 32px;\">\n<td style=\"width: 33.3333%; height: 32px;\"><a href=\"https:\/\/agora.xtec.cat\/ceip-puigventos\/projecte-educatiu\/ambients\/fem-teatre\/\">Fem Teatre<\/a><\/td>\n<td style=\"width: 33.3333%; height: 32px;\"><a href=\"https:\/\/agora.xtec.cat\/ceip-puigventos\/cos-i-moviment-a-cm\/\">Cos i Moviment<\/a><\/td>\n<td style=\"width: 33.3333%; height: 32px;\"><a href=\"https:\/\/agora.xtec.cat\/ceip-puigventos\/cos-i-moviment-a-cg\/\">Cos i Moviment<\/a><\/td>\n<\/tr>\n<tr style=\"height: 32px;\">\n<td style=\"width: 33.3333%; height: 32px;\"><a href=\"https:\/\/agora.xtec.cat\/ceip-puigventos\/projecte-educatiu\/ambients\/som-arquitectes\/\">Som Arquitectes<\/a><\/td>\n<td style=\"width: 33.3333%; height: 32px;\"><a href=\"https:\/\/agora.xtec.cat\/ceip-puigventos\/ambient-jocs-de-taula-a-cm\/\">Jocs Taula<\/a><\/td>\n<td style=\"width: 33.3333%; height: 32px;\">Mirada Matem\u00e0tica<\/td>\n<\/tr>\n<tr style=\"height: 32px;\">\n<td style=\"width: 33.3333%; height: 32px;\"><a href=\"https:\/\/agora.xtec.cat\/ceip-puigventos\/projecte-educatiu\/ambients\/som-artistes\/\">Som Artistes<\/a><\/td>\n<td style=\"width: 33.3333%; height: 32px;\"><a href=\"https:\/\/agora.xtec.cat\/ceip-puigventos\/ambient-arquitectes-a-cm\/\">Arquitectes<\/a><\/td>\n<td style=\"width: 33.3333%; height: 32px;\">Jocs Angl\u00e8s<\/td>\n<\/tr>\n<tr style=\"height: 32px;\">\n<td style=\"width: 33.3333%; height: 32px;\"><a href=\"https:\/\/agora.xtec.cat\/ceip-puigventos\/projecte-educatiu\/ambients\/cos-i-moviment\/\">Cos i Moviment<\/a><\/td>\n<td style=\"width: 33.3333%; height: 32px;\"><a href=\"https:\/\/agora.xtec.cat\/ceip-puigventos\/ambient-petita-ciutat-a-cm\/\">Petita Ciutat<\/a><\/td>\n<td style=\"width: 33.3333%; height: 32px;\">Teatre<\/td>\n<\/tr>\n<tr style=\"height: 32px;\">\n<td style=\"width: 33.3333%; height: 32px;\"><a href=\"https:\/\/agora.xtec.cat\/ceip-puigventos\/projecte-educatiu\/ambients\/la-petita-ciutat\/\">La Petita Ciutat<\/a><\/td>\n<td style=\"width: 33.3333%; height: 32px;\"><a href=\"https:\/\/agora.xtec.cat\/ceip-puigventos\/ambient-cientific-a-cm\/\">Cient\u00edfic<\/a><\/td>\n<td style=\"width: 33.3333%; height: 32px;\">Cient\u00edfic<\/td>\n<\/tr>\n<\/tbody>\n<\/table>\n<\/div>\n<\/div>\n<\/div>\n<\/div>\n","protected":false},"excerpt":{"rendered":"<p>ELS AMBIENTS<\/p>\n<p>Els ambients representen una metodologia on l&#8217;infant es converteix en el constructor del seu propi aprenentatge, a partir del joc i les relacions amb els altres. Aquesta l\u00ednia metodol\u00f2gica considera tots els espais de l&#8217;escola com a educatius, i permeten la interacci\u00f3 d&#8217;alumnes de&hellip;  <a href=\"https:\/\/agora.xtec.cat\/ceip-puigventos\/projecte-educatiu\/ambients\/\" title=\"Read Ambients\">Llegeix m\u00e9s\u00bb<\/a><\/p>\n","protected":false},"author":1,"featured_media":0,"parent":64,"menu_order":0,"comment_status":"closed","ping_status":"closed","template":"page-templates\/side-menu.php","meta":{"_bbp_topic_count":0,"_bbp_reply_count":0,"_bbp_total_topic_count":0,"_bbp_total_reply_count":0,"_bbp_voice_count":0,"_bbp_anonymous_reply_count":0,"_bbp_topic_count_hidden":0,"_bbp_reply_count_hidden":0,"_bbp_forum_subforum_count":0,"footnotes":""},"class_list":["post-646","page","type-page","status-publish","hentry"],"post_mailing_queue_ids":[],"_links":{"self":[{"href":"https:\/\/agora.xtec.cat\/ceip-puigventos\/wp-json\/wp\/v2\/pages\/646","targetHints":{"allow":["GET"]}}],"collection":[{"href":"https:\/\/agora.xtec.cat\/ceip-puigventos\/wp-json\/wp\/v2\/pages"}],"about":[{"href":"https:\/\/agora.xtec.cat\/ceip-puigventos\/wp-json\/wp\/v2\/types\/page"}],"author":[{"embeddable":true,"href":"https:\/\/agora.xtec.cat\/ceip-puigventos\/wp-json\/wp\/v2\/users\/1"}],"replies":[{"embeddable":true,"href":"https:\/\/agora.xtec.cat\/ceip-puigventos\/wp-json\/wp\/v2\/comments?post=646"}],"version-history":[{"count":6,"href":"https:\/\/agora.xtec.cat\/ceip-puigventos\/wp-json\/wp\/v2\/pages\/646\/revisions"}],"predecessor-version":[{"id":8132,"href":"https:\/\/agora.xtec.cat\/ceip-puigventos\/wp-json\/wp\/v2\/pages\/646\/revisions\/8132"}],"up":[{"embeddable":true,"href":"https:\/\/agora.xtec.cat\/ceip-puigventos\/wp-json\/wp\/v2\/pages\/64"}],"wp:attachment":[{"href":"https:\/\/agora.xtec.cat\/ceip-puigventos\/wp-json\/wp\/v2\/media?parent=646"}],"curies":[{"name":"wp","href":"https:\/\/api.w.org\/{rel}","templated":true}]}}