{"id":6368,"date":"2024-01-25T09:26:21","date_gmt":"2024-01-25T08:26:21","guid":{"rendered":"https:\/\/agora.xtec.cat\/ceip-puigventos\/?page_id=6368"},"modified":"2026-02-18T13:28:23","modified_gmt":"2026-02-18T12:28:23","slug":"preinscripcio-curs-24-25","status":"publish","type":"page","link":"https:\/\/agora.xtec.cat\/ceip-puigventos\/preinscripcio-curs-24-25\/","title":{"rendered":"Preinscripci\u00f3 curs 26-27"},"content":{"rendered":"<p><a href=\"https:\/\/agora.xtec.cat\/ceip-puigventos\/wp-content\/uploads\/usu2368\/2026\/02\/Captura-de-Pantalla-2026-02-18-a-las-13.19.29.png\"><img loading=\"lazy\" decoding=\"async\" class=\"aligncenter size-full wp-image-8290\" src=\"https:\/\/agora.xtec.cat\/ceip-puigventos\/wp-content\/uploads\/usu2368\/2026\/02\/Captura-de-Pantalla-2026-02-18-a-las-13.19.29.png\" alt=\"\" width=\"712\" height=\"402\" srcset=\"https:\/\/agora.xtec.cat\/ceip-puigventos\/wp-content\/uploads\/usu2368\/2026\/02\/Captura-de-Pantalla-2026-02-18-a-las-13.19.29.png 712w, https:\/\/agora.xtec.cat\/ceip-puigventos\/wp-content\/uploads\/usu2368\/2026\/02\/Captura-de-Pantalla-2026-02-18-a-las-13.19.29-300x169.png 300w\" sizes=\"auto, (max-width: 712px) 100vw, 712px\" \/><\/a><\/p>\n<p><a href=\"https:\/\/www.canva.com\/design\/DAHBrMly0yk\/vnmdpM4YoaDxaBZJO1MLYw\/view?utm_content=DAHBrMly0yk&amp;utm_campaign=designshare&amp;utm_medium=link2&amp;utm_source=uniquelinks&amp;utlId=hdd360b4db9\">RESOLUCI\u00d3 EDF\/987\/2025<\/a>, de 20 de MAR\u00c7, per la qual s&#8217;aproven les normes de preinscripci\u00f3 i matr\u00edcula d&#8217;alumnes als centres del Servei d&#8217;Educaci\u00f3 de Catalunya i altres centres educatius, en els diversos ensenyaments sostinguts amb fons p\u00fablics, per al curs 2026-2027.<\/p>\n<p>Oferta inicial de places a la nostra escola:<\/p>\n<p>&nbsp;<\/p>\n<p>&nbsp;<\/p>\n<p>&nbsp;<\/p>\n<p>&nbsp;<\/p>\n<p>&nbsp;<\/p>\n<p>&nbsp;<\/p>\n<p>Podeu consultar la\u00a0<a href=\"https:\/\/preinscripcio.gencat.cat\/web\/.content\/ajuda\/guia-preinscripcio-ca.pdf\">Gu\u00eda de la preinscripci\u00f3 <\/a>per saber tots els passos a seguir.<\/p>\n<p><a href=\"https:\/\/preinscripcio.gencat.cat\/web\/.content\/ajuda\/guia-preinscripcio-ca.pdf\"><img loading=\"lazy\" decoding=\"async\" class=\"alignleft wp-image-6687\" src=\"https:\/\/agora.xtec.cat\/ceip-puigventos\/wp-content\/uploads\/usu2368\/2024\/01\/Captura-de-Pantalla-2024-03-05-a-las-15.13.17.png\" alt=\"\" width=\"166\" height=\"234\" srcset=\"https:\/\/agora.xtec.cat\/ceip-puigventos\/wp-content\/uploads\/usu2368\/2024\/01\/Captura-de-Pantalla-2024-03-05-a-las-15.13.17.png 397w, https:\/\/agora.xtec.cat\/ceip-puigventos\/wp-content\/uploads\/usu2368\/2024\/01\/Captura-de-Pantalla-2024-03-05-a-las-15.13.17-213x300.png 213w\" sizes=\"auto, (max-width: 166px) 100vw, 166px\" \/><\/a><\/p>\n<p>&nbsp;<\/p>\n<p>&nbsp;<\/p>\n<p>&nbsp;<\/p>\n<p>&nbsp;<\/p>\n<p>&nbsp;<\/p>\n<p>&nbsp;<\/p>\n<p><strong>MATR\u00cdCULA<\/strong><\/p>\n<p>&nbsp;<\/p>\n<p>Educaci\u00f3 infantil de segon cicle i educaci\u00f3 prim\u00e0ria*del 4 al 18 de mar\u00e7 de 2026<\/p>\n<p>Per a m\u00e9s informaci\u00f3 podeu accedir al<a href=\"https:\/\/preinscripcio.gencat.cat\/ca\/detalls\/noticia\/dates-preinscripcio-2024-2025\">\u00a0web del Departament d\u2019Educaci\u00f3<\/a>\u00a0 o al web<a href=\"https:\/\/preinscripcio.gencat.cat\/ca\/inici\/index.html\"> https:\/\/preinscripcio.gencat.cat\/ca\/inici\/index.html<\/a><\/p>\n<p>&nbsp;<\/p>\n<p>&nbsp;<\/p>\n<p>&nbsp;<\/p>\n<div class=\"row\">\n<div class=\"col-sm-4 col-xs-12 pd-md-0\"><\/div>\n<\/div>\n<div class=\"noticias-destacadas\" data-crawling=\"related\"><\/div>\n","protected":false},"excerpt":{"rendered":"<p><a href=\"https:\/\/agora.xtec.cat\/ceip-puigventos\/wp-content\/uploads\/usu2368\/2026\/02\/Captura-de-Pantalla-2026-02-18-a-las-13.19.29.png\"><\/a><br \/>\n<a href=\"https:\/\/www.canva.com\/design\/DAHBrMly0yk\/vnmdpM4YoaDxaBZJO1MLYw\/view?utm_content=DAHBrMly0yk&amp;utm_campaign=designshare&amp;utm_medium=link2&amp;utm_source=uniquelinks&amp;utlId=hdd360b4db9\">RESOLUCI\u00d3 EDF\/987\/2025<\/a>, de 20 de MAR\u00c7, per la qual s&#8217;aproven les normes de preinscripci\u00f3 i matr\u00edcula d&#8217;alumnes als centres del Servei d&#8217;Educaci\u00f3 de Catalunya i altres centres educatius, en els diversos ensenyaments sostinguts amb fons p\u00fablics, per al curs 2026-2027.<br \/>\nOferta inicial de places&hellip;  <a href=\"https:\/\/agora.xtec.cat\/ceip-puigventos\/preinscripcio-curs-24-25\/\" title=\"Read Preinscripci\u00f3 curs 26-27\">Llegeix m\u00e9s\u00bb<\/a><\/p>\n","protected":false},"author":1,"featured_media":0,"parent":0,"menu_order":0,"comment_status":"closed","ping_status":"closed","template":"page-templates\/side-menu.php","meta":{"_bbp_topic_count":0,"_bbp_reply_count":0,"_bbp_total_topic_count":0,"_bbp_total_reply_count":0,"_bbp_voice_count":0,"_bbp_anonymous_reply_count":0,"_bbp_topic_count_hidden":0,"_bbp_reply_count_hidden":0,"_bbp_forum_subforum_count":0,"footnotes":""},"class_list":["post-6368","page","type-page","status-publish","hentry"],"post_mailing_queue_ids":[],"_links":{"self":[{"href":"https:\/\/agora.xtec.cat\/ceip-puigventos\/wp-json\/wp\/v2\/pages\/6368","targetHints":{"allow":["GET"]}}],"collection":[{"href":"https:\/\/agora.xtec.cat\/ceip-puigventos\/wp-json\/wp\/v2\/pages"}],"about":[{"href":"https:\/\/agora.xtec.cat\/ceip-puigventos\/wp-json\/wp\/v2\/types\/page"}],"author":[{"embeddable":true,"href":"https:\/\/agora.xtec.cat\/ceip-puigventos\/wp-json\/wp\/v2\/users\/1"}],"replies":[{"embeddable":true,"href":"https:\/\/agora.xtec.cat\/ceip-puigventos\/wp-json\/wp\/v2\/comments?post=6368"}],"version-history":[{"count":4,"href":"https:\/\/agora.xtec.cat\/ceip-puigventos\/wp-json\/wp\/v2\/pages\/6368\/revisions"}],"predecessor-version":[{"id":8291,"href":"https:\/\/agora.xtec.cat\/ceip-puigventos\/wp-json\/wp\/v2\/pages\/6368\/revisions\/8291"}],"wp:attachment":[{"href":"https:\/\/agora.xtec.cat\/ceip-puigventos\/wp-json\/wp\/v2\/media?parent=6368"}],"curies":[{"name":"wp","href":"https:\/\/api.w.org\/{rel}","templated":true}]}}