{"id":6358,"date":"2024-02-01T22:08:03","date_gmt":"2024-02-01T21:08:03","guid":{"rendered":"https:\/\/agora.xtec.cat\/ceip-puigventos\/?page_id=6358"},"modified":"2024-02-26T08:52:00","modified_gmt":"2024-02-26T07:52:00","slug":"plans-de-treball","status":"publish","type":"page","link":"https:\/\/agora.xtec.cat\/ceip-puigventos\/projecte-educatiu\/plans-de-treball\/","title":{"rendered":"Plans de treball"},"content":{"rendered":"<div class=\"oKdM2c ZZyype Kzv0Me\">\n<div id=\"h.78d4acafa4d48b56_80\" class=\"hJDwNd-AhqUyc-OwsYgb Ft7HRd-AhqUyc-OwsYgb jXK9ad D2fZ2 zu5uec OjCsFc dmUFtb JYTMs\">\n<div class=\"jXK9ad-SmKAyb\">\n<div class=\"tyJCtd mGzaTb Depvyb baZpAe\">\n<h5 class=\"CjVfdc\">PLANS DE TREBALL<\/h5>\n<\/div>\n<\/div>\n<\/div>\n<\/div>\n<div class=\"oKdM2c ZZyype\">\n<div id=\"h.78d4acafa4d48b56_82\" class=\"hJDwNd-AhqUyc-OwsYgb Ft7HRd-AhqUyc-OwsYgb jXK9ad D2fZ2 zu5uec wHaque g5GTcb JYTMs\">\n<div class=\"jXK9ad-SmKAyb\">\n<div class=\"tyJCtd mGzaTb Depvyb baZpAe\">\n<p class=\"CDt4Ke zfr3Q\" dir=\"ltr\"><span class=\" jgG6ef\">Els Plans de treball s\u00f3n elaborats per l&#8217;equip docent. Es treballen els diferents \u00e0mbits que marca el curr\u00edculum, amb activitats competencials. Es pacta amb els alumnes la temporalitat del PT i aix\u00ed ells gestionen el seu propi treball. Es pret\u00e9n que l&#8217;alumnat sigui aut\u00f2nom i responsable.<\/span><\/p>\n<p class=\"CDt4Ke zfr3Q\" dir=\"ltr\"><a href=\"https:\/\/agora.xtec.cat\/ceip-puigventos\/wp-content\/uploads\/usu2368\/2024\/02\/Els-plans-de-treball_metodologia.pdf-Pluja-didees.jpg\"><img loading=\"lazy\" decoding=\"async\" class=\"aligncenter size-full wp-image-6663\" src=\"https:\/\/agora.xtec.cat\/ceip-puigventos\/wp-content\/uploads\/usu2368\/2024\/02\/Els-plans-de-treball_metodologia.pdf-Pluja-didees.jpg\" alt=\"\" width=\"1920\" height=\"1080\" srcset=\"https:\/\/agora.xtec.cat\/ceip-puigventos\/wp-content\/uploads\/usu2368\/2024\/02\/Els-plans-de-treball_metodologia.pdf-Pluja-didees.jpg 1920w, https:\/\/agora.xtec.cat\/ceip-puigventos\/wp-content\/uploads\/usu2368\/2024\/02\/Els-plans-de-treball_metodologia.pdf-Pluja-didees-300x169.jpg 300w, https:\/\/agora.xtec.cat\/ceip-puigventos\/wp-content\/uploads\/usu2368\/2024\/02\/Els-plans-de-treball_metodologia.pdf-Pluja-didees-1024x576.jpg 1024w, https:\/\/agora.xtec.cat\/ceip-puigventos\/wp-content\/uploads\/usu2368\/2024\/02\/Els-plans-de-treball_metodologia.pdf-Pluja-didees-768x432.jpg 768w, https:\/\/agora.xtec.cat\/ceip-puigventos\/wp-content\/uploads\/usu2368\/2024\/02\/Els-plans-de-treball_metodologia.pdf-Pluja-didees-1536x864.jpg 1536w\" sizes=\"auto, (max-width: 1920px) 100vw, 1920px\" \/><\/a><\/p>\n<p dir=\"ltr\">\n<\/div>\n<\/div>\n<\/div>\n<\/div>\n","protected":false},"excerpt":{"rendered":"<p>PLANS DE TREBALL<\/p>\n<p>Els Plans de treball s\u00f3n elaborats per l&#8217;equip docent. Es treballen els diferents \u00e0mbits que marca el curr\u00edculum, amb activitats competencials. Es pacta amb els alumnes la temporalitat del PT i aix\u00ed ells gestionen el seu propi treball. Es pret\u00e9n que l&#8217;alumnat sigui&hellip;  <a href=\"https:\/\/agora.xtec.cat\/ceip-puigventos\/projecte-educatiu\/plans-de-treball\/\" title=\"Read Plans de treball\">Llegeix m\u00e9s\u00bb<\/a><\/p>\n","protected":false},"author":1,"featured_media":0,"parent":64,"menu_order":0,"comment_status":"closed","ping_status":"closed","template":"page-templates\/side-menu.php","meta":{"_bbp_topic_count":0,"_bbp_reply_count":0,"_bbp_total_topic_count":0,"_bbp_total_reply_count":0,"_bbp_voice_count":0,"_bbp_anonymous_reply_count":0,"_bbp_topic_count_hidden":0,"_bbp_reply_count_hidden":0,"_bbp_forum_subforum_count":0,"footnotes":""},"class_list":["post-6358","page","type-page","status-publish","hentry"],"post_mailing_queue_ids":[],"_links":{"self":[{"href":"https:\/\/agora.xtec.cat\/ceip-puigventos\/wp-json\/wp\/v2\/pages\/6358","targetHints":{"allow":["GET"]}}],"collection":[{"href":"https:\/\/agora.xtec.cat\/ceip-puigventos\/wp-json\/wp\/v2\/pages"}],"about":[{"href":"https:\/\/agora.xtec.cat\/ceip-puigventos\/wp-json\/wp\/v2\/types\/page"}],"author":[{"embeddable":true,"href":"https:\/\/agora.xtec.cat\/ceip-puigventos\/wp-json\/wp\/v2\/users\/1"}],"replies":[{"embeddable":true,"href":"https:\/\/agora.xtec.cat\/ceip-puigventos\/wp-json\/wp\/v2\/comments?post=6358"}],"version-history":[{"count":6,"href":"https:\/\/agora.xtec.cat\/ceip-puigventos\/wp-json\/wp\/v2\/pages\/6358\/revisions"}],"predecessor-version":[{"id":6664,"href":"https:\/\/agora.xtec.cat\/ceip-puigventos\/wp-json\/wp\/v2\/pages\/6358\/revisions\/6664"}],"up":[{"embeddable":true,"href":"https:\/\/agora.xtec.cat\/ceip-puigventos\/wp-json\/wp\/v2\/pages\/64"}],"wp:attachment":[{"href":"https:\/\/agora.xtec.cat\/ceip-puigventos\/wp-json\/wp\/v2\/media?parent=6358"}],"curies":[{"name":"wp","href":"https:\/\/api.w.org\/{rel}","templated":true}]}}