{"id":6335,"date":"2024-02-01T19:07:02","date_gmt":"2024-02-01T18:07:02","guid":{"rendered":"https:\/\/agora.xtec.cat\/ceip-puigventos\/?page_id=6335"},"modified":"2024-02-08T13:10:17","modified_gmt":"2024-02-08T12:10:17","slug":"consell-dalumnes","status":"publish","type":"page","link":"https:\/\/agora.xtec.cat\/ceip-puigventos\/lescola\/consell-dalumnes\/","title":{"rendered":"Consell D&#8217;alumnes"},"content":{"rendered":"<p><span style=\"font-weight: 400;\">El <\/span><b>Consell d\u2019alumnes<\/b><span style=\"font-weight: 400;\"> est\u00e0 representat per un delegat\/da de cada classe d\u2019educaci\u00f3 prim\u00e0ria i un delegat de les aules de P5, per un membre de l\u2019equip directiu de l\u2019escola i quan sigui necess\u00e0ri alg\u00fan coordinador de comunitat o membre de les comissions de l\u2019escola.<\/span><\/p>\n<p><span style=\"font-weight: 400;\">A les <\/span><b>assemblees de classe<\/b><span style=\"font-weight: 400;\"> (reunions setmanals de cada grup-classe amb el seu tutor\/a) es recullen les propostes i queixes dels companys\/es i el delegat\/da les explica a les reunions del Consell. El mateix alumne informa al seu grup sobre els acords presos.\u00a0<\/span><\/p>\n<p><span style=\"font-weight: 400;\">Les propostes es deriven a les persones o cursos indicats i es retorna a la seg\u00fcent reuni\u00f3.\u00a0<\/span><\/p>\n<p><span style=\"font-weight: 400;\">El Consell d\u2019Alumnes \u00e9s per tant l\u2019\u00f2rgan encarregat d\u2019intercomunicar les diferents assemblees d\u2019aula.<\/span><\/p>\n<p><span style=\"font-weight: 400;\">Les assemblees d\u2019aula treballen els temes que afecten l\u2019organitzaci\u00f3 del cicle, de nivell o de classe: resoluci\u00f3 de conflictes, propostes per al grup, an\u00e8cdotes, actualitat, din\u00e0miques de grup, aix\u00ed com els temes tractats o proposats per a les assemblees de l\u2019escola.<\/span><\/p>\n<p><span style=\"font-weight: 400;\">A les reunions del Consell es proposa un tema de debat, que generalment es recull a la convocat\u00f2ria de la reuni\u00f3, i es d\u00f3na la paraula als consellers que volen parlar del mateix, fins que el tema queda tancat i es pot passar a una altra q\u00fcesti\u00f3.<\/span><\/p>\n<p><span style=\"font-weight: 400;\">El debat es genera a partir de cada conseller amb les idees que duen anotades de la seves respectives classes. Els acords presos es lliuren posteriorment a les diferents classes a trav\u00e9s de l\u2019acta de la reuni\u00f3.<\/span><\/p>\n","protected":false},"excerpt":{"rendered":"<p>El Consell d\u2019alumnes est\u00e0 representat per un delegat\/da de cada classe d\u2019educaci\u00f3 prim\u00e0ria i un delegat de les aules de P5, per un membre de l\u2019equip directiu de l\u2019escola i quan sigui necess\u00e0ri alg\u00fan coordinador de comunitat o membre de les comissions de l\u2019escola.<br \/>\nA les&hellip;  <a href=\"https:\/\/agora.xtec.cat\/ceip-puigventos\/lescola\/consell-dalumnes\/\" title=\"Read Consell D&#8217;alumnes\">Llegeix m\u00e9s\u00bb<\/a><\/p>\n","protected":false},"author":1,"featured_media":0,"parent":22,"menu_order":0,"comment_status":"closed","ping_status":"closed","template":"","meta":{"_bbp_topic_count":0,"_bbp_reply_count":0,"_bbp_total_topic_count":0,"_bbp_total_reply_count":0,"_bbp_voice_count":0,"_bbp_anonymous_reply_count":0,"_bbp_topic_count_hidden":0,"_bbp_reply_count_hidden":0,"_bbp_forum_subforum_count":0,"footnotes":""},"class_list":["post-6335","page","type-page","status-publish","hentry"],"post_mailing_queue_ids":[],"_links":{"self":[{"href":"https:\/\/agora.xtec.cat\/ceip-puigventos\/wp-json\/wp\/v2\/pages\/6335","targetHints":{"allow":["GET"]}}],"collection":[{"href":"https:\/\/agora.xtec.cat\/ceip-puigventos\/wp-json\/wp\/v2\/pages"}],"about":[{"href":"https:\/\/agora.xtec.cat\/ceip-puigventos\/wp-json\/wp\/v2\/types\/page"}],"author":[{"embeddable":true,"href":"https:\/\/agora.xtec.cat\/ceip-puigventos\/wp-json\/wp\/v2\/users\/1"}],"replies":[{"embeddable":true,"href":"https:\/\/agora.xtec.cat\/ceip-puigventos\/wp-json\/wp\/v2\/comments?post=6335"}],"version-history":[{"count":4,"href":"https:\/\/agora.xtec.cat\/ceip-puigventos\/wp-json\/wp\/v2\/pages\/6335\/revisions"}],"predecessor-version":[{"id":6507,"href":"https:\/\/agora.xtec.cat\/ceip-puigventos\/wp-json\/wp\/v2\/pages\/6335\/revisions\/6507"}],"up":[{"embeddable":true,"href":"https:\/\/agora.xtec.cat\/ceip-puigventos\/wp-json\/wp\/v2\/pages\/22"}],"wp:attachment":[{"href":"https:\/\/agora.xtec.cat\/ceip-puigventos\/wp-json\/wp\/v2\/media?parent=6335"}],"curies":[{"name":"wp","href":"https:\/\/api.w.org\/{rel}","templated":true}]}}