{"id":6283,"date":"2024-01-29T15:25:55","date_gmt":"2024-01-29T14:25:55","guid":{"rendered":"https:\/\/agora.xtec.cat\/ceip-puigventos\/?page_id=6283"},"modified":"2024-01-29T15:25:55","modified_gmt":"2024-01-29T14:25:55","slug":"objectius","status":"publish","type":"page","link":"https:\/\/agora.xtec.cat\/ceip-puigventos\/projecte-educatiu\/estrategia-digital-de-centre-edc\/objectius\/","title":{"rendered":"Objectius"},"content":{"rendered":"<h5>OBJECTIU 1<\/h5>\n<p dir=\"ltr\">Dotar els alumnes de la SIEI i d&#8217;altres alumnes NESE de recursos (software i hardware) per tal de fer front a les seves necessitats.<\/p>\n<h5 dir=\"ltr\">OBJECTIU 2<\/h5>\n<p dir=\"ltr\">Formar la comunitat educativa en la utilitzaci\u00f3 de les tecnologies digitals, en entorns virtuals d\u2019aprenentatge i\/o eines col\u00b7laboratives.<\/p>\n<h5 dir=\"ltr\">OBJECTIU 3<\/h5>\n<p dir=\"ltr\">Millorar la compet\u00e8ncia digital dels i de les alumnes, mitjan\u00e7ant el treball del pensament cr\u00edtic i el pensament computacional.<\/p>\n","protected":false},"excerpt":{"rendered":"<p>OBJECTIU 1<br \/>\nDotar els alumnes de la SIEI i d&#8217;altres alumnes NESE de recursos (software i hardware) per tal de fer front a les seves necessitats.<br \/>\nOBJECTIU 2<br \/>\nFormar la comunitat educativa en la utilitzaci\u00f3 de les tecnologies digitals, en entorns virtuals d\u2019aprenentatge i\/o eines col\u00b7laboratives.<br \/>\nOBJECTIU 3<br \/>\nMillorar la&hellip;  <a href=\"https:\/\/agora.xtec.cat\/ceip-puigventos\/projecte-educatiu\/estrategia-digital-de-centre-edc\/objectius\/\" title=\"Read Objectius\">Llegeix m\u00e9s\u00bb<\/a><\/p>\n","protected":false},"author":1,"featured_media":0,"parent":652,"menu_order":0,"comment_status":"closed","ping_status":"closed","template":"","meta":{"_bbp_topic_count":0,"_bbp_reply_count":0,"_bbp_total_topic_count":0,"_bbp_total_reply_count":0,"_bbp_voice_count":0,"_bbp_anonymous_reply_count":0,"_bbp_topic_count_hidden":0,"_bbp_reply_count_hidden":0,"_bbp_forum_subforum_count":0,"footnotes":""},"class_list":["post-6283","page","type-page","status-publish","hentry"],"post_mailing_queue_ids":[],"_links":{"self":[{"href":"https:\/\/agora.xtec.cat\/ceip-puigventos\/wp-json\/wp\/v2\/pages\/6283","targetHints":{"allow":["GET"]}}],"collection":[{"href":"https:\/\/agora.xtec.cat\/ceip-puigventos\/wp-json\/wp\/v2\/pages"}],"about":[{"href":"https:\/\/agora.xtec.cat\/ceip-puigventos\/wp-json\/wp\/v2\/types\/page"}],"author":[{"embeddable":true,"href":"https:\/\/agora.xtec.cat\/ceip-puigventos\/wp-json\/wp\/v2\/users\/1"}],"replies":[{"embeddable":true,"href":"https:\/\/agora.xtec.cat\/ceip-puigventos\/wp-json\/wp\/v2\/comments?post=6283"}],"version-history":[{"count":1,"href":"https:\/\/agora.xtec.cat\/ceip-puigventos\/wp-json\/wp\/v2\/pages\/6283\/revisions"}],"predecessor-version":[{"id":6284,"href":"https:\/\/agora.xtec.cat\/ceip-puigventos\/wp-json\/wp\/v2\/pages\/6283\/revisions\/6284"}],"up":[{"embeddable":true,"href":"https:\/\/agora.xtec.cat\/ceip-puigventos\/wp-json\/wp\/v2\/pages\/652"}],"wp:attachment":[{"href":"https:\/\/agora.xtec.cat\/ceip-puigventos\/wp-json\/wp\/v2\/media?parent=6283"}],"curies":[{"name":"wp","href":"https:\/\/api.w.org\/{rel}","templated":true}]}}