{"id":6281,"date":"2024-01-29T15:22:32","date_gmt":"2024-01-29T14:22:32","guid":{"rendered":"https:\/\/agora.xtec.cat\/ceip-puigventos\/?page_id=6281"},"modified":"2024-01-29T15:22:32","modified_gmt":"2024-01-29T14:22:32","slug":"diagnosi","status":"publish","type":"page","link":"https:\/\/agora.xtec.cat\/ceip-puigventos\/projecte-educatiu\/estrategia-digital-de-centre-edc\/diagnosi\/","title":{"rendered":"Diagnosi"},"content":{"rendered":"<p dir=\"ltr\">En el primer trimestre del curs 2022-23 es va realitzar la Diagnosi del Centre per part els alumnes de la Comunitat de M\u00e9s Grans, dels mestres i de l&#8217;equip Directiu, amb l&#8217;ajuda de l&#8217;eina Selfie.<\/p>\n<p dir=\"ltr\"><a href=\"https:\/\/schools-go-digital.jrc.ec.europa.eu\/coordinator\/login?lang=es\">https:\/\/schools-go-digital.jrc.ec.europa.eu\/coordinator\/login?lang=es<\/a><\/p>\n<p dir=\"ltr\">A partir dels resultats obtinguts hem determinat les \u00e0rees que presenten m\u00e9s punts febles i que es prioritzaran a l&#8217;hora de redactar els objectius que volem aconseguir.<\/p>\n<h5 dir=\"ltr\">\u00a0INFRAESTRUCTURES I EQUIPAMENTS<\/h5>\n<p dir=\"ltr\"><strong>PUNTS FORTS:<\/strong><\/p>\n<ul>\n<li dir=\"ltr\" aria-level=\"1\">\n<p dir=\"ltr\" role=\"presentation\">El centre gaudeix d&#8217;una bona infraestructura digital (Internet per cable i wifi), la qual cosa fa que tan els alumnes com la resta de la comunitat educativa en tinguin acc\u00e9s.<\/p>\n<\/li>\n<li dir=\"ltr\" aria-level=\"1\">\n<p dir=\"ltr\" role=\"presentation\">El centre compta amb dispositius suficients per poder treballar a les aules.<\/p>\n<p dir=\"ltr\"><strong>PUNTS FEBLES:<\/strong><\/p>\n<ul>\n<li dir=\"ltr\" aria-level=\"1\">\n<p dir=\"ltr\" role=\"presentation\">Els alumnes NESE ( Necessitats Espec\u00edfiques de Suport Educatiu) derivades de la seva condici\u00f3 personal o social tenen pocs recursos digitals i\u00a0 tecnologies assistencials, adaptades a les seves necessitats. Tanmateix no tots els alumnes amb Necessitats derivades de desavantatge educatiu, poden disposar d&#8217;un dispositiu electr\u00f2nic per portar a casa.<\/p>\n<\/li>\n<\/ul>\n<\/li>\n<\/ul>\n<h5 dir=\"ltr\" role=\"presentation\">\u00a0PR\u00c0CTIQUES D&#8217;AVALUACI\u00d3<\/h5>\n<p dir=\"ltr\"><strong>PUNTS FORTS:<\/strong><\/p>\n<ul>\n<li dir=\"ltr\" aria-level=\"1\">\n<p dir=\"ltr\" role=\"presentation\">A l&#8217;escola la majoria dels mestres utilitza les tecnologies digitals com a eina per realitzar l&#8217;avaluaci\u00f3, amb l&#8217;ajuda de l&#8217;Equip Directiu.<\/p>\n<\/li>\n<\/ul>\n<p dir=\"ltr\" role=\"presentation\"><strong><span style=\"font-family: inherit; font-size: 1em;\">PUNTS FEBLES:<\/span><\/strong><\/p>\n<ul>\n<li dir=\"ltr\" aria-level=\"1\">\n<p dir=\"ltr\" role=\"presentation\">A l&#8217;escola cal que els mestres possibilitin la utilitzaci\u00f3 de les tecnologies digitals per a\u00a0 que l&#8217;alumnat reflexioni sobre el seu aprenentatge i fer observacions de la resta de companys.<\/p>\n<\/li>\n<li dir=\"ltr\" aria-level=\"1\">\n<p dir=\"ltr\" role=\"presentation\">Per tal de realitzar el feedback de les activitats que els alumnes realitzen caldria que els mestres utilitzessin les tecnologies digitals.<\/p>\n<\/li>\n<\/ul>\n<h5>COMPET\u00c8NCIES DIGITALS DELS ALUMNES<\/h5>\n<p dir=\"ltr\"><strong>PUNTS FORTS:<\/strong><\/p>\n<ul>\n<li dir=\"ltr\" aria-level=\"1\">\n<p dir=\"ltr\" role=\"presentation\">A l&#8217;escola s&#8217;ensenya\u00a0 que l&#8217;alumnat actui de manera responsable a Internet i en l&#8217;\u00fas dels dispositius digitals que tenen com a recurs d&#8217;aprenentatge.<\/p>\n<\/li>\n<li dir=\"ltr\" aria-level=\"1\">\n<p dir=\"ltr\" role=\"presentation\">Els alumnes actuen de manera segura i aprenen a comunicar-se amb eines s\u00edncrones i as\u00edncrones.<\/p>\n<\/li>\n<\/ul>\n<p dir=\"ltr\"><strong>PUNTS FEBLES:<\/strong><\/p>\n<ul>\n<li dir=\"ltr\" aria-level=\"1\">\n<p dir=\"ltr\" role=\"presentation\">Cal millorar el pensament cr\u00edtic dels alumnes del centre respecte al treball d&#8217;altres persones (not\u00edcies, fotografies, articles, informacions&#8230;) que troben a Internet i a les Xarxes Socials.<\/p>\n<\/li>\n<li dir=\"ltr\" aria-level=\"1\">\n<p dir=\"ltr\" role=\"presentation\">S\u00f3n pocs els alumnes als que se&#8217;ls proposa la realitzaci\u00f3 de tasques relacionades amb el Pensament Computacional, la programaci\u00f3 i la rob\u00f2tica.<\/p>\n<\/li>\n<\/ul>\n","protected":false},"excerpt":{"rendered":"<p>En el primer trimestre del curs 2022-23 es va realitzar la Diagnosi del Centre per part els alumnes de la Comunitat de M\u00e9s Grans, dels mestres i de l&#8217;equip Directiu, amb l&#8217;ajuda de l&#8217;eina Selfie.<br \/>\n<a href=\"https:\/\/schools-go-digital.jrc.ec.europa.eu\/coordinator\/login?lang=es\">https:\/\/schools-go-digital.jrc.ec.europa.eu\/coordinator\/login?lang=es<\/a><br \/>\nA partir dels resultats obtinguts hem determinat les \u00e0rees que&hellip;  <a href=\"https:\/\/agora.xtec.cat\/ceip-puigventos\/projecte-educatiu\/estrategia-digital-de-centre-edc\/diagnosi\/\" title=\"Read Diagnosi\">Llegeix m\u00e9s\u00bb<\/a><\/p>\n","protected":false},"author":1,"featured_media":0,"parent":652,"menu_order":0,"comment_status":"closed","ping_status":"closed","template":"","meta":{"_bbp_topic_count":0,"_bbp_reply_count":0,"_bbp_total_topic_count":0,"_bbp_total_reply_count":0,"_bbp_voice_count":0,"_bbp_anonymous_reply_count":0,"_bbp_topic_count_hidden":0,"_bbp_reply_count_hidden":0,"_bbp_forum_subforum_count":0,"footnotes":""},"class_list":["post-6281","page","type-page","status-publish","hentry"],"post_mailing_queue_ids":[],"_links":{"self":[{"href":"https:\/\/agora.xtec.cat\/ceip-puigventos\/wp-json\/wp\/v2\/pages\/6281","targetHints":{"allow":["GET"]}}],"collection":[{"href":"https:\/\/agora.xtec.cat\/ceip-puigventos\/wp-json\/wp\/v2\/pages"}],"about":[{"href":"https:\/\/agora.xtec.cat\/ceip-puigventos\/wp-json\/wp\/v2\/types\/page"}],"author":[{"embeddable":true,"href":"https:\/\/agora.xtec.cat\/ceip-puigventos\/wp-json\/wp\/v2\/users\/1"}],"replies":[{"embeddable":true,"href":"https:\/\/agora.xtec.cat\/ceip-puigventos\/wp-json\/wp\/v2\/comments?post=6281"}],"version-history":[{"count":1,"href":"https:\/\/agora.xtec.cat\/ceip-puigventos\/wp-json\/wp\/v2\/pages\/6281\/revisions"}],"predecessor-version":[{"id":6282,"href":"https:\/\/agora.xtec.cat\/ceip-puigventos\/wp-json\/wp\/v2\/pages\/6281\/revisions\/6282"}],"up":[{"embeddable":true,"href":"https:\/\/agora.xtec.cat\/ceip-puigventos\/wp-json\/wp\/v2\/pages\/652"}],"wp:attachment":[{"href":"https:\/\/agora.xtec.cat\/ceip-puigventos\/wp-json\/wp\/v2\/media?parent=6281"}],"curies":[{"name":"wp","href":"https:\/\/api.w.org\/{rel}","templated":true}]}}