{"id":87,"date":"2024-08-06T00:00:12","date_gmt":"2024-08-05T22:00:12","guid":{"rendered":"http:\/\/agora.xtec.cat\/ceip-puigcavaller\/?page_id=87"},"modified":"2025-08-27T16:01:24","modified_gmt":"2025-08-27T14:01:24","slug":"claustre","status":"publish","type":"page","link":"https:\/\/agora.xtec.cat\/ceip-puigcavaller\/claustre\/","title":{"rendered":"Claustre 2025-2026"},"content":{"rendered":"<p>COMUNITAT<strong> DE PETITS<\/strong><\/p>\n<p>I3\u00a0 \u00a0 \u00a0 \u00a0 Sra. M\u00aa Jos\u00e9 Clua Pedrol<\/p>\n<p>I4 A\u00a0 \u00a0 \u00a0 Sra. Rosa Miralles Alcoverro<\/p>\n<p>I4 B\u00a0 \u00a0 \u00a0Sra. T\u00e0nia Gim\u00e8nez Mulet<\/p>\n<p>I5 A\u00a0 \u00a0 Sra. Laia Vilamaj\u00f3 Camp\u00e1<\/p>\n<p>I5 B\u00a0 \u00a0 Sra. Lidia Alcoverro Serena<\/p>\n<p>Suport\u00a0 \u00a0 \u00a0 Sra. Carla Borr\u00e0s Rubio<\/p>\n<p>TEI: M\u00f2nica Font<\/p>\n<p><strong>COMUNITAT DE MITJANS<\/strong><\/p>\n<p>1r A\u00a0 \u00a0 \u00a0 \u00a0 Sra.\u00a0 Manuela Bello Mil\u00e1n<\/p>\n<p>1r B\u00a0 \u00a0 \u00a0 \u00a0Sra. Carme Ordeix Rabasa<\/p>\n<p>2n\u00a0 A\u00a0 \u00a0 \u00a0 Sra. N\u00faria Vandell\u00f3s Hern\u00e1ndez<\/p>\n<p>2n B\u00a0 \u00a0 \u00a0 Sra. Montserrat Saez Pujol<\/p>\n<p>3r\u00a0 \u00a0 \u00a0 \u00a0 \u00a0 Sra.\u00a0 Sandra Jos\u00e9 Mu\u00f1oz\/ Sra. Fontcalda Borr\u00e0s Barrubes<\/p>\n<p>Suport: Ainhoa Reverter Reverter<\/p>\n<p>&nbsp;<\/p>\n<p><strong>COMUNITAT DE GRANS<\/strong><\/p>\n<p>4t A\u00a0 \u00a0 \u00a0 \u00a0Sra. M\u00edriam Giron\u00e9s LLop<\/p>\n<p>4t B\u00a0 \u00a0 \u00a0 \u00a0Sra. Laia Fibla Bosch<\/p>\n<p>5\u00e8 A\u00a0 \u00a0 \u00a0 Sr. Eric Borr\u00e0s Su\u00f1\u00e9<\/p>\n<p>5\u00e8 B\u00a0 \u00a0 \u00a0 Sr. Batiste Segura Amposta<\/p>\n<p>6\u00e8 A\u00a0 \u00a0 \u00a0 Sra. Gemma Ubalde Juli\u00e0<\/p>\n<p>6\u00e8B\u00a0 \u00a0 \u00a0 Sra. Maria del Carme Castell\u00f3 Mota<\/p>\n<p>Educaci\u00f3 prim\u00e0ria:\u00a0 \u00a0Sra. S\u00f2nia Puey Blanch<\/p>\n<p>&nbsp;<\/p>\n<p><strong>Mestres especialistes<\/strong><\/p>\n<p>Educaci\u00f3 Especial\u00a0 \u00a0 \u00a0 \u00a0 \u00a0 \u00a0 \u00a0Sra. No\u00e8lia Grau Vilafranca<\/p>\n<p>SIEI\u00a0 \u00a0 \u00a0 \u00a0 \u00a0 \u00a0 \u00a0 \u00a0 \u00a0 \u00a0 \u00a0 \u00a0 \u00a0 \u00a0 \u00a0 \u00a0 \u00a0 \u00a0Sra. M\u00edriam Vinaixa Rey<\/p>\n<p>Educadora SIEI\u00a0 \u00a0 \u00a0 \u00a0 \u00a0 \u00a0 \u00a0 \u00a0 \u00a0Sra. Noem\u00ed Vives Vidal<\/p>\n<p>MALL\u00a0 \u00a0 \u00a0 \u00a0 \u00a0 \u00a0 \u00a0 \u00a0 \u00a0 \u00a0 \u00a0 \u00a0 \u00a0 \u00a0 \u00a0 \u00a0 \u00a0 Sra. Arantxa P\u00e8rez Sanz<\/p>\n<p>Angl\u00e8s\u00a0 \u00a0 \u00a0 \u00a0 \u00a0 \u00a0 \u00a0 \u00a0 \u00a0 \u00a0 \u00a0 \u00a0 \u00a0 \u00a0 \u00a0 \u00a0 Sra. M\u00aa Teresa Dom\u00e8nech Vidal\/\u00a0Sra. Carme Perell\u00f3 Segura<\/p>\n<p>Religi\u00f3\u00a0 \u00a0 \u00a0 \u00a0 \u00a0 \u00a0 \u00a0 \u00a0 \u00a0 \u00a0 \u00a0 \u00a0 \u00a0 \u00a0 \u00a0 \u00a0 Sra. Fontcalda Borr\u00e0s Barrubes<\/p>\n<p>M\u00fasica prim\u00e0ria:\u00a0 \u00a0 \u00a0 \u00a0 \u00a0 \u00a0 \u00a0 \u00a0 Sra. Laura Mora<\/p>\n<p>M\u00fasica petits:\u00a0 \u00a0 \u00a0 \u00a0 \u00a0 \u00a0 \u00a0 \u00a0 \u00a0 \u00a0 Sra. Carla Borr\u00e0s<\/p>\n<p>Educaci\u00f3 f\u00edsica:\u00a0 \u00a0 \u00a0 \u00a0 \u00a0 \u00a0 \u00a0 \u00a0 \u00a0Sr. Carlos Llarch Amposta\/ Sr. Isaac Casanova Fargas<\/p>\n<p>Estrat\u00e8gia digital:\u00a0 \u00a0 \u00a0 \u00a0 \u00a0 \u00a0 \u00a0 Sra. Mireia Giron\u00e8s Vil\u00e0s<\/p>\n<p>&nbsp;<\/p>\n<p><strong>Equip directiu:<\/strong><\/p>\n<p>Direcci\u00f3:\u00a0 \u00a0 \u00a0 \u00a0 \u00a0 \u00a0 \u00a0 \u00a0 \u00a0 \u00a0 \u00a0 \u00a0 \u00a0 \u00a0 \u00a0Sra. S\u00f2nia Puey Blanch<\/p>\n<p>Cap d&#8217;estudis:\u00a0 \u00a0 \u00a0 \u00a0 \u00a0 \u00a0 \u00a0 \u00a0 \u00a0 \u00a0 Sra. Montserrat Saez Pujol<\/p>\n<p>Secret\u00e0ria:\u00a0 \u00a0 \u00a0 \u00a0 \u00a0 \u00a0 \u00a0 \u00a0 \u00a0 \u00a0 \u00a0 \u00a0 \u00a0Sra. Gemma Ubalde Juli\u00e0<\/p>\n<p>Administrativa:\u00a0 \u00a0 \u00a0 \u00a0 \u00a0 \u00a0 \u00a0 \u00a0 \u00a0 \u00a0Sra. Ruth Burg\u00e8s<\/p>\n<p>&nbsp;<\/p>\n<p>Conserge:\u00a0 Alba Vandell\u00f3s Fern\u00e1ndez<\/p>\n<p>Vetlladores: Pili Descarrega \/ Rosa Gim\u00e8nez\/<\/p>\n<p>&nbsp;<\/p>\n<p>&nbsp;<\/p>\n<p>&nbsp;<\/p>\n<p>&nbsp;<\/p>\n","protected":false},"excerpt":{"rendered":"<p>COMUNITAT DE PETITS I3\u00a0 \u00a0 \u00a0 \u00a0 Sra. M\u00aa Jos\u00e9 Clua Pedrol I4 A\u00a0 \u00a0 \u00a0 Sra. Rosa Miralles Alcoverro I4 B\u00a0 \u00a0 \u00a0Sra. T\u00e0nia Gim\u00e8nez Mulet I5 A\u00a0 \u00a0 Sra. Laia Vilamaj\u00f3 Camp\u00e1 I5 B\u00a0 \u00a0 Sra. Lidia Alcoverro Serena Suport\u00a0 \u00a0 \u00a0 Sra. Carla Borr\u00e0s Rubio TEI: M\u00f2nica Font COMUNITAT DE MITJANS 1r [&hellip;]<\/p>\n","protected":false},"author":1,"featured_media":0,"parent":0,"menu_order":1,"comment_status":"closed","ping_status":"closed","template":"page-templates\/side-menu.php","meta":{"_bbp_topic_count":0,"_bbp_reply_count":0,"_bbp_total_topic_count":0,"_bbp_total_reply_count":0,"_bbp_voice_count":0,"_bbp_anonymous_reply_count":0,"_bbp_topic_count_hidden":0,"_bbp_reply_count_hidden":0,"_bbp_forum_subforum_count":0,"site-sidebar-layout":"default","site-content-layout":"","ast-site-content-layout":"","site-content-style":"default","site-sidebar-style":"default","ast-global-header-display":"","ast-banner-title-visibility":"","ast-main-header-display":"","ast-hfb-above-header-display":"","ast-hfb-below-header-display":"","ast-hfb-mobile-header-display":"","site-post-title":"","ast-breadcrumbs-content":"","ast-featured-img":"","footer-sml-layout":"","theme-transparent-header-meta":"","adv-header-id-meta":"","stick-header-meta":"","header-above-stick-meta":"","header-main-stick-meta":"","header-below-stick-meta":"","astra-migrate-meta-layouts":"default","ast-page-background-enabled":"default","ast-page-background-meta":{"desktop":{"background-color":"var(--ast-global-color-4)","background-image":"","background-repeat":"repeat","background-position":"center center","background-size":"auto","background-attachment":"scroll","background-type":"","background-media":"","overlay-type":"","overlay-color":"","overlay-opacity":"","overlay-gradient":""},"tablet":{"background-color":"","background-image":"","background-repeat":"repeat","background-position":"center center","background-size":"auto","background-attachment":"scroll","background-type":"","background-media":"","overlay-type":"","overlay-color":"","overlay-opacity":"","overlay-gradient":""},"mobile":{"background-color":"","background-image":"","background-repeat":"repeat","background-position":"center center","background-size":"auto","background-attachment":"scroll","background-type":"","background-media":"","overlay-type":"","overlay-color":"","overlay-opacity":"","overlay-gradient":""}},"ast-content-background-meta":{"desktop":{"background-color":"var(--ast-global-color-5)","background-image":"","background-repeat":"repeat","background-position":"center center","background-size":"auto","background-attachment":"scroll","background-type":"","background-media":"","overlay-type":"","overlay-color":"","overlay-opacity":"","overlay-gradient":""},"tablet":{"background-color":"var(--ast-global-color-5)","background-image":"","background-repeat":"repeat","background-position":"center center","background-size":"auto","background-attachment":"scroll","background-type":"","background-media":"","overlay-type":"","overlay-color":"","overlay-opacity":"","overlay-gradient":""},"mobile":{"background-color":"var(--ast-global-color-5)","background-image":"","background-repeat":"repeat","background-position":"center center","background-size":"auto","background-attachment":"scroll","background-type":"","background-media":"","overlay-type":"","overlay-color":"","overlay-opacity":"","overlay-gradient":""}},"footnotes":""},"class_list":["post-87","page","type-page","status-publish","hentry"],"post_mailing_queue_ids":[],"_links":{"self":[{"href":"https:\/\/agora.xtec.cat\/ceip-puigcavaller\/wp-json\/wp\/v2\/pages\/87","targetHints":{"allow":["GET"]}}],"collection":[{"href":"https:\/\/agora.xtec.cat\/ceip-puigcavaller\/wp-json\/wp\/v2\/pages"}],"about":[{"href":"https:\/\/agora.xtec.cat\/ceip-puigcavaller\/wp-json\/wp\/v2\/types\/page"}],"author":[{"embeddable":true,"href":"https:\/\/agora.xtec.cat\/ceip-puigcavaller\/wp-json\/wp\/v2\/users\/1"}],"replies":[{"embeddable":true,"href":"https:\/\/agora.xtec.cat\/ceip-puigcavaller\/wp-json\/wp\/v2\/comments?post=87"}],"version-history":[{"count":9,"href":"https:\/\/agora.xtec.cat\/ceip-puigcavaller\/wp-json\/wp\/v2\/pages\/87\/revisions"}],"predecessor-version":[{"id":7633,"href":"https:\/\/agora.xtec.cat\/ceip-puigcavaller\/wp-json\/wp\/v2\/pages\/87\/revisions\/7633"}],"wp:attachment":[{"href":"https:\/\/agora.xtec.cat\/ceip-puigcavaller\/wp-json\/wp\/v2\/media?parent=87"}],"curies":[{"name":"wp","href":"https:\/\/api.w.org\/{rel}","templated":true}]}}