{"id":4679,"date":"2019-07-14T15:56:45","date_gmt":"2019-07-14T13:56:45","guid":{"rendered":"http:\/\/agora.xtec.cat\/ceip-puigcavaller\/?page_id=4679"},"modified":"2020-03-23T19:46:45","modified_gmt":"2020-03-23T18:46:45","slug":"matematiques","status":"publish","type":"page","link":"https:\/\/agora.xtec.cat\/ceip-puigcavaller\/matematiques\/","title":{"rendered":"MATEM\u00c0TIQUES"},"content":{"rendered":"<p style=\"text-align: center;\"><strong>COM PODEM OPERAR?<\/strong><\/p>\n<p>En aquests espai us compartim uns v\u00eddeos per ajudar-vos a realitzar les operacions b\u00e0siques.<\/p>\n<p>Esperem que us siguin d&#8217;inter\u00e8s.<\/p>\n<table style=\"width: 847px; height: 76px;\">\n<tbody>\n<tr style=\"height: 33px;\">\n<td style=\"width: 841px; height: 33px; text-align: center;\">\n<h1><strong>SUMA<\/strong><\/h1>\n<\/td>\n<\/tr>\n<tr style=\"height: 10px;\">\n<td style=\"width: 841px; height: 10px;\">\n<h3>FASE MANIPULATIVA<\/h3>\n<div class=\"ast-oembed-container \" style=\"height: 100%;\"><iframe loading=\"lazy\" title=\"20191105 131328\" width=\"500\" height=\"281\" src=\"https:\/\/www.youtube.com\/embed\/GVlRicpTOeI?feature=oembed\" frameborder=\"0\" allow=\"accelerometer; autoplay; clipboard-write; encrypted-media; gyroscope; picture-in-picture; web-share\" referrerpolicy=\"strict-origin-when-cross-origin\" allowfullscreen><\/iframe><\/div>\n<p>&nbsp;<\/p>\n<div class=\"ast-oembed-container \" style=\"height: 100%;\"><iframe loading=\"lazy\" title=\"20191105 131601\" width=\"500\" height=\"281\" src=\"https:\/\/www.youtube.com\/embed\/LjAaN6-Nue8?feature=oembed\" frameborder=\"0\" allow=\"accelerometer; autoplay; clipboard-write; encrypted-media; gyroscope; picture-in-picture; web-share\" referrerpolicy=\"strict-origin-when-cross-origin\" allowfullscreen><\/iframe><\/div>\n<\/td>\n<\/tr>\n<tr style=\"height: 33px;\">\n<td style=\"width: 841px; height: 33px;\">\n<h3>FASE SIMB\u00d2LICA<\/h3>\n<p>&nbsp;<\/p>\n<table style=\"width: 556px;\">\n<tbody>\n<tr>\n<td style=\"width: 268px;\"><a href=\"https:\/\/agora.xtec.cat\/ceip-puigcavaller\/wp-content\/uploads\/usu1509\/2020\/03\/suma.jpg\"><img loading=\"lazy\" decoding=\"async\" class=\"alignnone size-full wp-image-5189\" src=\"https:\/\/agora.xtec.cat\/ceip-puigcavaller\/wp-content\/uploads\/usu1509\/2020\/03\/suma.jpg\" alt=\"\" width=\"512\" height=\"384\" srcset=\"https:\/\/agora.xtec.cat\/ceip-puigcavaller\/wp-content\/uploads\/usu1509\/2020\/03\/suma.jpg 512w, https:\/\/agora.xtec.cat\/ceip-puigcavaller\/wp-content\/uploads\/usu1509\/2020\/03\/suma-300x225.jpg 300w, https:\/\/agora.xtec.cat\/ceip-puigcavaller\/wp-content\/uploads\/usu1509\/2020\/03\/suma-200x150.jpg 200w\" sizes=\"auto, (max-width: 512px) 100vw, 512px\" \/><\/a><\/td>\n<td style=\"width: 280px;\"><a href=\"https:\/\/agora.xtec.cat\/ceip-puigcavaller\/wp-content\/uploads\/usu1509\/2020\/03\/suma1.jpg\"><img loading=\"lazy\" decoding=\"async\" class=\"alignnone size-full wp-image-5190\" src=\"https:\/\/agora.xtec.cat\/ceip-puigcavaller\/wp-content\/uploads\/usu1509\/2020\/03\/suma1.jpg\" alt=\"\" width=\"512\" height=\"384\" srcset=\"https:\/\/agora.xtec.cat\/ceip-puigcavaller\/wp-content\/uploads\/usu1509\/2020\/03\/suma1.jpg 512w, https:\/\/agora.xtec.cat\/ceip-puigcavaller\/wp-content\/uploads\/usu1509\/2020\/03\/suma1-300x225.jpg 300w, https:\/\/agora.xtec.cat\/ceip-puigcavaller\/wp-content\/uploads\/usu1509\/2020\/03\/suma1-200x150.jpg 200w\" sizes=\"auto, (max-width: 512px) 100vw, 512px\" \/><\/a><\/td>\n<\/tr>\n<\/tbody>\n<\/table>\n<p>&nbsp;<\/td>\n<\/tr>\n<\/tbody>\n<\/table>\n<table style=\"height: 1731px; width: 847px;\" width=\"825\">\n<tbody>\n<tr style=\"height: 52px;\">\n<td style=\"width: 841px; height: 52px;\">\n<h3 style=\"text-align: center;\">RESTA<\/h3>\n<\/td>\n<\/tr>\n<tr style=\"height: 438px;\">\n<td style=\"width: 841px; height: 438px;\">\n<h3>FASE MANIPULATIVA<\/h3>\n<div class=\"ast-oembed-container \" style=\"height: 100%;\"><iframe loading=\"lazy\" title=\"20191105 132228\" width=\"500\" height=\"281\" src=\"https:\/\/www.youtube.com\/embed\/woY4NOElyfY?feature=oembed\" frameborder=\"0\" allow=\"accelerometer; autoplay; clipboard-write; encrypted-media; gyroscope; picture-in-picture; web-share\" referrerpolicy=\"strict-origin-when-cross-origin\" allowfullscreen><\/iframe><\/div>\n<\/td>\n<\/tr>\n<tr style=\"height: 1241px;\">\n<td style=\"width: 841px; height: 1241px;\">\n<h3>FASE SIMB\u00d2LICA<\/h3>\n<p>En aquest v\u00eddeo s&#8217;ensenya el pas del treball manipulatiu amb reglets al simb\u00f2lic, \u00e9s a dir, al paper.<\/p>\n<div class=\"ast-oembed-container \" style=\"height: 100%;\"><iframe loading=\"lazy\" title=\"20191105 132624\" width=\"500\" height=\"281\" src=\"https:\/\/www.youtube.com\/embed\/v5QHfy_4FT0?feature=oembed\" frameborder=\"0\" allow=\"accelerometer; autoplay; clipboard-write; encrypted-media; gyroscope; picture-in-picture; web-share\" referrerpolicy=\"strict-origin-when-cross-origin\" allowfullscreen><\/iframe><\/div>\n<p>&nbsp;<\/p>\n<p><a href=\"https:\/\/agora.xtec.cat\/ceip-puigcavaller\/wp-content\/uploads\/usu1509\/2020\/03\/resta-repre.jpg\"><img loading=\"lazy\" decoding=\"async\" class=\"alignnone size-full wp-image-5191\" src=\"https:\/\/agora.xtec.cat\/ceip-puigcavaller\/wp-content\/uploads\/usu1509\/2020\/03\/resta-repre.jpg\" alt=\"\" width=\"512\" height=\"384\" srcset=\"https:\/\/agora.xtec.cat\/ceip-puigcavaller\/wp-content\/uploads\/usu1509\/2020\/03\/resta-repre.jpg 512w, https:\/\/agora.xtec.cat\/ceip-puigcavaller\/wp-content\/uploads\/usu1509\/2020\/03\/resta-repre-300x225.jpg 300w, https:\/\/agora.xtec.cat\/ceip-puigcavaller\/wp-content\/uploads\/usu1509\/2020\/03\/resta-repre-200x150.jpg 200w\" sizes=\"auto, (max-width: 512px) 100vw, 512px\" \/><\/a><\/p>\n<p>&nbsp;<\/p>\n<table style=\"width: 644px;\">\n<tbody>\n<tr>\n<td style=\"width: 310px;\"><a href=\"https:\/\/agora.xtec.cat\/ceip-puigcavaller\/wp-content\/uploads\/usu1509\/2020\/03\/resta-sim1.jpg\"><img loading=\"lazy\" decoding=\"async\" class=\"alignnone size-full wp-image-5192\" src=\"https:\/\/agora.xtec.cat\/ceip-puigcavaller\/wp-content\/uploads\/usu1509\/2020\/03\/resta-sim1.jpg\" alt=\"\" width=\"512\" height=\"384\" srcset=\"https:\/\/agora.xtec.cat\/ceip-puigcavaller\/wp-content\/uploads\/usu1509\/2020\/03\/resta-sim1.jpg 512w, https:\/\/agora.xtec.cat\/ceip-puigcavaller\/wp-content\/uploads\/usu1509\/2020\/03\/resta-sim1-300x225.jpg 300w, https:\/\/agora.xtec.cat\/ceip-puigcavaller\/wp-content\/uploads\/usu1509\/2020\/03\/resta-sim1-200x150.jpg 200w\" sizes=\"auto, (max-width: 512px) 100vw, 512px\" \/><\/a><\/td>\n<td style=\"width: 326px;\"><a href=\"https:\/\/agora.xtec.cat\/ceip-puigcavaller\/wp-content\/uploads\/usu1509\/2020\/03\/resta-sim2.jpg\"><img loading=\"lazy\" decoding=\"async\" class=\"alignnone size-full wp-image-5193\" src=\"https:\/\/agora.xtec.cat\/ceip-puigcavaller\/wp-content\/uploads\/usu1509\/2020\/03\/resta-sim2.jpg\" alt=\"\" width=\"512\" height=\"384\" srcset=\"https:\/\/agora.xtec.cat\/ceip-puigcavaller\/wp-content\/uploads\/usu1509\/2020\/03\/resta-sim2.jpg 512w, https:\/\/agora.xtec.cat\/ceip-puigcavaller\/wp-content\/uploads\/usu1509\/2020\/03\/resta-sim2-300x225.jpg 300w, https:\/\/agora.xtec.cat\/ceip-puigcavaller\/wp-content\/uploads\/usu1509\/2020\/03\/resta-sim2-200x150.jpg 200w\" sizes=\"auto, (max-width: 512px) 100vw, 512px\" \/><\/a><\/td>\n<\/tr>\n<tr>\n<td style=\"width: 310px;\"><a href=\"https:\/\/agora.xtec.cat\/ceip-puigcavaller\/wp-content\/uploads\/usu1509\/2020\/03\/resta-sim3.jpg\"><img loading=\"lazy\" decoding=\"async\" class=\"alignnone size-full wp-image-5194\" src=\"https:\/\/agora.xtec.cat\/ceip-puigcavaller\/wp-content\/uploads\/usu1509\/2020\/03\/resta-sim3.jpg\" alt=\"\" width=\"603\" height=\"418\" srcset=\"https:\/\/agora.xtec.cat\/ceip-puigcavaller\/wp-content\/uploads\/usu1509\/2020\/03\/resta-sim3.jpg 603w, https:\/\/agora.xtec.cat\/ceip-puigcavaller\/wp-content\/uploads\/usu1509\/2020\/03\/resta-sim3-300x208.jpg 300w\" sizes=\"auto, (max-width: 603px) 100vw, 603px\" \/><\/a><\/td>\n<td style=\"width: 326px;\"><\/td>\n<\/tr>\n<\/tbody>\n<\/table>\n<p>&nbsp;<\/p>\n<p>&nbsp;<\/p>\n<p>&nbsp;<\/td>\n<\/tr>\n<\/tbody>\n<\/table>\n<table style=\"height: 144px; width: 853px;\" width=\"880\">\n<tbody>\n<tr style=\"height: 83px;\">\n<td style=\"width: 847px; height: 83px;\">\n<h2 style=\"text-align: center;\">MULTIPLICACI\u00d3<\/h2>\n<\/td>\n<\/tr>\n<tr style=\"height: 31px;\">\n<td style=\"width: 847px; height: 31px;\">\n<h3>FASE MANIPULATIVA<\/h3>\n<div class=\"ast-oembed-container \" style=\"height: 100%;\"><iframe loading=\"lazy\" title=\"20191105 133645\" width=\"500\" height=\"281\" src=\"https:\/\/www.youtube.com\/embed\/BZFToWW_Keo?feature=oembed\" frameborder=\"0\" allow=\"accelerometer; autoplay; clipboard-write; encrypted-media; gyroscope; picture-in-picture; web-share\" referrerpolicy=\"strict-origin-when-cross-origin\" allowfullscreen><\/iframe><\/div>\n<p>&nbsp;<\/td>\n<\/tr>\n<tr style=\"height: 30px;\">\n<td style=\"width: 847px; height: 30px;\">\n<h3>FASE SIMB\u00d2LICA<\/h3>\n<p>&nbsp;<\/p>\n<table style=\"width: 628px;\">\n<tbody>\n<tr>\n<td style=\"width: 321px;\"><a href=\"https:\/\/agora.xtec.cat\/ceip-puigcavaller\/wp-content\/uploads\/usu1509\/2020\/03\/multi1.jpg\"><img loading=\"lazy\" decoding=\"async\" class=\"alignnone size-full wp-image-5195\" src=\"https:\/\/agora.xtec.cat\/ceip-puigcavaller\/wp-content\/uploads\/usu1509\/2020\/03\/multi1.jpg\" alt=\"\" width=\"512\" height=\"384\" srcset=\"https:\/\/agora.xtec.cat\/ceip-puigcavaller\/wp-content\/uploads\/usu1509\/2020\/03\/multi1.jpg 512w, https:\/\/agora.xtec.cat\/ceip-puigcavaller\/wp-content\/uploads\/usu1509\/2020\/03\/multi1-300x225.jpg 300w, https:\/\/agora.xtec.cat\/ceip-puigcavaller\/wp-content\/uploads\/usu1509\/2020\/03\/multi1-200x150.jpg 200w\" sizes=\"auto, (max-width: 512px) 100vw, 512px\" \/><\/a><\/td>\n<td style=\"width: 299px;\"><a href=\"https:\/\/agora.xtec.cat\/ceip-puigcavaller\/wp-content\/uploads\/usu1509\/2020\/03\/multipl2.jpg\"><img loading=\"lazy\" decoding=\"async\" class=\"alignnone size-full wp-image-5196\" src=\"https:\/\/agora.xtec.cat\/ceip-puigcavaller\/wp-content\/uploads\/usu1509\/2020\/03\/multipl2.jpg\" alt=\"\" width=\"515\" height=\"384\" srcset=\"https:\/\/agora.xtec.cat\/ceip-puigcavaller\/wp-content\/uploads\/usu1509\/2020\/03\/multipl2.jpg 515w, https:\/\/agora.xtec.cat\/ceip-puigcavaller\/wp-content\/uploads\/usu1509\/2020\/03\/multipl2-300x224.jpg 300w, https:\/\/agora.xtec.cat\/ceip-puigcavaller\/wp-content\/uploads\/usu1509\/2020\/03\/multipl2-200x150.jpg 200w\" sizes=\"auto, (max-width: 515px) 100vw, 515px\" \/><\/a><\/td>\n<\/tr>\n<tr>\n<td style=\"width: 321px;\"><a href=\"https:\/\/agora.xtec.cat\/ceip-puigcavaller\/wp-content\/uploads\/usu1509\/2020\/03\/multipl3.jpg\"><img loading=\"lazy\" decoding=\"async\" class=\"alignnone size-full wp-image-5197\" src=\"https:\/\/agora.xtec.cat\/ceip-puigcavaller\/wp-content\/uploads\/usu1509\/2020\/03\/multipl3.jpg\" alt=\"\" width=\"512\" height=\"527\" srcset=\"https:\/\/agora.xtec.cat\/ceip-puigcavaller\/wp-content\/uploads\/usu1509\/2020\/03\/multipl3.jpg 512w, https:\/\/agora.xtec.cat\/ceip-puigcavaller\/wp-content\/uploads\/usu1509\/2020\/03\/multipl3-291x300.jpg 291w\" sizes=\"auto, (max-width: 512px) 100vw, 512px\" \/><\/a><\/td>\n<td style=\"width: 299px;\"><\/td>\n<\/tr>\n<\/tbody>\n<\/table>\n<p>&nbsp;<\/p>\n<p>&nbsp;<\/p>\n<p>&nbsp;<\/p>\n<p>&nbsp;<\/td>\n<\/tr>\n<\/tbody>\n<\/table>\n<table style=\"width: 840px;\">\n<tbody>\n<tr>\n<td style=\"width: 834px;\">\n<h2 style=\"text-align: center;\">DIVISI\u00d3<\/h2>\n<\/td>\n<\/tr>\n<tr>\n<td style=\"width: 834px;\">\n<h3>FASE MANIPULATIVA<\/h3>\n<div class=\"ast-oembed-container \" style=\"height: 100%;\"><iframe loading=\"lazy\" title=\"20191105 134604\" width=\"500\" height=\"281\" src=\"https:\/\/www.youtube.com\/embed\/lrKLODdNQhs?feature=oembed\" frameborder=\"0\" allow=\"accelerometer; autoplay; clipboard-write; encrypted-media; gyroscope; picture-in-picture; web-share\" referrerpolicy=\"strict-origin-when-cross-origin\" allowfullscreen><\/iframe><\/div>\n<\/td>\n<\/tr>\n<tr>\n<td style=\"width: 834px;\">\n<h3>FASE SIMB\u00d2LICA<\/h3>\n<p>&nbsp;<\/p>\n<p>Aquest v\u00eddeo ens mostra el treball en paral\u00b7lel del treball manipulatiu a la graella.<\/p>\n<div class=\"ast-oembed-container \" style=\"height: 100%;\"><iframe loading=\"lazy\" title=\"20191105 135058\" width=\"500\" height=\"281\" src=\"https:\/\/www.youtube.com\/embed\/3xrhCeL1HRk?feature=oembed\" frameborder=\"0\" allow=\"accelerometer; autoplay; clipboard-write; encrypted-media; gyroscope; picture-in-picture; web-share\" referrerpolicy=\"strict-origin-when-cross-origin\" allowfullscreen><\/iframe><\/div>\n<p>&nbsp;<\/p>\n<p>&nbsp;<\/p>\n<p>En aquest veieu els pas de la graella a l&#8217;agoritme que coneixem per\u00f2 el procediment canvia.<\/p>\n<div class=\"ast-oembed-container \" style=\"height: 100%;\"><iframe loading=\"lazy\" title=\"20191105 135937\" width=\"500\" height=\"281\" src=\"https:\/\/www.youtube.com\/embed\/btTcF646JmU?feature=oembed\" frameborder=\"0\" allow=\"accelerometer; autoplay; clipboard-write; encrypted-media; gyroscope; picture-in-picture; web-share\" referrerpolicy=\"strict-origin-when-cross-origin\" allowfullscreen><\/iframe><\/div>\n<p>&nbsp;<\/p>\n<p>&nbsp;<\/p>\n<p>&nbsp;<\/td>\n<\/tr>\n<\/tbody>\n<\/table>\n<p>&nbsp;<\/p>\n<p>&nbsp;<\/p>\n","protected":false},"excerpt":{"rendered":"<p>COM PODEM OPERAR? En aquests espai us compartim uns v\u00eddeos per ajudar-vos a realitzar les operacions b\u00e0siques. Esperem que us siguin d&#8217;inter\u00e8s. SUMA FASE MANIPULATIVA &nbsp; FASE SIMB\u00d2LICA &nbsp; &nbsp; RESTA FASE MANIPULATIVA FASE SIMB\u00d2LICA En aquest v\u00eddeo s&#8217;ensenya el pas del treball manipulatiu amb reglets al simb\u00f2lic, \u00e9s a dir, al paper. &nbsp; &nbsp; [&hellip;]<\/p>\n","protected":false},"author":1,"featured_media":0,"parent":0,"menu_order":0,"comment_status":"closed","ping_status":"closed","template":"","meta":{"_bbp_topic_count":0,"_bbp_reply_count":0,"_bbp_total_topic_count":0,"_bbp_total_reply_count":0,"_bbp_voice_count":0,"_bbp_anonymous_reply_count":0,"_bbp_topic_count_hidden":0,"_bbp_reply_count_hidden":0,"_bbp_forum_subforum_count":0,"site-sidebar-layout":"default","site-content-layout":"","ast-site-content-layout":"","site-content-style":"default","site-sidebar-style":"default","ast-global-header-display":"","ast-banner-title-visibility":"","ast-main-header-display":"","ast-hfb-above-header-display":"","ast-hfb-below-header-display":"","ast-hfb-mobile-header-display":"","site-post-title":"","ast-breadcrumbs-content":"","ast-featured-img":"","footer-sml-layout":"","theme-transparent-header-meta":"","adv-header-id-meta":"","stick-header-meta":"","header-above-stick-meta":"","header-main-stick-meta":"","header-below-stick-meta":"","astra-migrate-meta-layouts":"default","ast-page-background-enabled":"default","ast-page-background-meta":{"desktop":{"background-color":"var(--ast-global-color-4)","background-image":"","background-repeat":"repeat","background-position":"center center","background-size":"auto","background-attachment":"scroll","background-type":"","background-media":"","overlay-type":"","overlay-color":"","overlay-opacity":"","overlay-gradient":""},"tablet":{"background-color":"","background-image":"","background-repeat":"repeat","background-position":"center center","background-size":"auto","background-attachment":"scroll","background-type":"","background-media":"","overlay-type":"","overlay-color":"","overlay-opacity":"","overlay-gradient":""},"mobile":{"background-color":"","background-image":"","background-repeat":"repeat","background-position":"center center","background-size":"auto","background-attachment":"scroll","background-type":"","background-media":"","overlay-type":"","overlay-color":"","overlay-opacity":"","overlay-gradient":""}},"ast-content-background-meta":{"desktop":{"background-color":"var(--ast-global-color-5)","background-image":"","background-repeat":"repeat","background-position":"center center","background-size":"auto","background-attachment":"scroll","background-type":"","background-media":"","overlay-type":"","overlay-color":"","overlay-opacity":"","overlay-gradient":""},"tablet":{"background-color":"var(--ast-global-color-5)","background-image":"","background-repeat":"repeat","background-position":"center center","background-size":"auto","background-attachment":"scroll","background-type":"","background-media":"","overlay-type":"","overlay-color":"","overlay-opacity":"","overlay-gradient":""},"mobile":{"background-color":"var(--ast-global-color-5)","background-image":"","background-repeat":"repeat","background-position":"center center","background-size":"auto","background-attachment":"scroll","background-type":"","background-media":"","overlay-type":"","overlay-color":"","overlay-opacity":"","overlay-gradient":""}},"footnotes":""},"class_list":["post-4679","page","type-page","status-publish","hentry"],"post_mailing_queue_ids":[],"_links":{"self":[{"href":"https:\/\/agora.xtec.cat\/ceip-puigcavaller\/wp-json\/wp\/v2\/pages\/4679","targetHints":{"allow":["GET"]}}],"collection":[{"href":"https:\/\/agora.xtec.cat\/ceip-puigcavaller\/wp-json\/wp\/v2\/pages"}],"about":[{"href":"https:\/\/agora.xtec.cat\/ceip-puigcavaller\/wp-json\/wp\/v2\/types\/page"}],"author":[{"embeddable":true,"href":"https:\/\/agora.xtec.cat\/ceip-puigcavaller\/wp-json\/wp\/v2\/users\/1"}],"replies":[{"embeddable":true,"href":"https:\/\/agora.xtec.cat\/ceip-puigcavaller\/wp-json\/wp\/v2\/comments?post=4679"}],"version-history":[{"count":3,"href":"https:\/\/agora.xtec.cat\/ceip-puigcavaller\/wp-json\/wp\/v2\/pages\/4679\/revisions"}],"predecessor-version":[{"id":5237,"href":"https:\/\/agora.xtec.cat\/ceip-puigcavaller\/wp-json\/wp\/v2\/pages\/4679\/revisions\/5237"}],"wp:attachment":[{"href":"https:\/\/agora.xtec.cat\/ceip-puigcavaller\/wp-json\/wp\/v2\/media?parent=4679"}],"curies":[{"name":"wp","href":"https:\/\/api.w.org\/{rel}","templated":true}]}}