{"id":2811,"date":"2018-04-13T16:03:25","date_gmt":"2018-04-13T14:03:25","guid":{"rendered":"http:\/\/agora.xtec.cat\/ceip-puigcavaller\/?page_id=2811"},"modified":"2021-11-15T13:05:52","modified_gmt":"2021-11-15T12:05:52","slug":"programa-generacio-plurilingue-gep","status":"publish","type":"page","link":"https:\/\/agora.xtec.cat\/ceip-puigcavaller\/programa-generacio-plurilingue-gep\/","title":{"rendered":"PROGRAMA GENERACI\u00d3 PLURILING\u00dcE (GEP)"},"content":{"rendered":"<p>Hello! Aqu\u00ed teniu una mostra dels projectes GEP que hem dut a terme aquest curs 2017-2018 a l&#8217;escola per millorar la compet\u00e8ncia en llengua anglesa dels nostres alumnes. Esperem que us agradin!<\/p>\n<p><a href=\"https:\/\/padlet.com\/cperell2\/geerhi6jsmvd\">https:\/\/padlet.com\/cperell2\/geerhi6jsmvd<\/a><\/p>\n<p><a href=\"https:\/\/padlet.com\/rurgell2\/703ybezdjxib\">https:\/\/padlet.com\/rurgell2\/703ybezdjxib<\/a><\/p>\n<p><a href=\"https:\/\/padlet.com\/Miriamgll\/iicvo0am3t8j\">https:\/\/padlet.com\/Miriamgll\/iicvo0am3t8j<\/a><\/p>\n<p>&nbsp;<\/p>\n<p>&nbsp;<\/p>\n<p>RECURSOS<\/p>\n<table style=\"border-collapse: collapse; width: 98.8579%;\">\n<tbody>\n<tr>\n<td style=\"width: 32.8282%;\"><a href=\"https:\/\/www.symbaloo.com\/mix\/arts-and-crafts\">ART<\/a><\/td>\n<td style=\"width: 34.3849%;\"><a href=\"https:\/\/www.symbaloo.com\/mix\/vocabulary-psz8\">VOCABULARY<\/a><\/td>\n<td style=\"width: 32.6503%;\"><a href=\"https:\/\/www.symbaloo.com\/mix\/math-nlyf\">MATHS<\/a><\/td>\n<\/tr>\n<tr>\n<td style=\"width: 32.8282%;\"><a href=\"https:\/\/www.symbaloo.com\/mix\/geography\">GEOGRAPHY<\/a><\/td>\n<td style=\"width: 34.3849%;\"><a href=\"https:\/\/www.symbaloo.com\/mix\/scienceanimals-humans\">ANIMALS-HUMANS\u00a0<\/a><\/td>\n<td style=\"width: 32.6503%;\"><a href=\"https:\/\/www.symbaloo.com\/mix\/science-planet-earth\">SOLAR SYSTEM\u00a0<\/a><\/td>\n<\/tr>\n<tr>\n<td style=\"width: 32.8282%;\"><a href=\"https:\/\/www.symbaloo.com\/mix\/history247\">HISTORY<\/a><\/td>\n<td style=\"width: 34.3849%;\"><a href=\"https:\/\/www.symbaloo.com\/mix\/physicaleducation94\">KINDERGARDEN\u00a0<\/a><\/td>\n<td style=\"width: 32.6503%;\"><\/td>\n<\/tr>\n<\/tbody>\n<\/table>\n<p>&nbsp;<\/p>\n","protected":false},"excerpt":{"rendered":"<p>Hello! Aqu\u00ed teniu una mostra dels projectes GEP que hem dut a terme aquest curs 2017-2018 a l&#8217;escola per millorar la compet\u00e8ncia en llengua anglesa dels nostres alumnes. Esperem que us agradin! https:\/\/padlet.com\/cperell2\/geerhi6jsmvd https:\/\/padlet.com\/rurgell2\/703ybezdjxib https:\/\/padlet.com\/Miriamgll\/iicvo0am3t8j &nbsp; &nbsp; RECURSOS ART VOCABULARY MATHS GEOGRAPHY ANIMALS-HUMANS\u00a0 SOLAR SYSTEM\u00a0 HISTORY KINDERGARDEN\u00a0 &nbsp;<\/p>\n","protected":false},"author":1,"featured_media":0,"parent":0,"menu_order":0,"comment_status":"closed","ping_status":"closed","template":"","meta":{"_bbp_topic_count":0,"_bbp_reply_count":0,"_bbp_total_topic_count":0,"_bbp_total_reply_count":0,"_bbp_voice_count":0,"_bbp_anonymous_reply_count":0,"_bbp_topic_count_hidden":0,"_bbp_reply_count_hidden":0,"_bbp_forum_subforum_count":0,"site-sidebar-layout":"default","site-content-layout":"","ast-site-content-layout":"","site-content-style":"default","site-sidebar-style":"default","ast-global-header-display":"","ast-banner-title-visibility":"","ast-main-header-display":"","ast-hfb-above-header-display":"","ast-hfb-below-header-display":"","ast-hfb-mobile-header-display":"","site-post-title":"","ast-breadcrumbs-content":"","ast-featured-img":"","footer-sml-layout":"","theme-transparent-header-meta":"","adv-header-id-meta":"","stick-header-meta":"","header-above-stick-meta":"","header-main-stick-meta":"","header-below-stick-meta":"","astra-migrate-meta-layouts":"default","ast-page-background-enabled":"default","ast-page-background-meta":{"desktop":{"background-color":"var(--ast-global-color-4)","background-image":"","background-repeat":"repeat","background-position":"center center","background-size":"auto","background-attachment":"scroll","background-type":"","background-media":"","overlay-type":"","overlay-color":"","overlay-opacity":"","overlay-gradient":""},"tablet":{"background-color":"","background-image":"","background-repeat":"repeat","background-position":"center center","background-size":"auto","background-attachment":"scroll","background-type":"","background-media":"","overlay-type":"","overlay-color":"","overlay-opacity":"","overlay-gradient":""},"mobile":{"background-color":"","background-image":"","background-repeat":"repeat","background-position":"center center","background-size":"auto","background-attachment":"scroll","background-type":"","background-media":"","overlay-type":"","overlay-color":"","overlay-opacity":"","overlay-gradient":""}},"ast-content-background-meta":{"desktop":{"background-color":"var(--ast-global-color-5)","background-image":"","background-repeat":"repeat","background-position":"center center","background-size":"auto","background-attachment":"scroll","background-type":"","background-media":"","overlay-type":"","overlay-color":"","overlay-opacity":"","overlay-gradient":""},"tablet":{"background-color":"var(--ast-global-color-5)","background-image":"","background-repeat":"repeat","background-position":"center center","background-size":"auto","background-attachment":"scroll","background-type":"","background-media":"","overlay-type":"","overlay-color":"","overlay-opacity":"","overlay-gradient":""},"mobile":{"background-color":"var(--ast-global-color-5)","background-image":"","background-repeat":"repeat","background-position":"center center","background-size":"auto","background-attachment":"scroll","background-type":"","background-media":"","overlay-type":"","overlay-color":"","overlay-opacity":"","overlay-gradient":""}},"footnotes":""},"class_list":["post-2811","page","type-page","status-publish","hentry"],"post_mailing_queue_ids":[],"_links":{"self":[{"href":"https:\/\/agora.xtec.cat\/ceip-puigcavaller\/wp-json\/wp\/v2\/pages\/2811","targetHints":{"allow":["GET"]}}],"collection":[{"href":"https:\/\/agora.xtec.cat\/ceip-puigcavaller\/wp-json\/wp\/v2\/pages"}],"about":[{"href":"https:\/\/agora.xtec.cat\/ceip-puigcavaller\/wp-json\/wp\/v2\/types\/page"}],"author":[{"embeddable":true,"href":"https:\/\/agora.xtec.cat\/ceip-puigcavaller\/wp-json\/wp\/v2\/users\/1"}],"replies":[{"embeddable":true,"href":"https:\/\/agora.xtec.cat\/ceip-puigcavaller\/wp-json\/wp\/v2\/comments?post=2811"}],"version-history":[{"count":3,"href":"https:\/\/agora.xtec.cat\/ceip-puigcavaller\/wp-json\/wp\/v2\/pages\/2811\/revisions"}],"predecessor-version":[{"id":6675,"href":"https:\/\/agora.xtec.cat\/ceip-puigcavaller\/wp-json\/wp\/v2\/pages\/2811\/revisions\/6675"}],"wp:attachment":[{"href":"https:\/\/agora.xtec.cat\/ceip-puigcavaller\/wp-json\/wp\/v2\/media?parent=2811"}],"curies":[{"name":"wp","href":"https:\/\/api.w.org\/{rel}","templated":true}]}}