{"id":26,"date":"2014-09-18T12:24:32","date_gmt":"2014-09-18T11:24:32","guid":{"rendered":"http:\/\/agora.xtec.cat\/ceip-puigcavaller\/?page_id=26"},"modified":"2016-10-31T10:12:21","modified_gmt":"2016-10-31T09:12:21","slug":"historia","status":"publish","type":"page","link":"https:\/\/agora.xtec.cat\/ceip-puigcavaller\/lescola\/historia\/","title":{"rendered":"Hist\u00f2ria"},"content":{"rendered":"<p><a href=\"http:\/\/agora.xtec.cat\/ceip-puigcavaller\/wp-content\/uploads\/usu1509\/2014\/09\/280_0_2524163_53379.jpg\"><img loading=\"lazy\" decoding=\"async\" class=\"alignnone size-full wp-image-479\" src=\"http:\/\/agora.xtec.cat\/ceip-puigcavaller\/wp-content\/uploads\/usu1509\/2014\/09\/280_0_2524163_53379.jpg\" alt=\"280_0_2524163_53379\" width=\"280\" height=\"177\" \/><\/a><\/p>\n<p>&nbsp;<\/p>\n<p>Les \u201cEscoles velles\u201d es van inaugurar l&#8217;any 1929.<\/p>\n<p>Despr\u00e9s de la guerra civil, la Direcci\u00f3n General de Regiones Devastadas constru\u00ed un nou edifici que es va estrenar l&#8217;any 1942 i va funcionar fins al 1957. Aleshores es va tancar perqu\u00e8 estava en males condicions. Tot l&#8217;alumnat va passar altre cop a les escoles velles, on hi van restar alguns cursos m\u00e9s.<\/p>\n<p>L&#8217;any 1971 es va fer el trasllat a l&#8217;edifici actual, una construcci\u00f3 que havia estat dissenyada per tal de ser un Institut de Formaci\u00f3 Professional per\u00f2 que, \u00a0finalment, desestimada la proposta inicial, es convertia en el nou col\u00b7legi p\u00fablic. En aquell moment s&#8217;impartia p\u00e0rvuls i EGB. Durant aquell per\u00edode es van dur a terme les concentracions escolars comarcals, i el centre va acollir alumnes de diversos pobles de la comarca. Posteriorment, amb l&#8217;aplicaci\u00f3 de les diferents reformes educatives, s&#8217;ha impartit Educaci\u00f3 Infantil i Educaci\u00f3 Prim\u00e0ria.<\/p>\n<p>Amb motiu de l&#8217;arribada d&#8217;alumnes nouvinguts es va demanar l&#8217;ampliaci\u00f3 del centre. Es va realitzar des del febrer de 2008 a l&#8217;abril de 2009 quan es va inaugurar l&#8217;ampliaci\u00f3 i remodelaci\u00f3 de l&#8217;Escola pel Conseller d&#8217;Educaci\u00f3 l&#8217;Honorable Ernest Maragall.<\/p>\n<p>&nbsp;<\/p>\n","protected":false},"excerpt":{"rendered":"<p>&nbsp; Les \u201cEscoles velles\u201d es van inaugurar l&#8217;any 1929. Despr\u00e9s de la guerra civil, la Direcci\u00f3n General de Regiones Devastadas constru\u00ed un nou edifici que es va estrenar l&#8217;any 1942 i va funcionar fins al 1957. Aleshores es va tancar perqu\u00e8 estava en males condicions. Tot l&#8217;alumnat va passar altre cop a les escoles velles, [&hellip;]<\/p>\n","protected":false},"author":1,"featured_media":0,"parent":22,"menu_order":20,"comment_status":"closed","ping_status":"closed","template":"page-templates\/side-menu.php","meta":{"_bbp_topic_count":0,"_bbp_reply_count":0,"_bbp_total_topic_count":0,"_bbp_total_reply_count":0,"_bbp_voice_count":0,"_bbp_anonymous_reply_count":0,"_bbp_topic_count_hidden":0,"_bbp_reply_count_hidden":0,"_bbp_forum_subforum_count":0,"site-sidebar-layout":"default","site-content-layout":"","ast-site-content-layout":"","site-content-style":"default","site-sidebar-style":"default","ast-global-header-display":"","ast-banner-title-visibility":"","ast-main-header-display":"","ast-hfb-above-header-display":"","ast-hfb-below-header-display":"","ast-hfb-mobile-header-display":"","site-post-title":"","ast-breadcrumbs-content":"","ast-featured-img":"","footer-sml-layout":"","theme-transparent-header-meta":"","adv-header-id-meta":"","stick-header-meta":"","header-above-stick-meta":"","header-main-stick-meta":"","header-below-stick-meta":"","astra-migrate-meta-layouts":"default","ast-page-background-enabled":"default","ast-page-background-meta":{"desktop":{"background-color":"var(--ast-global-color-4)","background-image":"","background-repeat":"repeat","background-position":"center center","background-size":"auto","background-attachment":"scroll","background-type":"","background-media":"","overlay-type":"","overlay-color":"","overlay-opacity":"","overlay-gradient":""},"tablet":{"background-color":"","background-image":"","background-repeat":"repeat","background-position":"center center","background-size":"auto","background-attachment":"scroll","background-type":"","background-media":"","overlay-type":"","overlay-color":"","overlay-opacity":"","overlay-gradient":""},"mobile":{"background-color":"","background-image":"","background-repeat":"repeat","background-position":"center center","background-size":"auto","background-attachment":"scroll","background-type":"","background-media":"","overlay-type":"","overlay-color":"","overlay-opacity":"","overlay-gradient":""}},"ast-content-background-meta":{"desktop":{"background-color":"var(--ast-global-color-5)","background-image":"","background-repeat":"repeat","background-position":"center center","background-size":"auto","background-attachment":"scroll","background-type":"","background-media":"","overlay-type":"","overlay-color":"","overlay-opacity":"","overlay-gradient":""},"tablet":{"background-color":"var(--ast-global-color-5)","background-image":"","background-repeat":"repeat","background-position":"center center","background-size":"auto","background-attachment":"scroll","background-type":"","background-media":"","overlay-type":"","overlay-color":"","overlay-opacity":"","overlay-gradient":""},"mobile":{"background-color":"var(--ast-global-color-5)","background-image":"","background-repeat":"repeat","background-position":"center center","background-size":"auto","background-attachment":"scroll","background-type":"","background-media":"","overlay-type":"","overlay-color":"","overlay-opacity":"","overlay-gradient":""}},"footnotes":""},"class_list":["post-26","page","type-page","status-publish","hentry"],"post_mailing_queue_ids":[],"_links":{"self":[{"href":"https:\/\/agora.xtec.cat\/ceip-puigcavaller\/wp-json\/wp\/v2\/pages\/26","targetHints":{"allow":["GET"]}}],"collection":[{"href":"https:\/\/agora.xtec.cat\/ceip-puigcavaller\/wp-json\/wp\/v2\/pages"}],"about":[{"href":"https:\/\/agora.xtec.cat\/ceip-puigcavaller\/wp-json\/wp\/v2\/types\/page"}],"author":[{"embeddable":true,"href":"https:\/\/agora.xtec.cat\/ceip-puigcavaller\/wp-json\/wp\/v2\/users\/1"}],"replies":[{"embeddable":true,"href":"https:\/\/agora.xtec.cat\/ceip-puigcavaller\/wp-json\/wp\/v2\/comments?post=26"}],"version-history":[{"count":3,"href":"https:\/\/agora.xtec.cat\/ceip-puigcavaller\/wp-json\/wp\/v2\/pages\/26\/revisions"}],"predecessor-version":[{"id":478,"href":"https:\/\/agora.xtec.cat\/ceip-puigcavaller\/wp-json\/wp\/v2\/pages\/26\/revisions\/478"}],"up":[{"embeddable":true,"href":"https:\/\/agora.xtec.cat\/ceip-puigcavaller\/wp-json\/wp\/v2\/pages\/22"}],"wp:attachment":[{"href":"https:\/\/agora.xtec.cat\/ceip-puigcavaller\/wp-json\/wp\/v2\/media?parent=26"}],"curies":[{"name":"wp","href":"https:\/\/api.w.org\/{rel}","templated":true}]}}