{"id":9595,"date":"2023-09-18T19:30:30","date_gmt":"2023-09-18T17:30:30","guid":{"rendered":"https:\/\/agora.xtec.cat\/ceip-puigberenguer\/?page_id=9595"},"modified":"2023-09-22T16:08:18","modified_gmt":"2023-09-22T14:08:18","slug":"pla-dorganitzacio-de-centre-per-altes-temperatures-pocat","status":"publish","type":"page","link":"https:\/\/agora.xtec.cat\/ceip-puigberenguer\/documents-descola\/pla-dorganitzacio-de-centre-per-altes-temperatures-pocat\/","title":{"rendered":"Pla d&#8217;organitzaci\u00f3 de centre per altes temperatures (POCAT)"},"content":{"rendered":"<p>El POCAT recull la planificaci\u00f3 i coordinaci\u00f3 de les actuacions de preparaci\u00f3 i mitigaci\u00f3 dels efectes d\u2019episodis d\u2019altes temperatures, a fi de reduir-ne l\u2019impacte sobre la salut dels membres de la comunitat educativa.<\/p>\n<p>Podeu consultar el document <a href=\"https:\/\/agora.xtec.cat\/ceip-puigberenguer\/wp-content\/uploads\/usu1000\/2023\/09\/PLA-DACTUACIO-AL-CENTRE-EN-CAS-DALTES-TEMPERATURES.docx-1-1.pdf\">aqu\u00ed<\/a>.<\/p>\n<p>&nbsp;<\/p>\n<p>&nbsp;<\/p>\n","protected":false},"excerpt":{"rendered":"<p>El POCAT recull la planificaci\u00f3 i coordinaci\u00f3 de les actuacions de preparaci\u00f3 i mitigaci\u00f3 dels efectes d\u2019episodis d\u2019altes temperatures, a fi de reduir-ne l\u2019impacte sobre la salut dels membres de la comunitat educativa.<br \/>\nPodeu consultar el document <a href=\"https:\/\/agora.xtec.cat\/ceip-puigberenguer\/wp-content\/uploads\/usu1000\/2023\/09\/PLA-DACTUACIO-AL-CENTRE-EN-CAS-DALTES-TEMPERATURES.docx-1-1.pdf\">aqu\u00ed<\/a>.<br \/>\n&nbsp;<br \/>\n&nbsp;<\/p>\n","protected":false},"author":1,"featured_media":0,"parent":9163,"menu_order":60,"comment_status":"closed","ping_status":"closed","template":"","meta":{"_bbp_topic_count":0,"_bbp_reply_count":0,"_bbp_total_topic_count":0,"_bbp_total_reply_count":0,"_bbp_voice_count":0,"_bbp_anonymous_reply_count":0,"_bbp_topic_count_hidden":0,"_bbp_reply_count_hidden":0,"_bbp_forum_subforum_count":0,"footnotes":""},"class_list":["post-9595","page","type-page","status-publish","hentry"],"post_mailing_queue_ids":[],"_links":{"self":[{"href":"https:\/\/agora.xtec.cat\/ceip-puigberenguer\/wp-json\/wp\/v2\/pages\/9595","targetHints":{"allow":["GET"]}}],"collection":[{"href":"https:\/\/agora.xtec.cat\/ceip-puigberenguer\/wp-json\/wp\/v2\/pages"}],"about":[{"href":"https:\/\/agora.xtec.cat\/ceip-puigberenguer\/wp-json\/wp\/v2\/types\/page"}],"author":[{"embeddable":true,"href":"https:\/\/agora.xtec.cat\/ceip-puigberenguer\/wp-json\/wp\/v2\/users\/1"}],"replies":[{"embeddable":true,"href":"https:\/\/agora.xtec.cat\/ceip-puigberenguer\/wp-json\/wp\/v2\/comments?post=9595"}],"version-history":[{"count":3,"href":"https:\/\/agora.xtec.cat\/ceip-puigberenguer\/wp-json\/wp\/v2\/pages\/9595\/revisions"}],"predecessor-version":[{"id":9600,"href":"https:\/\/agora.xtec.cat\/ceip-puigberenguer\/wp-json\/wp\/v2\/pages\/9595\/revisions\/9600"}],"up":[{"embeddable":true,"href":"https:\/\/agora.xtec.cat\/ceip-puigberenguer\/wp-json\/wp\/v2\/pages\/9163"}],"wp:attachment":[{"href":"https:\/\/agora.xtec.cat\/ceip-puigberenguer\/wp-json\/wp\/v2\/media?parent=9595"}],"curies":[{"name":"wp","href":"https:\/\/api.w.org\/{rel}","templated":true}]}}