{"id":9290,"date":"2023-01-26T11:27:57","date_gmt":"2023-01-26T10:27:57","guid":{"rendered":"https:\/\/agora.xtec.cat\/ceip-puigberenguer\/?page_id=9290"},"modified":"2024-02-05T17:27:54","modified_gmt":"2024-02-05T16:27:54","slug":"comissio-de-coeducacio","status":"publish","type":"page","link":"https:\/\/agora.xtec.cat\/ceip-puigberenguer\/afa\/comunitat\/comissio-de-coeducacio\/","title":{"rendered":"Comissi\u00f3 de Coeducaci\u00f3"},"content":{"rendered":"<p>L&#8217;objectiu de la comissi\u00f3 de coeducaci\u00f3 \u00e9s seguir potenciant la igualtat real d&#8217;oportunitats treballant per abolir les desigualtats de g\u00e8nere i les actituds discriminat\u00f2ries per ra\u00f3 de classe, ra\u00e7a, sexe, orientaci\u00f3 sexual o identitat de g\u00e8nere a trav\u00e9s d&#8217;accions i activitats dirigides a les fam\u00edlies i treballant conjuntament amb el claustre de l&#8217;escola.<\/p>\n<p>Aquest curs hem engegat una activitat mensual de contacontes a l&#8217;espai imaginari de l&#8217;escola. Un petit grup de pares i mares de l&#8217;escola s\u00f3n els encarregats de dinamitzar les lectures de diferents contes que treballen tem\u00e0tiques de coeducaci\u00f3.<\/p>\n<p><a href=\"https:\/\/agora.xtec.cat\/ceip-puigberenguer\/wp-content\/uploads\/usu1000\/2024\/02\/WhatsApp-Image-2024-01-15-at-16.52.43.jpeg\"><img loading=\"lazy\" decoding=\"async\" class=\"alignnone wp-image-9852\" src=\"https:\/\/agora.xtec.cat\/ceip-puigberenguer\/wp-content\/uploads\/usu1000\/2024\/02\/WhatsApp-Image-2024-01-15-at-16.52.43-1024x768.jpeg\" alt=\"\" width=\"360\" height=\"270\" srcset=\"https:\/\/agora.xtec.cat\/ceip-puigberenguer\/wp-content\/uploads\/usu1000\/2024\/02\/WhatsApp-Image-2024-01-15-at-16.52.43-1024x768.jpeg 1024w, https:\/\/agora.xtec.cat\/ceip-puigberenguer\/wp-content\/uploads\/usu1000\/2024\/02\/WhatsApp-Image-2024-01-15-at-16.52.43-300x225.jpeg 300w, https:\/\/agora.xtec.cat\/ceip-puigberenguer\/wp-content\/uploads\/usu1000\/2024\/02\/WhatsApp-Image-2024-01-15-at-16.52.43-768x576.jpeg 768w, https:\/\/agora.xtec.cat\/ceip-puigberenguer\/wp-content\/uploads\/usu1000\/2024\/02\/WhatsApp-Image-2024-01-15-at-16.52.43-1536x1152.jpeg 1536w, https:\/\/agora.xtec.cat\/ceip-puigberenguer\/wp-content\/uploads\/usu1000\/2024\/02\/WhatsApp-Image-2024-01-15-at-16.52.43-200x150.jpeg 200w, https:\/\/agora.xtec.cat\/ceip-puigberenguer\/wp-content\/uploads\/usu1000\/2024\/02\/WhatsApp-Image-2024-01-15-at-16.52.43.jpeg 1600w\" sizes=\"auto, (max-width: 360px) 100vw, 360px\" \/>\u00a0 <\/a><a href=\"https:\/\/agora.xtec.cat\/ceip-puigberenguer\/wp-content\/uploads\/usu1000\/2024\/02\/WhatsApp-Image-2024-01-15-at-16.54.19.jpeg\"><img loading=\"lazy\" decoding=\"async\" class=\"alignnone wp-image-9853\" src=\"https:\/\/agora.xtec.cat\/ceip-puigberenguer\/wp-content\/uploads\/usu1000\/2024\/02\/WhatsApp-Image-2024-01-15-at-16.54.19-1024x768.jpeg\" alt=\"\" width=\"358\" height=\"268\" srcset=\"https:\/\/agora.xtec.cat\/ceip-puigberenguer\/wp-content\/uploads\/usu1000\/2024\/02\/WhatsApp-Image-2024-01-15-at-16.54.19-1024x768.jpeg 1024w, https:\/\/agora.xtec.cat\/ceip-puigberenguer\/wp-content\/uploads\/usu1000\/2024\/02\/WhatsApp-Image-2024-01-15-at-16.54.19-300x225.jpeg 300w, https:\/\/agora.xtec.cat\/ceip-puigberenguer\/wp-content\/uploads\/usu1000\/2024\/02\/WhatsApp-Image-2024-01-15-at-16.54.19-768x576.jpeg 768w, https:\/\/agora.xtec.cat\/ceip-puigberenguer\/wp-content\/uploads\/usu1000\/2024\/02\/WhatsApp-Image-2024-01-15-at-16.54.19-1536x1152.jpeg 1536w, https:\/\/agora.xtec.cat\/ceip-puigberenguer\/wp-content\/uploads\/usu1000\/2024\/02\/WhatsApp-Image-2024-01-15-at-16.54.19-200x150.jpeg 200w, https:\/\/agora.xtec.cat\/ceip-puigberenguer\/wp-content\/uploads\/usu1000\/2024\/02\/WhatsApp-Image-2024-01-15-at-16.54.19.jpeg 1600w\" sizes=\"auto, (max-width: 358px) 100vw, 358px\" \/><\/a><\/p>\n","protected":false},"excerpt":{"rendered":"<p>L&#8217;objectiu de la comissi\u00f3 de coeducaci\u00f3 \u00e9s seguir potenciant la igualtat real d&#8217;oportunitats treballant per abolir les desigualtats de g\u00e8nere i les actituds discriminat\u00f2ries per ra\u00f3 de classe, ra\u00e7a, sexe, orientaci\u00f3 sexual o identitat de g\u00e8nere a trav\u00e9s d&#8217;accions i activitats dirigides a les fam\u00edlies&hellip;  <a href=\"https:\/\/agora.xtec.cat\/ceip-puigberenguer\/afa\/comunitat\/comissio-de-coeducacio\/\" title=\"Read Comissi\u00f3 de Coeducaci\u00f3\">Llegeix m\u00e9s\u00bb<\/a><\/p>\n","protected":false},"author":16,"featured_media":0,"parent":7826,"menu_order":0,"comment_status":"closed","ping_status":"closed","template":"page-templates\/side-menu.php","meta":{"_bbp_topic_count":0,"_bbp_reply_count":0,"_bbp_total_topic_count":0,"_bbp_total_reply_count":0,"_bbp_voice_count":0,"_bbp_anonymous_reply_count":0,"_bbp_topic_count_hidden":0,"_bbp_reply_count_hidden":0,"_bbp_forum_subforum_count":0,"footnotes":""},"class_list":["post-9290","page","type-page","status-publish","hentry"],"post_mailing_queue_ids":[],"_links":{"self":[{"href":"https:\/\/agora.xtec.cat\/ceip-puigberenguer\/wp-json\/wp\/v2\/pages\/9290","targetHints":{"allow":["GET"]}}],"collection":[{"href":"https:\/\/agora.xtec.cat\/ceip-puigberenguer\/wp-json\/wp\/v2\/pages"}],"about":[{"href":"https:\/\/agora.xtec.cat\/ceip-puigberenguer\/wp-json\/wp\/v2\/types\/page"}],"author":[{"embeddable":true,"href":"https:\/\/agora.xtec.cat\/ceip-puigberenguer\/wp-json\/wp\/v2\/users\/16"}],"replies":[{"embeddable":true,"href":"https:\/\/agora.xtec.cat\/ceip-puigberenguer\/wp-json\/wp\/v2\/comments?post=9290"}],"version-history":[{"count":5,"href":"https:\/\/agora.xtec.cat\/ceip-puigberenguer\/wp-json\/wp\/v2\/pages\/9290\/revisions"}],"predecessor-version":[{"id":9859,"href":"https:\/\/agora.xtec.cat\/ceip-puigberenguer\/wp-json\/wp\/v2\/pages\/9290\/revisions\/9859"}],"up":[{"embeddable":true,"href":"https:\/\/agora.xtec.cat\/ceip-puigberenguer\/wp-json\/wp\/v2\/pages\/7826"}],"wp:attachment":[{"href":"https:\/\/agora.xtec.cat\/ceip-puigberenguer\/wp-json\/wp\/v2\/media?parent=9290"}],"curies":[{"name":"wp","href":"https:\/\/api.w.org\/{rel}","templated":true}]}}