{"id":7826,"date":"2021-02-26T18:53:08","date_gmt":"2021-02-26T17:53:08","guid":{"rendered":"http:\/\/agora.xtec.cat\/ceip-puigberenguer\/?page_id=7826"},"modified":"2025-08-14T11:15:37","modified_gmt":"2025-08-14T09:15:37","slug":"comunitat","status":"publish","type":"page","link":"https:\/\/agora.xtec.cat\/ceip-puigberenguer\/afa\/comunitat\/","title":{"rendered":"Comunitat"},"content":{"rendered":"<p>Aquest \u00e0mbit t\u00e9 per objectiu establir un espai de <strong>suport i comunicaci\u00f3 entre les fam\u00edlies<\/strong> que conviuen al centre. Aix\u00ed com dinamitzar la seva participaci\u00f3 en la vida escolar a trav\u00e9s de les seves comissions.<\/p>\n<p>Estem orgullosos de pert\u00e0nyer a la comunitat educativa de l&#8217;escola Puigberenguer i per aix\u00f2 volem seguir fent equip, compartint, rient, valorant-nos, somiant, creixent\u2026<\/p>\n<table class=\" aligncenter\" style=\"width: 95.2839%; height: 37px;\">\n<tbody>\n<tr>\n<td style=\"width: 17.9074%;\"><a href=\"https:\/\/agora.xtec.cat\/ceip-puigberenguer\/afa\/comunitat\/comissio-de-coeducacio\/\">Comissi\u00f3 de Coeducaci\u00f3<\/a><\/td>\n<td style=\"width: 14.2857%;\"><a href=\"https:\/\/agora.xtec.cat\/ceip-puigberenguer\/afa\/comissions\/comissio-de-festes\/\">Comissi\u00f3 de Festes<\/a><\/td>\n<td style=\"width: 18.008%;\"><a href=\"https:\/\/agora.xtec.cat\/ceip-puigberenguer\/afa\/comissions\/comissio-de-carnestoltes\/\">Comissi\u00f3 de Carnestoltes<\/a><\/td>\n<td style=\"width: 16.8008%;\"><a href=\"https:\/\/agora.xtec.cat\/ceip-puigberenguer\/afa\/comissions\/comissio-de-gegants\/\">Comissi\u00f3 de Gegants<\/a><\/td>\n<\/tr>\n<\/tbody>\n<\/table>\n","protected":false},"excerpt":{"rendered":"<p>Aquest \u00e0mbit t\u00e9 per objectiu establir un espai de suport i comunicaci\u00f3 entre les fam\u00edlies que conviuen al centre. Aix\u00ed com dinamitzar la seva participaci\u00f3 en la vida escolar a trav\u00e9s de les seves comissions.<br \/>\nEstem orgullosos de pert\u00e0nyer a la comunitat educativa de l&#8217;escola Puigberenguer&hellip;  <a href=\"https:\/\/agora.xtec.cat\/ceip-puigberenguer\/afa\/comunitat\/\" title=\"Read Comunitat\">Llegeix m\u00e9s\u00bb<\/a><\/p>\n","protected":false},"author":16,"featured_media":0,"parent":481,"menu_order":0,"comment_status":"closed","ping_status":"closed","template":"page-templates\/side-menu.php","meta":{"_bbp_topic_count":0,"_bbp_reply_count":0,"_bbp_total_topic_count":0,"_bbp_total_reply_count":0,"_bbp_voice_count":0,"_bbp_anonymous_reply_count":0,"_bbp_topic_count_hidden":0,"_bbp_reply_count_hidden":0,"_bbp_forum_subforum_count":0,"footnotes":""},"class_list":["post-7826","page","type-page","status-publish","hentry"],"post_mailing_queue_ids":[],"_links":{"self":[{"href":"https:\/\/agora.xtec.cat\/ceip-puigberenguer\/wp-json\/wp\/v2\/pages\/7826","targetHints":{"allow":["GET"]}}],"collection":[{"href":"https:\/\/agora.xtec.cat\/ceip-puigberenguer\/wp-json\/wp\/v2\/pages"}],"about":[{"href":"https:\/\/agora.xtec.cat\/ceip-puigberenguer\/wp-json\/wp\/v2\/types\/page"}],"author":[{"embeddable":true,"href":"https:\/\/agora.xtec.cat\/ceip-puigberenguer\/wp-json\/wp\/v2\/users\/16"}],"replies":[{"embeddable":true,"href":"https:\/\/agora.xtec.cat\/ceip-puigberenguer\/wp-json\/wp\/v2\/comments?post=7826"}],"version-history":[{"count":5,"href":"https:\/\/agora.xtec.cat\/ceip-puigberenguer\/wp-json\/wp\/v2\/pages\/7826\/revisions"}],"predecessor-version":[{"id":10554,"href":"https:\/\/agora.xtec.cat\/ceip-puigberenguer\/wp-json\/wp\/v2\/pages\/7826\/revisions\/10554"}],"up":[{"embeddable":true,"href":"https:\/\/agora.xtec.cat\/ceip-puigberenguer\/wp-json\/wp\/v2\/pages\/481"}],"wp:attachment":[{"href":"https:\/\/agora.xtec.cat\/ceip-puigberenguer\/wp-json\/wp\/v2\/media?parent=7826"}],"curies":[{"name":"wp","href":"https:\/\/api.w.org\/{rel}","templated":true}]}}