{"id":73,"date":"2014-09-18T14:01:51","date_gmt":"2014-09-18T12:01:51","guid":{"rendered":"http:\/\/agora.xtec.cat\/ceip-puigberenguer\/\/?page_id=73"},"modified":"2026-04-03T18:55:44","modified_gmt":"2026-04-03T16:55:44","slug":"menjador-escolar","status":"publish","type":"page","link":"https:\/\/agora.xtec.cat\/ceip-puigberenguer\/lescola\/menjador-escolar\/","title":{"rendered":"Menjador"},"content":{"rendered":"<h2>Men\u00fa per a imprimir<\/h2>\n<p>Cliqueu l&#8217;enlla\u00e7 del mes actual, per a descarregar-vos els \u00faltims <strong>MEN\u00daS<\/strong>.<\/p>\n<table style=\"width: 34.2477%; height: 66px;\">\n<tbody>\n<tr style=\"height: 33px;\">\n<td style=\"height: 33px;\"><a href=\"https:\/\/agora.xtec.cat\/ceip-puigberenguer\/wp-content\/uploads\/usu1000\/2025\/09\/Menus-setembre_basal-i-sense-carn.pdf\">SETEMBRE<\/a><\/td>\n<td style=\"height: 33px;\"><a href=\"https:\/\/agora.xtec.cat\/ceip-puigberenguer\/wp-content\/uploads\/usu1000\/2025\/09\/Menus-octubre.pdf\">OCTUBRE<\/a><\/td>\n<td style=\"height: 33px;\"><a href=\"https:\/\/agora.xtec.cat\/ceip-puigberenguer\/wp-content\/uploads\/usu1000\/2025\/10\/MENUS-NOVEMBRE-2025.pdf\">NOVEMBRE<\/a><\/td>\n<td style=\"height: 33px;\"><a href=\"https:\/\/agora.xtec.cat\/ceip-puigberenguer\/wp-content\/uploads\/usu1000\/2025\/11\/Menus-desembre-25-web.pdf\">DESEMBRE<\/a><\/td>\n<td style=\"height: 33px;\"><a href=\"https:\/\/agora.xtec.cat\/ceip-puigberenguer\/wp-content\/uploads\/usu1000\/2026\/01\/Menu-gener-2026.pdf\">GENER<\/a><\/td>\n<\/tr>\n<tr style=\"height: 33px;\">\n<td style=\"height: 33px;\"><a href=\"https:\/\/agora.xtec.cat\/ceip-puigberenguer\/wp-content\/uploads\/usu1000\/2026\/01\/Menu-febrer-2026.pdf\">FEBRER<\/a><\/td>\n<td style=\"height: 33px;\"><a href=\"https:\/\/agora.xtec.cat\/ceip-puigberenguer\/wp-content\/uploads\/usu1000\/2026\/02\/Menu-Marc-2026-web.pdf\">MAR\u00c7<\/a><\/td>\n<td style=\"height: 33px;\"><a href=\"https:\/\/agora.xtec.cat\/ceip-puigberenguer\/wp-content\/uploads\/usu1000\/2026\/04\/Menus-abril-per-web.pdf\">ABRIL<\/a><\/td>\n<td style=\"height: 33px;\">MAIG<\/td>\n<td style=\"height: 33px;\">JUNY<\/td>\n<\/tr>\n<\/tbody>\n<\/table>\n<h2>Activitats mensuals de l&#8217;Espai de Migdia:<\/h2>\n<table style=\"width: 375px;\">\n<tbody>\n<tr>\n<td style=\"width: 80px;\"><a href=\"https:\/\/agora.xtec.cat\/ceip-puigberenguer\/wp-content\/uploads\/usu1000\/2025\/09\/ACTVITATS-SETEMBRE25.pdf\">Setembre<\/a><\/td>\n<td style=\"width: 69px;\"><a href=\"https:\/\/agora.xtec.cat\/ceip-puigberenguer\/wp-content\/uploads\/usu1000\/2025\/09\/ACTIVITATS-OCTUBRE-2025_compressed.pdf\">Octubre<\/a><\/td>\n<td style=\"width: 84px;\"><a href=\"https:\/\/agora.xtec.cat\/ceip-puigberenguer\/wp-content\/uploads\/usu1000\/2025\/10\/ACTIVITATS-NOVEMBRE-2025.pdf\">Novembre<\/a><\/td>\n<td style=\"width: 84px;\"><a href=\"https:\/\/agora.xtec.cat\/ceip-puigberenguer\/wp-content\/uploads\/usu1000\/2025\/11\/ACTIVITATS-DESEMBRE-2025.pdf\">Desembre<\/a><\/td>\n<td style=\"width: 58px;\"><a href=\"https:\/\/agora.xtec.cat\/ceip-puigberenguer\/wp-content\/uploads\/usu1000\/2026\/01\/ACTIVITATS-GENER-2026.pdf\">Gener<\/a><\/td>\n<\/tr>\n<tr>\n<td style=\"width: 80px;\"><a href=\"https:\/\/agora.xtec.cat\/ceip-puigberenguer\/wp-content\/uploads\/usu1000\/2026\/01\/ACTIVITATS-GENER-2026-1.pdf\">Febrer<\/a><\/td>\n<td style=\"width: 69px;\"><a href=\"https:\/\/agora.xtec.cat\/ceip-puigberenguer\/wp-content\/uploads\/usu1000\/2026\/02\/ACTIVITATS-MARC-26.pdf\">Mar\u00e7<\/a><\/td>\n<td style=\"width: 84px;\"><a href=\"https:\/\/agora.xtec.cat\/ceip-puigberenguer\/wp-content\/uploads\/usu1000\/2026\/04\/ACTIVITATS-ABRIL-2026.pdf\">Abril<\/a><\/td>\n<td style=\"width: 84px;\">Maig<\/td>\n<td style=\"width: 58px;\">Juny<\/td>\n<\/tr>\n<\/tbody>\n<\/table>\n<p>&nbsp;<\/p>\n<h2><\/h2>\n<h2>El Menjador del Puigberenguer<\/h2>\n<p style=\"text-align: justify;\">L&#8217;escola Puigberenguer \u00e9s de les poques escoles de Manresa que compta amb un servei de cuina propi, amb un equip de cuineres, que prepara cada dia un men\u00fa equilibrat i sa per als nens i les nenes que es queden a dinar.<\/p>\n<p>Els men\u00fas contenen aliments ecol\u00f2gics i de proximitat i s\u00f3n variats i equilibrats, i revisats pel Departament de Salut, dins el <a href=\"http:\/\/salutweb.gencat.cat\/ca\/ambits_tematics\/per_perfils\/centres_educatius\/menus_escolars\/programa_revisioprogramacions_menusescolars\">Programa de revisi\u00f3 de programacions de men\u00fas escolars a Catalunya (PReME)<\/a>.<\/p>\n<h3>El menjador i \u00e0rea de descans dels m\u00e9s petits i petites<\/h3>\n<ul>\n<li style=\"text-align: justify;\">Les nenes i els nens\u00a0 d&#8217;I3\u00a0 disposen d\u2019un espai de migdia on hi fan l&#8217;\u00e0pat i, en acabar, es converteix en zona de descans.<\/li>\n<li style=\"text-align: justify;\">Els alumnes d&#8217;I4 i I5, despr\u00e9s de dinar, fan una estona de transici\u00f3 a les aules (higiene, relaxaci\u00f3&#8230;), i despr\u00e9s poden gaudir de les activitats programades mensualment i que es realitzen a l&#8217;exterior (en cas de pluja, romanen a les aules).<\/li>\n<\/ul>\n<h3>El menjador dels i les grans<\/h3>\n<ul>\n<li style=\"text-align: justify;\">Els i les alumnes m\u00e9s grans dinen agrupats\/des per cursos.<\/li>\n<li style=\"text-align: justify;\">Despr\u00e9s de dinar poden escollir entre fer activitats dirigides per les monitores, o b\u00e9 jugar al pati lliurement, sota la supervisi\u00f3 de les monitores, seguint tamb\u00e9 la programaci\u00f3 mensual d&#8217;activitats.<\/li>\n<\/ul>\n\r\n\t<div class=\"slideshow_container slideshow_container_style-light\" style=\"height: 400px; \" data-slideshow-id=\"9820\" data-style-name=\"style-light\" data-style-version=\"2.3.1\" >\r\n\r\n\t\t\t\t\t<div class=\"slideshow_loading_icon\"><\/div>\r\n\t\t\r\n\t\t<div class=\"slideshow_content\" style=\"display: none;\">\r\n\r\n\t\t\t<div class=\"slideshow_view\">\r\n\t\t\t\t<div class=\"slideshow_slide slideshow_slide_image\">\r\n\t\t\t\t\t\t\t\t\t\t\t<img src=\"https:\/\/agora.xtec.cat\/ceip-puigberenguer\/wp-content\/uploads\/usu1000\/2024\/01\/WhatsApp-Image-2024-01-25-at-17.00.21.jpeg\" alt=\"WhatsApp Image 2024-01-25 at 17.00.21\" width=\"1530\" height=\"2040\" \/>\r\n\t\t\t\t\t\t\t\t\t\t<div class=\"slideshow_description_box slideshow_transparent\">\r\n\t\t\t\t\t\t<div class=\"slideshow_title\">WhatsApp Image 2024-01-25 at 17.00.21<\/div>\t\t\t\t\t\t\t\t\t\t\t<\/div>\r\n\t\t\t\t<\/div>\r\n\r\n\t\t\t\t\t\t<div style=\"clear: both;\"><\/div><\/div><div class=\"slideshow_view\">\r\n\t\t\t\t<div class=\"slideshow_slide slideshow_slide_image\">\r\n\t\t\t\t\t\t\t\t\t\t\t<img src=\"https:\/\/agora.xtec.cat\/ceip-puigberenguer\/wp-content\/uploads\/usu1000\/2024\/01\/WhatsApp-Image-2024-01-25-at-17.00.20.jpeg\" alt=\"WhatsApp Image 2024-01-25 at 17.00.20\" width=\"1564\" height=\"1495\" \/>\r\n\t\t\t\t\t\t\t\t\t\t<div class=\"slideshow_description_box slideshow_transparent\">\r\n\t\t\t\t\t\t<div class=\"slideshow_title\">WhatsApp Image 2024-01-25 at 17.00.20<\/div>\t\t\t\t\t\t\t\t\t\t\t<\/div>\r\n\t\t\t\t<\/div>\r\n\r\n\t\t\t\t\t\t<div style=\"clear: both;\"><\/div><\/div><div class=\"slideshow_view\">\r\n\t\t\t\t<div class=\"slideshow_slide slideshow_slide_image\">\r\n\t\t\t\t\t\t\t\t\t\t\t<img src=\"https:\/\/agora.xtec.cat\/ceip-puigberenguer\/wp-content\/uploads\/usu1000\/2024\/01\/WhatsApp-Image-2024-01-25-at-17.00.20-4.jpeg\" alt=\"WhatsApp Image 2024-01-25 at 17.00.20 (4)\" width=\"1200\" height=\"1600\" \/>\r\n\t\t\t\t\t\t\t\t\t\t<div class=\"slideshow_description_box slideshow_transparent\">\r\n\t\t\t\t\t\t<div class=\"slideshow_title\">WhatsApp Image 2024-01-25 at 17.00.20 (4)<\/div>\t\t\t\t\t\t\t\t\t\t\t<\/div>\r\n\t\t\t\t<\/div>\r\n\r\n\t\t\t\t\t\t<div style=\"clear: both;\"><\/div><\/div><div class=\"slideshow_view\">\r\n\t\t\t\t<div class=\"slideshow_slide slideshow_slide_image\">\r\n\t\t\t\t\t\t\t\t\t\t\t<img src=\"https:\/\/agora.xtec.cat\/ceip-puigberenguer\/wp-content\/uploads\/usu1000\/2024\/01\/WhatsApp-Image-2024-01-25-at-17.00.20-3.jpeg\" alt=\"WhatsApp Image 2024-01-25 at 17.00.20 (3)\" width=\"1200\" height=\"1600\" \/>\r\n\t\t\t\t\t\t\t\t\t\t<div class=\"slideshow_description_box slideshow_transparent\">\r\n\t\t\t\t\t\t<div class=\"slideshow_title\">WhatsApp Image 2024-01-25 at 17.00.20 (3)<\/div>\t\t\t\t\t\t\t\t\t\t\t<\/div>\r\n\t\t\t\t<\/div>\r\n\r\n\t\t\t\t\t\t<div style=\"clear: both;\"><\/div><\/div><div class=\"slideshow_view\">\r\n\t\t\t\t<div class=\"slideshow_slide slideshow_slide_image\">\r\n\t\t\t\t\t\t\t\t\t\t\t<img src=\"https:\/\/agora.xtec.cat\/ceip-puigberenguer\/wp-content\/uploads\/usu1000\/2024\/01\/WhatsApp-Image-2024-01-25-at-17.00.20-2.jpeg\" alt=\"WhatsApp Image 2024-01-25 at 17.00.20 (2)\" width=\"1200\" height=\"1600\" \/>\r\n\t\t\t\t\t\t\t\t\t\t<div class=\"slideshow_description_box slideshow_transparent\">\r\n\t\t\t\t\t\t<div class=\"slideshow_title\">WhatsApp Image 2024-01-25 at 17.00.20 (2)<\/div>\t\t\t\t\t\t\t\t\t\t\t<\/div>\r\n\t\t\t\t<\/div>\r\n\r\n\t\t\t\t\t\t<div style=\"clear: both;\"><\/div><\/div><div class=\"slideshow_view\">\r\n\t\t\t\t<div class=\"slideshow_slide slideshow_slide_image\">\r\n\t\t\t\t\t\t\t\t\t\t\t<img src=\"https:\/\/agora.xtec.cat\/ceip-puigberenguer\/wp-content\/uploads\/usu1000\/2024\/01\/WhatsApp-Image-2024-01-25-at-17.00.20-1.jpeg\" alt=\"WhatsApp Image 2024-01-25 at 17.00.20 (1)\" width=\"1200\" height=\"1600\" \/>\r\n\t\t\t\t\t\t\t\t\t\t<div class=\"slideshow_description_box slideshow_transparent\">\r\n\t\t\t\t\t\t<div class=\"slideshow_title\">WhatsApp Image 2024-01-25 at 17.00.20 (1)<\/div>\t\t\t\t\t\t\t\t\t\t\t<\/div>\r\n\t\t\t\t<\/div>\r\n\r\n\t\t\t\t\t\t<div style=\"clear: both;\"><\/div><\/div><div class=\"slideshow_view\">\r\n\t\t\t\t<div class=\"slideshow_slide slideshow_slide_image\">\r\n\t\t\t\t\t\t\t\t\t\t\t<img src=\"https:\/\/agora.xtec.cat\/ceip-puigberenguer\/wp-content\/uploads\/usu1000\/2024\/01\/WhatsApp-Image-2024-01-25-at-17.00.19.jpeg\" alt=\"WhatsApp Image 2024-01-25 at 17.00.19\" width=\"1482\" height=\"1033\" \/>\r\n\t\t\t\t\t\t\t\t\t\t<div class=\"slideshow_description_box slideshow_transparent\">\r\n\t\t\t\t\t\t<div class=\"slideshow_title\">WhatsApp Image 2024-01-25 at 17.00.19<\/div>\t\t\t\t\t\t\t\t\t\t\t<\/div>\r\n\t\t\t\t<\/div>\r\n\r\n\t\t\t\t\t\t<div style=\"clear: both;\"><\/div><\/div><div class=\"slideshow_view\">\r\n\t\t\t\t<div class=\"slideshow_slide slideshow_slide_image\">\r\n\t\t\t\t\t\t\t\t\t\t\t<img src=\"https:\/\/agora.xtec.cat\/ceip-puigberenguer\/wp-content\/uploads\/usu1000\/2024\/01\/WhatsApp-Image-2024-01-25-at-17.00.19-3.jpeg\" alt=\"WhatsApp Image 2024-01-25 at 17.00.19 (3)\" width=\"1200\" height=\"1600\" \/>\r\n\t\t\t\t\t\t\t\t\t\t<div class=\"slideshow_description_box slideshow_transparent\">\r\n\t\t\t\t\t\t<div class=\"slideshow_title\">WhatsApp Image 2024-01-25 at 17.00.19 (3)<\/div>\t\t\t\t\t\t\t\t\t\t\t<\/div>\r\n\t\t\t\t<\/div>\r\n\r\n\t\t\t\t\t\t<div style=\"clear: both;\"><\/div><\/div><div class=\"slideshow_view\">\r\n\t\t\t\t<div class=\"slideshow_slide slideshow_slide_image\">\r\n\t\t\t\t\t\t\t\t\t\t\t<img src=\"https:\/\/agora.xtec.cat\/ceip-puigberenguer\/wp-content\/uploads\/usu1000\/2024\/01\/WhatsApp-Image-2024-01-25-at-17.00.19-2.jpeg\" alt=\"WhatsApp Image 2024-01-25 at 17.00.19 (2)\" width=\"1536\" height=\"2048\" \/>\r\n\t\t\t\t\t\t\t\t\t\t<div class=\"slideshow_description_box slideshow_transparent\">\r\n\t\t\t\t\t\t<div class=\"slideshow_title\">WhatsApp Image 2024-01-25 at 17.00.19 (2)<\/div>\t\t\t\t\t\t\t\t\t\t\t<\/div>\r\n\t\t\t\t<\/div>\r\n\r\n\t\t\t\t\t\t<div style=\"clear: both;\"><\/div><\/div><div class=\"slideshow_view\">\r\n\t\t\t\t<div class=\"slideshow_slide slideshow_slide_image\">\r\n\t\t\t\t\t\t\t\t\t\t\t<img src=\"https:\/\/agora.xtec.cat\/ceip-puigberenguer\/wp-content\/uploads\/usu1000\/2024\/01\/WhatsApp-Image-2024-01-25-at-17.00.19-1.jpeg\" alt=\"WhatsApp Image 2024-01-25 at 17.00.19 (1)\" width=\"1200\" height=\"1600\" \/>\r\n\t\t\t\t\t\t\t\t\t\t<div class=\"slideshow_description_box slideshow_transparent\">\r\n\t\t\t\t\t\t<div class=\"slideshow_title\">WhatsApp Image 2024-01-25 at 17.00.19 (1)<\/div>\t\t\t\t\t\t\t\t\t\t\t<\/div>\r\n\t\t\t\t<\/div>\r\n\r\n\t\t\t\t\t\t<div style=\"clear: both;\"><\/div><\/div><div class=\"slideshow_view\">\r\n\t\t\t\t<div class=\"slideshow_slide slideshow_slide_image\">\r\n\t\t\t\t\t\t\t\t\t\t\t<img src=\"https:\/\/agora.xtec.cat\/ceip-puigberenguer\/wp-content\/uploads\/usu1000\/2024\/01\/WhatsApp-Image-2024-01-25-at-17.00.18.jpeg\" alt=\"WhatsApp Image 2024-01-25 at 17.00.18\" width=\"1200\" height=\"1600\" \/>\r\n\t\t\t\t\t\t\t\t\t\t<div class=\"slideshow_description_box slideshow_transparent\">\r\n\t\t\t\t\t\t<div class=\"slideshow_title\">WhatsApp Image 2024-01-25 at 17.00.18<\/div>\t\t\t\t\t\t\t\t\t\t\t<\/div>\r\n\t\t\t\t<\/div>\r\n\r\n\t\t\t\t\t\t<div style=\"clear: both;\"><\/div><\/div><div class=\"slideshow_view\">\r\n\t\t\t\t<div class=\"slideshow_slide slideshow_slide_image\">\r\n\t\t\t\t\t\t\t\t\t\t\t<img src=\"https:\/\/agora.xtec.cat\/ceip-puigberenguer\/wp-content\/uploads\/usu1000\/2024\/01\/WhatsApp-Image-2024-01-25-at-17.00.18-3.jpeg\" alt=\"WhatsApp Image 2024-01-25 at 17.00.18 (3)\" width=\"1600\" height=\"1200\" \/>\r\n\t\t\t\t\t\t\t\t\t\t<div class=\"slideshow_description_box slideshow_transparent\">\r\n\t\t\t\t\t\t<div class=\"slideshow_title\">WhatsApp Image 2024-01-25 at 17.00.18 (3)<\/div>\t\t\t\t\t\t\t\t\t\t\t<\/div>\r\n\t\t\t\t<\/div>\r\n\r\n\t\t\t\t\t\t<div style=\"clear: both;\"><\/div><\/div><div class=\"slideshow_view\">\r\n\t\t\t\t<div class=\"slideshow_slide slideshow_slide_image\">\r\n\t\t\t\t\t\t\t\t\t\t\t<img src=\"https:\/\/agora.xtec.cat\/ceip-puigberenguer\/wp-content\/uploads\/usu1000\/2024\/01\/WhatsApp-Image-2024-01-25-at-17.00.18-2.jpeg\" alt=\"WhatsApp Image 2024-01-25 at 17.00.18 (2)\" width=\"1500\" height=\"2000\" \/>\r\n\t\t\t\t\t\t\t\t\t\t<div class=\"slideshow_description_box slideshow_transparent\">\r\n\t\t\t\t\t\t<div class=\"slideshow_title\">WhatsApp Image 2024-01-25 at 17.00.18 (2)<\/div>\t\t\t\t\t\t\t\t\t\t\t<\/div>\r\n\t\t\t\t<\/div>\r\n\r\n\t\t\t\t\t\t<div style=\"clear: both;\"><\/div><\/div><div class=\"slideshow_view\">\r\n\t\t\t\t<div class=\"slideshow_slide slideshow_slide_image\">\r\n\t\t\t\t\t\t\t\t\t\t\t<img src=\"https:\/\/agora.xtec.cat\/ceip-puigberenguer\/wp-content\/uploads\/usu1000\/2024\/01\/WhatsApp-Image-2024-01-25-at-17.00.18-1.jpeg\" alt=\"WhatsApp Image 2024-01-25 at 17.00.18 (1)\" width=\"1728\" height=\"1192\" \/>\r\n\t\t\t\t\t\t\t\t\t\t<div class=\"slideshow_description_box slideshow_transparent\">\r\n\t\t\t\t\t\t<div class=\"slideshow_title\">WhatsApp Image 2024-01-25 at 17.00.18 (1)<\/div>\t\t\t\t\t\t\t\t\t\t\t<\/div>\r\n\t\t\t\t<\/div>\r\n\r\n\t\t\t\t\t\t<div style=\"clear: both;\"><\/div><\/div><div class=\"slideshow_view\">\r\n\t\t\t\t<div class=\"slideshow_slide slideshow_slide_image\">\r\n\t\t\t\t\t\t\t\t\t\t\t<img src=\"https:\/\/agora.xtec.cat\/ceip-puigberenguer\/wp-content\/uploads\/usu1000\/2024\/01\/WhatsApp-Image-2024-01-25-at-17.00.17.jpeg\" alt=\"WhatsApp Image 2024-01-25 at 17.00.17\" width=\"1600\" height=\"1200\" \/>\r\n\t\t\t\t\t\t\t\t\t\t<div class=\"slideshow_description_box slideshow_transparent\">\r\n\t\t\t\t\t\t<div class=\"slideshow_title\">WhatsApp Image 2024-01-25 at 17.00.17<\/div>\t\t\t\t\t\t\t\t\t\t\t<\/div>\r\n\t\t\t\t<\/div>\r\n\r\n\t\t\t\t\t\t<div style=\"clear: both;\"><\/div><\/div><div class=\"slideshow_view\">\r\n\t\t\t\t<div class=\"slideshow_slide slideshow_slide_image\">\r\n\t\t\t\t\t\t\t\t\t\t\t<img src=\"https:\/\/agora.xtec.cat\/ceip-puigberenguer\/wp-content\/uploads\/usu1000\/2024\/01\/WhatsApp-Image-2024-01-25-at-17.00.17-2.jpeg\" alt=\"WhatsApp Image 2024-01-25 at 17.00.17 (2)\" width=\"1200\" height=\"1600\" \/>\r\n\t\t\t\t\t\t\t\t\t\t<div class=\"slideshow_description_box slideshow_transparent\">\r\n\t\t\t\t\t\t<div class=\"slideshow_title\">WhatsApp Image 2024-01-25 at 17.00.17 (2)<\/div>\t\t\t\t\t\t\t\t\t\t\t<\/div>\r\n\t\t\t\t<\/div>\r\n\r\n\t\t\t\t\t\t<div style=\"clear: both;\"><\/div><\/div><div class=\"slideshow_view\">\r\n\t\t\t\t<div class=\"slideshow_slide slideshow_slide_image\">\r\n\t\t\t\t\t\t\t\t\t\t\t<img src=\"https:\/\/agora.xtec.cat\/ceip-puigberenguer\/wp-content\/uploads\/usu1000\/2024\/01\/WhatsApp-Image-2024-01-25-at-17.00.17-1.jpeg\" alt=\"WhatsApp Image 2024-01-25 at 17.00.17 (1)\" width=\"1200\" height=\"1600\" \/>\r\n\t\t\t\t\t\t\t\t\t\t<div class=\"slideshow_description_box slideshow_transparent\">\r\n\t\t\t\t\t\t<div class=\"slideshow_title\">WhatsApp Image 2024-01-25 at 17.00.17 (1)<\/div>\t\t\t\t\t\t\t\t\t\t\t<\/div>\r\n\t\t\t\t<\/div>\r\n\r\n\t\t\t\t\t\t<div style=\"clear: both;\"><\/div><\/div>\r\n\t\t<\/div>\r\n\r\n\t\t<div class=\"slideshow_controlPanel slideshow_transparent\" style=\"display: none;\"><ul><li class=\"slideshow_togglePlay\" data-play-text=\"Visualitza\" data-pause-text=\"Pausa\"><\/li><\/ul><\/div>\r\n\r\n\t\t<div class=\"slideshow_button slideshow_previous slideshow_transparent\" role=\"button\" data-previous-text=\"Anterior\" style=\"display: none;\"><\/div>\r\n\t\t<div class=\"slideshow_button slideshow_next slideshow_transparent\" role=\"button\" data-next-text=\"Seg\u00fcent\" style=\"display: none;\"><\/div>\r\n\r\n\t\t<div class=\"slideshow_pagination\" style=\"display: none;\" data-go-to-text=\"V\u00e9s a la diapositiva\"><div class=\"slideshow_pagination_center\"><\/div><\/div>\r\n\r\n\t\t<!-- WordPress Slideshow Version 2.3.1 -->\r\n\r\n\t\t\t<\/div>\r\n\r\n\n<h2>Normes del Servei de Menjador<\/h2>\n<p style=\"text-align: justify;\">Les fam\u00edlies hauran de comprar i validar els tiquets utilitzant l&#8217;app o la web <a href=\"http:\/\/agora.xtec.cat\/ceip-puigberenguer\/ampa\/tpvescola\/\">TPVEscola.<\/a> Cada alumne\/a que es quedi a dinar, haur\u00e0 de validar el tiquet <strong>abans de a les 9.30h del mat\u00ed<\/strong>. Si alg\u00fa es descuida de validar o desvalidar el tiquet, haur\u00e0 de trucar a l&#8217;escola el mateix dia abans de les 11h.<\/p>\n<p style=\"text-align: justify;\">Els tiquets es podran comprar des de l&#8217;app o web de TPVEscola nom\u00e9s amb targeta de cr\u00e8dit.<\/p>\n<p style=\"text-align: justify;\">A la p\u00e0gina <a href=\"http:\/\/agora.xtec.cat\/ceip-puigberenguer\/ampa\/tpvescola\/\">TPVEscola<\/a>, trobareu ajuda detallada de com comprar, validar i desvalidar tiquets.<\/p>\n<h4>Alumnes becats:<\/h4>\n<p>Els alumnes becats, se&#8217;ls carregaran els tiquets becats a l&#8217;aplicaci\u00f3 de TPVEscola.<\/p>\n<p>Si tenen beca del 50% podran comprar tiquets a meitat de preu.<\/p>\n<p>Si tenen beca 50% compactada, podran validar un m\u00e0xim de 3 tiquets becats per setmana. Si desitgen quedar-se m\u00e9s dies, caldr\u00e0 que comprin tiquets no becats a preu normal.<\/p>\n<p>&nbsp;<\/p>\n<p><strong>El preu de cada tiquet pel curs 2025<\/strong><strong>\/26 \u00e9s de 6,50 \u20ac<\/strong>. El preu ha estat ajustat al m\u00e0xim per la comissi\u00f3 de menjador i aprovat en Consell Escolar, i inclou el dinar i el servei de monitors de menjador, entre les 12:30h i les 15:00h (de 13:00h a 15:00h els dies de jornada intensiva).<\/p>\n<p>Es poden comprar tiquets i marcar els dies que els alumnes es queden a dinar utilitzant l&#8217;aplicaci\u00f3 <a href=\"http:\/\/agora.xtec.cat\/ceip-puigberenguer\/afa\/tpvescola\/\">TPVEscola.<\/a><\/p>\n<p>Si un alumne que faci \u00fas del servei de menjador ha de sortir de l\u2019escola en el temps compr\u00e8s entre les 12.30 i les 15.00 h, cal que porti la conformitat dels pares per escrit.<\/p>\n<p>Si algun alumne pat\u00eds dificultats en l\u2019adaptaci\u00f3 al menjador, la fam\u00edlia ser\u00e0 avisada per tel\u00e8fon o b\u00e9 per correu electr\u00f2nic.<\/p>\n<p><strong><em>El menjador no fa men\u00fas de r\u00e8gim ni d\u00f3na medicacions.<\/em><\/strong><\/p>\n<p>Cal <strong>comunicar<\/strong> al servei de menjador si algun nen t\u00e9 alguna <strong>intoler\u00e0ncia o al\u00b7l\u00e8rgia<\/strong>, per a que es tingui en compte a l&#8217;hora de dinar.<\/p>\n<p>Per parlar amb la <strong>Joana<\/strong>, la coordinadora d\u2019aquest servei, podeu trucar tots els matins <strong>de 9 a 10<\/strong> al tel\u00e8fon: 938787125<\/p>\n<p>Durant el primer trimestre es donaran uns impresos per tal d&#8217;autoritzar als germans grans a recollir els petits i marxar sols cap a casa amb la responsabilitat de la fam\u00edlia en els dies de la jornada intensiva.<\/p>\n<p>&nbsp;<\/p>\n<p><img loading=\"lazy\" decoding=\"async\" class=\"aligncenter wp-image-10611 size-full\" src=\"https:\/\/agora.xtec.cat\/ceip-puigberenguer\/wp-content\/uploads\/usu1000\/2025\/10\/EQUIP-ESPAI-MIGDIA-25-26-1.jpg\" alt=\"\" width=\"1748\" height=\"1240\" srcset=\"https:\/\/agora.xtec.cat\/ceip-puigberenguer\/wp-content\/uploads\/usu1000\/2025\/10\/EQUIP-ESPAI-MIGDIA-25-26-1.jpg 1748w, https:\/\/agora.xtec.cat\/ceip-puigberenguer\/wp-content\/uploads\/usu1000\/2025\/10\/EQUIP-ESPAI-MIGDIA-25-26-1-300x213.jpg 300w, https:\/\/agora.xtec.cat\/ceip-puigberenguer\/wp-content\/uploads\/usu1000\/2025\/10\/EQUIP-ESPAI-MIGDIA-25-26-1-1024x726.jpg 1024w, https:\/\/agora.xtec.cat\/ceip-puigberenguer\/wp-content\/uploads\/usu1000\/2025\/10\/EQUIP-ESPAI-MIGDIA-25-26-1-768x545.jpg 768w, https:\/\/agora.xtec.cat\/ceip-puigberenguer\/wp-content\/uploads\/usu1000\/2025\/10\/EQUIP-ESPAI-MIGDIA-25-26-1-1536x1090.jpg 1536w\" sizes=\"auto, (max-width: 1748px) 100vw, 1748px\" \/><\/p>\n<p><img loading=\"lazy\" decoding=\"async\" class=\"aligncenter wp-image-10215\" src=\"https:\/\/agora.xtec.cat\/ceip-puigberenguer\/wp-content\/uploads\/usu1000\/2024\/10\/Contacte-menjador.png\" alt=\"\" width=\"1193\" height=\"895\" srcset=\"https:\/\/agora.xtec.cat\/ceip-puigberenguer\/wp-content\/uploads\/usu1000\/2024\/10\/Contacte-menjador.png 1024w, https:\/\/agora.xtec.cat\/ceip-puigberenguer\/wp-content\/uploads\/usu1000\/2024\/10\/Contacte-menjador-300x225.png 300w, https:\/\/agora.xtec.cat\/ceip-puigberenguer\/wp-content\/uploads\/usu1000\/2024\/10\/Contacte-menjador-768x576.png 768w, https:\/\/agora.xtec.cat\/ceip-puigberenguer\/wp-content\/uploads\/usu1000\/2024\/10\/Contacte-menjador-200x150.png 200w\" sizes=\"auto, (max-width: 1193px) 100vw, 1193px\" \/><\/p>\n<p>&nbsp;<\/p>\n<p style=\"text-align: right;\">Amb el suport de:<\/p>\n<p><img loading=\"lazy\" decoding=\"async\" class=\"alignright\" src=\"https:\/\/agora.xtec.cat\/ceip-puigberenguer\/wp-content\/uploads\/usu1000\/2024\/03\/logoAjuntament.jpg\" width=\"371\" height=\"119\" \/><\/p>\n","protected":false},"excerpt":{"rendered":"<p>Men\u00fa per a imprimir<br \/>\nCliqueu l&#8217;enlla\u00e7 del mes actual, per a descarregar-vos els \u00faltims MEN\u00daS.<\/p>\n<p><a href=\"https:\/\/agora.xtec.cat\/ceip-puigberenguer\/wp-content\/uploads\/usu1000\/2025\/09\/Menus-setembre_basal-i-sense-carn.pdf\">SETEMBRE<\/a><br \/>\n<a href=\"https:\/\/agora.xtec.cat\/ceip-puigberenguer\/wp-content\/uploads\/usu1000\/2025\/09\/Menus-octubre.pdf\">OCTUBRE<\/a><br \/>\n<a href=\"https:\/\/agora.xtec.cat\/ceip-puigberenguer\/wp-content\/uploads\/usu1000\/2025\/10\/MENUS-NOVEMBRE-2025.pdf\">NOVEMBRE<\/a><br \/>\n<a href=\"https:\/\/agora.xtec.cat\/ceip-puigberenguer\/wp-content\/uploads\/usu1000\/2025\/11\/Menus-desembre-25-web.pdf\">DESEMBRE<\/a><br \/>\n<a href=\"https:\/\/agora.xtec.cat\/ceip-puigberenguer\/wp-content\/uploads\/usu1000\/2026\/01\/Menu-gener-2026.pdf\">GENER<\/a><\/p>\n<p><a href=\"https:\/\/agora.xtec.cat\/ceip-puigberenguer\/wp-content\/uploads\/usu1000\/2026\/01\/Menu-febrer-2026.pdf\">FEBRER<\/a><br \/>\n<a href=\"https:\/\/agora.xtec.cat\/ceip-puigberenguer\/wp-content\/uploads\/usu1000\/2026\/02\/Menu-Marc-2026-web.pdf\">MAR\u00c7<\/a><br \/>\n<a href=\"https:\/\/agora.xtec.cat\/ceip-puigberenguer\/wp-content\/uploads\/usu1000\/2026\/04\/Menus-abril-per-web.pdf\">ABRIL<\/a><br \/>\nMAIG<br \/>\nJUNY<\/p>\n<p>Activitats mensuals de l&#8217;Espai de Migdia:<\/p>\n<p><a href=\"https:\/\/agora.xtec.cat\/ceip-puigberenguer\/wp-content\/uploads\/usu1000\/2025\/09\/ACTVITATS-SETEMBRE25.pdf\">Setembre<\/a><br \/>\n<a href=\"https:\/\/agora.xtec.cat\/ceip-puigberenguer\/wp-content\/uploads\/usu1000\/2025\/09\/ACTIVITATS-OCTUBRE-2025_compressed.pdf\">Octubre<\/a><br \/>\n<a href=\"https:\/\/agora.xtec.cat\/ceip-puigberenguer\/wp-content\/uploads\/usu1000\/2025\/10\/ACTIVITATS-NOVEMBRE-2025.pdf\">Novembre<\/a><br \/>\n<a href=\"https:\/\/agora.xtec.cat\/ceip-puigberenguer\/wp-content\/uploads\/usu1000\/2025\/11\/ACTIVITATS-DESEMBRE-2025.pdf\">Desembre<\/a><br \/>\n<a href=\"https:\/\/agora.xtec.cat\/ceip-puigberenguer\/wp-content\/uploads\/usu1000\/2026\/01\/ACTIVITATS-GENER-2026.pdf\">Gener<\/a><\/p>\n<p><a href=\"https:\/\/agora.xtec.cat\/ceip-puigberenguer\/wp-content\/uploads\/usu1000\/2026\/01\/ACTIVITATS-GENER-2026-1.pdf\">Febrer<\/a><br \/>\n<a href=\"https:\/\/agora.xtec.cat\/ceip-puigberenguer\/wp-content\/uploads\/usu1000\/2026\/02\/ACTIVITATS-MARC-26.pdf\">Mar\u00e7<\/a><br \/>\n<a href=\"https:\/\/agora.xtec.cat\/ceip-puigberenguer\/wp-content\/uploads\/usu1000\/2026\/04\/ACTIVITATS-ABRIL-2026.pdf\">Abril<\/a><br \/>\nMaig<br \/>\nJuny<\/p>\n<p>&nbsp;<\/p>\n<p>El Menjador del Puigberenguer<br \/>\nL&#8217;escola Puigberenguer \u00e9s de les poques escoles de&hellip;  <a href=\"https:\/\/agora.xtec.cat\/ceip-puigberenguer\/lescola\/menjador-escolar\/\" title=\"Read Menjador\">Llegeix m\u00e9s\u00bb<\/a><\/p>\n","protected":false},"author":2,"featured_media":0,"parent":4488,"menu_order":40,"comment_status":"closed","ping_status":"closed","template":"page-templates\/side-menu.php","meta":{"_bbp_topic_count":0,"_bbp_reply_count":0,"_bbp_total_topic_count":0,"_bbp_total_reply_count":0,"_bbp_voice_count":0,"_bbp_anonymous_reply_count":0,"_bbp_topic_count_hidden":0,"_bbp_reply_count_hidden":0,"_bbp_forum_subforum_count":0,"footnotes":""},"class_list":["post-73","page","type-page","status-publish","hentry"],"post_mailing_queue_ids":[],"_links":{"self":[{"href":"https:\/\/agora.xtec.cat\/ceip-puigberenguer\/wp-json\/wp\/v2\/pages\/73","targetHints":{"allow":["GET"]}}],"collection":[{"href":"https:\/\/agora.xtec.cat\/ceip-puigberenguer\/wp-json\/wp\/v2\/pages"}],"about":[{"href":"https:\/\/agora.xtec.cat\/ceip-puigberenguer\/wp-json\/wp\/v2\/types\/page"}],"author":[{"embeddable":true,"href":"https:\/\/agora.xtec.cat\/ceip-puigberenguer\/wp-json\/wp\/v2\/users\/2"}],"replies":[{"embeddable":true,"href":"https:\/\/agora.xtec.cat\/ceip-puigberenguer\/wp-json\/wp\/v2\/comments?post=73"}],"version-history":[{"count":9,"href":"https:\/\/agora.xtec.cat\/ceip-puigberenguer\/wp-json\/wp\/v2\/pages\/73\/revisions"}],"predecessor-version":[{"id":10752,"href":"https:\/\/agora.xtec.cat\/ceip-puigberenguer\/wp-json\/wp\/v2\/pages\/73\/revisions\/10752"}],"up":[{"embeddable":true,"href":"https:\/\/agora.xtec.cat\/ceip-puigberenguer\/wp-json\/wp\/v2\/pages\/4488"}],"wp:attachment":[{"href":"https:\/\/agora.xtec.cat\/ceip-puigberenguer\/wp-json\/wp\/v2\/media?parent=73"}],"curies":[{"name":"wp","href":"https:\/\/api.w.org\/{rel}","templated":true}]}}