{"id":6784,"date":"2020-02-29T10:28:23","date_gmt":"2020-02-29T09:28:23","guid":{"rendered":"http:\/\/agora.xtec.cat\/ceip-puigberenguer\/?page_id=6784"},"modified":"2024-02-14T19:29:39","modified_gmt":"2024-02-14T18:29:39","slug":"comissio-mobilitat","status":"publish","type":"page","link":"https:\/\/agora.xtec.cat\/ceip-puigberenguer\/afa\/escola\/comissio-mobilitat\/","title":{"rendered":"Comissi\u00f3 de Mobilitat i Entorn"},"content":{"rendered":"<p>Aquesta comissi\u00f3 vol <b>millorar la mobilitat d\u2019alumnes, fam\u00edlies i treballadores de l\u2019escola <\/b>amb l\u2019objectiu de reduir l\u2019impacte que generen els nostres despla\u00e7aments en la contaminaci\u00f3 de l\u2019aire, el soroll, l\u2019accidentalitat i d\u2019altres efectes que redueixen la nostra qualitat de vida, especialment la dels nostres fills i filles.<\/p>\n<p>La millora de la mobilitat que genera l\u2019escola passa per millorar els itineraris a peu i en bicicleta fins el nostre centre, potenciar la utilitzaci\u00f3 del transport p\u00fablic i intentar reduir al m\u00e0xim la utilitzaci\u00f3 del cotxe.<\/p>\n<p>Juntament amb la Direcci\u00f3 de l\u2019escola, ens hem incorporat a la Comissi\u00f3 de Camins Escolars de l\u2019Ajuntament de Manresa. I estem participant activament en el grup motor del Servei Conciliabus.<\/p>\n<p><strong>Qu\u00e8 estem fent?<\/strong><br \/>\nLa Comissi\u00f3 de Mobilitat de l\u2019AFA est\u00e0 treballant en el seg\u00fcents projectes:<\/p>\n<ul>\n<li><strong>A l\u2019escola en bus: SERVEI CONCILIABUS:\u00a0<\/strong>des del setembre del 2021 les fam\u00edlies disposen d\u2019un NOU servei perqu\u00e8 els seus fills i filles puguin anar a l\u2019escola amb un\/a monitor\/a que els acompanya a la l\u00ednia L3 des del c. \u00c0ngel Guimer\u00e0. La monitora els acompanya durant el trajecte a l\u2019autob\u00fas i despr\u00e9s accedeix fins la porta de l\u2019escola. Aquest curs 2023\/24 el cost del servei est\u00e0 subvencionat per l\u2019Ajuntament de Manresa a trav\u00e9s del Programa Temps X Viure.<\/li>\n<\/ul>\n<p>Actualment fan \u00fas del Servei un total de 14 infants, de forma di\u00e0ria i en horari de mat\u00ed.\u00a0Si us interessa fer servir el Servei Concliliabus ens podeu envieu un correu a la nostra Comissi\u00f3: <strong>mobilitat.puigberenguer@gmail.com<\/strong><\/p>\n<p>Per saber-ne <a href=\"https:\/\/www.youtube.com\/watch?v=tCEqfYyKd1M\">m\u00e9s.<\/a><\/p>\n<p><a href=\"https:\/\/agora.xtec.cat\/ceip-puigberenguer\/wp-content\/uploads\/usu1000\/2022\/02\/Bus1.jpg\"><img loading=\"lazy\" decoding=\"async\" class=\"size-full wp-image-8557 aligncenter\" src=\"https:\/\/agora.xtec.cat\/ceip-puigberenguer\/wp-content\/uploads\/usu1000\/2022\/02\/Bus1.jpg\" alt=\"\" width=\"487\" height=\"219\" srcset=\"https:\/\/agora.xtec.cat\/ceip-puigberenguer\/wp-content\/uploads\/usu1000\/2022\/02\/Bus1.jpg 487w, https:\/\/agora.xtec.cat\/ceip-puigberenguer\/wp-content\/uploads\/usu1000\/2022\/02\/Bus1-300x135.jpg 300w\" sizes=\"auto, (max-width: 487px) 100vw, 487px\" \/><\/a><a href=\"https:\/\/agora.xtec.cat\/ceip-puigberenguer\/wp-content\/uploads\/usu1000\/2022\/02\/Bus2.jpg\"><img loading=\"lazy\" decoding=\"async\" class=\"wp-image-8558 aligncenter\" src=\"https:\/\/agora.xtec.cat\/ceip-puigberenguer\/wp-content\/uploads\/usu1000\/2022\/02\/Bus2.jpg\" alt=\"\" width=\"486\" height=\"219\" srcset=\"https:\/\/agora.xtec.cat\/ceip-puigberenguer\/wp-content\/uploads\/usu1000\/2022\/02\/Bus2.jpg 473w, https:\/\/agora.xtec.cat\/ceip-puigberenguer\/wp-content\/uploads\/usu1000\/2022\/02\/Bus2-300x135.jpg 300w\" sizes=\"auto, (max-width: 486px) 100vw, 486px\" \/><\/a><\/p>\n<ul>\n<li><strong>Anem a MADRID!!<\/strong> Juntament amb membres de l\u2019Afa de l\u2019Escola \u00cdtaca i dins de la Campanya europea \u2018Clean Cities\u2019 per convertir els entorns escolars en \u00e0rees de protecci\u00f3 de la salut de la inf\u00e0ncia impulsem i presentem al Ple de l\u2019Ajuntament de Manresa del Setembre 2022, la proposta de Moci\u00f3 per a uns entorns escolars segurs i saludables. Proposta que rep el suport de 27 escoles i instituts de la ciutat aix\u00ed com del vot favorable de tots els grups municipals.<\/li>\n<\/ul>\n<p>Per saber-ne m\u00e9s cliqueu <a href=\"https:\/\/www.regio7.cat\/manresa\/2022\/09\/18\/mocio-per-vetllar-per-salut-75572998.html\">aqu\u00ed<\/a> o <a href=\"https:\/\/www.manresa.cat\/web\/noticies\/11267-la-proposta-de-manresa-per-convertir-els-entorns-escolars-en-arees-de-proteccio-de-la-salut-de-la-infancia-es-posada-com-a-exemple-en-la-presentacio-de-la-campanya-europea-'clean-cities'\">aqu\u00ed<\/a>.<a href=\"https:\/\/agora.xtec.cat\/ceip-puigberenguer\/wp-content\/uploads\/usu1000\/2024\/02\/MocioCamins.jpg\"><br \/>\n<img loading=\"lazy\" decoding=\"async\" class=\"size-full wp-image-9910 aligncenter\" src=\"https:\/\/agora.xtec.cat\/ceip-puigberenguer\/wp-content\/uploads\/usu1000\/2024\/02\/MocioCamins.jpg\" alt=\"\" width=\"450\" height=\"337\" srcset=\"https:\/\/agora.xtec.cat\/ceip-puigberenguer\/wp-content\/uploads\/usu1000\/2024\/02\/MocioCamins.jpg 450w, https:\/\/agora.xtec.cat\/ceip-puigberenguer\/wp-content\/uploads\/usu1000\/2024\/02\/MocioCamins-300x225.jpg 300w, https:\/\/agora.xtec.cat\/ceip-puigberenguer\/wp-content\/uploads\/usu1000\/2024\/02\/MocioCamins-200x150.jpg 200w\" sizes=\"auto, (max-width: 450px) 100vw, 450px\" \/><\/a><\/p>\n<ul>\n<li><strong>Cam\u00ed del carrer Montalegre:\u00a0<\/strong>Al llarg del mes de gener de 2022 es van executar les obres de millora d\u2019un dels camins que pugen a l\u2019escola, des del c. Montalegre.<strong><br \/>\n<\/strong>Vam sortir al <a href=\"https:\/\/www.regio7.cat\/manresa\/2022\/01\/28\/finalitza-millora-cami-enllaca-carrer-62069168.html\">Regi\u00f3 7.<\/a><\/li>\n<\/ul>\n<table style=\"border-collapse: collapse; width: 100%; height: 396px;\">\n<tbody>\n<tr style=\"height: 32px;\">\n<td style=\"width: 50%; text-align: center; height: 32px;\"><strong>Abans<\/strong><\/td>\n<td style=\"width: 50%; text-align: center; height: 32px;\"><strong>Despr\u00e9s<\/strong><\/td>\n<\/tr>\n<tr style=\"height: 364px;\">\n<td style=\"width: 50%; height: 364px;\"><a href=\"https:\/\/agora.xtec.cat\/ceip-puigberenguer\/wp-content\/uploads\/usu1000\/2022\/02\/Montalegre1.jpg\"><img loading=\"lazy\" decoding=\"async\" class=\"size-full wp-image-8559 aligncenter\" src=\"https:\/\/agora.xtec.cat\/ceip-puigberenguer\/wp-content\/uploads\/usu1000\/2022\/02\/Montalegre1.jpg\" alt=\"\" width=\"175\" height=\"314\" srcset=\"https:\/\/agora.xtec.cat\/ceip-puigberenguer\/wp-content\/uploads\/usu1000\/2022\/02\/Montalegre1.jpg 175w, https:\/\/agora.xtec.cat\/ceip-puigberenguer\/wp-content\/uploads\/usu1000\/2022\/02\/Montalegre1-167x300.jpg 167w\" sizes=\"auto, (max-width: 175px) 100vw, 175px\" \/><\/a><\/td>\n<td style=\"width: 50%; height: 364px;\"><a href=\"https:\/\/agora.xtec.cat\/ceip-puigberenguer\/wp-content\/uploads\/usu1000\/2022\/02\/Montalegre2.jpg\"><img loading=\"lazy\" decoding=\"async\" class=\"size-large wp-image-8560 aligncenter\" src=\"https:\/\/agora.xtec.cat\/ceip-puigberenguer\/wp-content\/uploads\/usu1000\/2022\/02\/Montalegre2.jpg\" alt=\"\" width=\"266\" height=\"316\" srcset=\"https:\/\/agora.xtec.cat\/ceip-puigberenguer\/wp-content\/uploads\/usu1000\/2022\/02\/Montalegre2.jpg 266w, https:\/\/agora.xtec.cat\/ceip-puigberenguer\/wp-content\/uploads\/usu1000\/2022\/02\/Montalegre2-253x300.jpg 253w\" sizes=\"auto, (max-width: 266px) 100vw, 266px\" \/><\/a><\/td>\n<\/tr>\n<\/tbody>\n<\/table>\n<ul>\n<li><strong>Millora de l\u2019acc\u00e9s del carrer N\u00faria<\/strong>: L\u2019acc\u00e9s a peu per aquest carrer tamb\u00e9 \u00e9s molt important i hem demanat a l\u2019Ajuntament algunes millores en la senyalitzaci\u00f3 per fer-lo m\u00e9s segur, repintant els passos de vianants, fent-ne de nous, una zona de protecci\u00f3 amb pilones al voltant a l\u2019entrada principal perqu\u00e8 sigui espai m\u00e9s segur mentre les fam\u00edlies i infants esperen a les entrades i sortides. Tamb\u00e9 limitar la velocitat de circulaci\u00f3 dels vehicles, etc.\u00a0Aquestes demanades s\u2019han fet realitat durant aquest curs 2023\/24<strong>.<\/strong><\/li>\n<li><a href=\"https:\/\/agora.xtec.cat\/ceip-puigberenguer\/wp-content\/uploads\/usu1000\/2024\/02\/WhatsApp-Image-2024-02-09-at-21.58.12.jpeg\"><img loading=\"lazy\" decoding=\"async\" class=\"alignnone  wp-image-9924\" src=\"https:\/\/agora.xtec.cat\/ceip-puigberenguer\/wp-content\/uploads\/usu1000\/2024\/02\/WhatsApp-Image-2024-02-09-at-21.58.12-1024x768.jpeg\" alt=\"\" width=\"340\" height=\"255\" srcset=\"https:\/\/agora.xtec.cat\/ceip-puigberenguer\/wp-content\/uploads\/usu1000\/2024\/02\/WhatsApp-Image-2024-02-09-at-21.58.12-1024x768.jpeg 1024w, https:\/\/agora.xtec.cat\/ceip-puigberenguer\/wp-content\/uploads\/usu1000\/2024\/02\/WhatsApp-Image-2024-02-09-at-21.58.12-300x225.jpeg 300w, https:\/\/agora.xtec.cat\/ceip-puigberenguer\/wp-content\/uploads\/usu1000\/2024\/02\/WhatsApp-Image-2024-02-09-at-21.58.12-768x576.jpeg 768w, https:\/\/agora.xtec.cat\/ceip-puigberenguer\/wp-content\/uploads\/usu1000\/2024\/02\/WhatsApp-Image-2024-02-09-at-21.58.12-1536x1152.jpeg 1536w, https:\/\/agora.xtec.cat\/ceip-puigberenguer\/wp-content\/uploads\/usu1000\/2024\/02\/WhatsApp-Image-2024-02-09-at-21.58.12-200x150.jpeg 200w, https:\/\/agora.xtec.cat\/ceip-puigberenguer\/wp-content\/uploads\/usu1000\/2024\/02\/WhatsApp-Image-2024-02-09-at-21.58.12.jpeg 2048w\" sizes=\"auto, (max-width: 340px) 100vw, 340px\" \/><\/a><a href=\"https:\/\/agora.xtec.cat\/ceip-puigberenguer\/wp-content\/uploads\/usu1000\/2024\/02\/WhatsApp-Image-2024-02-09-at-21.58.29.jpeg\"> \u00a0<img loading=\"lazy\" decoding=\"async\" class=\"alignnone  wp-image-9923\" src=\"https:\/\/agora.xtec.cat\/ceip-puigberenguer\/wp-content\/uploads\/usu1000\/2024\/02\/WhatsApp-Image-2024-02-09-at-21.58.29-1024x768.jpeg\" alt=\"\" width=\"339\" height=\"254\" srcset=\"https:\/\/agora.xtec.cat\/ceip-puigberenguer\/wp-content\/uploads\/usu1000\/2024\/02\/WhatsApp-Image-2024-02-09-at-21.58.29-1024x768.jpeg 1024w, https:\/\/agora.xtec.cat\/ceip-puigberenguer\/wp-content\/uploads\/usu1000\/2024\/02\/WhatsApp-Image-2024-02-09-at-21.58.29-300x225.jpeg 300w, https:\/\/agora.xtec.cat\/ceip-puigberenguer\/wp-content\/uploads\/usu1000\/2024\/02\/WhatsApp-Image-2024-02-09-at-21.58.29-768x576.jpeg 768w, https:\/\/agora.xtec.cat\/ceip-puigberenguer\/wp-content\/uploads\/usu1000\/2024\/02\/WhatsApp-Image-2024-02-09-at-21.58.29-1536x1152.jpeg 1536w, https:\/\/agora.xtec.cat\/ceip-puigberenguer\/wp-content\/uploads\/usu1000\/2024\/02\/WhatsApp-Image-2024-02-09-at-21.58.29-200x150.jpeg 200w, https:\/\/agora.xtec.cat\/ceip-puigberenguer\/wp-content\/uploads\/usu1000\/2024\/02\/WhatsApp-Image-2024-02-09-at-21.58.29.jpeg 2048w\" sizes=\"auto, (max-width: 339px) 100vw, 339px\" \/><\/a><\/li>\n<li><strong style=\"font-family: inherit; font-size: 1em; color: #222222;\">Cam\u00ed escolar a trav\u00e9s de l\u2019aparcament zona muntanya<\/strong><span style=\"font-family: inherit; font-size: 1em; color: #222222;\">: S\u2019ha col\u00b7locat una pancarta per fer visible a tothom la forma d&#8217;utilitzaci\u00f3 de l\u2019aparcament. S\u2019ha pintat i posat senyalitzaci\u00f3 per fer m\u00e9s segur i visible el Cam\u00ed Escolar que passa a trav\u00e9s de l\u2019aparcament.<\/span><\/li>\n<\/ul>\n<p><a href=\"https:\/\/agora.xtec.cat\/ceip-puigberenguer\/wp-content\/uploads\/usu1000\/2024\/02\/WhatsApp-Image-2024-02-13-at-15.16.17.jpeg\"><img loading=\"lazy\" decoding=\"async\" class=\"wp-image-9927 aligncenter\" src=\"https:\/\/agora.xtec.cat\/ceip-puigberenguer\/wp-content\/uploads\/usu1000\/2024\/02\/WhatsApp-Image-2024-02-13-at-15.16.17-1024x924.jpeg\" alt=\"\" width=\"517\" height=\"467\" srcset=\"https:\/\/agora.xtec.cat\/ceip-puigberenguer\/wp-content\/uploads\/usu1000\/2024\/02\/WhatsApp-Image-2024-02-13-at-15.16.17-1024x924.jpeg 1024w, https:\/\/agora.xtec.cat\/ceip-puigberenguer\/wp-content\/uploads\/usu1000\/2024\/02\/WhatsApp-Image-2024-02-13-at-15.16.17-300x271.jpeg 300w, https:\/\/agora.xtec.cat\/ceip-puigberenguer\/wp-content\/uploads\/usu1000\/2024\/02\/WhatsApp-Image-2024-02-13-at-15.16.17-768x693.jpeg 768w, https:\/\/agora.xtec.cat\/ceip-puigberenguer\/wp-content\/uploads\/usu1000\/2024\/02\/WhatsApp-Image-2024-02-13-at-15.16.17-1536x1386.jpeg 1536w, https:\/\/agora.xtec.cat\/ceip-puigberenguer\/wp-content\/uploads\/usu1000\/2024\/02\/WhatsApp-Image-2024-02-13-at-15.16.17.jpeg 1817w\" sizes=\"auto, (max-width: 517px) 100vw, 517px\" \/><\/a><\/p>\n<p><a href=\"https:\/\/agora.xtec.cat\/ceip-puigberenguer\/wp-content\/uploads\/usu1000\/2024\/02\/WhatsApp-Image-2024-02-09-at-21.59.51.jpeg\"><img loading=\"lazy\" decoding=\"async\" class=\"alignnone  wp-image-9925\" src=\"https:\/\/agora.xtec.cat\/ceip-puigberenguer\/wp-content\/uploads\/usu1000\/2024\/02\/WhatsApp-Image-2024-02-09-at-21.59.51-1024x768.jpeg\" alt=\"\" width=\"346\" height=\"259\" srcset=\"https:\/\/agora.xtec.cat\/ceip-puigberenguer\/wp-content\/uploads\/usu1000\/2024\/02\/WhatsApp-Image-2024-02-09-at-21.59.51-1024x768.jpeg 1024w, https:\/\/agora.xtec.cat\/ceip-puigberenguer\/wp-content\/uploads\/usu1000\/2024\/02\/WhatsApp-Image-2024-02-09-at-21.59.51-300x225.jpeg 300w, https:\/\/agora.xtec.cat\/ceip-puigberenguer\/wp-content\/uploads\/usu1000\/2024\/02\/WhatsApp-Image-2024-02-09-at-21.59.51-768x576.jpeg 768w, https:\/\/agora.xtec.cat\/ceip-puigberenguer\/wp-content\/uploads\/usu1000\/2024\/02\/WhatsApp-Image-2024-02-09-at-21.59.51-1536x1152.jpeg 1536w, https:\/\/agora.xtec.cat\/ceip-puigberenguer\/wp-content\/uploads\/usu1000\/2024\/02\/WhatsApp-Image-2024-02-09-at-21.59.51-200x150.jpeg 200w, https:\/\/agora.xtec.cat\/ceip-puigberenguer\/wp-content\/uploads\/usu1000\/2024\/02\/WhatsApp-Image-2024-02-09-at-21.59.51.jpeg 2048w\" sizes=\"auto, (max-width: 346px) 100vw, 346px\" \/><\/a> \u00a0 <a href=\"https:\/\/agora.xtec.cat\/ceip-puigberenguer\/wp-content\/uploads\/usu1000\/2024\/02\/WhatsApp-Image-2024-02-09-at-21.59.38.jpeg\"><img loading=\"lazy\" decoding=\"async\" class=\"alignnone  wp-image-9926\" src=\"https:\/\/agora.xtec.cat\/ceip-puigberenguer\/wp-content\/uploads\/usu1000\/2024\/02\/WhatsApp-Image-2024-02-09-at-21.59.38-1024x768.jpeg\" alt=\"\" width=\"347\" height=\"260\" srcset=\"https:\/\/agora.xtec.cat\/ceip-puigberenguer\/wp-content\/uploads\/usu1000\/2024\/02\/WhatsApp-Image-2024-02-09-at-21.59.38-1024x768.jpeg 1024w, https:\/\/agora.xtec.cat\/ceip-puigberenguer\/wp-content\/uploads\/usu1000\/2024\/02\/WhatsApp-Image-2024-02-09-at-21.59.38-300x225.jpeg 300w, https:\/\/agora.xtec.cat\/ceip-puigberenguer\/wp-content\/uploads\/usu1000\/2024\/02\/WhatsApp-Image-2024-02-09-at-21.59.38-768x576.jpeg 768w, https:\/\/agora.xtec.cat\/ceip-puigberenguer\/wp-content\/uploads\/usu1000\/2024\/02\/WhatsApp-Image-2024-02-09-at-21.59.38-1536x1152.jpeg 1536w, https:\/\/agora.xtec.cat\/ceip-puigberenguer\/wp-content\/uploads\/usu1000\/2024\/02\/WhatsApp-Image-2024-02-09-at-21.59.38-200x150.jpeg 200w, https:\/\/agora.xtec.cat\/ceip-puigberenguer\/wp-content\/uploads\/usu1000\/2024\/02\/WhatsApp-Image-2024-02-09-at-21.59.38.jpeg 2048w\" sizes=\"auto, (max-width: 347px) 100vw, 347px\" \/><\/a><\/p>\n<ul>\n<li><strong>Cam\u00ed del carrer de l\u2019Alcalde Armengou:<\/strong> Aquest \u00e9s un dels camins principals que utilitzen les fam\u00edlies per arribar a peu a l\u2019escola. Actualment no est\u00e0 en bones condicions i estem treballant amb l\u2019Ajuntament per buscar solucions per millorar-lo.<\/li>\n<\/ul>\n<p><a href=\"https:\/\/agora.xtec.cat\/ceip-puigberenguer\/wp-content\/uploads\/usu1000\/2022\/02\/Armengou.jpg\"><img loading=\"lazy\" decoding=\"async\" class=\"size-large wp-image-8556 aligncenter\" src=\"https:\/\/agora.xtec.cat\/ceip-puigberenguer\/wp-content\/uploads\/usu1000\/2022\/02\/Armengou.jpg\" alt=\"\" width=\"227\" height=\"302\" srcset=\"https:\/\/agora.xtec.cat\/ceip-puigberenguer\/wp-content\/uploads\/usu1000\/2022\/02\/Armengou.jpg 227w, https:\/\/agora.xtec.cat\/ceip-puigberenguer\/wp-content\/uploads\/usu1000\/2022\/02\/Armengou-225x300.jpg 225w\" sizes=\"auto, (max-width: 227px) 100vw, 227px\" \/><\/a><\/p>\n<p>&nbsp;<\/p>\n<p><a href=\"https:\/\/www.t-16.cat\/Publica\/T12\/inicio.aspx\">CONEIXEU LA T16?<\/a><b><br \/>\n<\/b><\/p>\n<table style=\"border-collapse: collapse; width: 83.1201%;\">\n<tbody>\n<tr>\n<td style=\"width: 26.3006%;\"><a href=\"https:\/\/agora.xtec.cat\/ceip-puigberenguer\/wp-content\/uploads\/usu1000\/2022\/02\/T16.jpg\"><img loading=\"lazy\" decoding=\"async\" class=\"alignnone size-full wp-image-8555\" src=\"https:\/\/agora.xtec.cat\/ceip-puigberenguer\/wp-content\/uploads\/usu1000\/2022\/02\/T16.jpg\" alt=\"\" width=\"200\" height=\"133\" \/><\/a><\/td>\n<td style=\"width: 56.8208%;\"><b>Vine amb BUS URB\u00c0 a l\u2019Escola!\u00a0<\/b><\/p>\n<p><b>La T-16, \u00e9s GRATU\u00cfTA per a tots els infants de 4-16 anys.<\/b><\/p>\n<p><b>Per a m\u00e9s informaci\u00f3 i sol\u00b7licitud de targeta, clica aqu\u00ed:\u00a0<\/b><a href=\"https:\/\/www.t-16.cat\/Publica\/T12\/SolicitudPaso1.aspx\">T-16 gratu\u00efta<\/a><\/td>\n<\/tr>\n<\/tbody>\n<\/table>\n<ul style=\"list-style-type: disc;\">\n<li><strong>Enquesta de mobilitat a les fam\u00edlies: <\/strong>al mes de mar\u00e7 de 2019 vam realitzar una enquesta via web per con\u00e8ixer els patrons de mobilitat de les fam\u00edlies i alhora veure l\u2019inter\u00e8s de la proposta d\u2019iniciar una prova pilot del servei \u201cEn bus a l\u2019escola\u201d.<br \/>\nVam obtenir retorn de 143 fam\u00edlies, el que representa el 41% de les 347 fam\u00edlies de l\u2019escola, repartides entre el 10% i el 20% de cada curs.<br \/>\nEl 67% de les fam\u00edlies enquestades nom\u00e9s porten un fill a l\u2019escola mentre que la resta (el 33%) en porten m\u00e9s d\u2019un.<br \/>\nLa majoria dels alumnes (el 65% de les fam\u00edlies enquestades) venen dels barris de la Mion-Puigberenguer (20%), Pla\u00e7a Catalunya (20%), Valldaura (13%) i Poblenou (13%). El 10% i el 9% provenen dels barris del Passeig i Rodalies i de les Bases, respectivament. La resta de fam\u00edlies, que correspon al 15,5% provenen de la resta de barris de la ciutat.<\/li>\n<\/ul>\n<p><a href=\"https:\/\/agora.xtec.cat\/ceip-puigberenguer\/wp-content\/uploads\/usu1000\/2021\/02\/Enquesta_1.jpg\"><img loading=\"lazy\" decoding=\"async\" class=\"alignnone size-full wp-image-7814\" src=\"https:\/\/agora.xtec.cat\/ceip-puigberenguer\/wp-content\/uploads\/usu1000\/2021\/02\/Enquesta_1.jpg\" alt=\"\" width=\"897\" height=\"433\" srcset=\"https:\/\/agora.xtec.cat\/ceip-puigberenguer\/wp-content\/uploads\/usu1000\/2021\/02\/Enquesta_1.jpg 897w, https:\/\/agora.xtec.cat\/ceip-puigberenguer\/wp-content\/uploads\/usu1000\/2021\/02\/Enquesta_1-300x145.jpg 300w, https:\/\/agora.xtec.cat\/ceip-puigberenguer\/wp-content\/uploads\/usu1000\/2021\/02\/Enquesta_1-768x371.jpg 768w\" sizes=\"auto, (max-width: 897px) 100vw, 897px\" \/><\/a><\/p>\n<p>Pel que fa al mode de transport utilitzat per anar a l\u2019escola, el principal \u00e9s el cotxe (65,5%), seguit de l\u2019a peu (51,4%), l\u2019autob\u00fas (13,4%) i la bicicleta (0,7%).<\/p>\n<p><a href=\"https:\/\/agora.xtec.cat\/ceip-puigberenguer\/wp-content\/uploads\/usu1000\/2021\/02\/Enquesta_2.jpg\"><img loading=\"lazy\" decoding=\"async\" class=\"alignnone size-full wp-image-7815\" src=\"https:\/\/agora.xtec.cat\/ceip-puigberenguer\/wp-content\/uploads\/usu1000\/2021\/02\/Enquesta_2.jpg\" alt=\"\" width=\"969\" height=\"361\" srcset=\"https:\/\/agora.xtec.cat\/ceip-puigberenguer\/wp-content\/uploads\/usu1000\/2021\/02\/Enquesta_2.jpg 969w, https:\/\/agora.xtec.cat\/ceip-puigberenguer\/wp-content\/uploads\/usu1000\/2021\/02\/Enquesta_2-300x112.jpg 300w, https:\/\/agora.xtec.cat\/ceip-puigberenguer\/wp-content\/uploads\/usu1000\/2021\/02\/Enquesta_2-768x286.jpg 768w\" sizes=\"auto, (max-width: 969px) 100vw, 969px\" \/><\/a><\/p>\n<p>Els despla\u00e7aments a peu es divideixen en un 60% a trav\u00e9s del c. N\u00faria i un 40% a trav\u00e9s del Tur\u00f3 del Puigberenguer, pels camins que hi accedeixen.<\/p>\n<p>Pel que fa a l\u2019autonomia dels alumnes per accedir a l\u2019escola, nom\u00e9s el 22% dels alumnes de 5\u00e8 i 6\u00e8 hi van sols. La resta, que hi van acompanyats, la meitat viuen massa lluny per anar-hi a peu per\u00f2 en un<br \/>\n19% dels casos les fam\u00edlies consideren que s\u00f3n massa petits per anar-hi sols. Les fam\u00edlies que accedeixen en transport p\u00fablic ho fan principalment amb la L3 (82%) i en segon lloc amb la L8 (34%), direcci\u00f3 c. Barcelona (24%) i direcci\u00f3 Pl. de la Creu (10%). La majoria fan servir la targeta T-16 per fer aquests despla\u00e7aments.<\/p>\n<p>Pel que fa a la\u00a0<b>proposta del servei En Bus a l\u2019Escola<\/b>, el 58% de les fam\u00edlies han mostrat inter\u00e8s en fer-lo servir: la meitat el farien servir pel mat\u00ed i la tarda mentre que un 40% nom\u00e9s el farien servir al mat\u00ed. La majoria de les fam\u00edlies (58%) utilitzarien el servei cada dia, mentre que un 26% ho farien alguns dies a la setmana i el 16% l\u2019utilitzarien de forma ocasional. De forma que <b>prop de<\/b>\u00a0<b>45 fam\u00edlies<\/b>\u00a0es mostren interessades en fer servir aquest servei a diari. Les l\u00ednies m\u00e9s properes a les fam\u00edlies interessades en aquest servei s\u00f3n la L3 (52%) i la L8 (33%), principalment en direcci\u00f3 al c. Barcelona (27%) i en segon lloc en direcci\u00f3 a la pl. de la Creu (6,3%).<\/p>\n<p><b>Comptatge de persones que van a peu a trav\u00e9s del cam\u00ed que puja del carrer Alcalde Armengou:<\/b>\u00a0El comptatge es va fer al llarg dels dies 11 i 26 de febrer del 2019.<\/p>\n<p>Es mostren els resultats a la taula seg\u00fcent:<\/p>\n<p><a href=\"https:\/\/agora.xtec.cat\/ceip-puigberenguer\/wp-content\/uploads\/usu1000\/2021\/02\/Enquesta_3.jpg\"><img loading=\"lazy\" decoding=\"async\" class=\"alignnone size-large wp-image-7816\" src=\"https:\/\/agora.xtec.cat\/ceip-puigberenguer\/wp-content\/uploads\/usu1000\/2021\/02\/Enquesta_3-1024x574.jpg\" alt=\"\" width=\"1024\" height=\"574\" srcset=\"https:\/\/agora.xtec.cat\/ceip-puigberenguer\/wp-content\/uploads\/usu1000\/2021\/02\/Enquesta_3-1024x574.jpg 1024w, https:\/\/agora.xtec.cat\/ceip-puigberenguer\/wp-content\/uploads\/usu1000\/2021\/02\/Enquesta_3-300x168.jpg 300w, https:\/\/agora.xtec.cat\/ceip-puigberenguer\/wp-content\/uploads\/usu1000\/2021\/02\/Enquesta_3-768x431.jpg 768w, https:\/\/agora.xtec.cat\/ceip-puigberenguer\/wp-content\/uploads\/usu1000\/2021\/02\/Enquesta_3.jpg 1109w\" sizes=\"auto, (max-width: 1024px) 100vw, 1024px\" \/><\/a><\/p>\n<p>El comptatge va donar valors d\u2019aproximadament <b>200 despla\u00e7aments que es fan cada dia pel cam\u00ed que puja del c. Alcalde Armengou<\/b>, es van enregistrar les anades i tornades de les 3 franges d\u2019anada i tornada a l\u2019escola.<\/p>\n<p>Podeu consultar totes les dades de l&#8217;enquesta <a href=\"https:\/\/agora.xtec.cat\/ceip-puigberenguer\/web\/enquesta-de-mobilitat-al-puigberenguer\/\">aqu\u00ed<\/a>.<\/p>\n","protected":false},"excerpt":{"rendered":"<p>Aquesta comissi\u00f3 vol millorar la mobilitat d\u2019alumnes, fam\u00edlies i treballadores de l\u2019escola amb l\u2019objectiu de reduir l\u2019impacte que generen els nostres despla\u00e7aments en la contaminaci\u00f3 de l\u2019aire, el soroll, l\u2019accidentalitat i d\u2019altres efectes que redueixen la nostra qualitat de vida, especialment la dels nostres fills&hellip;  <a href=\"https:\/\/agora.xtec.cat\/ceip-puigberenguer\/afa\/escola\/comissio-mobilitat\/\" title=\"Read Comissi\u00f3 de Mobilitat i Entorn\">Llegeix m\u00e9s\u00bb<\/a><\/p>\n","protected":false},"author":7,"featured_media":0,"parent":7837,"menu_order":3,"comment_status":"closed","ping_status":"closed","template":"","meta":{"_bbp_topic_count":0,"_bbp_reply_count":0,"_bbp_total_topic_count":0,"_bbp_total_reply_count":0,"_bbp_voice_count":0,"_bbp_anonymous_reply_count":0,"_bbp_topic_count_hidden":0,"_bbp_reply_count_hidden":0,"_bbp_forum_subforum_count":0,"footnotes":""},"class_list":["post-6784","page","type-page","status-publish","hentry"],"post_mailing_queue_ids":[],"_links":{"self":[{"href":"https:\/\/agora.xtec.cat\/ceip-puigberenguer\/wp-json\/wp\/v2\/pages\/6784","targetHints":{"allow":["GET"]}}],"collection":[{"href":"https:\/\/agora.xtec.cat\/ceip-puigberenguer\/wp-json\/wp\/v2\/pages"}],"about":[{"href":"https:\/\/agora.xtec.cat\/ceip-puigberenguer\/wp-json\/wp\/v2\/types\/page"}],"author":[{"embeddable":true,"href":"https:\/\/agora.xtec.cat\/ceip-puigberenguer\/wp-json\/wp\/v2\/users\/7"}],"replies":[{"embeddable":true,"href":"https:\/\/agora.xtec.cat\/ceip-puigberenguer\/wp-json\/wp\/v2\/comments?post=6784"}],"version-history":[{"count":7,"href":"https:\/\/agora.xtec.cat\/ceip-puigberenguer\/wp-json\/wp\/v2\/pages\/6784\/revisions"}],"predecessor-version":[{"id":9928,"href":"https:\/\/agora.xtec.cat\/ceip-puigberenguer\/wp-json\/wp\/v2\/pages\/6784\/revisions\/9928"}],"up":[{"embeddable":true,"href":"https:\/\/agora.xtec.cat\/ceip-puigberenguer\/wp-json\/wp\/v2\/pages\/7837"}],"wp:attachment":[{"href":"https:\/\/agora.xtec.cat\/ceip-puigberenguer\/wp-json\/wp\/v2\/media?parent=6784"}],"curies":[{"name":"wp","href":"https:\/\/api.w.org\/{rel}","templated":true}]}}