{"id":6708,"date":"2020-01-14T16:23:34","date_gmt":"2020-01-14T15:23:34","guid":{"rendered":"http:\/\/agora.xtec.cat\/ceip-puigberenguer\/?page_id=6708"},"modified":"2023-01-21T19:02:55","modified_gmt":"2023-01-21T18:02:55","slug":"projecte-linguistic","status":"publish","type":"page","link":"https:\/\/agora.xtec.cat\/ceip-puigberenguer\/documents-descola\/projecte-linguistic\/","title":{"rendered":"Projecte Ling\u00fc\u00edstic"},"content":{"rendered":"<p>Aquest document d\u00f3na resposta dins del nostre PEC a la situaci\u00f3 ling\u00fc\u00edstica actual que caracteritza al nostre centre, essent l&#8217;instrument que permet assolir els objectius generals referents a la compet\u00e8ncia ling\u00fc\u00edstica que defineix la normativa vigent.<b><\/b><\/p>\n<p>Podeu veure el document complert en l&#8217;arxiu adjunt: <a href=\"https:\/\/agora.xtec.cat\/ceip-puigberenguer\/wp-content\/uploads\/usu1000\/2020\/01\/Projecte-Ling\u00fc\u00edstic.pdf\">Projecte Ling\u00fc\u00edstic<\/a><\/p>\n","protected":false},"excerpt":{"rendered":"<p>Aquest document d\u00f3na resposta dins del nostre PEC a la situaci\u00f3 ling\u00fc\u00edstica actual que caracteritza al nostre centre, essent l&#8217;instrument que permet assolir els objectius generals referents a la compet\u00e8ncia ling\u00fc\u00edstica que defineix la normativa vigent.<br \/>\nPodeu veure el document complert en l&#8217;arxiu adjunt: <a href=\"https:\/\/agora.xtec.cat\/ceip-puigberenguer\/wp-content\/uploads\/usu1000\/2020\/01\/Projecte-Ling\u00fc\u00edstic.pdf\">Projecte&hellip;  <a href=\"https:\/\/agora.xtec.cat\/ceip-puigberenguer\/documents-descola\/projecte-linguistic\/\" title=\"Read Projecte Ling\u00fc\u00edstic\">Llegeix m\u00e9s\u00bb<\/a><\/p>\n","protected":false},"author":1,"featured_media":0,"parent":9163,"menu_order":40,"comment_status":"closed","ping_status":"closed","template":"page-templates\/side-menu.php","meta":{"_bbp_topic_count":0,"_bbp_reply_count":0,"_bbp_total_topic_count":0,"_bbp_total_reply_count":0,"_bbp_voice_count":0,"_bbp_anonymous_reply_count":0,"_bbp_topic_count_hidden":0,"_bbp_reply_count_hidden":0,"_bbp_forum_subforum_count":0,"footnotes":""},"class_list":["post-6708","page","type-page","status-publish","hentry"],"post_mailing_queue_ids":[],"_links":{"self":[{"href":"https:\/\/agora.xtec.cat\/ceip-puigberenguer\/wp-json\/wp\/v2\/pages\/6708","targetHints":{"allow":["GET"]}}],"collection":[{"href":"https:\/\/agora.xtec.cat\/ceip-puigberenguer\/wp-json\/wp\/v2\/pages"}],"about":[{"href":"https:\/\/agora.xtec.cat\/ceip-puigberenguer\/wp-json\/wp\/v2\/types\/page"}],"author":[{"embeddable":true,"href":"https:\/\/agora.xtec.cat\/ceip-puigberenguer\/wp-json\/wp\/v2\/users\/1"}],"replies":[{"embeddable":true,"href":"https:\/\/agora.xtec.cat\/ceip-puigberenguer\/wp-json\/wp\/v2\/comments?post=6708"}],"version-history":[{"count":1,"href":"https:\/\/agora.xtec.cat\/ceip-puigberenguer\/wp-json\/wp\/v2\/pages\/6708\/revisions"}],"predecessor-version":[{"id":6710,"href":"https:\/\/agora.xtec.cat\/ceip-puigberenguer\/wp-json\/wp\/v2\/pages\/6708\/revisions\/6710"}],"up":[{"embeddable":true,"href":"https:\/\/agora.xtec.cat\/ceip-puigberenguer\/wp-json\/wp\/v2\/pages\/9163"}],"wp:attachment":[{"href":"https:\/\/agora.xtec.cat\/ceip-puigberenguer\/wp-json\/wp\/v2\/media?parent=6708"}],"curies":[{"name":"wp","href":"https:\/\/api.w.org\/{rel}","templated":true}]}}