{"id":5274,"date":"2018-08-28T23:22:29","date_gmt":"2018-08-28T21:22:29","guid":{"rendered":"http:\/\/agora.xtec.cat\/ceip-puigberenguer\/?page_id=5274"},"modified":"2025-09-10T11:05:51","modified_gmt":"2025-09-10T09:05:51","slug":"tpvescola","status":"publish","type":"page","link":"https:\/\/agora.xtec.cat\/ceip-puigberenguer\/afa\/serveis\/tpvescola\/","title":{"rendered":"TPVEscola"},"content":{"rendered":"<p><strong>TPVEscola \u00e9s una aplicaci\u00f3 m\u00f2bil i p\u00e0gina web que utilitza l&#8217;escola com a sistema de pagaments.<\/strong><\/p>\n<p>Caldr\u00e0 pagar amb TPVEscola tots els serveis de l&#8217;escola i d&#8217;AFA:<a href=\"https:\/\/agora.xtec.cat\/ceip-puigberenguer\/wp-content\/uploads\/usu1000\/2024\/02\/DCCA4BA3-256D-4D11-A3F9-C41DEB38E670.jpg\"><img loading=\"lazy\" decoding=\"async\" class=\"wp-image-9889 alignright\" src=\"https:\/\/agora.xtec.cat\/ceip-puigberenguer\/wp-content\/uploads\/usu1000\/2024\/02\/DCCA4BA3-256D-4D11-A3F9-C41DEB38E670-1024x1024.jpg\" alt=\"\" width=\"120\" height=\"120\" srcset=\"https:\/\/agora.xtec.cat\/ceip-puigberenguer\/wp-content\/uploads\/usu1000\/2024\/02\/DCCA4BA3-256D-4D11-A3F9-C41DEB38E670-1024x1024.jpg 1024w, https:\/\/agora.xtec.cat\/ceip-puigberenguer\/wp-content\/uploads\/usu1000\/2024\/02\/DCCA4BA3-256D-4D11-A3F9-C41DEB38E670-300x300.jpg 300w, https:\/\/agora.xtec.cat\/ceip-puigberenguer\/wp-content\/uploads\/usu1000\/2024\/02\/DCCA4BA3-256D-4D11-A3F9-C41DEB38E670-150x150.jpg 150w, https:\/\/agora.xtec.cat\/ceip-puigberenguer\/wp-content\/uploads\/usu1000\/2024\/02\/DCCA4BA3-256D-4D11-A3F9-C41DEB38E670-768x768.jpg 768w, https:\/\/agora.xtec.cat\/ceip-puigberenguer\/wp-content\/uploads\/usu1000\/2024\/02\/DCCA4BA3-256D-4D11-A3F9-C41DEB38E670-1536x1536.jpg 1536w, https:\/\/agora.xtec.cat\/ceip-puigberenguer\/wp-content\/uploads\/usu1000\/2024\/02\/DCCA4BA3-256D-4D11-A3F9-C41DEB38E670.jpg 2048w\" sizes=\"auto, (max-width: 120px) 100vw, 120px\" \/><\/a><\/p>\n<ul>\n<li><strong><span style=\"color: #000000;\">Menjador <\/span><\/strong><\/li>\n<li><strong><span style=\"color: #000000;\">Serveis AFA: Quota Soci, Fons Solidari, Servei despertador, Extraescolars i Casals.<\/span><\/strong><\/li>\n<li><strong><span style=\"color: #000000;\">Pagaments de l&#8217;escola: Material, Excursions, Col\u00f2nies, \u2026<\/span><\/strong><\/li>\n<\/ul>\n<p data-start=\"88\" data-end=\"140\"><strong data-start=\"88\" data-end=\"138\">Cada alumne disposa d\u2019un usuari i contrasenya.<\/strong><\/p>\n<ul data-start=\"141\" data-end=\"424\">\n<li data-start=\"141\" data-end=\"265\">\n<p data-start=\"143\" data-end=\"265\">En el cas de les fam\u00edlies d\u2019I3, aquests seran facilitats per la secretaria del centre durant els primers dies de classe.<\/p>\n<\/li>\n<li data-start=\"266\" data-end=\"424\">\n<p data-start=\"268\" data-end=\"424\">Per a la resta d\u2019alumnes que encara no en disposin o tenen problemes per accedir abans d\u2019iniciar el curs, es poden sol\u00b7licitar enviant un correu electr\u00f2nic a <a href=\"mailto:tpv@puigberenguer.cat\"><strong data-start=\"396\" data-end=\"421\">tpv@puigberenguer.cat<\/strong>.<\/a><\/p>\n<\/li>\n<\/ul>\n<p>&nbsp;<\/p>\n<p>&nbsp;<\/p>\n<h2><span style=\"color: #339966;\"><strong>Coneix TPVEscola en 2 minuts:<\/strong><\/span><\/h2>\n<p><iframe loading=\"lazy\" title=\"QU\u00c8 \u00c9S TPVEscola?\" width=\"500\" height=\"281\" src=\"https:\/\/www.youtube.com\/embed\/XMS4KRYyLG8?feature=oembed\" frameborder=\"0\" allow=\"accelerometer; autoplay; clipboard-write; encrypted-media; gyroscope; picture-in-picture; web-share\" referrerpolicy=\"strict-origin-when-cross-origin\" allowfullscreen><\/iframe><\/p>\n<h2><\/h2>\n<h2><\/h2>\n<h2><span style=\"color: #339966;\"><strong>Primers passos amb TPVEscola:<\/strong><\/span><\/h2>\n<h3>Instal\u00b7leu-vos l&#8217;app:<\/h3>\n<ul>\n<li>Des del m\u00f2bil (Play Store o App Store) cercar l&#8217;app: <strong>TPVEscola<\/strong>\n<ul>\n<li>Android : <a href=\"https:\/\/play.google.com\/store\/apps\/details?id=com.eqctpvescola&amp;hl=ca\" target=\"_blank\" rel=\"noopener noreferrer\">TPVEscola<\/a><\/li>\n<li>iOS : <a href=\"https:\/\/itunes.apple.com\/es\/app\/tpvescola\/id1153423424?mt=8\" target=\"_blank\" rel=\"noopener noreferrer\">TPVEscola<\/a><\/li>\n<li>Web : <a href=\"https:\/\/www.tpvescola.com\/?eid=101\" target=\"_blank\" rel=\"noopener noreferrer\">www.tpvescola.com<\/a><\/li>\n<\/ul>\n<\/li>\n<li>Tamb\u00e9 des de la web (amb m\u00f2bil, tablet o PC) : www.tpvescola.com<\/li>\n<\/ul>\n<h3><\/h3>\n<p>&nbsp;<\/p>\n<h3>1) Identifiqueu-vos:<\/h3>\n<ul>\n<li>Seleccioneu &#8220;<em><strong>Municipi&#8221;<\/strong><\/em><\/li>\n<li>Seleccioneu &#8220;<em><strong>Centre<\/strong><\/em> <em><strong>Escolar&#8221;<\/strong><\/em><\/li>\n<li>Entreu el codi d&#8217;usuari i la contrasenya del vostre fill\/a.<\/li>\n<li>Cliqueu &#8220;<em><strong>Accedir<\/strong><strong>&#8220;<\/strong><\/em><\/li>\n<\/ul>\n<h3><\/h3>\n<h3>2) Entreu els germans: (si cal)<\/h3>\n<ul>\n<li>Aneu a l&#8217;inici<\/li>\n<li>Seleccioneu &#8220;<em><strong>Usuaris<\/strong><\/em>&#8220;<\/li>\n<li>Seleccioneu &#8220;<em><strong>Nou Usuari<\/strong><\/em>&#8220;<\/li>\n<li>Entreu el codi d&#8217;usuari i la contrasenya del vostre fill\/a<\/li>\n<li>Cliqueu &#8220;<em><strong>Accedir<\/strong><\/em>&#8220;<\/li>\n<\/ul>\n<h3>3) Entreu els correus electr\u00f2nics:<\/h3>\n<ul>\n<li>Aneu a l&#8217;inici<\/li>\n<li>Seleccioneu &#8220;<em><strong>Men\u00fa<\/strong><\/em>&#8220;<\/li>\n<li>Seleccioneu &#8220;<em><strong>Configuraci\u00f3<\/strong><\/em>&#8220;<\/li>\n<li>Seleccioneu &#8220;<em><strong>Fitxa d&#8217;usuari<\/strong><\/em>&#8220;<\/li>\n<li>Seleccioneu &#8220;<em><strong>+dades<\/strong><\/em>&#8220;<\/li>\n<li>Seleccioneu &#8220;<em><strong>Editar dades<\/strong><\/em>&#8220;<\/li>\n<li>Podeu entrar <strong>2<\/strong> <strong>correus<\/strong> electr\u00f2nics diferents.<\/li>\n<li>Cliqueu &#8220;<em><strong>Guardar dades<\/strong><\/em>&#8220;<\/li>\n<\/ul>\n<h3>4) Canvieu la contrasenya:<\/h3>\n<ul>\n<li>Aneu a l&#8217;inici<\/li>\n<li>Seleccioneu &#8220;<em><b>Men\u00fa<\/b><\/em>&#8220;<\/li>\n<li>Seleccioneu &#8220;<em><strong>Configuraci\u00f3<\/strong><\/em>&#8220;<\/li>\n<li>Seleccioneu &#8220;<strong><em>Canviar contrasenya<\/em><\/strong>&#8220;<\/li>\n<li>Entreu la nova contrasenya<\/li>\n<li>Confirmeu la nova contrasenya<\/li>\n<li>Cliqueu &#8220;<em><strong>Desar<\/strong><\/em>&#8220;<\/li>\n<\/ul>\n<p>&nbsp;<\/p>\n<p>&nbsp;<\/p>\n<h1><span style=\"color: #339966;\"><strong>Menjador:<\/strong><\/span><\/h1>\n<p>El pagament del menjador \u00e9s un sistema c\u00f2mode i \u00e0gil, i funciona amb tiquets. Cal adquirir els tiquets de menjador des de l&#8217;aplicaci\u00f3 o web de TPVEscola. Cada nen\/a t\u00e9 un saldo de tiquets que pot utilitzar per validar els dies que es quedar\u00e0 a dinar. Quan es queda sense saldo, cal adquirir m\u00e9s tiquets o traspassar-los des d&#8217;un altre germ\u00e0\/na.<\/p>\n<h3>1) Compreu tiquets:<\/h3>\n<ul>\n<li>Aneu a l&#8217;inici<\/li>\n<li>Seleccioneu &#8220;<em style=\"font-family: inherit; font-size: 1em;\"><strong>Serveis<\/strong><\/em><span style=\"font-family: inherit; font-size: 1em;\">&#8220;<\/span><\/li>\n<li>Seleccioneu \u201c<em><strong>Menjador<\/strong><\/em>\u201d<\/li>\n<li>Seleccioneu &#8220;<em><strong>Gestionar t<\/strong><strong>iquets<\/strong><\/em>\u201d<\/li>\n<li>Confirmeu el n\u00famero de tiquets a adquirir i seleccioneu &#8220;<em><strong>Comprar<\/strong><\/em>&#8220;<\/li>\n<li>Una vegada finalitzat el pagament, rebreu el rebut de la compra per correu electronic.<\/li>\n<li>Veureu els tiquets disponibles dins del men\u00fa &#8220;<em><strong>Menjador<\/strong><\/em>&#8221; al apartat &#8220;<em><strong>Tiquet Esporadic<\/strong><\/em>&#8221; (aqui teniu el numero de tiquets disponibles).<\/li>\n<\/ul>\n<h3>2) Valideu tiquets:<\/h3>\n<ul>\n<li><strong data-start=\"67\" data-end=\"163\">Seleccioneu els dies que el vostre fill\/a es quedar\u00e0 a dinar al menjador dins del calendari.<\/strong><br data-start=\"163\" data-end=\"166\" \/>Els dies que apareixen en blanc s\u00f3n els dies disponibles per triar, mentre que els dies en vermell corresponen a caps de setmana o festius. Un cop seleccionats, feu clic a <strong data-start=\"338\" data-end=\"358\">\u201cConfirmar dies\u201d<\/strong>.<\/li>\n<li>Els tiquets validats es descomptaran del saldo de tiquets disponibles.<\/li>\n<li>Si teniu beca, podeu seleccionar l&#8217;opci\u00f3 <strong data-start=\"474\" data-end=\"492\">\u201cTiquets beca\u201d<\/strong> i marcar els dies corresponents al calendari.<\/li>\n<li>Podeu validar tiquets pel mateix dia fins a les <strong>9:30h del mat\u00ed<\/strong>.<\/li>\n<li>\n<p data-start=\"613\" data-end=\"808\">\ud83d\udd34 <strong data-start=\"616\" data-end=\"630\">IMPORTANT:<\/strong> Per tal de garantir un servei \u00f2ptim de menjador, <strong data-start=\"680\" data-end=\"750\">\u00e9s imprescindible confirmar els tiquets dins del termini establert<\/strong>. En cas contrari, <strong data-start=\"769\" data-end=\"808\">no es pot garantir el men\u00fa del dia.<\/strong><\/p>\n<\/li>\n<\/ul>\n<h3>3) Anul\u00b7lar tiquets:<\/h3>\n<ul>\n<li>Seleccioneu els dies que ja estan marcats amb verd i que el vostre fill\/a NO es quedar\u00e0 a dinar i cliqueu \u201c<em><strong>Anul\u00b7lar dies<\/strong><\/em>\u201d.<\/li>\n<li>Els tiquets anul\u00b7lats es retornaran al saldo de tiquets disponibles.<\/li>\n<\/ul>\n<h3>4)Traspassar tiquets:<\/h3>\n<ul>\n<li>Per a traspassar tiquets entre els vostres fills\/es. Nom\u00e9s per a fam\u00edlies amb m\u00e9s d\u2019un fill\/a al centre.<\/li>\n<li>Seleccioneu &#8220;<em><strong>Gestionar t<\/strong><strong>iquets<\/strong><\/em>\u201d<\/li>\n<li>Seleccioneu &#8220;<em><strong>Transpasa<\/strong><strong><em>r<\/em> t<\/strong><strong>iquets<\/strong><\/em>\u201d<\/li>\n<li>Seleccioneu el n\u00famero de tiquets a traspassar.<\/li>\n<li>Seleccioneu el fill\/a que cedir\u00e0 els tiquets i el fill\/a que els rebr\u00e0.<\/li>\n<li>Cliqueu \u201c<em><strong>Traspassar<\/strong><\/em>\u201d<\/li>\n<li>Els tiquets traspassats es descomptaran d\u2019un germ\u00e0 i s\u2019afegiran a l\u2019altre.<\/li>\n<\/ul>\n<h3>5) Canviar d\u2019usuari:<\/h3>\n<ul>\n<li>Si teniu m\u00e9s d\u2019un fill\/a al centre, podeu canviar d\u2019usuari per a validar els tiquets de tots.<\/li>\n<li>Seleccioneu \u201c<strong><em>Usuaris<\/em><\/strong>\u201d<\/li>\n<li>Seleccioneu l<em><strong>\u2019usuari<\/strong><\/em>\u201d<\/li>\n<li>Seleccioneu el fill\/a del que voleu validar tiquets del menjador.<\/li>\n<\/ul>\n<h3>Us cal m\u00e9s ajuda amb el servei de menjador?<\/h3>\n<ul>\n<li>Consulteu la web: www.puigberenguer.cat &gt; AFA &gt; Serveis &gt; TPVEscola<\/li>\n<li>Envieu un correu a <a href=\"mailto:menjador@puigberenguer.cat\">menjador@puigberenguer.cat.<\/a><\/li>\n<li>O parleu amb la Joana a l\u2019escola, els matins de 9h a 10h.<\/li>\n<\/ul>\n<p>&nbsp;<\/p>\n<h1><span style=\"color: #339966;\"><strong>Pagaments AFA:<\/strong><\/span><\/h1>\n<h3>1) Feu el primer pagament:<\/h3>\n<ul>\n<li>Aneu a l&#8217;inici<\/li>\n<li>Seleccioneu &#8220;<em><strong>Pagaments pendents<\/strong><\/em>&#8220;<\/li>\n<li>Seleccioneu els pagaments que voleu efectuar.<\/li>\n<li>Cliqueu el bot\u00f3 &#8220;<em><strong>Pagar<\/strong><\/em>&#8220;<\/li>\n<\/ul>\n<h3>2) Pagament extraescolars:<\/h3>\n<ul>\n<li>Quan la comissi\u00f3 d&#8217;extraescolars us avisi que hi ha el pagament a punt, cal que aneu a &#8220;<strong><em>Inici<\/em><\/strong>&#8221; &gt;\u00a0 &#8220;<em><strong>Pagaments pendents<\/strong><\/em>&#8220;<\/li>\n<li>Trobareu l&#8217;import de les activitats del vostre fill\/a a pagar.<\/li>\n<li>Podeu pagar el total de l&#8217;import, o sol\u00b7licitar el fracionament a la Comissi\u00f3 d&#8217;Extraescolars. S&#8217;estudiar\u00e0 la sol\u00b7licitud i es cercar\u00e0 flexibilitzar la situaci\u00f3.<\/li>\n<li>Abans de la data de finalitzaci\u00f3 del pagament, caldr\u00e0 que hagueu pagat el 100% de l&#8217;import del pagament.<\/li>\n<\/ul>\n<h3>3) Pagament servei despertador:<\/h3>\n<ul>\n<li>A final de mes trobareu l&#8217;import a pagar del servei de despertador dins de l&#8217;apartat &#8220;<em><strong>Pagaments pendents<\/strong><\/em>&#8220;.<\/li>\n<li>Caldr\u00e0 que aboneu la totalitat del servei despertador abans de la data indicada.<\/li>\n<li>El servei despertador, com que \u00e9s un import petit, no es pot fraccionar.<\/li>\n<\/ul>\n<h3>4) I que m\u00e9s?<\/h3>\n<ul>\n<li>Quan tingueu m\u00e9s pagaments de l&#8217;AFA, rebreu un correu electr\u00f2nic i els trobareu dins l&#8217;app.<\/li>\n<\/ul>\n<h3><\/h3>\n<h3><\/h3>\n<h3>\u00a0Us cal m\u00e9s ajuda?<\/h3>\n<ul>\n<li>Consulteu la web: www.puigberenguer.cat &gt; AFA&gt; Serveis &gt; TPVEscola<\/li>\n<li>Envieu un correu a<a href=\"mailto:tpv@puigberenguer.cat\"> tpv<span class=\"\">@<\/span>puigberenguer.cat.<\/a><\/li>\n<li>Passeu pel local de l\u2019AFA dintre de l\u2019horari habitual (de dilluns a divendres de 16:30h a 17:15h)<\/li>\n<\/ul>\n<p>&nbsp;<\/p>\n<p>&nbsp;<\/p>\n<p>&nbsp;<\/p>\n<p>&nbsp;<\/p>\n<p>&nbsp;<\/p>\n","protected":false},"excerpt":{"rendered":"<p>TPVEscola \u00e9s una aplicaci\u00f3 m\u00f2bil i p\u00e0gina web que utilitza l&#8217;escola com a sistema de pagaments.<br \/>\nCaldr\u00e0 pagar amb TPVEscola tots els serveis de l&#8217;escola i d&#8217;AFA:<a href=\"https:\/\/agora.xtec.cat\/ceip-puigberenguer\/wp-content\/uploads\/usu1000\/2024\/02\/DCCA4BA3-256D-4D11-A3F9-C41DEB38E670.jpg\"><\/a><\/p>\n<ul>\n<li>Menjador <\/li>\n<li>Serveis AFA: Quota Soci, Fons Solidari, Servei despertador, Extraescolars i Casals.<\/li>\n<li>Pagaments de l&#8217;escola: Material, Excursions, Col\u00f2nies, \u2026<\/li>\n<\/ul>\n<p>Cada alumne&hellip;  <a href=\"https:\/\/agora.xtec.cat\/ceip-puigberenguer\/afa\/serveis\/tpvescola\/\" title=\"Read TPVEscola\">Llegeix m\u00e9s\u00bb<\/a><\/p>\n","protected":false},"author":7,"featured_media":0,"parent":7834,"menu_order":4,"comment_status":"closed","ping_status":"closed","template":"","meta":{"_bbp_topic_count":0,"_bbp_reply_count":0,"_bbp_total_topic_count":0,"_bbp_total_reply_count":0,"_bbp_voice_count":0,"_bbp_anonymous_reply_count":0,"_bbp_topic_count_hidden":0,"_bbp_reply_count_hidden":0,"_bbp_forum_subforum_count":0,"footnotes":""},"class_list":["post-5274","page","type-page","status-publish","hentry"],"post_mailing_queue_ids":[],"_links":{"self":[{"href":"https:\/\/agora.xtec.cat\/ceip-puigberenguer\/wp-json\/wp\/v2\/pages\/5274","targetHints":{"allow":["GET"]}}],"collection":[{"href":"https:\/\/agora.xtec.cat\/ceip-puigberenguer\/wp-json\/wp\/v2\/pages"}],"about":[{"href":"https:\/\/agora.xtec.cat\/ceip-puigberenguer\/wp-json\/wp\/v2\/types\/page"}],"author":[{"embeddable":true,"href":"https:\/\/agora.xtec.cat\/ceip-puigberenguer\/wp-json\/wp\/v2\/users\/7"}],"replies":[{"embeddable":true,"href":"https:\/\/agora.xtec.cat\/ceip-puigberenguer\/wp-json\/wp\/v2\/comments?post=5274"}],"version-history":[{"count":8,"href":"https:\/\/agora.xtec.cat\/ceip-puigberenguer\/wp-json\/wp\/v2\/pages\/5274\/revisions"}],"predecessor-version":[{"id":10576,"href":"https:\/\/agora.xtec.cat\/ceip-puigberenguer\/wp-json\/wp\/v2\/pages\/5274\/revisions\/10576"}],"up":[{"embeddable":true,"href":"https:\/\/agora.xtec.cat\/ceip-puigberenguer\/wp-json\/wp\/v2\/pages\/7834"}],"wp:attachment":[{"href":"https:\/\/agora.xtec.cat\/ceip-puigberenguer\/wp-json\/wp\/v2\/media?parent=5274"}],"curies":[{"name":"wp","href":"https:\/\/api.w.org\/{rel}","templated":true}]}}