{"id":5272,"date":"2018-08-28T23:11:52","date_gmt":"2018-08-28T21:11:52","guid":{"rendered":"http:\/\/agora.xtec.cat\/ceip-puigberenguer\/?page_id=5272"},"modified":"2025-08-14T08:01:26","modified_gmt":"2025-08-14T06:01:26","slug":"rgpd","status":"publish","type":"page","link":"https:\/\/agora.xtec.cat\/ceip-puigberenguer\/afa\/rgpd\/","title":{"rendered":"RGPD"},"content":{"rendered":"<h2>Informaci\u00f3 b\u00e0sica sobre protecci\u00f3 de dades.<\/h2>\n<p>De conformitat amb el Reglament (UE) 2016\/679, Reglament General de Protecci\u00f3 de Dades (RGPD) us informem el seg\u00fcent:<\/p>\n<div><\/div>\n<ul>\n<li>Responsable: AFA Escola Puigberenguer, Carrer N\u00faria S\/N &#8211; 08242 Manresa, ampapuigberenguer@gmail.com<\/li>\n<li>Finalitat: Gesti\u00f3 i serveis oferts als alumnes i les seves fam\u00edlies. Informar d\u2019activitats relacionades amb l\u2019escola i AFA.<\/li>\n<li>Legitimaci\u00f3: Consentiment de l&#8217;interessat Destinataris En el cas d\u2019extraescolars, servei despertador i casals, es cediran els noms dels alumnes i dades b\u00e0siques de contacte a les empreses\/professionals per poder desenvolupar l\u2019activitat.<\/li>\n<li>Drets: Accedir a les dades, rectificar-les, suprimir-les, sol\u00b7licitar-ne la portabilitat, oposar-se al tractament i sol\u00b7licitar-ne la limitaci\u00f3<\/li>\n<li>Informaci\u00f3 addicional: Podeu consultar la informaci\u00f3 addicional i detallada sobre protecci\u00f3 de dades a la nostra p\u00e0gina web http:\/\/agora.xtec.cat\/ceip-puigberenguer\/afa\/rgpd\/<\/li>\n<\/ul>\n<p>&nbsp;<\/p>\n<h2>M\u00e9s informaci\u00f3<\/h2>\n<h3>Responsable<\/h3>\n<p><b>Qui \u00e9s el responsable del tractament de les vostres dades?<\/b><\/p>\n<ul>\n<li>Identitat: AFA Escola Puigberenguer<\/li>\n<li>Adre\u00e7a postal: Carrer N\u00faria SN &#8211; 08242 Manresa<\/li>\n<li>Adre\u00e7a electr\u00f2nica: <a href=\"mailto:afa@puigberenguer.cat\">afa@puigberenguer.cat<\/a><\/li>\n<\/ul>\n<h3>Finalitat<\/h3>\n<p><b>Amb quina finalitat tractem les vostres dades personals? <\/b><\/p>\n<p>L\u2019AFA del Puigberenguer utilitza les dades dels alumnes de l\u2019escola i els seus tutors, per la gesti\u00f3 econ\u00f2mica de l\u2019AFA, poder tenir un registre de socis, i per poder organitzar i gestionar activitats i serveis als alumnes i fam\u00edlies de l\u2019escola.<\/p>\n<p>Utilitzem els contactes dels tutors per posar-nos en contacte amb ells en cas d\u2019incid\u00e8ncies o necessitat de contactar-hi.<\/p>\n<p>Enviem informaci\u00f3 mitjan\u00e7ant correu electr\u00f2nic i\/o tel\u00e8fon, segons prefer\u00e8ncies de l\u2019interessat, de les activitats i informacions rellevants de l\u2019escola i de l\u2019AFA.<\/p>\n<p><b>Quant de temps conservarem les vostres dades?<\/b><\/p>\n<p>Les dades personals proporcionades es conservaran fins que l\u2019interessat no en sol\u00b7liciti la supressi\u00f3<\/p>\n<h3>Legitimaci\u00f3<\/h3>\n<p><b>Quina \u00e9s la legitimaci\u00f3 per al tractament de les vostres dades?<\/b><br \/>\nConsentiment de la persona interessada. La persona interessada pot retirar el consentiment en qualsevol moment.<\/p>\n<h3>Destinataris<\/h3>\n<p><b>A quins destinataris es comunicaran les vostres dades? <\/b><\/p>\n<p>En el cas d\u2019extraescolars, servei despertador i casals, es cediran els noms dels alumnes i dades b\u00e0siques de contacte a les empreses\/professionals per poder desenvolupar l\u2019activitat.<\/p>\n<p><b>Quins s\u00f3n els vostres drets? \u00a0<\/b><\/p>\n<p>Podeu exercir els vostres drets d\u2019acc\u00e9s, rectificaci\u00f3, supressi\u00f3, oposici\u00f3 al tractament i sol\u00b7licitud de limitaci\u00f3.<\/p>\n<p><b>Com podeu exercir els drets?<\/b><\/p>\n<p>Presentant un escrit adre\u00e7at a AFA Escola Puigberenguer (Carrer N\u00faria S\/N &#8211; 08242 Manresa)<\/p>\n<p>Heu d\u2019indicar clarament a la vostra sol\u00b7licitud quin o quins drets exerciu.<\/p>\n<p><b>Quines vies de reclamaci\u00f3 hi ha?<\/b><br \/>\nSi considereu que els vostres drets no s\u2019han at\u00e8s adequadament, teniu dret a<br \/>\npresentar una reclamaci\u00f3 davant l\u2019Autoritat Catalana de Protecci\u00f3 de Dades.<\/p>\n<h3>Categories de les dades<\/h3>\n<p><b>Quines categories de dades tractem?<\/b><\/p>\n<ul>\n<li>Dades identificatives<\/li>\n<\/ul>\n<h3>Proced\u00e8ncia<\/h3>\n<p><b>Com hem obtingut les vostres dades?<\/b><\/p>\n<p>En cas de tenir el vostre consentiment, l\u2019Escola Puigberenguer ens cedeix les dades b\u00e0siques de l\u2019alumne (Nom, Cognoms i Classe) i les dades de contacte del tutor (Nom, correu electr\u00f2nic i tel\u00e8fon)<\/p>\n<p>&nbsp;<\/p>\n<h3>M\u00e9s informaci\u00f3 a :<\/h3>\n<ul>\n<li><a href=\"http:\/\/ensenyament.gencat.cat\/ca\/departament\/proteccio-dades\/\" target=\"_blank\" rel=\"noopener noreferrer\">http:\/\/ensenyament.gencat.cat\/ca\/departament\/proteccio-dades\/<\/a><\/li>\n<\/ul>\n<p>&nbsp;<\/p>\n","protected":false},"excerpt":{"rendered":"<p>Informaci\u00f3 b\u00e0sica sobre protecci\u00f3 de dades.<br \/>\nDe conformitat amb el Reglament (UE) 2016\/679, Reglament General de Protecci\u00f3 de Dades (RGPD) us informem el seg\u00fcent:<\/p>\n<ul>\n<li>Responsable: AFA Escola Puigberenguer, Carrer N\u00faria S\/N &#8211; 08242 Manresa, ampapuigberenguer@gmail.com<\/li>\n<li>Finalitat: Gesti\u00f3 i serveis oferts als alumnes i les seves fam\u00edlies. Informar d\u2019activitats&hellip;  <a href=\"https:\/\/agora.xtec.cat\/ceip-puigberenguer\/afa\/rgpd\/\" title=\"Read RGPD\">Llegeix m\u00e9s\u00bb<\/a><br \/>\n","protected":false},"author":7,"featured_media":0,"parent":481,"menu_order":6,"comment_status":"closed","ping_status":"closed","template":"","meta":{"_bbp_topic_count":0,"_bbp_reply_count":0,"_bbp_total_topic_count":0,"_bbp_total_reply_count":0,"_bbp_voice_count":0,"_bbp_anonymous_reply_count":0,"_bbp_topic_count_hidden":0,"_bbp_reply_count_hidden":0,"_bbp_forum_subforum_count":0,"footnotes":""},"class_list":["post-5272","page","type-page","status-publish","hentry"],"post_mailing_queue_ids":[],"_links":{"self":[{"href":"https:\/\/agora.xtec.cat\/ceip-puigberenguer\/wp-json\/wp\/v2\/pages\/5272","targetHints":{"allow":["GET"]}}],"collection":[{"href":"https:\/\/agora.xtec.cat\/ceip-puigberenguer\/wp-json\/wp\/v2\/pages"}],"about":[{"href":"https:\/\/agora.xtec.cat\/ceip-puigberenguer\/wp-json\/wp\/v2\/types\/page"}],"author":[{"embeddable":true,"href":"https:\/\/agora.xtec.cat\/ceip-puigberenguer\/wp-json\/wp\/v2\/users\/7"}],"replies":[{"embeddable":true,"href":"https:\/\/agora.xtec.cat\/ceip-puigberenguer\/wp-json\/wp\/v2\/comments?post=5272"}],"version-history":[{"count":4,"href":"https:\/\/agora.xtec.cat\/ceip-puigberenguer\/wp-json\/wp\/v2\/pages\/5272\/revisions"}],"predecessor-version":[{"id":10532,"href":"https:\/\/agora.xtec.cat\/ceip-puigberenguer\/wp-json\/wp\/v2\/pages\/5272\/revisions\/10532"}],"up":[{"embeddable":true,"href":"https:\/\/agora.xtec.cat\/ceip-puigberenguer\/wp-json\/wp\/v2\/pages\/481"}],"wp:attachment":[{"href":"https:\/\/agora.xtec.cat\/ceip-puigberenguer\/wp-json\/wp\/v2\/media?parent=5272"}],"curies":[{"name":"wp","href":"https:\/\/api.w.org\/{rel}","templated":true}]}}