{"id":490,"date":"2014-11-18T08:08:10","date_gmt":"2014-11-18T07:08:10","guid":{"rendered":"http:\/\/agora.xtec.cat\/ceip-puigberenguer\/?page_id=490"},"modified":"2021-02-26T19:13:36","modified_gmt":"2021-02-26T18:13:36","slug":"estatuts-afa","status":"publish","type":"page","link":"https:\/\/agora.xtec.cat\/ceip-puigberenguer\/afa\/estatuts-afa\/","title":{"rendered":"Estatuts"},"content":{"rendered":"<p>L&#8217;<strong>Associaci\u00f3 de Fam\u00edlies d&#8217;Alumnes<\/strong> de l&#8217;Escola Puigberenguer, es va constituir l&#8217;any 1994. Fins a l&#8217;any 2020 s&#8217;anomenava Associaci\u00f3 de Mares i Pares d\u2019alumnes de l\u2019Escola Puigberenguer.<\/p>\n<p>Un dels objectius del <strong>curs 2010-2011<\/strong> va ser <strong>actualitzar els Estatuts<\/strong> per adaptar-los a la normativa actual.<\/p>\n<p>A l&#8217;assemblea extraordin\u00e0ria del dia <strong>20 de novembre de 2020<\/strong> es va aprovar el canvi al nom actual, que va quedar inscrit a la Direcci\u00f3 General de Dret i Entitats Jur\u00eddiques, del Departament de Just\u00edcia de la Generalitat de Catalunya el 22 de desembre de 2020.<\/p>\n<p>Estatuts vigents de la nostra AFA:<\/p>\n<p style=\"height: 600px;\"><embed width=\"100%\" height=\"600px\" src=\"https:\/\/agora.xtec.cat\/ceip-puigberenguer\/wp-content\/uploads\/usu1000\/2021\/02\/2020_Estatuts_AFA_Puigberenguer.pdf?view=fit\" type=\"application\/pdf\"><\/embed><\/p>\n<p>&nbsp;<\/p>\n<p>&nbsp;<\/p>\n<p>&nbsp;<\/p>\n<p>&nbsp;<\/p>\n<p>&nbsp;<\/p>\n","protected":false},"excerpt":{"rendered":"<p>L&#8217;Associaci\u00f3 de Fam\u00edlies d&#8217;Alumnes de l&#8217;Escola Puigberenguer, es va constituir l&#8217;any 1994. Fins a l&#8217;any 2020 s&#8217;anomenava Associaci\u00f3 de Mares i Pares d\u2019alumnes de l\u2019Escola Puigberenguer.<br \/>\nUn dels objectius del curs 2010-2011 va ser actualitzar els Estatuts per adaptar-los a la normativa actual.<br \/>\nA l&#8217;assemblea extraordin\u00e0ria del&hellip;  <a href=\"https:\/\/agora.xtec.cat\/ceip-puigberenguer\/afa\/estatuts-afa\/\" title=\"Read Estatuts\">Llegeix m\u00e9s\u00bb<\/a><\/p>\n","protected":false},"author":3,"featured_media":0,"parent":481,"menu_order":5,"comment_status":"open","ping_status":"closed","template":"page-templates\/side-menu.php","meta":{"_bbp_topic_count":0,"_bbp_reply_count":0,"_bbp_total_topic_count":0,"_bbp_total_reply_count":0,"_bbp_voice_count":0,"_bbp_anonymous_reply_count":0,"_bbp_topic_count_hidden":0,"_bbp_reply_count_hidden":0,"_bbp_forum_subforum_count":0,"footnotes":""},"class_list":["post-490","page","type-page","status-publish","hentry"],"post_mailing_queue_ids":[],"_links":{"self":[{"href":"https:\/\/agora.xtec.cat\/ceip-puigberenguer\/wp-json\/wp\/v2\/pages\/490","targetHints":{"allow":["GET"]}}],"collection":[{"href":"https:\/\/agora.xtec.cat\/ceip-puigberenguer\/wp-json\/wp\/v2\/pages"}],"about":[{"href":"https:\/\/agora.xtec.cat\/ceip-puigberenguer\/wp-json\/wp\/v2\/types\/page"}],"author":[{"embeddable":true,"href":"https:\/\/agora.xtec.cat\/ceip-puigberenguer\/wp-json\/wp\/v2\/users\/3"}],"replies":[{"embeddable":true,"href":"https:\/\/agora.xtec.cat\/ceip-puigberenguer\/wp-json\/wp\/v2\/comments?post=490"}],"version-history":[{"count":3,"href":"https:\/\/agora.xtec.cat\/ceip-puigberenguer\/wp-json\/wp\/v2\/pages\/490\/revisions"}],"predecessor-version":[{"id":7824,"href":"https:\/\/agora.xtec.cat\/ceip-puigberenguer\/wp-json\/wp\/v2\/pages\/490\/revisions\/7824"}],"up":[{"embeddable":true,"href":"https:\/\/agora.xtec.cat\/ceip-puigberenguer\/wp-json\/wp\/v2\/pages\/481"}],"wp:attachment":[{"href":"https:\/\/agora.xtec.cat\/ceip-puigberenguer\/wp-json\/wp\/v2\/media?parent=490"}],"curies":[{"name":"wp","href":"https:\/\/api.w.org\/{rel}","templated":true}]}}