{"id":486,"date":"2014-11-18T07:57:09","date_gmt":"2014-11-18T06:57:09","guid":{"rendered":"http:\/\/agora.xtec.cat\/ceip-puigberenguer\/?page_id=486"},"modified":"2025-08-14T11:18:25","modified_gmt":"2025-08-14T09:18:25","slug":"contacte","status":"publish","type":"page","link":"https:\/\/agora.xtec.cat\/ceip-puigberenguer\/afa\/contacte\/","title":{"rendered":"Contacte"},"content":{"rendered":"<p>Per posar-vos en contacte amb l&#8217;AFA (Associaci\u00f3 de Fam\u00edlies d&#8217;Alumnes), podeu <strong>enviar un correu electr\u00f2nic<\/strong> a <a href=\"mailto:afa@puigberenguer.cat\">afa@puigberenguer.cat<\/a><\/p>\n<p>Tamb\u00e9 podeu\u00a0<a href=\"http:\/\/agora.xtec.cat\/ceip-puigberenguer\/afa\/\" target=\"_blank\" rel=\"noopener noreferrer\">visitar l&#8217;apartat de l&#8217;AFA<\/a>\u00a0al web de l&#8217;Escola<\/p>\n<p>L\u2019AFA \u00e9s dirigida per una <strong>junta<\/strong> que fa funcions de <strong>coordinaci\u00f3, tresoreria i administratives<\/strong>.<\/p>\n<p>Les <strong>tasques concretes<\/strong>, per\u00f2, les duen a terme diferents <strong>comissions<\/strong>. I totes aquestes fam\u00edlies estan distribu\u00efdes en <strong>una quinzena de comissions<\/strong>, que s\u00f3n les seg\u00fcents:<\/p>\n<p>Comunitat<\/p>\n<table>\n<tbody>\n<tr>\n<td><a title=\"Comissi\u00f3 de Festes\" href=\"http:\/\/agora.xtec.cat\/ceip-puigberenguer\/ampa\/comissions\/comissio-de-festes\/\">Comissi\u00f3 de Festes<\/a><\/td>\n<td><a href=\"mailto:afa@puigberenguer.cat\">afa@puigberenguer.cat<\/a><\/td>\n<\/tr>\n<tr>\n<td><a title=\"Comissi\u00f3 de Carnestoltes\" href=\"http:\/\/agora.xtec.cat\/ceip-puigberenguer\/ampa\/comissions\/comissio-de-carnestoltes\/\">Comissi\u00f3 de Carnestoltes<\/a><\/td>\n<td><a href=\"mailto:afa@puigberenguer.cat\">afa@puigberenguer.cat<\/a><\/td>\n<\/tr>\n<tr>\n<td><a title=\"Comissi\u00f3 de Gegants\" href=\"http:\/\/agora.xtec.cat\/ceip-puigberenguer\/ampa\/comissions\/comissio-de-gegants\/\">Comissi\u00f3 de Gegants<\/a><\/td>\n<td><a href=\"mailto:afa@puigberenguer.cat\">afa@puigberenguer.cat<\/a><\/td>\n<\/tr>\n<tr>\n<td><a title=\"Esports\" href=\"http:\/\/agora.xtec.cat\/ceip-puigberenguer\/ampa\/comissions\/esports\/\">Comissi\u00f3 d&#8217;Esports<\/a><\/td>\n<td><a href=\"mailto:afa@puigberenguer.cat\">afa@puigberenguer.cat<\/a><\/td>\n<\/tr>\n<\/tbody>\n<\/table>\n<p>Serveis<\/p>\n<table style=\"width: 57.074%;\">\n<tbody>\n<tr>\n<td style=\"width: 50.4146%;\"><a href=\"https:\/\/agora.xtec.cat\/ceip-puigberenguer\/ampa\/comissions\/comissio-de-menjador\/\">Comissi\u00f3 de Menjador<\/a><\/td>\n<td style=\"width: 48.4245%;\"><a href=\"mailto:menjador.puigberenguer@gmail.com\">menjador.ampa.puigberenguer@gmail.com<\/a><\/td>\n<\/tr>\n<tr>\n<td style=\"width: 50.4146%;\"><a title=\"Comissi\u00f3 de Extraescolars\" href=\"http:\/\/agora.xtec.cat\/ceip-puigberenguer\/ampa\/comissions\/comissio-de-extraescolars\/\">Comissi\u00f3 d&#8217;Extraescolars<\/a><\/td>\n<td style=\"width: 48.4245%;\"><a href=\"mailto:extraescolars.puigberenguer@gmail.com\">extraescolars.puigberenguer@gmail.com<\/a><\/td>\n<\/tr>\n<tr>\n<td style=\"width: 50.4146%;\"><a title=\"Comissi\u00f3 de Servei Despertador i Casals\" href=\"http:\/\/agora.xtec.cat\/ceip-puigberenguer\/ampa\/comissions\/comissio-de-servei-despertador-i-casals\/\">Comissi\u00f3 de Servei Despertador i Casals<\/a><\/td>\n<td style=\"width: 48.4245%;\"><a href=\"mailto:extraescolars.puigberenguer@gmail.com\">extraescolars.puigberenguer<span class=\"\">@gmail.com<\/span><\/a><\/td>\n<\/tr>\n<tr>\n<td style=\"width: 50.4146%;\"><a href=\"http:\/\/agora.xtec.cat\/ceip-puigberenguer\/afa\/tpvescola\/\">Comissi\u00f3 TPVEscola<\/a><\/td>\n<td style=\"width: 48.4245%;\"><a class=\"rABsFf RffVmb AL18ce\" href=\"mailto:tpv@puigberenguer.cat\" target=\"_blank\" rel=\"noopener noreferrer\" data-tooltip=\"Del perfil de Google de l'usuari\" data-tooltip-position=\"top\">tpv@puigberenguer.cat<\/a><\/td>\n<\/tr>\n<\/tbody>\n<\/table>\n<p>Escola<\/p>\n<table>\n<tbody>\n<tr>\n<td><a title=\"Comissi\u00f3 de Cultura i Comunicaci\u00f3\" href=\"http:\/\/agora.xtec.cat\/ceip-puigberenguer\/afa\/comissions\/comunicacio\/\">Comissi\u00f3 de Comunicaci\u00f3<\/a><\/td>\n<td><a href=\"mailto:comunicacio@puigberenguer.cat\">comunicacio@puigberenguer.cat<\/a><\/td>\n<\/tr>\n<tr>\n<td><a title=\"Comissi\u00f3 de Delegats\" href=\"http:\/\/agora.xtec.cat\/ceip-puigberenguer\/ampa\/comissions\/comissio-de-delegats\/\">Comissi\u00f3 de Delegats i Delegades<\/a><\/td>\n<td><a href=\"mailto:afa@puigberenguer.cat\">afa@puigberenguer.cat<\/a><\/td>\n<\/tr>\n<tr>\n<td><a title=\"Entorn\" href=\"http:\/\/agora.xtec.cat\/ceip-puigberenguer\/afa\/comissions\/patis\/\">Comissi\u00f3 de Patis<\/a><\/td>\n<td><a href=\"mailto:afa@puigberenguer.cat\">afa@puigberenguer.cat<\/a><\/td>\n<\/tr>\n<tr>\n<td><a href=\"http:\/\/agora.xtec.cat\/ceip-puigberenguer\/ampa\/comissions\/comissio-mobilitat\/\">Comissi\u00f3 de Mobilitat<\/a><\/td>\n<td><a href=\"mailto:mobilitat.puigberenguer@gmail.com\">mobilitat.puigberenguer@gmail.com<\/a><\/td>\n<\/tr>\n<\/tbody>\n<\/table>\n","protected":false},"excerpt":{"rendered":"<p>Per posar-vos en contacte amb l&#8217;AFA (Associaci\u00f3 de Fam\u00edlies d&#8217;Alumnes), podeu enviar un correu electr\u00f2nic a <a href=\"mailto:afa@puigberenguer.cat\">afa@puigberenguer.cat<\/a><br \/>\nTamb\u00e9 podeu\u00a0<a href=\"http:\/\/agora.xtec.cat\/ceip-puigberenguer\/afa\/\" target=\"_blank\" rel=\"noopener noreferrer\">visitar l&#8217;apartat de l&#8217;AFA<\/a>\u00a0al web de l&#8217;Escola<br \/>\nL\u2019AFA \u00e9s dirigida per una junta que fa funcions de coordinaci\u00f3, tresoreria i administratives.<br \/>\nLes tasques concretes, per\u00f2,&hellip;  <a href=\"https:\/\/agora.xtec.cat\/ceip-puigberenguer\/afa\/contacte\/\" title=\"Read Contacte\">Llegeix m\u00e9s\u00bb<\/a><\/p>\n","protected":false},"author":3,"featured_media":0,"parent":481,"menu_order":7,"comment_status":"closed","ping_status":"closed","template":"page-templates\/side-menu.php","meta":{"_bbp_topic_count":0,"_bbp_reply_count":0,"_bbp_total_topic_count":0,"_bbp_total_reply_count":0,"_bbp_voice_count":0,"_bbp_anonymous_reply_count":0,"_bbp_topic_count_hidden":0,"_bbp_reply_count_hidden":0,"_bbp_forum_subforum_count":0,"footnotes":""},"class_list":["post-486","page","type-page","status-publish","hentry"],"post_mailing_queue_ids":[],"_links":{"self":[{"href":"https:\/\/agora.xtec.cat\/ceip-puigberenguer\/wp-json\/wp\/v2\/pages\/486","targetHints":{"allow":["GET"]}}],"collection":[{"href":"https:\/\/agora.xtec.cat\/ceip-puigberenguer\/wp-json\/wp\/v2\/pages"}],"about":[{"href":"https:\/\/agora.xtec.cat\/ceip-puigberenguer\/wp-json\/wp\/v2\/types\/page"}],"author":[{"embeddable":true,"href":"https:\/\/agora.xtec.cat\/ceip-puigberenguer\/wp-json\/wp\/v2\/users\/3"}],"replies":[{"embeddable":true,"href":"https:\/\/agora.xtec.cat\/ceip-puigberenguer\/wp-json\/wp\/v2\/comments?post=486"}],"version-history":[{"count":8,"href":"https:\/\/agora.xtec.cat\/ceip-puigberenguer\/wp-json\/wp\/v2\/pages\/486\/revisions"}],"predecessor-version":[{"id":10556,"href":"https:\/\/agora.xtec.cat\/ceip-puigberenguer\/wp-json\/wp\/v2\/pages\/486\/revisions\/10556"}],"up":[{"embeddable":true,"href":"https:\/\/agora.xtec.cat\/ceip-puigberenguer\/wp-json\/wp\/v2\/pages\/481"}],"wp:attachment":[{"href":"https:\/\/agora.xtec.cat\/ceip-puigberenguer\/wp-json\/wp\/v2\/media?parent=486"}],"curies":[{"name":"wp","href":"https:\/\/api.w.org\/{rel}","templated":true}]}}