{"id":481,"date":"2014-11-18T07:47:07","date_gmt":"2014-11-18T06:47:07","guid":{"rendered":"http:\/\/agora.xtec.cat\/ceip-puigberenguer\/?page_id=481"},"modified":"2021-03-03T11:56:22","modified_gmt":"2021-03-03T10:56:22","slug":"afa","status":"publish","type":"page","link":"https:\/\/agora.xtec.cat\/ceip-puigberenguer\/afa\/","title":{"rendered":"AFA &#8211; Associaci\u00f3 de Fam\u00edlies d&#8217;Alumnes"},"content":{"rendered":"<p style=\"text-align: left;\"><a href=\"https:\/\/agora.xtec.cat\/ceip-puigberenguer\/wp-content\/uploads\/usu1000\/2021\/02\/afa-sense-text.png\"><img loading=\"lazy\" decoding=\"async\" class=\"alignright wp-image-7706 size-medium\" src=\"https:\/\/agora.xtec.cat\/ceip-puigberenguer\/wp-content\/uploads\/usu1000\/2021\/02\/afa-sense-text-300x197.png\" alt=\"Logo AFA Puigberenguer\" width=\"300\" height=\"197\" srcset=\"https:\/\/agora.xtec.cat\/ceip-puigberenguer\/wp-content\/uploads\/usu1000\/2021\/02\/afa-sense-text-300x197.png 300w, https:\/\/agora.xtec.cat\/ceip-puigberenguer\/wp-content\/uploads\/usu1000\/2021\/02\/afa-sense-text-768x505.png 768w, https:\/\/agora.xtec.cat\/ceip-puigberenguer\/wp-content\/uploads\/usu1000\/2021\/02\/afa-sense-text-1024x673.png 1024w\" sizes=\"auto, (max-width: 300px) 100vw, 300px\" \/><\/a><b>Qui som?<\/b><\/p>\n<p>L\u2019<strong>Associaci\u00f3 de Fam\u00edlies d\u2019Alumnes (AFA)<\/strong> de l\u2019escola Puigberenguer \u00e9s l\u2019entitat que aglutina la participaci\u00f3 en la vida escolar de totes les fam\u00edlies dels nens i nenes de l\u2019escola. Per tant, totes les fam\u00edlies de l\u2019escola som membres de l\u2019AFA i ens organitzem per millorar la nostra escola.<\/p>\n<p><b>Qu\u00e8 fem?<\/b><\/p>\n<p>La missi\u00f3 de l\u2019AFA \u00e9s potenciar l\u2019escola p\u00fablica i de qualitat, integradora, tolerant, transversal i que garanteixi la igualtat d\u2019oportunitats dels infants.<\/p>\n<p><b>Com ho fem?<\/b><\/p>\n<p>Les 3 l\u00ednies principals d\u2019actuaci\u00f3 per aconseguir-ho s\u00f3n:<\/p>\n<ul>\n<li><b>Proporcionar serveis<\/b> a les fam\u00edlies complementaris als que ofereix l\u2019escola<\/li>\n<li><b>Millorar l\u2019escola<\/b> donant-li suport i col\u00b7laborant amb la comunitat educativa per tal de sumar en la consolidaci\u00f3 d\u2019aprenentatges de l\u2019alumnat<\/li>\n<li><b>Enfortir la comunitat<\/b> establint un espai de suport i comunicaci\u00f3 entre les fam\u00edlies que conviuen al centre. Aix\u00ed com dinamitzar la seva participaci\u00f3 en la vida escolar.<\/li>\n<\/ul>\n<p><b>TOTES LES FAM\u00cdLIES SOM AFA!<\/b><\/p>\n<p><a href=\"https:\/\/agora.xtec.cat\/ceip-puigberenguer\/wp-content\/uploads\/usu1000\/2021\/02\/ORGANITZACI\u00d3.jpg\"><img loading=\"lazy\" decoding=\"async\" class=\"alignnone size-large wp-image-7784\" src=\"https:\/\/agora.xtec.cat\/ceip-puigberenguer\/wp-content\/uploads\/usu1000\/2021\/02\/ORGANITZACI\u00d3-1024x492.jpg\" alt=\"\" width=\"1024\" height=\"492\" srcset=\"https:\/\/agora.xtec.cat\/ceip-puigberenguer\/wp-content\/uploads\/usu1000\/2021\/02\/ORGANITZACI\u00d3-1024x492.jpg 1024w, https:\/\/agora.xtec.cat\/ceip-puigberenguer\/wp-content\/uploads\/usu1000\/2021\/02\/ORGANITZACI\u00d3-300x144.jpg 300w, https:\/\/agora.xtec.cat\/ceip-puigberenguer\/wp-content\/uploads\/usu1000\/2021\/02\/ORGANITZACI\u00d3-768x369.jpg 768w, https:\/\/agora.xtec.cat\/ceip-puigberenguer\/wp-content\/uploads\/usu1000\/2021\/02\/ORGANITZACI\u00d3.jpg 1443w\" sizes=\"auto, (max-width: 1024px) 100vw, 1024px\" \/><\/a><\/p>\n","protected":false},"excerpt":{"rendered":"<p><a href=\"https:\/\/agora.xtec.cat\/ceip-puigberenguer\/wp-content\/uploads\/usu1000\/2021\/02\/afa-sense-text.png\"><\/a>Qui som?<br \/>\nL\u2019Associaci\u00f3 de Fam\u00edlies d\u2019Alumnes (AFA) de l\u2019escola Puigberenguer \u00e9s l\u2019entitat que aglutina la participaci\u00f3 en la vida escolar de totes les fam\u00edlies dels nens i nenes de l\u2019escola. Per tant, totes les fam\u00edlies de l\u2019escola som membres de l\u2019AFA i ens organitzem per&hellip;  <a href=\"https:\/\/agora.xtec.cat\/ceip-puigberenguer\/afa\/\" title=\"Read AFA &#8211; Associaci\u00f3 de Fam\u00edlies d&#8217;Alumnes\">Llegeix m\u00e9s\u00bb<\/a><\/p>\n","protected":false},"author":3,"featured_media":0,"parent":0,"menu_order":0,"comment_status":"open","ping_status":"closed","template":"page-templates\/side-menu.php","meta":{"_bbp_topic_count":0,"_bbp_reply_count":0,"_bbp_total_topic_count":0,"_bbp_total_reply_count":0,"_bbp_voice_count":0,"_bbp_anonymous_reply_count":0,"_bbp_topic_count_hidden":0,"_bbp_reply_count_hidden":0,"_bbp_forum_subforum_count":0,"footnotes":""},"class_list":["post-481","page","type-page","status-publish","hentry"],"post_mailing_queue_ids":[],"_links":{"self":[{"href":"https:\/\/agora.xtec.cat\/ceip-puigberenguer\/wp-json\/wp\/v2\/pages\/481","targetHints":{"allow":["GET"]}}],"collection":[{"href":"https:\/\/agora.xtec.cat\/ceip-puigberenguer\/wp-json\/wp\/v2\/pages"}],"about":[{"href":"https:\/\/agora.xtec.cat\/ceip-puigberenguer\/wp-json\/wp\/v2\/types\/page"}],"author":[{"embeddable":true,"href":"https:\/\/agora.xtec.cat\/ceip-puigberenguer\/wp-json\/wp\/v2\/users\/3"}],"replies":[{"embeddable":true,"href":"https:\/\/agora.xtec.cat\/ceip-puigberenguer\/wp-json\/wp\/v2\/comments?post=481"}],"version-history":[{"count":5,"href":"https:\/\/agora.xtec.cat\/ceip-puigberenguer\/wp-json\/wp\/v2\/pages\/481\/revisions"}],"predecessor-version":[{"id":7863,"href":"https:\/\/agora.xtec.cat\/ceip-puigberenguer\/wp-json\/wp\/v2\/pages\/481\/revisions\/7863"}],"wp:attachment":[{"href":"https:\/\/agora.xtec.cat\/ceip-puigberenguer\/wp-json\/wp\/v2\/media?parent=481"}],"curies":[{"name":"wp","href":"https:\/\/api.w.org\/{rel}","templated":true}]}}