{"id":38,"date":"2014-09-18T12:34:08","date_gmt":"2014-09-18T10:34:08","guid":{"rendered":"http:\/\/agora.xtec.cat\/ceip-puigberenguer\/\/?page_id=38"},"modified":"2023-01-21T19:50:22","modified_gmt":"2023-01-21T18:50:22","slug":"festes","status":"publish","type":"page","link":"https:\/\/agora.xtec.cat\/ceip-puigberenguer\/lescola\/festes\/","title":{"rendered":"Festes"},"content":{"rendered":"<div>\n<p>Som gent responsable i treballadora, per\u00f2 tamb\u00e9 <strong>fem manera de trobar estones l\u00fadiques<\/strong>, s\u00ed, s\u00ed!! Perqu\u00e8 aix\u00f2 forma part de la nostra l\u00ednia pedag\u00f2gica.Totes les festes que es celebren a l&#8217;escola estan pensades, adequades i treballades de cara als nens i nenes.<\/p>\n<p>Nom\u00e9s comen\u00e7ar, ja celebrem una gran festa per encetar el nou curs. Els grans donen la benvinguda a la resta d&#8217;alumnes. Cada cel.lebraci\u00f3 de comen\u00e7ament de curs \u00e9s un nou aniversari de l&#8217;escola.<\/p>\n<p>Saber cel.lebrar \u00e9s saber aprendre, saber gaudir, saber viure.. Durant el curs gaudim de diferents festes en funci\u00f3 de la roda de l&#8217;any, de l&#8217;edat dels alumnes i dels objectius del curs.<\/p>\n<p>Les m\u00e9s assenyalades s\u00f3n: <strong>La Castanyada, Nadal, Sant Jordi, La Festa de primavera, el comiat de 6\u00e8<\/strong> i &#8230;..<\/p>\n<\/div>\n<table style=\"border: 0px dotted #000000;\" cellpadding=\"5\">\n<tbody>\n<tr>\n<td style=\"border: 0px dotted #000000;\"><em><img loading=\"lazy\" decoding=\"async\" src=\"https:\/\/lh3.googleusercontent.com\/_afXUCIKXoog\/TUq84VR3N9I\/AAAAAAAAAiY\/U5-X2HkCE24\/Correfoc%2016.JPG\" alt=\"\" width=\"400\" height=\"300\" \/><\/em><\/td>\n<td style=\"border: 0px dotted #000000;\"><em><img loading=\"lazy\" decoding=\"async\" src=\"https:\/\/lh4.googleusercontent.com\/_afXUCIKXoog\/TUq7oTyQytI\/AAAAAAAAAd0\/E7_yFBIw2lY\/s640\/Festa%20primavera%202007%20129.jpg\" alt=\"\" width=\"400\" height=\"300\" \/> <\/em><\/td>\n<\/tr>\n<\/tbody>\n<\/table>\n","protected":false},"excerpt":{"rendered":"<p>Som gent responsable i treballadora, per\u00f2 tamb\u00e9 fem manera de trobar estones l\u00fadiques, s\u00ed, s\u00ed!! Perqu\u00e8 aix\u00f2 forma part de la nostra l\u00ednia pedag\u00f2gica.Totes les festes que es celebren a l&#8217;escola estan pensades, adequades i treballades de cara als nens i nenes.<br \/>\nNom\u00e9s comen\u00e7ar, ja celebrem&hellip;  <a href=\"https:\/\/agora.xtec.cat\/ceip-puigberenguer\/lescola\/festes\/\" title=\"Read Festes\">Llegeix m\u00e9s\u00bb<\/a><\/p>\n","protected":false},"author":2,"featured_media":0,"parent":4488,"menu_order":50,"comment_status":"open","ping_status":"closed","template":"page-templates\/side-menu.php","meta":{"_bbp_topic_count":0,"_bbp_reply_count":0,"_bbp_total_topic_count":0,"_bbp_total_reply_count":0,"_bbp_voice_count":0,"_bbp_anonymous_reply_count":0,"_bbp_topic_count_hidden":0,"_bbp_reply_count_hidden":0,"_bbp_forum_subforum_count":0,"footnotes":""},"class_list":["post-38","page","type-page","status-publish","hentry"],"post_mailing_queue_ids":[],"_links":{"self":[{"href":"https:\/\/agora.xtec.cat\/ceip-puigberenguer\/wp-json\/wp\/v2\/pages\/38","targetHints":{"allow":["GET"]}}],"collection":[{"href":"https:\/\/agora.xtec.cat\/ceip-puigberenguer\/wp-json\/wp\/v2\/pages"}],"about":[{"href":"https:\/\/agora.xtec.cat\/ceip-puigberenguer\/wp-json\/wp\/v2\/types\/page"}],"author":[{"embeddable":true,"href":"https:\/\/agora.xtec.cat\/ceip-puigberenguer\/wp-json\/wp\/v2\/users\/2"}],"replies":[{"embeddable":true,"href":"https:\/\/agora.xtec.cat\/ceip-puigberenguer\/wp-json\/wp\/v2\/comments?post=38"}],"version-history":[{"count":4,"href":"https:\/\/agora.xtec.cat\/ceip-puigberenguer\/wp-json\/wp\/v2\/pages\/38\/revisions"}],"predecessor-version":[{"id":9222,"href":"https:\/\/agora.xtec.cat\/ceip-puigberenguer\/wp-json\/wp\/v2\/pages\/38\/revisions\/9222"}],"up":[{"embeddable":true,"href":"https:\/\/agora.xtec.cat\/ceip-puigberenguer\/wp-json\/wp\/v2\/pages\/4488"}],"wp:attachment":[{"href":"https:\/\/agora.xtec.cat\/ceip-puigberenguer\/wp-json\/wp\/v2\/media?parent=38"}],"curies":[{"name":"wp","href":"https:\/\/api.w.org\/{rel}","templated":true}]}}