{"id":34,"date":"2014-09-18T12:32:18","date_gmt":"2014-09-18T10:32:18","guid":{"rendered":"http:\/\/agora.xtec.cat\/ceip-puigberenguer\/\/?page_id=34"},"modified":"2023-01-21T19:04:44","modified_gmt":"2023-01-21T18:04:44","slug":"oferta-educativa","status":"publish","type":"page","link":"https:\/\/agora.xtec.cat\/ceip-puigberenguer\/documents-descola\/oferta-educativa\/","title":{"rendered":"Comprom\u00eds Educatiu"},"content":{"rendered":"<p>Aquest document va ser elaborat i aprovat pel Consell Escolar el curs passat seguint les instruccions del Departament d&#8217;Ensenyament.<\/p>\n<p>La carta de comprom\u00eds educatiu formalitza la coresponsabilitat entre el centre educatiu i\u00a0les fam\u00edlies per dur a terme una acci\u00f3 coherent i coordinada en el desenvolupament personal,\u00a0acad\u00e8mic i social de cada infant i jove.<\/p>\n<p>L\u2019educaci\u00f3 de les persones \u00e9s un proc\u00e9s complex i din\u00e0mic en qu\u00e8 conflueixen la fam\u00edlia,\u00a0l\u2019escola i l\u2019entorn. La complicitat en qu\u00e8 tots els agents comparteixin el coneixement de la\u00a0realitat personal i social de l\u2019alumnat permet arribar a acords sobre estrat\u00e8gies i actuacions\u00a0per afavorir-ne el proc\u00e9s educatiu, cadasc\u00fa des de la seva responsabilitat i \u00e0mbit d\u2019actuaci\u00f3.<\/p>\n<p>En aquest sentit, la carta de comprom\u00eds educatiu \u00e9s l\u2019instrument que estableix el marc de\u00a0comunicaci\u00f3 en qu\u00e8 s\u00f3n possibles les aliances i les complicitats entre la fam\u00edlia i el centre.<\/p>\n<p>Les funcions educadores de la fam\u00edlia i del professorat s\u00f3n complement\u00e0ries i requereixen\u00a0el\u00a0<strong>comprom\u00eds mutu<\/strong>\u00a0per aconseguir l\u2019objectiu de formar persones aut\u00f2nomes, responsables\u00a0i actives en la societat.<\/p>\n<p>L\u2019educaci\u00f3 \u00e9s el resultat de l\u2019<strong>esfor\u00e7 conjunt de les fam\u00edlies i l&#8217;escola<\/strong>. Les fam\u00edlies,\u00a0que intervenen en el proc\u00e9s educatiu tant a l\u2019escola com a la llar, presten el suport essencial,\u00a0els valors i les altes expectatives que s\u00f3n fonamentals perqu\u00e8 l\u2019alumnat percebi la import\u00e0ncia\u00a0de l\u2019educaci\u00f3.<\/p>\n<p>L&#8217;escola<\/p>\n<p>Us podeu descarregar la carta aqu\u00ed: <a href=\"http:\/\/agora.xtec.cat\/ceip-puigberenguer\/intranet\/file.php?file=Escola\/Curs2011_2012\/CartaCompromisEducatiu.pdf\">Carta de comprom\u00eds educatiu<\/a><\/p>\n","protected":false},"excerpt":{"rendered":"<p>Aquest document va ser elaborat i aprovat pel Consell Escolar el curs passat seguint les instruccions del Departament d&#8217;Ensenyament.<br \/>\nLa carta de comprom\u00eds educatiu formalitza la coresponsabilitat entre el centre educatiu i\u00a0les fam\u00edlies per dur a terme una acci\u00f3 coherent i coordinada en el desenvolupament personal,\u00a0acad\u00e8mic&hellip;  <a href=\"https:\/\/agora.xtec.cat\/ceip-puigberenguer\/documents-descola\/oferta-educativa\/\" title=\"Read Comprom\u00eds Educatiu\">Llegeix m\u00e9s\u00bb<\/a><\/p>\n","protected":false},"author":2,"featured_media":0,"parent":9163,"menu_order":60,"comment_status":"closed","ping_status":"closed","template":"page-templates\/side-menu.php","meta":{"_bbp_topic_count":0,"_bbp_reply_count":0,"_bbp_total_topic_count":0,"_bbp_total_reply_count":0,"_bbp_voice_count":0,"_bbp_anonymous_reply_count":0,"_bbp_topic_count_hidden":0,"_bbp_reply_count_hidden":0,"_bbp_forum_subforum_count":0,"footnotes":""},"class_list":["post-34","page","type-page","status-publish","hentry"],"post_mailing_queue_ids":[],"_links":{"self":[{"href":"https:\/\/agora.xtec.cat\/ceip-puigberenguer\/wp-json\/wp\/v2\/pages\/34","targetHints":{"allow":["GET"]}}],"collection":[{"href":"https:\/\/agora.xtec.cat\/ceip-puigberenguer\/wp-json\/wp\/v2\/pages"}],"about":[{"href":"https:\/\/agora.xtec.cat\/ceip-puigberenguer\/wp-json\/wp\/v2\/types\/page"}],"author":[{"embeddable":true,"href":"https:\/\/agora.xtec.cat\/ceip-puigberenguer\/wp-json\/wp\/v2\/users\/2"}],"replies":[{"embeddable":true,"href":"https:\/\/agora.xtec.cat\/ceip-puigberenguer\/wp-json\/wp\/v2\/comments?post=34"}],"version-history":[{"count":3,"href":"https:\/\/agora.xtec.cat\/ceip-puigberenguer\/wp-json\/wp\/v2\/pages\/34\/revisions"}],"predecessor-version":[{"id":255,"href":"https:\/\/agora.xtec.cat\/ceip-puigberenguer\/wp-json\/wp\/v2\/pages\/34\/revisions\/255"}],"up":[{"embeddable":true,"href":"https:\/\/agora.xtec.cat\/ceip-puigberenguer\/wp-json\/wp\/v2\/pages\/9163"}],"wp:attachment":[{"href":"https:\/\/agora.xtec.cat\/ceip-puigberenguer\/wp-json\/wp\/v2\/media?parent=34"}],"curies":[{"name":"wp","href":"https:\/\/api.w.org\/{rel}","templated":true}]}}