{"id":28,"date":"2014-09-18T12:29:35","date_gmt":"2014-09-18T10:29:35","guid":{"rendered":"http:\/\/agora.xtec.cat\/ceip-puigberenguer\/\/?page_id=28"},"modified":"2024-01-24T15:42:29","modified_gmt":"2024-01-24T14:42:29","slug":"consell-escolar","status":"publish","type":"page","link":"https:\/\/agora.xtec.cat\/ceip-puigberenguer\/lescola\/consell-escolar\/","title":{"rendered":"Consell escolar"},"content":{"rendered":"<p>El consell escolar \u00e9s l\u2019\u00f2rgan de participaci\u00f3 de la comunitat escolar en el govern del centre.<\/p>\n<p><strong>Corresponen al consell escolar les funcions seg\u00fcents:<\/strong><\/p>\n<ol>\n<li>Aprovar el projecte educatiu i les modificacions corresponents per una majoria de tres cinquenes parts dels membres.<\/li>\n<li>Aprovar la programaci\u00f3 general anual del centre i avaluar-ne el desenvolupament i els resultats.<\/li>\n<li>Aprovar les propostes d\u2019acords de corresponsabilitat, convenis i altres acords de col\u00b7laboraci\u00f3 del centre amb entitats o institucions.<\/li>\n<li>Aprovar les normes d\u2019organitzaci\u00f3 i funcionament i les modificacions corresponents.<\/li>\n<li>Aprovar la carta de comprom\u00eds educatiu.<\/li>\n<li>Aprovar el pressupost del centre i el rendiment de comptes.<\/li>\n<li>Intervenir en el procediment d\u2019admissi\u00f3 d\u2019alumnes.<\/li>\n<li>Participar en el procediment de selecci\u00f3 i en la proposta de cessament del director o directora.<\/li>\n<li>Intervenir en la resoluci\u00f3 dels conflictes i, si escau, revisar les sancions als alumnes.<\/li>\n<li>Aprovar les directrius per a la programaci\u00f3 d\u2019activitats escolars complement\u00e0ries i d\u2019activitats extraescolars, i avaluar-ne el desenvolupament.<\/li>\n<li>Participar en les an\u00e0lisis i les avaluacions del funcionament general del centre i con\u00e8ixer l\u2019evoluci\u00f3 del rendiment escolar.<\/li>\n<li>Aprovar els criteris de col\u00b7laboraci\u00f3 amb altres centres i amb l\u2019entorn.<\/li>\n<li>Qualsevol altra que li sigui atribu\u00efda per les normes legals o reglament\u00e0ries.<\/li>\n<\/ol>\n<p>El consell escolar aprova les seves normes de funcionament. En all\u00f2 que aquestes normes no estableixin, s\u2019apliquen les normes reguladores dels \u00f2rgans col\u00b7legiats de l\u2019Administraci\u00f3 de la Generalitat.<\/p>\n<p>El consell escolar actua normalment en ple.<\/p>\n<p>&nbsp;<\/p>\n<p><strong>Composici\u00f3 del consell escolar<\/strong> (Article 45 del Decret 102\/2010):<\/p>\n<ul>\n<li>El director o directora, que el presideix.<\/li>\n<li>El\/La cap d\u2019estudis.<\/li>\n<li>Un representant de l\u2019Ajuntament.<\/li>\n<li>Sis representants del professorat elegits pel claustre.<\/li>\n<li>Sis representants dels pares elegits entre ells. Un d\u2019ells el designa l\u2019AMPA del centre.<\/li>\n<li>Un\/a representant del personal d\u2019administraci\u00f3 i serveis, elegit per i entre aquest personal. Es considera PAS la TEI, l\u2019administrativa i el conserge.<\/li>\n<li>El\/La secret\u00e0ria del centre no \u00e9s membre del consell escolar per\u00f2 hi assisteix amb veu i sense vot i exerceix la secretaria del consell.<\/li>\n<\/ul>\n<p>Si es produeix una vacant en el consell escolar, aquesta ser\u00e0 ocupada per la candidatura m\u00e9s votada en les darreres eleccions. En cas d\u2019empat, la vacant ser\u00e0 ocupada per la persona que es prevegi que estar\u00e0 m\u00e9s temps al centre. Si l\u2019empat persisteix, es far\u00e0 un sorteig. Si no hi ha m\u00e9s candidats o candidates per cobrir-la, la vacant roman sense cobrir fins a la propera renovaci\u00f3 del consell escolar. La nova persona membre es nomena pel temps que restava del mandat a la persona que ha causat la vacant.(Article 28.3 del Decret 102\/2010 que regula la renovaci\u00f3 dels membres del consell escolar).<\/p>\n<p><strong>Actualment el Consell escolar est\u00e0 format per les persones seg\u00fcents:<\/strong><em><br \/>\n<\/em><\/p>\n<ul>\n<li><strong>Marta Vilar<\/strong>, president AFA,<\/li>\n<li><strong>Ricard Galvan<\/strong>, sector pares\/mares,<\/li>\n<li><strong>Cristina Bayer<\/strong>, sector pares\/mares,<\/li>\n<li><strong>N\u00faria Ros<\/strong>, sector pares\/mares,<\/li>\n<li><strong>Joan Canton<\/strong>, sector pares\/mares,<\/li>\n<li><strong>Nayma Menssouri<\/strong>, sector pares\/mares,<\/li>\n<li><strong>Cristina Fern\u00e1ndez<\/strong>, sector pares\/mares,<\/li>\n<li><strong>Maite Mart\u00edn<\/strong>, sector mestres,<\/li>\n<li><strong>Bego Sorroche<\/strong>, sector mestres,<\/li>\n<li><strong>Montse Feliu<\/strong>, sector mestres,<\/li>\n<li><strong>Montse Francitorra<\/strong>, sector mestres,<\/li>\n<li><strong>Maite Juan<\/strong>, sector mestres,<\/li>\n<li><strong>Loli Lucia<\/strong>, sector PAS,<\/li>\n<li><strong>Alba Serra<\/strong>, directora del centre,<\/li>\n<li><strong>Oriol Bosch<\/strong>, cap d\u2019estudis,<\/li>\n<li><strong>Merc\u00e8 Sanahuja<\/strong>, secret\u00e0ria,<\/li>\n<li><strong>Joan Vila<\/strong>, representant de l\u2019Ajuntament de Manresa<\/li>\n<\/ul>\n","protected":false},"excerpt":{"rendered":"<p>El consell escolar \u00e9s l\u2019\u00f2rgan de participaci\u00f3 de la comunitat escolar en el govern del centre.<br \/>\nCorresponen al consell escolar les funcions seg\u00fcents:<\/p>\n<ol>\n<li>Aprovar el projecte educatiu i les modificacions corresponents per una majoria de tres cinquenes parts dels membres.<\/li>\n<li>Aprovar la programaci\u00f3 general anual del centre i&hellip;  <a href=\"https:\/\/agora.xtec.cat\/ceip-puigberenguer\/lescola\/consell-escolar\/\" title=\"Read Consell escolar\">Llegeix m\u00e9s\u00bb<\/a><br \/>\n","protected":false},"author":2,"featured_media":0,"parent":4488,"menu_order":60,"comment_status":"closed","ping_status":"closed","template":"page-templates\/side-menu.php","meta":{"_bbp_topic_count":0,"_bbp_reply_count":0,"_bbp_total_topic_count":0,"_bbp_total_reply_count":0,"_bbp_voice_count":0,"_bbp_anonymous_reply_count":0,"_bbp_topic_count_hidden":0,"_bbp_reply_count_hidden":0,"_bbp_forum_subforum_count":0,"footnotes":""},"class_list":["post-28","page","type-page","status-publish","hentry"],"post_mailing_queue_ids":[],"_links":{"self":[{"href":"https:\/\/agora.xtec.cat\/ceip-puigberenguer\/wp-json\/wp\/v2\/pages\/28","targetHints":{"allow":["GET"]}}],"collection":[{"href":"https:\/\/agora.xtec.cat\/ceip-puigberenguer\/wp-json\/wp\/v2\/pages"}],"about":[{"href":"https:\/\/agora.xtec.cat\/ceip-puigberenguer\/wp-json\/wp\/v2\/types\/page"}],"author":[{"embeddable":true,"href":"https:\/\/agora.xtec.cat\/ceip-puigberenguer\/wp-json\/wp\/v2\/users\/2"}],"replies":[{"embeddable":true,"href":"https:\/\/agora.xtec.cat\/ceip-puigberenguer\/wp-json\/wp\/v2\/comments?post=28"}],"version-history":[{"count":5,"href":"https:\/\/agora.xtec.cat\/ceip-puigberenguer\/wp-json\/wp\/v2\/pages\/28\/revisions"}],"predecessor-version":[{"id":9811,"href":"https:\/\/agora.xtec.cat\/ceip-puigberenguer\/wp-json\/wp\/v2\/pages\/28\/revisions\/9811"}],"up":[{"embeddable":true,"href":"https:\/\/agora.xtec.cat\/ceip-puigberenguer\/wp-json\/wp\/v2\/pages\/4488"}],"wp:attachment":[{"href":"https:\/\/agora.xtec.cat\/ceip-puigberenguer\/wp-json\/wp\/v2\/media?parent=28"}],"curies":[{"name":"wp","href":"https:\/\/api.w.org\/{rel}","templated":true}]}}