{"id":26,"date":"2014-09-18T12:24:32","date_gmt":"2014-09-18T10:24:32","guid":{"rendered":"http:\/\/agora.xtec.cat\/ceip-puigberenguer\/\/?page_id=26"},"modified":"2023-01-21T19:40:24","modified_gmt":"2023-01-21T18:40:24","slug":"historia","status":"publish","type":"page","link":"https:\/\/agora.xtec.cat\/ceip-puigberenguer\/lescola\/historia\/","title":{"rendered":"Hist\u00f2ria"},"content":{"rendered":"<p style=\"text-align: left;\">L&#8217;any <strong>1982 va n\u00e9ixer l&#8217;escola Puigberenguer<\/strong>. Abans de la seva construcci\u00f3, els nens del barri anaven a les escoles p\u00fabliques Bages i Sant Ignasi i a la privada-religiosa Ave Maria.<\/p>\n<p style=\"text-align: left;\">L&#8217;Associaci\u00f3 de ve\u00efns feia temps que reivindicava una escola, ja que la poblaci\u00f3 escolar pr\u00f2pia del barri era prou nombrosa i la feia necess\u00e0ria. A partir de l&#8217;APA de la guarderia, es va formar una Comissi\u00f3 Gestora de la futura associaci\u00f3 de pares de l&#8217;escola.<\/p>\n<p style=\"text-align: left;\">Aquesta comissi\u00f3 juntament amb l&#8217;Agrupaci\u00f3 de Ve\u00efns va comen\u00e7ar a fer les gestions per aconseguir l&#8217;escola pel barri, i malgrat tots els entrebancs que va trobar, que no varen ser pocs, es va aconseguir que dues aules de la guarderia passessin a dependre del col.legi Sant Ignasi i per tant fossin la llavor palpable de la futura escola. Aix\u00f2 passava el curs <strong>1979-80<\/strong>. Varen comen\u00e7ar a funcionar dues classes, un P5 amb 42 alumnes i un primer amb 19. Aquestes dues classes estaven a c\u00e0rrec de dues mestres que ja tenien molt clar que volien treballar per la futura escola. I es va comen\u00e7ar a discutir com es voldria l&#8217;escola: democr\u00e0tica, catalana&#8230;<\/p>\n<p style=\"text-align: left;\">Durant el curs 1980-81 funcionen tres aules, i 4 aules durant el curs 1981-82. Per aquest motiu s&#8217;han d&#8217;utilitzar els baixos del <strong>Casal de l&#8217;Esperan\u00e7a<\/strong>.<\/p>\n<p style=\"text-align: left;\">Entretant l&#8217;escola va prenent forma dalt del tur\u00f3. Excursions del ve\u00efns, dels nens i nenes&#8230; contemplant com es fa realitat el somni que es tenia des de feia tant de temps.<\/p>\n<div>\n<table style=\"border: 0px dotted #000000;\" cellpadding=\"5\">\n<tbody>\n<tr>\n<td style=\"border: 0px dotted #000000;\"><em><img loading=\"lazy\" decoding=\"async\" src=\"https:\/\/lh6.googleusercontent.com\/_afXUCIKXoog\/TUq9NlehpFI\/AAAAAAAAAjs\/28Ifl-21cKA\/logo%2025%20anys.jpg\" alt=\"\" width=\"244\" height=\"300\" \/><\/em><\/td>\n<td style=\"border: 0px dotted #000000;\"><em><img loading=\"lazy\" decoding=\"async\" src=\"https:\/\/lh5.googleusercontent.com\/_afXUCIKXoog\/TUq8Ga3hgUI\/AAAAAAAAAf4\/nPZvbwGeFUE\/s912\/25anys2.jpg\" alt=\"\" width=\"400\" height=\"300\" \/> <\/em><\/td>\n<\/tr>\n<\/tbody>\n<\/table>\n<\/div>\n<p style=\"text-align: left;\">I finalment el <strong>setembre de 1982, l&#8217;Escola Puigberenguer obre les portes<\/strong>. Comen\u00e7a a funcionar amb 13 mestres i amb aules dobles des de P4 fins a 4rt. d&#8217;EGB i una de 5\u00e8. i de 6\u00e8. L&#8217;escola r\u00e0pidament creix i aix\u00f2 fa que es desdoblin tots els nivells, fins el punt que els alumnes m\u00e9s grans van haver-se de despla\u00e7ar als locals de la guarderia i als baixos del Casal de l&#8217;Esperan\u00e7a. Aquesta situaci\u00f3 an\u00f2mala &#8211; que va durar dos anys- es va resoldre amb la instal.laci\u00f3 d&#8217;unes aules provisionals -dites &#8220;caracolas&#8221;- dins del pati de l&#8217;escola..<\/p>\n<p style=\"text-align: left;\">Durant els primers anys no falten problemes d&#8217;infraestructura: calefacci\u00f3, menjador&#8230;, per\u00f2 amb l&#8217;actitud decidida de tot el col.lectiu escolar es van solucionant.<\/p>\n<p style=\"text-align: left;\"><strong>L&#8217;any 1991 estrenem el gimn\u00e0s<\/strong>. \u00c9s un pavell\u00f3 que compartim amb l&#8217; Agrupaci\u00f3 de Ve\u00efns.<\/p>\n<p style=\"text-align: left;\"><a href=\"https:\/\/www.auques.cat\/auca.php?auca=puigberen\"><img loading=\"lazy\" decoding=\"async\" class=\"wp-image-9157 alignright\" src=\"https:\/\/agora.xtec.cat\/ceip-puigberenguer\/wp-content\/uploads\/usu1000\/2023\/01\/20230118_115120.jpg\" alt=\"\" width=\"365\" height=\"495\" srcset=\"https:\/\/agora.xtec.cat\/ceip-puigberenguer\/wp-content\/uploads\/usu1000\/2023\/01\/20230118_115120.jpg 645w, https:\/\/agora.xtec.cat\/ceip-puigberenguer\/wp-content\/uploads\/usu1000\/2023\/01\/20230118_115120-221x300.jpg 221w\" sizes=\"auto, (max-width: 365px) 100vw, 365px\" \/><\/a>Durant el curs 1992.93 se celebra el des\u00e8 aniversari de l&#8217;escola, que a part dels actes l\u00fadics, serveix com un par\u00e8ntesi de reflexi\u00f3 sobre quins s\u00f3n els punts b\u00e0sics que defineixen l&#8217;escola i de com els entenem i els vivim: <strong>coeducaci\u00f3, participaci\u00f3, democr\u00e0cia, catalanitat, pluralisme, educaci\u00f3 integral.<\/strong>.. Per a tots, nens i nenes, mares i pares, mestres, personal relacionat amb l&#8217;escola&#8230; \u00e9s un moment important.<\/p>\n<p style=\"text-align: left;\">El setembre de 1994 l&#8217;escola comen\u00e7a a tenir nens-es de 3 anys. Aix\u00f2 ens obliga a posar m\u00e9s cargoleres.<\/p>\n<p style=\"text-align: left;\">El juny de <strong>1997 acomiadem els alumnes de vuit\u00e8 d&#8217;EGB<\/strong>. A partir d&#8217;aquest moment, l&#8217;escola t\u00e9 alumnes d&#8217;Educaci\u00f3 Infantil ( 3, 4 i 5 anys) i sis cursos d&#8217;Ensenyament Primari.<\/p>\n<div style=\"text-align: left;\">\n<p>L&#8217;any 1996 \u00e9s una altra fita important per a la hist\u00f2ria de l&#8217;escola: es comencen les obres del futur parvulari. Duren un any. El dia 18 de desembre de 1997 es fa el trasllat de mobiliari. El dia 21, els p\u00e0rvuls de 3 i 4 anys l&#8217;inauguren i tamb\u00e9 diuen ad\u00e9u a les cargoleres que &#8220;volen&#8221; empeses per una potent grua cap als camions que ja les esperen.\u00a0Tamb\u00e9 s&#8217;acaben les obres de l&#8217;edifici vell: hem enxiquit el taller, el laboratori; s&#8217;ha fet una aula de suport, una tutoria&#8230; i s&#8217;ha instal.lat uns ascensor.<\/p>\n<\/div>\n<div style=\"text-align: left;\">A principis de mar\u00e7 s&#8217;acaba la remodelaci\u00f3 del pati.<\/div>\n<p>&nbsp;<\/p>\n<p style=\"text-align: left;\">Hem hagut d&#8217;esperar <strong>l&#8217;any 2000 per poder tenir calefacci\u00f3 al gimn\u00e0s<\/strong>, una font al pati de p\u00e0rvuls, les grades de la pista fetes de nou i la tanca exterior pr\u00e0cticament acabada.<\/p>\n<p>I l&#8217;escola segueix&#8230; Amb la il.lusi\u00f3 de que cada any, cada dia, \u00e9s un repte per aconseguir els nostres objectius.<\/p>\n<p>&nbsp;<\/p>\n","protected":false},"excerpt":{"rendered":"<p>L&#8217;any 1982 va n\u00e9ixer l&#8217;escola Puigberenguer. Abans de la seva construcci\u00f3, els nens del barri anaven a les escoles p\u00fabliques Bages i Sant Ignasi i a la privada-religiosa Ave Maria.<br \/>\nL&#8217;Associaci\u00f3 de ve\u00efns feia temps que reivindicava una escola, ja que la poblaci\u00f3 escolar pr\u00f2pia del&hellip;  <a href=\"https:\/\/agora.xtec.cat\/ceip-puigberenguer\/lescola\/historia\/\" title=\"Read Hist\u00f2ria\">Llegeix m\u00e9s\u00bb<\/a><\/p>\n","protected":false},"author":2,"featured_media":0,"parent":4488,"menu_order":10,"comment_status":"closed","ping_status":"closed","template":"page-templates\/side-menu.php","meta":{"_bbp_topic_count":0,"_bbp_reply_count":0,"_bbp_total_topic_count":0,"_bbp_total_reply_count":0,"_bbp_voice_count":0,"_bbp_anonymous_reply_count":0,"_bbp_topic_count_hidden":0,"_bbp_reply_count_hidden":0,"_bbp_forum_subforum_count":0,"footnotes":""},"class_list":["post-26","page","type-page","status-publish","hentry"],"post_mailing_queue_ids":[],"_links":{"self":[{"href":"https:\/\/agora.xtec.cat\/ceip-puigberenguer\/wp-json\/wp\/v2\/pages\/26","targetHints":{"allow":["GET"]}}],"collection":[{"href":"https:\/\/agora.xtec.cat\/ceip-puigberenguer\/wp-json\/wp\/v2\/pages"}],"about":[{"href":"https:\/\/agora.xtec.cat\/ceip-puigberenguer\/wp-json\/wp\/v2\/types\/page"}],"author":[{"embeddable":true,"href":"https:\/\/agora.xtec.cat\/ceip-puigberenguer\/wp-json\/wp\/v2\/users\/2"}],"replies":[{"embeddable":true,"href":"https:\/\/agora.xtec.cat\/ceip-puigberenguer\/wp-json\/wp\/v2\/comments?post=26"}],"version-history":[{"count":3,"href":"https:\/\/agora.xtec.cat\/ceip-puigberenguer\/wp-json\/wp\/v2\/pages\/26\/revisions"}],"predecessor-version":[{"id":9158,"href":"https:\/\/agora.xtec.cat\/ceip-puigberenguer\/wp-json\/wp\/v2\/pages\/26\/revisions\/9158"}],"up":[{"embeddable":true,"href":"https:\/\/agora.xtec.cat\/ceip-puigberenguer\/wp-json\/wp\/v2\/pages\/4488"}],"wp:attachment":[{"href":"https:\/\/agora.xtec.cat\/ceip-puigberenguer\/wp-json\/wp\/v2\/media?parent=26"}],"curies":[{"name":"wp","href":"https:\/\/api.w.org\/{rel}","templated":true}]}}