{"id":24,"date":"2014-09-18T12:23:15","date_gmt":"2014-09-18T10:23:15","guid":{"rendered":"http:\/\/agora.xtec.cat\/ceip-puigberenguer\/\/?page_id=24"},"modified":"2023-01-21T19:40:19","modified_gmt":"2023-01-21T18:40:19","slug":"on-som","status":"publish","type":"page","link":"https:\/\/agora.xtec.cat\/ceip-puigberenguer\/lescola\/on-som\/","title":{"rendered":"On som"},"content":{"rendered":"<div>\n<h4>EL BAGES &#8211; CATALUNYA<\/h4>\n<\/div>\n<div>\n<h5>La comarca del Bages est\u00e0 situada al centre de Catalunya.<br \/>\nAl bell mig de la comarca hi ha la ciutat de Manresa.<\/h5>\n<\/div>\n<div>\n<p>La nostra escola est\u00e0 situada al <strong>nord-oest de Manresa<\/strong>, al capdamunt del tur\u00f3 del Puigberenguer, des del qual es domina tota la ciutat i que d\u00f3na nom al centre. <strong>L&#8217;escola \u00e9s un mirador privilegiat <\/strong>des del qual podem abarcar amb la mirada des del mass\u00eds del Montseny, Sant Lloren\u00e7 del Munt i Montserrat fins a les elevacions prepirinenques del Port del Comte, el Cad\u00ed i el Pedraforca.<\/p>\n<\/div>\n<div>\n<p>El CEIP Puigberenguer pertany a la <strong>barriada Mion-Puigberenguer,<\/strong> un barri on conflueixen l&#8217;antic poblament rural i dispers de l&#8217;horta de Manresa, les cases aixecades per allotjar la inmigraci\u00f3 de fa uns 50 anys i els nous habitatges que hi ha al\u00e7at l&#8217;embranzida de la construcci\u00f3 des de l&#8217;inici del segle XXI. \u00c9s una zona on s&#8217;uneixen el camp i la ciutat i on en quatre gambades hom pot transitar per camins i viaranys entre horts de mongeteres, tomaqueres, patateres i tot d&#8217;altres productes hort\u00edcoles que s&#8217;hi conreen segons la temporada.<\/p>\n<\/div>\n<div>\n<p>El fet d&#8217;estar situada dalt d&#8217;un tur\u00f3, ofereix a tothom una de les millors panor\u00e0miques que es poden gaudir des de Manresa.<\/p>\n<\/div>\n<table style=\"border: 0px dotted #000000;\" cellpadding=\"5\">\n<tbody>\n<tr>\n<td style=\"border: 0px dotted #000000;\"><em><a href=\"http:\/\/maps.google.es\/maps\/ms?ie=UTF8&amp;hl=ca&amp;msa=0&amp;msid=203462882341595192650.00049b53db7aa6aaadc4c&amp;t=h&amp;z=19\" target=\"_blank\" rel=\"noopener\"><img loading=\"lazy\" decoding=\"async\" src=\"https:\/\/lh5.googleusercontent.com\/_afXUCIKXoog\/TUq9WE7qV0I\/AAAAAAAAAkM\/I88KQnd8c-g\/s800\/CEIP%2039.JPG\" alt=\"\" width=\"400\" height=\"300\" \/><\/a><\/em><\/td>\n<td style=\"border: 0px dotted #000000;\"><em><a href=\"http:\/\/maps.google.es\/maps\/ms?ie=UTF8&amp;hl=ca&amp;msa=0&amp;msid=203462882341595192650.00049b53db7aa6aaadc4c&amp;t=h&amp;z=19\" target=\"_blank\" rel=\"noopener\"><img loading=\"lazy\" decoding=\"async\" src=\"https:\/\/lh6.googleusercontent.com\/_afXUCIKXoog\/TUq8klM1uAI\/AAAAAAAAAhU\/qpibkjiFSf0\/s800\/foto%20a%C3%A8ria%2052.JPG\" alt=\"\" width=\"400\" height=\"300\" \/><\/a> <\/em><\/td>\n<\/tr>\n<\/tbody>\n<\/table>\n","protected":false},"excerpt":{"rendered":"<p>EL BAGES &#8211; CATALUNYA<\/p>\n<p>La comarca del Bages est\u00e0 situada al centre de Catalunya.<br \/>\nAl bell mig de la comarca hi ha la ciutat de Manresa.<\/p>\n<p>La nostra escola est\u00e0 situada al nord-oest de Manresa, al capdamunt del tur\u00f3 del Puigberenguer, des del qual es domina tota la&hellip;  <a href=\"https:\/\/agora.xtec.cat\/ceip-puigberenguer\/lescola\/on-som\/\" title=\"Read On som\">Llegeix m\u00e9s\u00bb<\/a><\/p>\n","protected":false},"author":2,"featured_media":0,"parent":4488,"menu_order":0,"comment_status":"closed","ping_status":"closed","template":"page-templates\/side-menu.php","meta":{"_bbp_topic_count":0,"_bbp_reply_count":0,"_bbp_total_topic_count":0,"_bbp_total_reply_count":0,"_bbp_voice_count":0,"_bbp_anonymous_reply_count":0,"_bbp_topic_count_hidden":0,"_bbp_reply_count_hidden":0,"_bbp_forum_subforum_count":0,"footnotes":""},"class_list":["post-24","page","type-page","status-publish","hentry"],"post_mailing_queue_ids":[],"_links":{"self":[{"href":"https:\/\/agora.xtec.cat\/ceip-puigberenguer\/wp-json\/wp\/v2\/pages\/24","targetHints":{"allow":["GET"]}}],"collection":[{"href":"https:\/\/agora.xtec.cat\/ceip-puigberenguer\/wp-json\/wp\/v2\/pages"}],"about":[{"href":"https:\/\/agora.xtec.cat\/ceip-puigberenguer\/wp-json\/wp\/v2\/types\/page"}],"author":[{"embeddable":true,"href":"https:\/\/agora.xtec.cat\/ceip-puigberenguer\/wp-json\/wp\/v2\/users\/2"}],"replies":[{"embeddable":true,"href":"https:\/\/agora.xtec.cat\/ceip-puigberenguer\/wp-json\/wp\/v2\/comments?post=24"}],"version-history":[{"count":3,"href":"https:\/\/agora.xtec.cat\/ceip-puigberenguer\/wp-json\/wp\/v2\/pages\/24\/revisions"}],"predecessor-version":[{"id":9221,"href":"https:\/\/agora.xtec.cat\/ceip-puigberenguer\/wp-json\/wp\/v2\/pages\/24\/revisions\/9221"}],"up":[{"embeddable":true,"href":"https:\/\/agora.xtec.cat\/ceip-puigberenguer\/wp-json\/wp\/v2\/pages\/4488"}],"wp:attachment":[{"href":"https:\/\/agora.xtec.cat\/ceip-puigberenguer\/wp-json\/wp\/v2\/media?parent=24"}],"curies":[{"name":"wp","href":"https:\/\/api.w.org\/{rel}","templated":true}]}}