{"id":1758,"date":"2015-02-02T22:29:26","date_gmt":"2015-02-02T21:29:26","guid":{"rendered":"http:\/\/agora.xtec.cat\/ceip-puigberenguer\/?page_id=1758"},"modified":"2023-03-12T21:23:26","modified_gmt":"2023-03-12T20:23:26","slug":"la-biblioteca-cavall-fort","status":"publish","type":"page","link":"https:\/\/agora.xtec.cat\/ceip-puigberenguer\/lescola\/la-biblioteca-cavall-fort\/","title":{"rendered":"L&#8217;espai Imaginari (Biblioteca &#8220;Cavall Fort&#8221;)"},"content":{"rendered":"<p><span class=\"S1PPyQ\">La inquietud que sentim pel m\u00f3n de la literatura infantil ens ha fet imaginar, somiar, repensar i comen\u00e7ar a planificar nous usos i models per a la biblioteca, per contribuir a uns aprenentatges m\u00e9s actius, m\u00e9s integrals, m\u00e9s respectuosos, m\u00e9s inclusius, m\u00e9s transformadors, m\u00e9s compromesos i significatius.<\/span><\/p>\n<p><span class=\"S1PPyQ\">Volem que sigui un \u201ccentre de recursos\u201d integrat en el projecte educatiu de l\u2019escola, que permetr\u00e0 dinamitzar els aspectes relacionats amb la formaci\u00f3 lectora de les nenes i dels nens, alhora que enlla\u00e7ar\u00e0 i ajudar\u00e0 a la construcci\u00f3 d\u2019aprenentatges i compet\u00e8ncies b\u00e0siques de tots els \u00e0mbits.<\/span><\/p>\n<p>Des de la Comissi\u00f3 de Biblioteca de l&#8217;escola s&#8217;ha desenvolupat un projecte ambici\u00f3s per desenvolupar aquest espai i al llarg dels \u00faltims mesos hi hem estat treballant perqu\u00e8 es faci realitat. Gr\u00e0cies a la feina de tots i a la inversi\u00f3 i suport de l&#8217;AFA ja falta ben poc per poder gaudir plenament d&#8217;aquest nou espai del centre. Una biblioteca, convertida en un nou espai, que far\u00e0 bategar l&#8217;escola.<\/p>\n<p style=\"text-align: center;\"><iframe loading=\"lazy\" src=\"\/\/www.youtube.com\/embed\/ZQnu0AEQd1I\" width=\"700\" height=\"393\" allowfullscreen=\"allowfullscreen\"><\/iframe><\/p>\n<p><strong>DOCUMENT D&#8217;EXPLICACI\u00d3 DEL PROJECTE DE L&#8217;ESPAI IMAGINARI<\/strong><a href=\"https:\/\/agora.xtec.cat\/ceip-puigberenguer\/wp-content\/uploads\/usu1000\/2023\/01\/LESPAI-IMAGINARI_compressed.pdf\"><img loading=\"lazy\" decoding=\"async\" class=\"aligncenter wp-image-9236\" src=\"https:\/\/agora.xtec.cat\/ceip-puigberenguer\/wp-content\/uploads\/usu1000\/2023\/01\/LESPAI-IMAGINARI_pages-to-jpg-0001.jpg\" alt=\"\" width=\"700\" height=\"495\" srcset=\"https:\/\/agora.xtec.cat\/ceip-puigberenguer\/wp-content\/uploads\/usu1000\/2023\/01\/LESPAI-IMAGINARI_pages-to-jpg-0001.jpg 1755w, https:\/\/agora.xtec.cat\/ceip-puigberenguer\/wp-content\/uploads\/usu1000\/2023\/01\/LESPAI-IMAGINARI_pages-to-jpg-0001-300x212.jpg 300w, https:\/\/agora.xtec.cat\/ceip-puigberenguer\/wp-content\/uploads\/usu1000\/2023\/01\/LESPAI-IMAGINARI_pages-to-jpg-0001-1024x724.jpg 1024w, https:\/\/agora.xtec.cat\/ceip-puigberenguer\/wp-content\/uploads\/usu1000\/2023\/01\/LESPAI-IMAGINARI_pages-to-jpg-0001-768x543.jpg 768w, https:\/\/agora.xtec.cat\/ceip-puigberenguer\/wp-content\/uploads\/usu1000\/2023\/01\/LESPAI-IMAGINARI_pages-to-jpg-0001-1536x1086.jpg 1536w\" sizes=\"auto, (max-width: 700px) 100vw, 700px\" \/><\/a><\/p>\n<p>A trav\u00e9s d&#8217;aquesta p\u00e0gina web podreu saber quins llibres tenim a la nostra biblioteca, les nostres novetats, quins estan disponibles i quins en pr\u00e9stec&#8230;<\/p>\n<ul>\n<li><a href=\"https:\/\/aplicacions.gestioeducativa.gencat.cat\/epergam\/web\/biblioteca.jsp?codi=08039318\">Cat\u00e0leg en l\u00ednia<\/a><\/li>\n<\/ul>\n","protected":false},"excerpt":{"rendered":"<p>La inquietud que sentim pel m\u00f3n de la literatura infantil ens ha fet imaginar, somiar, repensar i comen\u00e7ar a planificar nous usos i models per a la biblioteca, per contribuir a uns aprenentatges m\u00e9s actius, m\u00e9s integrals, m\u00e9s respectuosos, m\u00e9s inclusius, m\u00e9s transformadors, m\u00e9s compromesos&hellip;  <a href=\"https:\/\/agora.xtec.cat\/ceip-puigberenguer\/lescola\/la-biblioteca-cavall-fort\/\" title=\"Read L&#8217;espai Imaginari (Biblioteca &#8220;Cavall Fort&#8221;)\">Llegeix m\u00e9s\u00bb<\/a><\/p>\n","protected":false},"author":1,"featured_media":0,"parent":4488,"menu_order":30,"comment_status":"closed","ping_status":"closed","template":"page-templates\/side-menu.php","meta":{"_bbp_topic_count":0,"_bbp_reply_count":0,"_bbp_total_topic_count":0,"_bbp_total_reply_count":0,"_bbp_voice_count":0,"_bbp_anonymous_reply_count":0,"_bbp_topic_count_hidden":0,"_bbp_reply_count_hidden":0,"_bbp_forum_subforum_count":0,"footnotes":""},"class_list":["post-1758","page","type-page","status-publish","hentry"],"post_mailing_queue_ids":[],"_links":{"self":[{"href":"https:\/\/agora.xtec.cat\/ceip-puigberenguer\/wp-json\/wp\/v2\/pages\/1758","targetHints":{"allow":["GET"]}}],"collection":[{"href":"https:\/\/agora.xtec.cat\/ceip-puigberenguer\/wp-json\/wp\/v2\/pages"}],"about":[{"href":"https:\/\/agora.xtec.cat\/ceip-puigberenguer\/wp-json\/wp\/v2\/types\/page"}],"author":[{"embeddable":true,"href":"https:\/\/agora.xtec.cat\/ceip-puigberenguer\/wp-json\/wp\/v2\/users\/1"}],"replies":[{"embeddable":true,"href":"https:\/\/agora.xtec.cat\/ceip-puigberenguer\/wp-json\/wp\/v2\/comments?post=1758"}],"version-history":[{"count":4,"href":"https:\/\/agora.xtec.cat\/ceip-puigberenguer\/wp-json\/wp\/v2\/pages\/1758\/revisions"}],"predecessor-version":[{"id":9365,"href":"https:\/\/agora.xtec.cat\/ceip-puigberenguer\/wp-json\/wp\/v2\/pages\/1758\/revisions\/9365"}],"up":[{"embeddable":true,"href":"https:\/\/agora.xtec.cat\/ceip-puigberenguer\/wp-json\/wp\/v2\/pages\/4488"}],"wp:attachment":[{"href":"https:\/\/agora.xtec.cat\/ceip-puigberenguer\/wp-json\/wp\/v2\/media?parent=1758"}],"curies":[{"name":"wp","href":"https:\/\/api.w.org\/{rel}","templated":true}]}}