{"id":1622,"date":"2015-01-25T20:58:43","date_gmt":"2015-01-25T19:58:43","guid":{"rendered":"http:\/\/agora.xtec.cat\/ceip-puigberenguer\/?page_id=1622"},"modified":"2021-02-27T10:25:04","modified_gmt":"2021-02-27T09:25:04","slug":"relacions-externes","status":"publish","type":"page","link":"https:\/\/agora.xtec.cat\/ceip-puigberenguer\/afa\/relacions-externes\/","title":{"rendered":"Relacions externes"},"content":{"rendered":"<p>Hi ha una comissi\u00f3 responsable de <strong>contactar amb aquelles altres entitats externes de l\u2019escola<\/strong> que relacionades amb el funcionament de la mateixa. Aquestes entitats s\u00f3n:<\/p>\n<ul>\n<li><strong>aFFaC<\/strong>: Associacions Federades de Fam\u00edlies d&#8217;Alumnes de Catalunya<\/li>\n<li><strong>XAFEP Manresa:<\/strong>\u00a0Un cop al mes ens reunim amb la\u00a0<b>Xarxa de <\/b><b>Fam\u00edlies de les Escoles P\u00fabliques de Manresa, <\/b>que neix al 2018 com a voluntat d&#8217;enxarxar fam\u00edlies i associacions de fam\u00edlies de totes les escoles p\u00fabliques de Manresa.<\/li>\n<\/ul>\n","protected":false},"excerpt":{"rendered":"<p>Hi ha una comissi\u00f3 responsable de contactar amb aquelles altres entitats externes de l\u2019escola que relacionades amb el funcionament de la mateixa. Aquestes entitats s\u00f3n:<\/p>\n<ul>\n<li>aFFaC: Associacions Federades de Fam\u00edlies d&#8217;Alumnes de Catalunya<\/li>\n<li>XAFEP Manresa:\u00a0Un cop al mes ens reunim amb la\u00a0Xarxa de Fam\u00edlies de les Escoles&hellip;  <a href=\"https:\/\/agora.xtec.cat\/ceip-puigberenguer\/afa\/relacions-externes\/\" title=\"Read Relacions externes\">Llegeix m\u00e9s\u00bb<\/a><br \/>\n","protected":false},"author":3,"featured_media":0,"parent":481,"menu_order":8,"comment_status":"closed","ping_status":"closed","template":"page-templates\/side-menu.php","meta":{"_bbp_topic_count":0,"_bbp_reply_count":0,"_bbp_total_topic_count":0,"_bbp_total_reply_count":0,"_bbp_voice_count":0,"_bbp_anonymous_reply_count":0,"_bbp_topic_count_hidden":0,"_bbp_reply_count_hidden":0,"_bbp_forum_subforum_count":0,"footnotes":""},"class_list":["post-1622","page","type-page","status-publish","hentry"],"post_mailing_queue_ids":[],"_links":{"self":[{"href":"https:\/\/agora.xtec.cat\/ceip-puigberenguer\/wp-json\/wp\/v2\/pages\/1622","targetHints":{"allow":["GET"]}}],"collection":[{"href":"https:\/\/agora.xtec.cat\/ceip-puigberenguer\/wp-json\/wp\/v2\/pages"}],"about":[{"href":"https:\/\/agora.xtec.cat\/ceip-puigberenguer\/wp-json\/wp\/v2\/types\/page"}],"author":[{"embeddable":true,"href":"https:\/\/agora.xtec.cat\/ceip-puigberenguer\/wp-json\/wp\/v2\/users\/3"}],"replies":[{"embeddable":true,"href":"https:\/\/agora.xtec.cat\/ceip-puigberenguer\/wp-json\/wp\/v2\/comments?post=1622"}],"version-history":[{"count":3,"href":"https:\/\/agora.xtec.cat\/ceip-puigberenguer\/wp-json\/wp\/v2\/pages\/1622\/revisions"}],"predecessor-version":[{"id":7841,"href":"https:\/\/agora.xtec.cat\/ceip-puigberenguer\/wp-json\/wp\/v2\/pages\/1622\/revisions\/7841"}],"up":[{"embeddable":true,"href":"https:\/\/agora.xtec.cat\/ceip-puigberenguer\/wp-json\/wp\/v2\/pages\/481"}],"wp:attachment":[{"href":"https:\/\/agora.xtec.cat\/ceip-puigberenguer\/wp-json\/wp\/v2\/media?parent=1622"}],"curies":[{"name":"wp","href":"https:\/\/api.w.org\/{rel}","templated":true}]}}