{"id":1615,"date":"2015-01-25T20:48:03","date_gmt":"2015-01-25T19:48:03","guid":{"rendered":"http:\/\/agora.xtec.cat\/ceip-puigberenguer\/?page_id=1615"},"modified":"2021-02-26T19:23:07","modified_gmt":"2021-02-26T18:23:07","slug":"comissio-de-delegats","status":"publish","type":"page","link":"https:\/\/agora.xtec.cat\/ceip-puigberenguer\/afa\/escola\/comissio-de-delegats\/","title":{"rendered":"Comissi\u00f3 de Delegats i Delegades"},"content":{"rendered":"<p>Aquesta comissi\u00f3 \u00e9s la m\u00e9s nombrosa, ja que \u00e9s formada per almenys <strong>un pare o una mare de cada classe<\/strong>. La seva feina \u00e9s actuar d\u2019<strong>enlla\u00e7<\/strong> entre els <strong>mestres<\/strong> i les <strong>fam\u00edlies<\/strong>. Resolen q\u00fcestions molt concretes, o problem\u00e0tiques que puguin sorgir en el funcionament de la classe. Tamb\u00e9 fan d\u2019enlla\u00e7 entre les fam\u00edlies, ja que s\u2019ocupen d\u2019organitzar sortides a llocs d\u2019inter\u00e8s, amb l\u2019objectiu que les fam\u00edlies es coneguin fora de l\u2019espai de l\u2019escola. A m\u00e9s s\u2019ocupen de <strong>dissenyar i posar a la venda les samarretes<\/strong> i altres peces de roba de la nostra escola. Els membres s\u2019elegeixen a les <strong>reunions de classe de principi de curs<\/strong>.<\/p>\n","protected":false},"excerpt":{"rendered":"<p>Aquesta comissi\u00f3 \u00e9s la m\u00e9s nombrosa, ja que \u00e9s formada per almenys un pare o una mare de cada classe. La seva feina \u00e9s actuar d\u2019enlla\u00e7 entre els mestres i les fam\u00edlies. Resolen q\u00fcestions molt concretes, o problem\u00e0tiques que puguin sorgir en el funcionament de&hellip;  <a href=\"https:\/\/agora.xtec.cat\/ceip-puigberenguer\/afa\/escola\/comissio-de-delegats\/\" title=\"Read Comissi\u00f3 de Delegats i Delegades\">Llegeix m\u00e9s\u00bb<\/a><\/p>\n","protected":false},"author":3,"featured_media":0,"parent":7837,"menu_order":2,"comment_status":"closed","ping_status":"closed","template":"page-templates\/side-menu.php","meta":{"_bbp_topic_count":0,"_bbp_reply_count":0,"_bbp_total_topic_count":0,"_bbp_total_reply_count":0,"_bbp_voice_count":0,"_bbp_anonymous_reply_count":0,"_bbp_topic_count_hidden":0,"_bbp_reply_count_hidden":0,"_bbp_forum_subforum_count":0,"footnotes":""},"class_list":["post-1615","page","type-page","status-publish","hentry"],"post_mailing_queue_ids":[],"_links":{"self":[{"href":"https:\/\/agora.xtec.cat\/ceip-puigberenguer\/wp-json\/wp\/v2\/pages\/1615","targetHints":{"allow":["GET"]}}],"collection":[{"href":"https:\/\/agora.xtec.cat\/ceip-puigberenguer\/wp-json\/wp\/v2\/pages"}],"about":[{"href":"https:\/\/agora.xtec.cat\/ceip-puigberenguer\/wp-json\/wp\/v2\/types\/page"}],"author":[{"embeddable":true,"href":"https:\/\/agora.xtec.cat\/ceip-puigberenguer\/wp-json\/wp\/v2\/users\/3"}],"replies":[{"embeddable":true,"href":"https:\/\/agora.xtec.cat\/ceip-puigberenguer\/wp-json\/wp\/v2\/comments?post=1615"}],"version-history":[{"count":3,"href":"https:\/\/agora.xtec.cat\/ceip-puigberenguer\/wp-json\/wp\/v2\/pages\/1615\/revisions"}],"predecessor-version":[{"id":7769,"href":"https:\/\/agora.xtec.cat\/ceip-puigberenguer\/wp-json\/wp\/v2\/pages\/1615\/revisions\/7769"}],"up":[{"embeddable":true,"href":"https:\/\/agora.xtec.cat\/ceip-puigberenguer\/wp-json\/wp\/v2\/pages\/7837"}],"wp:attachment":[{"href":"https:\/\/agora.xtec.cat\/ceip-puigberenguer\/wp-json\/wp\/v2\/media?parent=1615"}],"curies":[{"name":"wp","href":"https:\/\/api.w.org\/{rel}","templated":true}]}}