{"id":1611,"date":"2015-01-25T20:45:35","date_gmt":"2015-01-25T19:45:35","guid":{"rendered":"http:\/\/agora.xtec.cat\/ceip-puigberenguer\/?page_id=1611"},"modified":"2025-08-14T07:39:22","modified_gmt":"2025-08-14T05:39:22","slug":"comissio-de-menjador","status":"publish","type":"page","link":"https:\/\/agora.xtec.cat\/ceip-puigberenguer\/afa\/serveis\/comissio-de-menjador\/","title":{"rendered":"Comissi\u00f3 de Menjador i Espai de Migida"},"content":{"rendered":"<p><strong>El menjador \u00e9s un dels grans actius de l\u2019escola Puigberenguer!<\/strong> L\u2019escola disposa de cuina pr\u00f2pia i ofereix un men\u00fa <strong>variat, equilibrat, de proximitat i de qualitat.<\/strong><\/p>\n<p>Per\u00f2 l\u2019objectiu de l\u2019hora del menjador i l\u2019espai del migdia, va molt m\u00e9s enll\u00e0 de l\u2019estricta alimentaci\u00f3 dels nostres fills i filles. Es cuida l\u2019educaci\u00f3 en <strong>els h\u00e0bits, la higiene, el foment de la diversitat aliment\u00e0ria i el respecte pel companys i companyes.<\/strong><\/p>\n<p>Des de l\u2019AFA participem en la comissi\u00f3 de menjador de l\u2019escola, una comissi\u00f3 mixta formada per membres de l\u2019AFA, la direcci\u00f3 de l\u2019escola i el servei extern de cuina i monitoratge. Durant els \u00faltims anys hem implementat des d\u2019aquesta comissi\u00f3, diferents iniciatives que han millorat encara m\u00e9s aquest servei:<\/p>\n<ul style=\"list-style-type: disc;\">\n<li>La introducci\u00f3 de l\u2019assessorament extern d\u2019un servei de<strong> dietista<\/strong> en la confecci\u00f3 dels men\u00fas ens ha perm\u00e8s millorar l\u2019equilibri d\u2019aquests. Aquest servei, a m\u00e9s, ens proporciona una proposta de sopars saludables que complementen els men\u00fas dels dinars dels infants.<\/li>\n<li>Durant els \u00faltims cursos s&#8217;ha implementat progressivament el <strong>rentat de dents<\/strong> per tots els nens i nens de 1r, 2n i 3r despr\u00e9s de dinar.<\/li>\n<li>Hem revisat i redissenyat un nou conjunt d\u2019<strong>activitats<\/strong> durant l\u2019espai del migdia, per fer-les m\u00e9s variades, interessants, divertides i inclusives.<\/li>\n<li>Hem introdu\u00eft la possibilitat de poder escollir i demanar sempre que es vulgui, <strong>substituir la prote\u00efna animal per prote\u00efna vegetal<\/strong>.<\/li>\n<\/ul>\n<p>M\u00e9s informaci\u00f3 a <a href=\"menjador@puigberenguer.cat\">menjador<span class=\"atwho-query\">@puigberenguer.cat.<\/span><\/a><\/p>\n","protected":false},"excerpt":{"rendered":"<p>El menjador \u00e9s un dels grans actius de l\u2019escola Puigberenguer! L\u2019escola disposa de cuina pr\u00f2pia i ofereix un men\u00fa variat, equilibrat, de proximitat i de qualitat.<br \/>\nPer\u00f2 l\u2019objectiu de l\u2019hora del menjador i l\u2019espai del migdia, va molt m\u00e9s enll\u00e0 de l\u2019estricta alimentaci\u00f3 dels nostres fills&hellip;  <a href=\"https:\/\/agora.xtec.cat\/ceip-puigberenguer\/afa\/serveis\/comissio-de-menjador\/\" title=\"Read Comissi\u00f3 de Menjador i Espai de Migida\">Llegeix m\u00e9s\u00bb<\/a><\/p>\n","protected":false},"author":3,"featured_media":0,"parent":7834,"menu_order":1,"comment_status":"closed","ping_status":"closed","template":"page-templates\/side-menu.php","meta":{"_bbp_topic_count":0,"_bbp_reply_count":0,"_bbp_total_topic_count":0,"_bbp_total_reply_count":0,"_bbp_voice_count":0,"_bbp_anonymous_reply_count":0,"_bbp_topic_count_hidden":0,"_bbp_reply_count_hidden":0,"_bbp_forum_subforum_count":0,"footnotes":""},"class_list":["post-1611","page","type-page","status-publish","hentry"],"post_mailing_queue_ids":[],"_links":{"self":[{"href":"https:\/\/agora.xtec.cat\/ceip-puigberenguer\/wp-json\/wp\/v2\/pages\/1611","targetHints":{"allow":["GET"]}}],"collection":[{"href":"https:\/\/agora.xtec.cat\/ceip-puigberenguer\/wp-json\/wp\/v2\/pages"}],"about":[{"href":"https:\/\/agora.xtec.cat\/ceip-puigberenguer\/wp-json\/wp\/v2\/types\/page"}],"author":[{"embeddable":true,"href":"https:\/\/agora.xtec.cat\/ceip-puigberenguer\/wp-json\/wp\/v2\/users\/3"}],"replies":[{"embeddable":true,"href":"https:\/\/agora.xtec.cat\/ceip-puigberenguer\/wp-json\/wp\/v2\/comments?post=1611"}],"version-history":[{"count":6,"href":"https:\/\/agora.xtec.cat\/ceip-puigberenguer\/wp-json\/wp\/v2\/pages\/1611\/revisions"}],"predecessor-version":[{"id":10524,"href":"https:\/\/agora.xtec.cat\/ceip-puigberenguer\/wp-json\/wp\/v2\/pages\/1611\/revisions\/10524"}],"up":[{"embeddable":true,"href":"https:\/\/agora.xtec.cat\/ceip-puigberenguer\/wp-json\/wp\/v2\/pages\/7834"}],"wp:attachment":[{"href":"https:\/\/agora.xtec.cat\/ceip-puigberenguer\/wp-json\/wp\/v2\/media?parent=1611"}],"curies":[{"name":"wp","href":"https:\/\/api.w.org\/{rel}","templated":true}]}}