{"id":1605,"date":"2015-01-25T20:39:22","date_gmt":"2015-01-25T19:39:22","guid":{"rendered":"http:\/\/agora.xtec.cat\/ceip-puigberenguer\/?page_id=1605"},"modified":"2025-08-14T07:41:07","modified_gmt":"2025-08-14T05:41:07","slug":"comissio-de-extraescolars","status":"publish","type":"page","link":"https:\/\/agora.xtec.cat\/ceip-puigberenguer\/afa\/serveis\/comissio-de-extraescolars\/","title":{"rendered":"Comissi\u00f3 d&#8217;Extraescolars"},"content":{"rendered":"<p>Les activitats extraescolars s\u00f3n <strong>activitats de lleure<\/strong> que s\u2019organitzen amb la intenci\u00f3 que <strong>els nens i nenes de la nostra escola gaudeixin despr\u00e9s de l\u2019horari escolar<\/strong> i a m\u00e9s, puguin aprendre, fer esport, jugar, concentrar-se, ballar, relaxar-se,&#8230; compartint aquesta estona amb els companys i companyes d\u2019activitat.<\/p>\n<p>Organitzar-ho no \u00e9s una tasca f\u00e0cil, i la nostra comissi\u00f3 s\u2019esfor\u00e7a en <strong>oferir activitats variades amb la finalitat que tinguin bona acollida<\/strong> entre els infants i sobretot que s\u2019ho passin molt b\u00e9 aprenent mentre les fan.<\/p>\n<p>Aquesta comissi\u00f3 t\u00e9 el suport de la coordinadora, que \u00e9s la persona que s\u2019encarrega di\u00e0riament del control i del bon funcionament de les activitats, informant en tot moment a la comissi\u00f3 davant de qualsevol incid\u00e8ncia.<\/p>\n<p>Totes les activitats es fan despr\u00e9s de les 16:30h i s\u2019intenta que di\u00e0riament hi hagi activitats per a tots els cursos (des d&#8217;I4 a 6\u00e8). Al finalitzar les classes, els monitors i monitores recullen els nens i nenes a les aules i els acompanyen on es realitza l\u2019activitat extraescolar. Totes les extraescolars es realitzen dins el recinte de l\u2019escola.<\/p>\n<p>Algunes de les activitats que els nens i nenes han pogut triar aquest curs s\u00f3n les seg\u00fcents: Mou-te i balla, b\u00e0squet, angl\u00e8s, urban dance, v\u00f2lei, cuina, judo o tallers musicals.<\/p>\n<p>El projecte <strong>Tardes actives i compartides al Puigberenguer<\/strong> \u00e9s un projecte global de dinamitzaci\u00f3 de l\u2019escola fora de l\u2019horari escolar.<br \/>\nMitjan\u00e7ant la contractaci\u00f3 d\u2019una persona que s\u2019encarrega de la coordinaci\u00f3, supervisi\u00f3 i seguiment de les activitats, aconseguim garantir l\u2019oferta, la diversitat i l\u2019\u00e8xit de les activitats extraescolars organitzades i, a la vegada, mantenir el pati obert per aquelles fam\u00edlies que vulguin gaudir-ne des de les 16:30h fins a les 17:30h de la tarda.<\/p>\n<p>A banda d\u2019oferir opcions per a la conciliaci\u00f3 laboral de les fam\u00edlies m\u00e9s enll\u00e0 de l\u2019horari escolar, aquesta activitat esdev\u00e9 un espai de temps i d\u2019intercanvi privilegiat, especialment, per les fam\u00edlies i infants del centre, en el mateix empla\u00e7ament de l\u2019escola.<\/p>\n<p>El nostre correu electr\u00f2nic \u00e9s: <a href=\"extraescolars@puigberenguer.cat\">extraescolars@puigberenguer.cat<\/a>.<\/p>\n<p style=\"text-align: right;\">Amb el suport de:<\/p>\n<p><a href=\"https:\/\/agora.xtec.cat\/ceip-puigberenguer\/wp-content\/uploads\/usu1000\/2024\/03\/logoAjuntament.jpg\"><img loading=\"lazy\" decoding=\"async\" class=\"wp-image-10020 alignright\" src=\"https:\/\/agora.xtec.cat\/ceip-puigberenguer\/wp-content\/uploads\/usu1000\/2024\/03\/logoAjuntament.jpg\" alt=\"\" width=\"380\" height=\"122\" srcset=\"https:\/\/agora.xtec.cat\/ceip-puigberenguer\/wp-content\/uploads\/usu1000\/2024\/03\/logoAjuntament.jpg 658w, https:\/\/agora.xtec.cat\/ceip-puigberenguer\/wp-content\/uploads\/usu1000\/2024\/03\/logoAjuntament-300x96.jpg 300w\" sizes=\"auto, (max-width: 380px) 100vw, 380px\" \/><\/a><\/p>\n","protected":false},"excerpt":{"rendered":"<p>Les activitats extraescolars s\u00f3n activitats de lleure que s\u2019organitzen amb la intenci\u00f3 que els nens i nenes de la nostra escola gaudeixin despr\u00e9s de l\u2019horari escolar i a m\u00e9s, puguin aprendre, fer esport, jugar, concentrar-se, ballar, relaxar-se,&#8230; compartint aquesta estona amb els companys i companyes&hellip;  <a href=\"https:\/\/agora.xtec.cat\/ceip-puigberenguer\/afa\/serveis\/comissio-de-extraescolars\/\" title=\"Read Comissi\u00f3 d&#8217;Extraescolars\">Llegeix m\u00e9s\u00bb<\/a><\/p>\n","protected":false},"author":3,"featured_media":0,"parent":7834,"menu_order":2,"comment_status":"closed","ping_status":"closed","template":"page-templates\/side-menu.php","meta":{"_bbp_topic_count":0,"_bbp_reply_count":0,"_bbp_total_topic_count":0,"_bbp_total_reply_count":0,"_bbp_voice_count":0,"_bbp_anonymous_reply_count":0,"_bbp_topic_count_hidden":0,"_bbp_reply_count_hidden":0,"_bbp_forum_subforum_count":0,"footnotes":""},"class_list":["post-1605","page","type-page","status-publish","hentry"],"post_mailing_queue_ids":[],"_links":{"self":[{"href":"https:\/\/agora.xtec.cat\/ceip-puigberenguer\/wp-json\/wp\/v2\/pages\/1605","targetHints":{"allow":["GET"]}}],"collection":[{"href":"https:\/\/agora.xtec.cat\/ceip-puigberenguer\/wp-json\/wp\/v2\/pages"}],"about":[{"href":"https:\/\/agora.xtec.cat\/ceip-puigberenguer\/wp-json\/wp\/v2\/types\/page"}],"author":[{"embeddable":true,"href":"https:\/\/agora.xtec.cat\/ceip-puigberenguer\/wp-json\/wp\/v2\/users\/3"}],"replies":[{"embeddable":true,"href":"https:\/\/agora.xtec.cat\/ceip-puigberenguer\/wp-json\/wp\/v2\/comments?post=1605"}],"version-history":[{"count":6,"href":"https:\/\/agora.xtec.cat\/ceip-puigberenguer\/wp-json\/wp\/v2\/pages\/1605\/revisions"}],"predecessor-version":[{"id":10526,"href":"https:\/\/agora.xtec.cat\/ceip-puigberenguer\/wp-json\/wp\/v2\/pages\/1605\/revisions\/10526"}],"up":[{"embeddable":true,"href":"https:\/\/agora.xtec.cat\/ceip-puigberenguer\/wp-json\/wp\/v2\/pages\/7834"}],"wp:attachment":[{"href":"https:\/\/agora.xtec.cat\/ceip-puigberenguer\/wp-json\/wp\/v2\/media?parent=1605"}],"curies":[{"name":"wp","href":"https:\/\/api.w.org\/{rel}","templated":true}]}}