{"id":1602,"date":"2015-01-25T20:35:44","date_gmt":"2015-01-25T19:35:44","guid":{"rendered":"http:\/\/agora.xtec.cat\/ceip-puigberenguer\/?page_id=1602"},"modified":"2024-02-05T17:33:44","modified_gmt":"2024-02-05T16:33:44","slug":"comissio-de-festes","status":"publish","type":"page","link":"https:\/\/agora.xtec.cat\/ceip-puigberenguer\/afa\/comunitat\/comissio-de-festes\/","title":{"rendered":"Comissi\u00f3 de Festes"},"content":{"rendered":"<div>\n<p>Aquesta comissi\u00f3 \u00e9s on es vol apuntar tothom. \u00c9s que la paraula festa atrau la gent! Per\u00f2 no us penseu que la seva feina \u00e9s f\u00e0cil i relaxada, treballen tot l\u2019any i de valent, perqu\u00e8 a l\u2019escola la <strong>castanyada<\/strong>, fer <strong>cagar el ti\u00f3<\/strong>\u00a0i la<strong> Festa de Primavera<\/strong> siguin tota una festa. Fins al m\u00e9s m\u00ednim detall est\u00e0 pensat i organitzat perqu\u00e8 els nens i nenes visquin amb diverses activitats aquestes festes, tant ells com nosaltres ens ho passem d\u2019all\u00f2 m\u00e9s b\u00e9 compartint activitats a la nostra festa, la Festa de Primavera.<\/p>\n<\/div>\n<div>\n<p>Els qui formen part d\u2019aquesta comissi\u00f3 <strong>fan xocolata<\/strong>, <strong>torren castanyes<\/strong>, <strong>couen botifarres<\/strong>, <strong>munten el bar<\/strong>, posen la parada d&#8217;intercanvi de llibres per Sant Jordi, busquen animaci\u00f3 &#8230;<\/p>\n<p>Per a cada festa, juntament amb els delegats de classe, demanen la <strong>col\u00b7laboraci\u00f3 de totes les mares i els pares<\/strong> que els puguin donar un cap de ma en el moment puntual de les festes. Per\u00f2 ells ja hi estan treballant des del primer dia de curs.<\/p>\n<\/div>\n","protected":false},"excerpt":{"rendered":"<p>Aquesta comissi\u00f3 \u00e9s on es vol apuntar tothom. \u00c9s que la paraula festa atrau la gent! Per\u00f2 no us penseu que la seva feina \u00e9s f\u00e0cil i relaxada, treballen tot l\u2019any i de valent, perqu\u00e8 a l\u2019escola la castanyada, fer cagar el ti\u00f3\u00a0i la Festa&hellip;  <a href=\"https:\/\/agora.xtec.cat\/ceip-puigberenguer\/afa\/comunitat\/comissio-de-festes\/\" title=\"Read Comissi\u00f3 de Festes\">Llegeix m\u00e9s\u00bb<\/a><\/p>\n","protected":false},"author":3,"featured_media":0,"parent":7826,"menu_order":2,"comment_status":"closed","ping_status":"closed","template":"page-templates\/side-menu.php","meta":{"_bbp_topic_count":0,"_bbp_reply_count":0,"_bbp_total_topic_count":0,"_bbp_total_reply_count":0,"_bbp_voice_count":0,"_bbp_anonymous_reply_count":0,"_bbp_topic_count_hidden":0,"_bbp_reply_count_hidden":0,"_bbp_forum_subforum_count":0,"footnotes":""},"class_list":["post-1602","page","type-page","status-publish","hentry"],"post_mailing_queue_ids":[],"_links":{"self":[{"href":"https:\/\/agora.xtec.cat\/ceip-puigberenguer\/wp-json\/wp\/v2\/pages\/1602","targetHints":{"allow":["GET"]}}],"collection":[{"href":"https:\/\/agora.xtec.cat\/ceip-puigberenguer\/wp-json\/wp\/v2\/pages"}],"about":[{"href":"https:\/\/agora.xtec.cat\/ceip-puigberenguer\/wp-json\/wp\/v2\/types\/page"}],"author":[{"embeddable":true,"href":"https:\/\/agora.xtec.cat\/ceip-puigberenguer\/wp-json\/wp\/v2\/users\/3"}],"replies":[{"embeddable":true,"href":"https:\/\/agora.xtec.cat\/ceip-puigberenguer\/wp-json\/wp\/v2\/comments?post=1602"}],"version-history":[{"count":4,"href":"https:\/\/agora.xtec.cat\/ceip-puigberenguer\/wp-json\/wp\/v2\/pages\/1602\/revisions"}],"predecessor-version":[{"id":9864,"href":"https:\/\/agora.xtec.cat\/ceip-puigberenguer\/wp-json\/wp\/v2\/pages\/1602\/revisions\/9864"}],"up":[{"embeddable":true,"href":"https:\/\/agora.xtec.cat\/ceip-puigberenguer\/wp-json\/wp\/v2\/pages\/7826"}],"wp:attachment":[{"href":"https:\/\/agora.xtec.cat\/ceip-puigberenguer\/wp-json\/wp\/v2\/media?parent=1602"}],"curies":[{"name":"wp","href":"https:\/\/api.w.org\/{rel}","templated":true}]}}