{"id":1589,"date":"2015-01-25T20:11:46","date_gmt":"2015-01-25T19:11:46","guid":{"rendered":"http:\/\/agora.xtec.cat\/ceip-puigberenguer\/?page_id=1589"},"modified":"2024-02-05T17:27:20","modified_gmt":"2024-02-05T16:27:20","slug":"comissio-de-carnestoltes","status":"publish","type":"page","link":"https:\/\/agora.xtec.cat\/ceip-puigberenguer\/afa\/comunitat\/comissio-de-carnestoltes\/","title":{"rendered":"Comissi\u00f3 de Carnestoltes"},"content":{"rendered":"<p>Una vegada l\u2019any, quan s\u2019acosta Carnestoltes, l\u2019escola es comen\u00e7a a bellugar de valent. Des d\u2019aquesta comissi\u00f3 es <strong>coordina i s\u2019idea la disfressa<\/strong> que es lluir\u00e0 el dia del <strong>carnestoltes infantil de Manresa<\/strong>. Una disfressa <strong>divertida<\/strong>, <strong>f\u00e0cil<\/strong> de fer i a l\u2019abast de tothom per aconseguir que infants i adults puguem gaudir d\u2019aquesta festa tant especial.<\/p>\n<p>\u00c9s una festa per gaudir en fam\u00edlia i amb la comunitat educativa de l&#8217;escola, per aix\u00f2 cada any a la rua hi participa un bon nombre de fam\u00edlies.<\/p>\n<p><a href=\"https:\/\/agora.xtec.cat\/ceip-puigberenguer\/wp-content\/uploads\/usu1000\/2022\/08\/WhatsApp-Image-2022-08-26-at-11.40.59.jpeg\"><img loading=\"lazy\" decoding=\"async\" class=\"alignnone wp-image-8971\" src=\"https:\/\/agora.xtec.cat\/ceip-puigberenguer\/wp-content\/uploads\/usu1000\/2022\/08\/WhatsApp-Image-2022-08-26-at-11.40.59-1024x768.jpeg\" alt=\"\" width=\"390\" height=\"293\" srcset=\"https:\/\/agora.xtec.cat\/ceip-puigberenguer\/wp-content\/uploads\/usu1000\/2022\/08\/WhatsApp-Image-2022-08-26-at-11.40.59-1024x768.jpeg 1024w, https:\/\/agora.xtec.cat\/ceip-puigberenguer\/wp-content\/uploads\/usu1000\/2022\/08\/WhatsApp-Image-2022-08-26-at-11.40.59-300x225.jpeg 300w, https:\/\/agora.xtec.cat\/ceip-puigberenguer\/wp-content\/uploads\/usu1000\/2022\/08\/WhatsApp-Image-2022-08-26-at-11.40.59-768x576.jpeg 768w, https:\/\/agora.xtec.cat\/ceip-puigberenguer\/wp-content\/uploads\/usu1000\/2022\/08\/WhatsApp-Image-2022-08-26-at-11.40.59-1536x1152.jpeg 1536w, https:\/\/agora.xtec.cat\/ceip-puigberenguer\/wp-content\/uploads\/usu1000\/2022\/08\/WhatsApp-Image-2022-08-26-at-11.40.59-200x150.jpeg 200w, https:\/\/agora.xtec.cat\/ceip-puigberenguer\/wp-content\/uploads\/usu1000\/2022\/08\/WhatsApp-Image-2022-08-26-at-11.40.59.jpeg 1600w\" sizes=\"auto, (max-width: 390px) 100vw, 390px\" \/><\/a> \u00a0 \u00a0 \u00a0 \u00a0 \u00a0<a href=\"https:\/\/agora.xtec.cat\/ceip-puigberenguer\/wp-content\/uploads\/usu1000\/2022\/08\/WhatsApp-Image-2022-08-26-at-11.41.011-1.jpeg\"><img loading=\"lazy\" decoding=\"async\" class=\"alignnone wp-image-8970\" src=\"https:\/\/agora.xtec.cat\/ceip-puigberenguer\/wp-content\/uploads\/usu1000\/2022\/08\/WhatsApp-Image-2022-08-26-at-11.41.011-1-1024x768.jpeg\" alt=\"\" width=\"389\" height=\"292\" srcset=\"https:\/\/agora.xtec.cat\/ceip-puigberenguer\/wp-content\/uploads\/usu1000\/2022\/08\/WhatsApp-Image-2022-08-26-at-11.41.011-1-1024x768.jpeg 1024w, https:\/\/agora.xtec.cat\/ceip-puigberenguer\/wp-content\/uploads\/usu1000\/2022\/08\/WhatsApp-Image-2022-08-26-at-11.41.011-1-300x225.jpeg 300w, https:\/\/agora.xtec.cat\/ceip-puigberenguer\/wp-content\/uploads\/usu1000\/2022\/08\/WhatsApp-Image-2022-08-26-at-11.41.011-1-768x576.jpeg 768w, https:\/\/agora.xtec.cat\/ceip-puigberenguer\/wp-content\/uploads\/usu1000\/2022\/08\/WhatsApp-Image-2022-08-26-at-11.41.011-1-1536x1152.jpeg 1536w, https:\/\/agora.xtec.cat\/ceip-puigberenguer\/wp-content\/uploads\/usu1000\/2022\/08\/WhatsApp-Image-2022-08-26-at-11.41.011-1-200x150.jpeg 200w, https:\/\/agora.xtec.cat\/ceip-puigberenguer\/wp-content\/uploads\/usu1000\/2022\/08\/WhatsApp-Image-2022-08-26-at-11.41.011-1.jpeg 2048w\" sizes=\"auto, (max-width: 389px) 100vw, 389px\" \/><\/a><\/p>\n","protected":false},"excerpt":{"rendered":"<p>Una vegada l\u2019any, quan s\u2019acosta Carnestoltes, l\u2019escola es comen\u00e7a a bellugar de valent. Des d\u2019aquesta comissi\u00f3 es coordina i s\u2019idea la disfressa que es lluir\u00e0 el dia del carnestoltes infantil de Manresa. Una disfressa divertida, f\u00e0cil de fer i a l\u2019abast de tothom per aconseguir&hellip;  <a href=\"https:\/\/agora.xtec.cat\/ceip-puigberenguer\/afa\/comunitat\/comissio-de-carnestoltes\/\" title=\"Read Comissi\u00f3 de Carnestoltes\">Llegeix m\u00e9s\u00bb<\/a><\/p>\n","protected":false},"author":3,"featured_media":0,"parent":7826,"menu_order":3,"comment_status":"closed","ping_status":"closed","template":"page-templates\/side-menu.php","meta":{"_bbp_topic_count":0,"_bbp_reply_count":0,"_bbp_total_topic_count":0,"_bbp_total_reply_count":0,"_bbp_voice_count":0,"_bbp_anonymous_reply_count":0,"_bbp_topic_count_hidden":0,"_bbp_reply_count_hidden":0,"_bbp_forum_subforum_count":0,"footnotes":""},"class_list":["post-1589","page","type-page","status-publish","hentry"],"post_mailing_queue_ids":[],"_links":{"self":[{"href":"https:\/\/agora.xtec.cat\/ceip-puigberenguer\/wp-json\/wp\/v2\/pages\/1589","targetHints":{"allow":["GET"]}}],"collection":[{"href":"https:\/\/agora.xtec.cat\/ceip-puigberenguer\/wp-json\/wp\/v2\/pages"}],"about":[{"href":"https:\/\/agora.xtec.cat\/ceip-puigberenguer\/wp-json\/wp\/v2\/types\/page"}],"author":[{"embeddable":true,"href":"https:\/\/agora.xtec.cat\/ceip-puigberenguer\/wp-json\/wp\/v2\/users\/3"}],"replies":[{"embeddable":true,"href":"https:\/\/agora.xtec.cat\/ceip-puigberenguer\/wp-json\/wp\/v2\/comments?post=1589"}],"version-history":[{"count":4,"href":"https:\/\/agora.xtec.cat\/ceip-puigberenguer\/wp-json\/wp\/v2\/pages\/1589\/revisions"}],"predecessor-version":[{"id":9858,"href":"https:\/\/agora.xtec.cat\/ceip-puigberenguer\/wp-json\/wp\/v2\/pages\/1589\/revisions\/9858"}],"up":[{"embeddable":true,"href":"https:\/\/agora.xtec.cat\/ceip-puigberenguer\/wp-json\/wp\/v2\/pages\/7826"}],"wp:attachment":[{"href":"https:\/\/agora.xtec.cat\/ceip-puigberenguer\/wp-json\/wp\/v2\/media?parent=1589"}],"curies":[{"name":"wp","href":"https:\/\/api.w.org\/{rel}","templated":true}]}}