{"id":1572,"date":"2015-01-25T13:18:44","date_gmt":"2015-01-25T12:18:44","guid":{"rendered":"http:\/\/agora.xtec.cat\/ceip-puigberenguer\/?page_id=1572"},"modified":"2025-08-14T08:27:21","modified_gmt":"2025-08-14T06:27:21","slug":"patis","status":"publish","type":"page","link":"https:\/\/agora.xtec.cat\/ceip-puigberenguer\/afa\/escola\/patis\/","title":{"rendered":"Comissi\u00f3 de Patis"},"content":{"rendered":"<p>L\u2019objectiu d\u2019aquesta comissi\u00f3 \u00e9s impulsar propostes per la millora del pati de l\u2019escola per disposar d\u2019un entorn <strong>m\u00e9s atractiu, natural i educatiu<\/strong> amb la implicaci\u00f3 de tota la comunitat educativa (mestres, fam\u00edlies, alumnat, personal no docent, equip de menjador&#8230;).<\/p>\n<p>Els nens i les nenes fan classe dins de l\u2019aula, per\u00f2 des de la porta d\u2019entrada de l\u2019escola fins a la de la classe hi ha tot un gran espai: els patis, els accessos, les rampes, etc.<\/p>\n<p>Entenem el pati de l\u2019escola com un <strong>espai privilegiat amb moltes possibilitats educatives<\/strong> on s\u2019hi poden desenvolupar activitats d\u2019aprenentatge relacionades amb les diferents \u00e0rees curriculars, activitats de joc com a metodologia d\u2019aprenentatge i com a estimulador del desenvolupament cognitiu, afectiu i social dels infants i activitats per a la celebraci\u00f3 de festes amb tota la comunitat educativa.<\/p>\n<p>La nostra capacitat de crear \u00e9s infinita: <strong>imaginem, pensem, ideem, decidim, creem i transformem.<\/strong><\/p>\n<p style=\"text-align: center;\"><iframe loading=\"lazy\" src=\"\/\/www.youtube.com\/embed\/sMWODWa6--s\" width=\"560\" height=\"314\"><\/iframe><\/p>\n<p>El curs 21-22 el claustre de mestres, juntament amb el membres de la Comissi\u00f3 de Patis vam participar en un <strong>assessorament guiat<\/strong> per l&#8217;empresa <a href=\"https:\/\/elglobusvermell.org\/\">El Globus Vermell<\/a> per tal de transformar i millorar el pati de la nostra escola. Es tracta d\u2019una transformaci\u00f3 per dotar de nou sentit al espai del pati perqu\u00e8 no nomes sigui un espai l\u00fadic si no tamb\u00e9 que sigui un espai pedag\u00f2gic inclusiu.<a href=\"https:\/\/agora.xtec.cat\/ceip-puigberenguer\/wp-content\/uploads\/usu1000\/2022\/01\/Fase1.jpg\"><img loading=\"lazy\" decoding=\"async\" class=\" wp-image-8539 aligncenter\" src=\"https:\/\/agora.xtec.cat\/ceip-puigberenguer\/wp-content\/uploads\/usu1000\/2022\/01\/Fase1-1024x694.jpg\" alt=\"\" width=\"555\" height=\"376\" srcset=\"https:\/\/agora.xtec.cat\/ceip-puigberenguer\/wp-content\/uploads\/usu1000\/2022\/01\/Fase1-1024x694.jpg 1024w, https:\/\/agora.xtec.cat\/ceip-puigberenguer\/wp-content\/uploads\/usu1000\/2022\/01\/Fase1-300x203.jpg 300w, https:\/\/agora.xtec.cat\/ceip-puigberenguer\/wp-content\/uploads\/usu1000\/2022\/01\/Fase1-768x521.jpg 768w, https:\/\/agora.xtec.cat\/ceip-puigberenguer\/wp-content\/uploads\/usu1000\/2022\/01\/Fase1.jpg 1105w\" sizes=\"auto, (max-width: 555px) 100vw, 555px\" \/><\/a>Ja hem comen\u00e7at a incorporar elements al pati:<\/p>\n<ul>\n<li>Durant el curs 22-23 vam repintar tots els jocs de terra i vam instal\u00b7lar taules de pic-nic per poder fer classe a l&#8217;exterior. Tamb\u00e9 vam instal\u00b7lar 2 escenaris i 2 pissarres d&#8217;exterior.<\/li>\n<li>Durant el curs 23-24 l&#8217;AFA de l&#8217;escola va invertir en millorar les estructures de joc del pati que ja estaven molt deteriorades i l&#8217;abril d&#8217;aquell curs les vam inaugurar.<\/li>\n<li>Durant el curs 24-25 hem instal\u00b7lat un roc\u00f2drom a la paret del gimn\u00e0s, per incrementar les possibilitats de jocs dels infants de l&#8217;escola.<\/li>\n<\/ul>\n<p><a href=\"https:\/\/agora.xtec.cat\/ceip-puigberenguer\/wp-content\/uploads\/usu1000\/2025\/08\/2.jpg\"><img loading=\"lazy\" decoding=\"async\" class=\"alignnone wp-image-10538\" src=\"https:\/\/agora.xtec.cat\/ceip-puigberenguer\/wp-content\/uploads\/usu1000\/2025\/08\/2-1024x576.jpg\" alt=\"\" width=\"489\" height=\"275\" srcset=\"https:\/\/agora.xtec.cat\/ceip-puigberenguer\/wp-content\/uploads\/usu1000\/2025\/08\/2-1024x576.jpg 1024w, https:\/\/agora.xtec.cat\/ceip-puigberenguer\/wp-content\/uploads\/usu1000\/2025\/08\/2-300x169.jpg 300w, https:\/\/agora.xtec.cat\/ceip-puigberenguer\/wp-content\/uploads\/usu1000\/2025\/08\/2-768x432.jpg 768w, https:\/\/agora.xtec.cat\/ceip-puigberenguer\/wp-content\/uploads\/usu1000\/2025\/08\/2-1536x864.jpg 1536w, https:\/\/agora.xtec.cat\/ceip-puigberenguer\/wp-content\/uploads\/usu1000\/2025\/08\/2.jpg 1920w\" sizes=\"auto, (max-width: 489px) 100vw, 489px\" \/><\/a><a href=\"https:\/\/agora.xtec.cat\/ceip-puigberenguer\/wp-content\/uploads\/usu1000\/2025\/08\/3.jpg\"><img loading=\"lazy\" decoding=\"async\" class=\"alignnone wp-image-10539\" src=\"https:\/\/agora.xtec.cat\/ceip-puigberenguer\/wp-content\/uploads\/usu1000\/2025\/08\/3-1024x576.jpg\" alt=\"\" width=\"492\" height=\"277\" srcset=\"https:\/\/agora.xtec.cat\/ceip-puigberenguer\/wp-content\/uploads\/usu1000\/2025\/08\/3-1024x576.jpg 1024w, https:\/\/agora.xtec.cat\/ceip-puigberenguer\/wp-content\/uploads\/usu1000\/2025\/08\/3-300x169.jpg 300w, https:\/\/agora.xtec.cat\/ceip-puigberenguer\/wp-content\/uploads\/usu1000\/2025\/08\/3-768x432.jpg 768w, https:\/\/agora.xtec.cat\/ceip-puigberenguer\/wp-content\/uploads\/usu1000\/2025\/08\/3-1536x864.jpg 1536w, https:\/\/agora.xtec.cat\/ceip-puigberenguer\/wp-content\/uploads\/usu1000\/2025\/08\/3.jpg 1920w\" sizes=\"auto, (max-width: 492px) 100vw, 492px\" \/><\/a><\/p>\n<p><a href=\"https:\/\/agora.xtec.cat\/ceip-puigberenguer\/wp-content\/uploads\/usu1000\/2025\/08\/5.jpg\"><img loading=\"lazy\" decoding=\"async\" class=\"alignnone wp-image-10541\" src=\"https:\/\/agora.xtec.cat\/ceip-puigberenguer\/wp-content\/uploads\/usu1000\/2025\/08\/5-1024x576.jpg\" alt=\"\" width=\"494\" height=\"278\" srcset=\"https:\/\/agora.xtec.cat\/ceip-puigberenguer\/wp-content\/uploads\/usu1000\/2025\/08\/5-1024x576.jpg 1024w, https:\/\/agora.xtec.cat\/ceip-puigberenguer\/wp-content\/uploads\/usu1000\/2025\/08\/5-300x169.jpg 300w, https:\/\/agora.xtec.cat\/ceip-puigberenguer\/wp-content\/uploads\/usu1000\/2025\/08\/5-768x432.jpg 768w, https:\/\/agora.xtec.cat\/ceip-puigberenguer\/wp-content\/uploads\/usu1000\/2025\/08\/5-1536x864.jpg 1536w, https:\/\/agora.xtec.cat\/ceip-puigberenguer\/wp-content\/uploads\/usu1000\/2025\/08\/5.jpg 1920w\" sizes=\"auto, (max-width: 494px) 100vw, 494px\" \/><\/a><a href=\"https:\/\/agora.xtec.cat\/ceip-puigberenguer\/wp-content\/uploads\/usu1000\/2025\/08\/4.jpg\"><img loading=\"lazy\" decoding=\"async\" class=\"alignnone wp-image-10540\" src=\"https:\/\/agora.xtec.cat\/ceip-puigberenguer\/wp-content\/uploads\/usu1000\/2025\/08\/4-1024x576.jpg\" alt=\"\" width=\"494\" height=\"278\" srcset=\"https:\/\/agora.xtec.cat\/ceip-puigberenguer\/wp-content\/uploads\/usu1000\/2025\/08\/4-1024x576.jpg 1024w, https:\/\/agora.xtec.cat\/ceip-puigberenguer\/wp-content\/uploads\/usu1000\/2025\/08\/4-300x169.jpg 300w, https:\/\/agora.xtec.cat\/ceip-puigberenguer\/wp-content\/uploads\/usu1000\/2025\/08\/4-768x432.jpg 768w, https:\/\/agora.xtec.cat\/ceip-puigberenguer\/wp-content\/uploads\/usu1000\/2025\/08\/4-1536x864.jpg 1536w, https:\/\/agora.xtec.cat\/ceip-puigberenguer\/wp-content\/uploads\/usu1000\/2025\/08\/4.jpg 1920w\" sizes=\"auto, (max-width: 494px) 100vw, 494px\" \/><\/a><\/p>\n<p><a href=\"https:\/\/agora.xtec.cat\/ceip-puigberenguer\/wp-content\/uploads\/usu1000\/2025\/08\/7.jpg\"><img loading=\"lazy\" decoding=\"async\" class=\"alignnone wp-image-10543\" src=\"https:\/\/agora.xtec.cat\/ceip-puigberenguer\/wp-content\/uploads\/usu1000\/2025\/08\/7-1024x576.jpg\" alt=\"\" width=\"491\" height=\"276\" srcset=\"https:\/\/agora.xtec.cat\/ceip-puigberenguer\/wp-content\/uploads\/usu1000\/2025\/08\/7-1024x576.jpg 1024w, https:\/\/agora.xtec.cat\/ceip-puigberenguer\/wp-content\/uploads\/usu1000\/2025\/08\/7-300x169.jpg 300w, https:\/\/agora.xtec.cat\/ceip-puigberenguer\/wp-content\/uploads\/usu1000\/2025\/08\/7-768x432.jpg 768w, https:\/\/agora.xtec.cat\/ceip-puigberenguer\/wp-content\/uploads\/usu1000\/2025\/08\/7-1536x864.jpg 1536w, https:\/\/agora.xtec.cat\/ceip-puigberenguer\/wp-content\/uploads\/usu1000\/2025\/08\/7.jpg 1920w\" sizes=\"auto, (max-width: 491px) 100vw, 491px\" \/><\/a><a href=\"https:\/\/agora.xtec.cat\/ceip-puigberenguer\/wp-content\/uploads\/usu1000\/2025\/08\/6.jpg\"><img loading=\"lazy\" decoding=\"async\" class=\"alignnone wp-image-10542\" src=\"https:\/\/agora.xtec.cat\/ceip-puigberenguer\/wp-content\/uploads\/usu1000\/2025\/08\/6-1024x576.jpg\" alt=\"\" width=\"492\" height=\"277\" srcset=\"https:\/\/agora.xtec.cat\/ceip-puigberenguer\/wp-content\/uploads\/usu1000\/2025\/08\/6-1024x576.jpg 1024w, https:\/\/agora.xtec.cat\/ceip-puigberenguer\/wp-content\/uploads\/usu1000\/2025\/08\/6-300x169.jpg 300w, https:\/\/agora.xtec.cat\/ceip-puigberenguer\/wp-content\/uploads\/usu1000\/2025\/08\/6-768x432.jpg 768w, https:\/\/agora.xtec.cat\/ceip-puigberenguer\/wp-content\/uploads\/usu1000\/2025\/08\/6-1536x864.jpg 1536w, https:\/\/agora.xtec.cat\/ceip-puigberenguer\/wp-content\/uploads\/usu1000\/2025\/08\/6.jpg 1920w\" sizes=\"auto, (max-width: 492px) 100vw, 492px\" \/><\/a><\/p>\n<p>A m\u00e9s a m\u00e9s, cada curs la comissi\u00f3 de patis organitza la <strong>jornada d&#8217;entorn, <\/strong>una jornada en fam\u00edlia on es realitzaran tasques per seguir amb el projecte de millora del pati del Puigberenguer.<\/p>\n<p><a href=\"https:\/\/agora.xtec.cat\/ceip-puigberenguer\/wp-content\/uploads\/usu1000\/2024\/02\/jornadaEntorn.jpeg\"><img loading=\"lazy\" decoding=\"async\" class=\"alignnone wp-image-9900\" src=\"https:\/\/agora.xtec.cat\/ceip-puigberenguer\/wp-content\/uploads\/usu1000\/2024\/02\/jornadaEntorn-768x1024.jpeg\" alt=\"\" width=\"236\" height=\"314\" srcset=\"https:\/\/agora.xtec.cat\/ceip-puigberenguer\/wp-content\/uploads\/usu1000\/2024\/02\/jornadaEntorn-768x1024.jpeg 768w, https:\/\/agora.xtec.cat\/ceip-puigberenguer\/wp-content\/uploads\/usu1000\/2024\/02\/jornadaEntorn-225x300.jpeg 225w, https:\/\/agora.xtec.cat\/ceip-puigberenguer\/wp-content\/uploads\/usu1000\/2024\/02\/jornadaEntorn-1152x1536.jpeg 1152w, https:\/\/agora.xtec.cat\/ceip-puigberenguer\/wp-content\/uploads\/usu1000\/2024\/02\/jornadaEntorn.jpeg 1536w\" sizes=\"auto, (max-width: 236px) 100vw, 236px\" \/><\/a><a href=\"https:\/\/agora.xtec.cat\/ceip-puigberenguer\/wp-content\/uploads\/usu1000\/2024\/02\/JornadaEntorn_terra.jpg\"><img loading=\"lazy\" decoding=\"async\" class=\"alignnone wp-image-9899\" src=\"https:\/\/agora.xtec.cat\/ceip-puigberenguer\/wp-content\/uploads\/usu1000\/2024\/02\/JornadaEntorn_terra.jpg\" alt=\"\" width=\"419\" height=\"314\" srcset=\"https:\/\/agora.xtec.cat\/ceip-puigberenguer\/wp-content\/uploads\/usu1000\/2024\/02\/JornadaEntorn_terra.jpg 800w, https:\/\/agora.xtec.cat\/ceip-puigberenguer\/wp-content\/uploads\/usu1000\/2024\/02\/JornadaEntorn_terra-300x225.jpg 300w, https:\/\/agora.xtec.cat\/ceip-puigberenguer\/wp-content\/uploads\/usu1000\/2024\/02\/JornadaEntorn_terra-768x576.jpg 768w, https:\/\/agora.xtec.cat\/ceip-puigberenguer\/wp-content\/uploads\/usu1000\/2024\/02\/JornadaEntorn_terra-200x150.jpg 200w\" sizes=\"auto, (max-width: 419px) 100vw, 419px\" \/><\/a><\/p>\n<p>Amb tota aquesta transformaci\u00f3, cada tarda, les fam\u00edlies de l&#8217;escola poden gaudir d&#8217;un entorn privilegiat per fer comunitat, construir escola i compartir estona amb els companys i companyes de classe durant els patis oberts.<\/p>\n<p>&nbsp;<\/p>\n<p style=\"text-align: right;\">Amb el suport de:<\/p>\n<p style=\"text-align: right;\"><a href=\"https:\/\/agora.xtec.cat\/ceip-puigberenguer\/wp-content\/uploads\/usu1000\/2024\/03\/logoAjuntament.jpg\"><img loading=\"lazy\" decoding=\"async\" class=\"wp-image-10020 alignright\" src=\"https:\/\/agora.xtec.cat\/ceip-puigberenguer\/wp-content\/uploads\/usu1000\/2024\/03\/logoAjuntament.jpg\" alt=\"\" width=\"349\" height=\"112\" srcset=\"https:\/\/agora.xtec.cat\/ceip-puigberenguer\/wp-content\/uploads\/usu1000\/2024\/03\/logoAjuntament.jpg 658w, https:\/\/agora.xtec.cat\/ceip-puigberenguer\/wp-content\/uploads\/usu1000\/2024\/03\/logoAjuntament-300x96.jpg 300w\" sizes=\"auto, (max-width: 349px) 100vw, 349px\" \/><\/a><\/p>\n","protected":false},"excerpt":{"rendered":"<p>L\u2019objectiu d\u2019aquesta comissi\u00f3 \u00e9s impulsar propostes per la millora del pati de l\u2019escola per disposar d\u2019un entorn m\u00e9s atractiu, natural i educatiu amb la implicaci\u00f3 de tota la comunitat educativa (mestres, fam\u00edlies, alumnat, personal no docent, equip de menjador&#8230;).<br \/>\nEls nens i les nenes fan classe&hellip;  <a href=\"https:\/\/agora.xtec.cat\/ceip-puigberenguer\/afa\/escola\/patis\/\" title=\"Read Comissi\u00f3 de Patis\">Llegeix m\u00e9s\u00bb<\/a><\/p>\n","protected":false},"author":3,"featured_media":0,"parent":7837,"menu_order":3,"comment_status":"closed","ping_status":"closed","template":"page-templates\/side-menu.php","meta":{"_bbp_topic_count":0,"_bbp_reply_count":0,"_bbp_total_topic_count":0,"_bbp_total_reply_count":0,"_bbp_voice_count":0,"_bbp_anonymous_reply_count":0,"_bbp_topic_count_hidden":0,"_bbp_reply_count_hidden":0,"_bbp_forum_subforum_count":0,"footnotes":""},"class_list":["post-1572","page","type-page","status-publish","hentry"],"post_mailing_queue_ids":[],"_links":{"self":[{"href":"https:\/\/agora.xtec.cat\/ceip-puigberenguer\/wp-json\/wp\/v2\/pages\/1572","targetHints":{"allow":["GET"]}}],"collection":[{"href":"https:\/\/agora.xtec.cat\/ceip-puigberenguer\/wp-json\/wp\/v2\/pages"}],"about":[{"href":"https:\/\/agora.xtec.cat\/ceip-puigberenguer\/wp-json\/wp\/v2\/types\/page"}],"author":[{"embeddable":true,"href":"https:\/\/agora.xtec.cat\/ceip-puigberenguer\/wp-json\/wp\/v2\/users\/3"}],"replies":[{"embeddable":true,"href":"https:\/\/agora.xtec.cat\/ceip-puigberenguer\/wp-json\/wp\/v2\/comments?post=1572"}],"version-history":[{"count":7,"href":"https:\/\/agora.xtec.cat\/ceip-puigberenguer\/wp-json\/wp\/v2\/pages\/1572\/revisions"}],"predecessor-version":[{"id":10550,"href":"https:\/\/agora.xtec.cat\/ceip-puigberenguer\/wp-json\/wp\/v2\/pages\/1572\/revisions\/10550"}],"up":[{"embeddable":true,"href":"https:\/\/agora.xtec.cat\/ceip-puigberenguer\/wp-json\/wp\/v2\/pages\/7837"}],"wp:attachment":[{"href":"https:\/\/agora.xtec.cat\/ceip-puigberenguer\/wp-json\/wp\/v2\/media?parent=1572"}],"curies":[{"name":"wp","href":"https:\/\/api.w.org\/{rel}","templated":true}]}}