{"id":66,"date":"2014-09-18T12:40:47","date_gmt":"2014-09-18T11:40:47","guid":{"rendered":"http:\/\/agora.xtec.cat\/ceip-puig-gairalt\/?page_id=66"},"modified":"2024-05-21T00:33:52","modified_gmt":"2024-05-20T22:33:52","slug":"serveis","status":"publish","type":"page","link":"https:\/\/agora.xtec.cat\/ceip-puig-gairalt\/serveis\/","title":{"rendered":"Serveis"},"content":{"rendered":"<p>El nostre centre educatiu ofereix una \u00e0mplia gamma de serveis per garantir una experi\u00e8ncia integral i de qualitat per a tots els alumnes i les seves fam\u00edlies. A la nostra secci\u00f3 de serveis, trobareu informaci\u00f3 detallada sobre:<\/p>\n<p><a href=\"https:\/\/agora.xtec.cat\/ceip-puig-gairalt\/serveis\/acollida\/\"><img loading=\"lazy\" decoding=\"async\" class=\"alignnone size-full wp-image-3877\" src=\"https:\/\/agora.xtec.cat\/ceip-puig-gairalt\/wp-content\/uploads\/usu1399\/2024\/05\/Servei-Acollida.png\" alt=\"\" width=\"1200\" height=\"300\" srcset=\"https:\/\/agora.xtec.cat\/ceip-puig-gairalt\/wp-content\/uploads\/usu1399\/2024\/05\/Servei-Acollida.png 1200w, https:\/\/agora.xtec.cat\/ceip-puig-gairalt\/wp-content\/uploads\/usu1399\/2024\/05\/Servei-Acollida-300x75.png 300w, https:\/\/agora.xtec.cat\/ceip-puig-gairalt\/wp-content\/uploads\/usu1399\/2024\/05\/Servei-Acollida-1024x256.png 1024w, https:\/\/agora.xtec.cat\/ceip-puig-gairalt\/wp-content\/uploads\/usu1399\/2024\/05\/Servei-Acollida-768x192.png 768w\" sizes=\"auto, (max-width: 1200px) 100vw, 1200px\" \/><\/a><\/p>\n<p><a href=\"https:\/\/agora.xtec.cat\/ceip-puig-gairalt\/categoria\/menjador\/\"><img loading=\"lazy\" decoding=\"async\" class=\"alignnone size-full wp-image-3682\" src=\"https:\/\/agora.xtec.cat\/ceip-puig-gairalt\/wp-content\/uploads\/usu1399\/2024\/03\/Menjadors-Cartells-de-la-categories-i-pagines-web.png\" alt=\"\" width=\"1200\" height=\"300\" srcset=\"https:\/\/agora.xtec.cat\/ceip-puig-gairalt\/wp-content\/uploads\/usu1399\/2024\/03\/Menjadors-Cartells-de-la-categories-i-pagines-web.png 1200w, https:\/\/agora.xtec.cat\/ceip-puig-gairalt\/wp-content\/uploads\/usu1399\/2024\/03\/Menjadors-Cartells-de-la-categories-i-pagines-web-300x75.png 300w, https:\/\/agora.xtec.cat\/ceip-puig-gairalt\/wp-content\/uploads\/usu1399\/2024\/03\/Menjadors-Cartells-de-la-categories-i-pagines-web-1024x256.png 1024w, https:\/\/agora.xtec.cat\/ceip-puig-gairalt\/wp-content\/uploads\/usu1399\/2024\/03\/Menjadors-Cartells-de-la-categories-i-pagines-web-768x192.png 768w\" sizes=\"auto, (max-width: 1200px) 100vw, 1200px\" \/><\/a><\/p>\n<p><a href=\"https:\/\/agora.xtec.cat\/ceip-puig-gairalt\/portada\/t-16-la-targeta-de-transport-public-per-a-nenes-i-nens-dentre-4-i-16-anys\/\"><img loading=\"lazy\" decoding=\"async\" class=\"alignnone size-full wp-image-3886\" src=\"https:\/\/agora.xtec.cat\/ceip-puig-gairalt\/wp-content\/uploads\/usu1399\/2024\/05\/Mobilitat.png\" alt=\"\" width=\"1200\" height=\"300\" srcset=\"https:\/\/agora.xtec.cat\/ceip-puig-gairalt\/wp-content\/uploads\/usu1399\/2024\/05\/Mobilitat.png 1200w, https:\/\/agora.xtec.cat\/ceip-puig-gairalt\/wp-content\/uploads\/usu1399\/2024\/05\/Mobilitat-300x75.png 300w, https:\/\/agora.xtec.cat\/ceip-puig-gairalt\/wp-content\/uploads\/usu1399\/2024\/05\/Mobilitat-1024x256.png 1024w, https:\/\/agora.xtec.cat\/ceip-puig-gairalt\/wp-content\/uploads\/usu1399\/2024\/05\/Mobilitat-768x192.png 768w\" sizes=\"auto, (max-width: 1200px) 100vw, 1200px\" \/><\/a><\/p>\n<p><a href=\"https:\/\/agora.xtec.cat\/ceip-puig-gairalt\/general\/extraescolars\/\"><img loading=\"lazy\" decoding=\"async\" class=\"alignnone size-full wp-image-3897\" src=\"https:\/\/agora.xtec.cat\/ceip-puig-gairalt\/wp-content\/uploads\/usu1399\/2024\/05\/Extraescolars.png\" alt=\"\" width=\"1200\" height=\"300\" srcset=\"https:\/\/agora.xtec.cat\/ceip-puig-gairalt\/wp-content\/uploads\/usu1399\/2024\/05\/Extraescolars.png 1200w, https:\/\/agora.xtec.cat\/ceip-puig-gairalt\/wp-content\/uploads\/usu1399\/2024\/05\/Extraescolars-300x75.png 300w, https:\/\/agora.xtec.cat\/ceip-puig-gairalt\/wp-content\/uploads\/usu1399\/2024\/05\/Extraescolars-1024x256.png 1024w, https:\/\/agora.xtec.cat\/ceip-puig-gairalt\/wp-content\/uploads\/usu1399\/2024\/05\/Extraescolars-768x192.png 768w\" sizes=\"auto, (max-width: 1200px) 100vw, 1200px\" \/><\/a><\/p>\n<p><a href=\"https:\/\/agora.xtec.cat\/ceip-puig-gairalt\/general\/correus\/\"><img loading=\"lazy\" decoding=\"async\" class=\"alignnone size-full wp-image-3895\" src=\"https:\/\/agora.xtec.cat\/ceip-puig-gairalt\/wp-content\/uploads\/usu1399\/2024\/05\/Comunicacio.png\" alt=\"\" width=\"1200\" height=\"300\" srcset=\"https:\/\/agora.xtec.cat\/ceip-puig-gairalt\/wp-content\/uploads\/usu1399\/2024\/05\/Comunicacio.png 1200w, https:\/\/agora.xtec.cat\/ceip-puig-gairalt\/wp-content\/uploads\/usu1399\/2024\/05\/Comunicacio-300x75.png 300w, https:\/\/agora.xtec.cat\/ceip-puig-gairalt\/wp-content\/uploads\/usu1399\/2024\/05\/Comunicacio-1024x256.png 1024w, https:\/\/agora.xtec.cat\/ceip-puig-gairalt\/wp-content\/uploads\/usu1399\/2024\/05\/Comunicacio-768x192.png 768w\" sizes=\"auto, (max-width: 1200px) 100vw, 1200px\" \/><\/a><\/p>\n","protected":false},"excerpt":{"rendered":"<p>El nostre centre educatiu ofereix una \u00e0mplia gamma de serveis per garantir una experi\u00e8ncia integral i de qualitat per a tots els alumnes i les seves fam\u00edlies. A la nostra secci\u00f3 de serveis, trobareu informaci\u00f3 detallada sobre:<br \/>\n<a href=\"https:\/\/agora.xtec.cat\/ceip-puig-gairalt\/serveis\/acollida\/\"><\/a><br \/>\n<a href=\"https:\/\/agora.xtec.cat\/ceip-puig-gairalt\/categoria\/menjador\/\"><\/a><br \/>\n<a href=\"https:\/\/agora.xtec.cat\/ceip-puig-gairalt\/portada\/t-16-la-targeta-de-transport-public-per-a-nenes-i-nens-dentre-4-i-16-anys\/\"><\/a><br \/>\n<a href=\"https:\/\/agora.xtec.cat\/ceip-puig-gairalt\/general\/extraescolars\/\"><\/a><br \/>\n<a href=\"https:\/\/agora.xtec.cat\/ceip-puig-gairalt\/general\/correus\/\"><\/a><\/p>\n","protected":false},"author":1,"featured_media":0,"parent":0,"menu_order":0,"comment_status":"closed","ping_status":"closed","template":"page-templates\/side-menu.php","meta":{"_bbp_topic_count":0,"_bbp_reply_count":0,"_bbp_total_topic_count":0,"_bbp_total_reply_count":0,"_bbp_voice_count":0,"_bbp_anonymous_reply_count":0,"_bbp_topic_count_hidden":0,"_bbp_reply_count_hidden":0,"_bbp_forum_subforum_count":0,"footnotes":""},"class_list":["post-66","page","type-page","status-publish","hentry"],"post_mailing_queue_ids":[],"_links":{"self":[{"href":"https:\/\/agora.xtec.cat\/ceip-puig-gairalt\/wp-json\/wp\/v2\/pages\/66","targetHints":{"allow":["GET"]}}],"collection":[{"href":"https:\/\/agora.xtec.cat\/ceip-puig-gairalt\/wp-json\/wp\/v2\/pages"}],"about":[{"href":"https:\/\/agora.xtec.cat\/ceip-puig-gairalt\/wp-json\/wp\/v2\/types\/page"}],"author":[{"embeddable":true,"href":"https:\/\/agora.xtec.cat\/ceip-puig-gairalt\/wp-json\/wp\/v2\/users\/1"}],"replies":[{"embeddable":true,"href":"https:\/\/agora.xtec.cat\/ceip-puig-gairalt\/wp-json\/wp\/v2\/comments?post=66"}],"version-history":[{"count":6,"href":"https:\/\/agora.xtec.cat\/ceip-puig-gairalt\/wp-json\/wp\/v2\/pages\/66\/revisions"}],"predecessor-version":[{"id":3898,"href":"https:\/\/agora.xtec.cat\/ceip-puig-gairalt\/wp-json\/wp\/v2\/pages\/66\/revisions\/3898"}],"wp:attachment":[{"href":"https:\/\/agora.xtec.cat\/ceip-puig-gairalt\/wp-json\/wp\/v2\/media?parent=66"}],"curies":[{"name":"wp","href":"https:\/\/api.w.org\/{rel}","templated":true}]}}