{"id":4243,"date":"2025-04-22T15:09:52","date_gmt":"2025-04-22T13:09:52","guid":{"rendered":"https:\/\/agora.xtec.cat\/ceip-puig-gairalt\/?page_id=4243"},"modified":"2025-04-22T15:23:33","modified_gmt":"2025-04-22T13:23:33","slug":"programa-tis-fse","status":"publish","type":"page","link":"https:\/\/agora.xtec.cat\/ceip-puig-gairalt\/lescola\/programa-tis-fse\/","title":{"rendered":"Programa TIS FSE+"},"content":{"rendered":"<p><a href=\"https:\/\/agora.xtec.cat\/ceip-puig-gairalt\/wp-content\/uploads\/usu1399\/2025\/04\/Captura-de-pantalla-2025-04-22-150601.png\"><img loading=\"lazy\" decoding=\"async\" class=\"alignnone size-large wp-image-4245\" src=\"https:\/\/agora.xtec.cat\/ceip-puig-gairalt\/wp-content\/uploads\/usu1399\/2025\/04\/Captura-de-pantalla-2025-04-22-150601-1024x575.png\" alt=\"\" width=\"1024\" height=\"575\" srcset=\"https:\/\/agora.xtec.cat\/ceip-puig-gairalt\/wp-content\/uploads\/usu1399\/2025\/04\/Captura-de-pantalla-2025-04-22-150601-1024x575.png 1024w, https:\/\/agora.xtec.cat\/ceip-puig-gairalt\/wp-content\/uploads\/usu1399\/2025\/04\/Captura-de-pantalla-2025-04-22-150601-300x168.png 300w, https:\/\/agora.xtec.cat\/ceip-puig-gairalt\/wp-content\/uploads\/usu1399\/2025\/04\/Captura-de-pantalla-2025-04-22-150601-768x431.png 768w, https:\/\/agora.xtec.cat\/ceip-puig-gairalt\/wp-content\/uploads\/usu1399\/2025\/04\/Captura-de-pantalla-2025-04-22-150601.png 1285w\" sizes=\"auto, (max-width: 1024px) 100vw, 1024px\" \/><\/a><\/p>\n<div>\n<div>Programa de contractaci\u00f3 de t\u00e8cnics\u00a0d\u2019integraci\u00f3\u00a0social i educadors socials.<\/div>\n<p>&nbsp;<\/p>\n<p dir=\"ltr\">El nostre centre escolar disposa de professionals d\u2019atenci\u00f3 educativa, amb la finalitat de garantir l\u2019equitat en l\u2019acc\u00e9s a l\u2019educaci\u00f3, que formen part que formen part del\u00a0Programa de Complexitat TIS\/ES Fons Social Europeu (FSE+) 2021-2027.<\/p>\n<p dir=\"ltr\">L\u2019equip de professionals del nostre centre, que forma part d\u2019aquest programa, est\u00e0 constitu\u00eft per:<\/p>\n<ul>\n<li dir=\"ltr\">\n<p dir=\"ltr\" role=\"presentation\">Un t\u00e8cnic d\u2019Integraci\u00f3 Social (TIS).<\/p>\n<\/li>\n<\/ul>\n<p dir=\"ltr\">La contractaci\u00f3 d\u2019aquest professional est\u00e0 cofinan\u00e7ada en un 40 % per la Uni\u00f3 Europea i la resta pel Departament d\u2019Educaci\u00f3 i Formaci\u00f3 Professional, fet que comporta complir unes mesures de publicitat i comunicaci\u00f3.<\/p>\n<p dir=\"ltr\">La incorporaci\u00f3 d\u2019aquest t\u00e8cnic d\u2019integraci\u00f3 social t\u00e9 com a objectiu suplementar amb professionals d&#8217;atenci\u00f3 educativa l&#8217;activitat que es presta en els centres educatius, amb la finalitat de garantir l&#8217;equitat en l&#8217;acc\u00e9s a l\u2019educaci\u00f3.<\/p>\n<p dir=\"ltr\">Els objectius del\u00a0Programa de t\u00e8cnics d\u2019integraci\u00f3 social i educadors socials,\u00a0cofinan\u00e7at per la Uni\u00f3 Europea, s\u00f3n:<\/p>\n<ul>\n<li dir=\"ltr\">\n<p dir=\"ltr\" role=\"presentation\">Prevenir l\u2019abandonament prematur i el frac\u00e0s escolar.<\/p>\n<\/li>\n<li dir=\"ltr\">\n<p dir=\"ltr\" role=\"presentation\">Procurar el benestar emocional dels alumnes.<\/p>\n<\/li>\n<li dir=\"ltr\">\n<p dir=\"ltr\" role=\"presentation\">Facilitar una bona conviv\u00e8ncia en els centres educatius.<\/p>\n<\/li>\n<li dir=\"ltr\">\n<p dir=\"ltr\" role=\"presentation\">Contribuir a l\u2019orientaci\u00f3 dels alumnes.<\/p>\n<\/li>\n<li dir=\"ltr\">\n<p dir=\"ltr\" role=\"presentation\">Fomentar la implicaci\u00f3 de les fam\u00edlies.<\/p>\n<\/li>\n<li dir=\"ltr\">\n<p dir=\"ltr\" role=\"presentation\">Fomentar el vincle entre l\u2019escola i el seu entorn.<\/p>\n<\/li>\n<li dir=\"ltr\">\n<p dir=\"ltr\" role=\"presentation\">Contribuir al desenvolupament de plans d\u2019\u00e0mbit comunitari.<\/p>\n<\/li>\n<\/ul>\n<p dir=\"ltr\">El resultat esperat del programa \u00e9s reduir l\u2019absentisme escolar i l\u2019abandonament prematur.<\/p>\n<\/div>\n","protected":false},"excerpt":{"rendered":"<p><a href=\"https:\/\/agora.xtec.cat\/ceip-puig-gairalt\/wp-content\/uploads\/usu1399\/2025\/04\/Captura-de-pantalla-2025-04-22-150601.png\"><\/a><\/p>\n<p>Programa de contractaci\u00f3 de t\u00e8cnics\u00a0d\u2019integraci\u00f3\u00a0social i educadors socials.<br \/>\n&nbsp;<br \/>\nEl nostre centre escolar disposa de professionals d\u2019atenci\u00f3 educativa, amb la finalitat de garantir l\u2019equitat en l\u2019acc\u00e9s a l\u2019educaci\u00f3, que formen part que formen part del\u00a0Programa de Complexitat TIS\/ES Fons Social Europeu (FSE+) 2021-2027.<br \/>\nL\u2019equip de professionals del&hellip;  <a href=\"https:\/\/agora.xtec.cat\/ceip-puig-gairalt\/lescola\/programa-tis-fse\/\" title=\"Read Programa TIS FSE+\">Llegeix m\u00e9s\u00bb<\/a><\/p>\n","protected":false},"author":3,"featured_media":0,"parent":22,"menu_order":11,"comment_status":"closed","ping_status":"closed","template":"page-templates\/side-menu.php","meta":{"_bbp_topic_count":0,"_bbp_reply_count":0,"_bbp_total_topic_count":0,"_bbp_total_reply_count":0,"_bbp_voice_count":0,"_bbp_anonymous_reply_count":0,"_bbp_topic_count_hidden":0,"_bbp_reply_count_hidden":0,"_bbp_forum_subforum_count":0,"footnotes":""},"class_list":["post-4243","page","type-page","status-publish","hentry"],"post_mailing_queue_ids":[],"_links":{"self":[{"href":"https:\/\/agora.xtec.cat\/ceip-puig-gairalt\/wp-json\/wp\/v2\/pages\/4243","targetHints":{"allow":["GET"]}}],"collection":[{"href":"https:\/\/agora.xtec.cat\/ceip-puig-gairalt\/wp-json\/wp\/v2\/pages"}],"about":[{"href":"https:\/\/agora.xtec.cat\/ceip-puig-gairalt\/wp-json\/wp\/v2\/types\/page"}],"author":[{"embeddable":true,"href":"https:\/\/agora.xtec.cat\/ceip-puig-gairalt\/wp-json\/wp\/v2\/users\/3"}],"replies":[{"embeddable":true,"href":"https:\/\/agora.xtec.cat\/ceip-puig-gairalt\/wp-json\/wp\/v2\/comments?post=4243"}],"version-history":[{"count":1,"href":"https:\/\/agora.xtec.cat\/ceip-puig-gairalt\/wp-json\/wp\/v2\/pages\/4243\/revisions"}],"predecessor-version":[{"id":4246,"href":"https:\/\/agora.xtec.cat\/ceip-puig-gairalt\/wp-json\/wp\/v2\/pages\/4243\/revisions\/4246"}],"up":[{"embeddable":true,"href":"https:\/\/agora.xtec.cat\/ceip-puig-gairalt\/wp-json\/wp\/v2\/pages\/22"}],"wp:attachment":[{"href":"https:\/\/agora.xtec.cat\/ceip-puig-gairalt\/wp-json\/wp\/v2\/media?parent=4243"}],"curies":[{"name":"wp","href":"https:\/\/api.w.org\/{rel}","templated":true}]}}